{"id":5239,"date":"2025-04-02T06:09:15","date_gmt":"2025-04-02T06:09:15","guid":{"rendered":"https:\/\/www.hg-cooker.com\/?post_type=product&#038;p=5239"},"modified":"2025-04-02T06:54:24","modified_gmt":"2025-04-02T06:54:24","slug":"milchkannchen-aus-edelstahl-im-groshandel-64","status":"publish","type":"product","link":"https:\/\/www.hg-cooker.com\/de\/produkt\/milchkannchen-aus-edelstahl-im-groshandel-64\/","title":{"rendered":"Gro\u00dfhandel H\u00e4ngende Kocht\u00f6pfe, h\u00e4ngende trockene Topf mit gebogenen Griff, Meeresfr\u00fcchte Hot Pot, Budae Jjigae Topf"},"content":{"rendered":"<h3 class=\"wp-block-heading\">Details zu H\u00e4ngekocht\u00f6pfen<\/h3>\n\n\n\n<div class=\"wp-block-columns is-layout-flex wp-container-core-columns-is-layout-9d6595d7 wp-block-columns-is-layout-flex\">\n<div class=\"wp-block-column is-layout-flow wp-block-column-is-layout-flow\">\n<figure class=\"wp-block-image size-full\"><img fetchpriority=\"high\" decoding=\"async\" width=\"2500\" height=\"3750\" src=\"https:\/\/www.hg-cooker.com\/wp-content\/uploads\/2025\/04\/Hanging-Cooking-Pots-Details-1.webp\" alt=\"H\u00e4ngekocht\u00f6pfe Details (1)\" class=\"wp-image-5240\" srcset=\"https:\/\/www.hg-cooker.com\/wp-content\/uploads\/2025\/04\/Hanging-Cooking-Pots-Details-1.webp 2500w, https:\/\/www.hg-cooker.com\/wp-content\/uploads\/2025\/04\/Hanging-Cooking-Pots-Details-1-100x150.webp 100w, https:\/\/www.hg-cooker.com\/wp-content\/uploads\/2025\/04\/Hanging-Cooking-Pots-Details-1-440x660.webp 440w, https:\/\/www.hg-cooker.com\/wp-content\/uploads\/2025\/04\/Hanging-Cooking-Pots-Details-1-200x300.webp 200w, https:\/\/www.hg-cooker.com\/wp-content\/uploads\/2025\/04\/Hanging-Cooking-Pots-Details-1-768x1152.webp 768w, https:\/\/www.hg-cooker.com\/wp-content\/uploads\/2025\/04\/Hanging-Cooking-Pots-Details-1-8x12.webp 8w, https:\/\/www.hg-cooker.com\/wp-content\/uploads\/2025\/04\/Hanging-Cooking-Pots-Details-1-285x428.webp 285w, https:\/\/www.hg-cooker.com\/wp-content\/uploads\/2025\/04\/Hanging-Cooking-Pots-Details-1-1600x2400.webp 1600w\" sizes=\"(max-width: 2500px) 100vw, 2500px\" \/><\/figure>\n<\/div>\n\n\n\n<div class=\"wp-block-column is-layout-flow wp-block-column-is-layout-flow\">\n<figure class=\"wp-block-image size-full\"><img decoding=\"async\" width=\"2500\" height=\"3750\" src=\"https:\/\/www.hg-cooker.com\/wp-content\/uploads\/2025\/04\/Hanging-Cooking-Pots-Details-2.webp\" alt=\"H\u00e4ngekocht\u00f6pfe Details (2)\" class=\"wp-image-5241\" srcset=\"https:\/\/www.hg-cooker.com\/wp-content\/uploads\/2025\/04\/Hanging-Cooking-Pots-Details-2.webp 2500w, https:\/\/www.hg-cooker.com\/wp-content\/uploads\/2025\/04\/Hanging-Cooking-Pots-Details-2-100x150.webp 100w, https:\/\/www.hg-cooker.com\/wp-content\/uploads\/2025\/04\/Hanging-Cooking-Pots-Details-2-440x660.webp 440w, https:\/\/www.hg-cooker.com\/wp-content\/uploads\/2025\/04\/Hanging-Cooking-Pots-Details-2-200x300.webp 200w, https:\/\/www.hg-cooker.com\/wp-content\/uploads\/2025\/04\/Hanging-Cooking-Pots-Details-2-768x1152.webp 768w, https:\/\/www.hg-cooker.com\/wp-content\/uploads\/2025\/04\/Hanging-Cooking-Pots-Details-2-8x12.webp 8w, https:\/\/www.hg-cooker.com\/wp-content\/uploads\/2025\/04\/Hanging-Cooking-Pots-Details-2-285x428.webp 285w, https:\/\/www.hg-cooker.com\/wp-content\/uploads\/2025\/04\/Hanging-Cooking-Pots-Details-2-1600x2400.webp 1600w\" sizes=\"(max-width: 2500px) 100vw, 2500px\" \/><\/figure>\n<\/div>\n<\/div>\n\n\n\n<h3 class=\"wp-block-heading\">Parameter von H\u00e4ngekocht\u00f6pfen<\/h3>\n\n\n\n<figure class=\"wp-block-table\"><table class=\"has-fixed-layout\"><tbody><tr><td>Produktname<\/td><td>Gr\u00f6\u00dfe&nbsp;<\/td><td>Material<\/td><td>PCS\/CTN<\/td><td>Gewicht(kg)<\/td><td>Gr\u00f6\u00dfe des Kartons<\/td><\/tr><tr><td rowspan=\"4\">H\u00e4ngender Kochtopf (Trockentopf)<\/td><td>20CM<\/td><td>Dreilagiger Edelstahl&nbsp;<\/td><td>20<\/td><td>13,5 kg<\/td><td>22*22*42.5<\/td><\/tr><tr><td>22CM<\/td><td>Dreilagiger Edelstahl&nbsp;<\/td><td>20<\/td><td>16.2kg<\/td><td>24*24*43<\/td><\/tr><tr><td>24CM<\/td><td>Dreilagiger Edelstahl&nbsp;<\/td><td>20<\/td><td>19kg<\/td><td>26*26*45.5<\/td><\/tr><tr><td>26CM<\/td><td>Dreilagiger Edelstahl&nbsp;<\/td><td>20<\/td><td>20,6 kg<\/td><td>28*28*43.5<\/td><\/tr><\/tbody><\/table><\/figure>","protected":false},"excerpt":{"rendered":"<p>Gro\u00dfhandel h\u00e4ngenden Kocht\u00f6pfe, speziell f\u00fcr die japanische und koreanische K\u00fcche, perfekt f\u00fcr die klassische K\u00fcche wie budae jjigae, sukiyaki, oden, kaisen nabe, etc. Er ist kompatibel mit Spirituskochern, offenen Flammen, \u00d6fen und anderen Heizmethoden und kann sogar beim Camping im Freien verwendet werden, wodurch er eine Vielzahl von Nutzungsanforderungen erf\u00fcllt. Dieser H\u00e4ngekochtopf ist die ideale Wahl f\u00fcr koreanische Grillrestaurants und Hot-Pot-Ketten. Bitte kontaktieren Sie uns f\u00fcr ein Angebot.<\/p>\n<h2>Merkmale und Vorteile von H\u00e4ngekocht\u00f6pfen<\/h2>\n<p><strong>Gebogener Griff zum Aufh\u00e4ngen:<\/strong> Stabile, ergonomische Griffe erleichtern die h\u00e4ngende Aufbewahrung, geeignet f\u00fcr Spezialit\u00e4tenrestaurants und den Einsatz beim Camping im Freien.<\/p>\n<p><strong>Kompatibel mit verschiedenen W\u00e4rmequellen:<\/strong> Kann auf Spirituskochern, offenen Flammen und tragbaren Brennern verwendet werden, geeignet f\u00fcr das Kochen im Freien und in R\u00e4umen.<\/p>\n<p><strong>Vielseitige Kochanwendungen:<\/strong> Er eignet sich f\u00fcr eine Vielzahl von Gerichten, wie z. B. Meeresfr\u00fcchteeintopf, Budae Jjigae (koreanischer Armeeeintopf), Suppen, Eint\u00f6pfe und sogar Schmorgerichte.<\/p>\n<p><strong>Leicht zu reinigen und zu pflegen:<\/strong> Die polierte Innenfl\u00e4che erm\u00f6glicht eine m\u00fchelose Reinigung und verhindert das Anhaften von Speisen.<\/p>\n<p><strong>Erstklassige Attraktivit\u00e4t:<\/strong> Elegant und langlebig, ist er die ideale Wahl f\u00fcr gehobene Restaurants, japanische Kneipen und koreanische Grillpl\u00e4tze.<\/p>","protected":false},"featured_media":5242,"comment_status":"closed","ping_status":"closed","template":"","meta":[],"product_brand":[],"product_cat":[65],"product_tag":[],"class_list":{"0":"post-5239","1":"product","2":"type-product","3":"status-publish","4":"has-post-thumbnail","6":"product_cat-dry-pot","8":"first","9":"instock","10":"shipping-taxable","11":"product-type-simple"},"_links":{"self":[{"href":"https:\/\/www.hg-cooker.com\/de\/wp-json\/wp\/v2\/product\/5239","targetHints":{"allow":["GET"]}}],"collection":[{"href":"https:\/\/www.hg-cooker.com\/de\/wp-json\/wp\/v2\/product"}],"about":[{"href":"https:\/\/www.hg-cooker.com\/de\/wp-json\/wp\/v2\/types\/product"}],"replies":[{"embeddable":true,"href":"https:\/\/www.hg-cooker.com\/de\/wp-json\/wp\/v2\/comments?post=5239"}],"wp:featuredmedia":[{"embeddable":true,"href":"https:\/\/www.hg-cooker.com\/de\/wp-json\/wp\/v2\/media\/5242"}],"wp:attachment":[{"href":"https:\/\/www.hg-cooker.com\/de\/wp-json\/wp\/v2\/media?parent=5239"}],"wp:term":[{"taxonomy":"product_brand","embeddable":true,"href":"https:\/\/www.hg-cooker.com\/de\/wp-json\/wp\/v2\/product_brand?post=5239"},{"taxonomy":"product_cat","embeddable":true,"href":"https:\/\/www.hg-cooker.com\/de\/wp-json\/wp\/v2\/product_cat?post=5239"},{"taxonomy":"product_tag","embeddable":true,"href":"https:\/\/www.hg-cooker.com\/de\/wp-json\/wp\/v2\/product_tag?post=5239"}],"curies":[{"name":"wp","href":"https:\/\/api.w.org\/{rel}","templated":true}]}}