{"id":5223,"date":"2025-04-02T03:39:08","date_gmt":"2025-04-02T03:39:08","guid":{"rendered":"https:\/\/www.hg-cooker.com\/?post_type=product&#038;p=5223"},"modified":"2025-04-02T04:05:29","modified_gmt":"2025-04-02T04:05:29","slug":"milchkannchen-aus-edelstahl-im-groshandel-63","status":"publish","type":"product","link":"https:\/\/www.hg-cooker.com\/de\/produkt\/milchkannchen-aus-edelstahl-im-groshandel-63\/","title":{"rendered":"Gro\u00dfhandel Budae Jjigae Topf mit Handle, Meeresfr\u00fcchte gekocht Topf, Hot Pot"},"content":{"rendered":"<h3 class=\"wp-block-heading\">Details zu Budae Jjigae Topf mit Henkel<\/h3>\n\n\n\n<div class=\"wp-block-columns is-layout-flex wp-container-core-columns-is-layout-9d6595d7 wp-block-columns-is-layout-flex\">\n<div class=\"wp-block-column is-layout-flow wp-block-column-is-layout-flow\">\n<figure class=\"wp-block-image size-full\"><img fetchpriority=\"high\" decoding=\"async\" width=\"1800\" height=\"2700\" src=\"https:\/\/www.hg-cooker.com\/wp-content\/uploads\/2025\/04\/Budae-Jjigae-Pot-Details-1.webp\" alt=\"Budae Jjigae Topf Details (1)\" class=\"wp-image-5230\" srcset=\"https:\/\/www.hg-cooker.com\/wp-content\/uploads\/2025\/04\/Budae-Jjigae-Pot-Details-1.webp 1800w, https:\/\/www.hg-cooker.com\/wp-content\/uploads\/2025\/04\/Budae-Jjigae-Pot-Details-1-100x150.webp 100w, https:\/\/www.hg-cooker.com\/wp-content\/uploads\/2025\/04\/Budae-Jjigae-Pot-Details-1-440x660.webp 440w, https:\/\/www.hg-cooker.com\/wp-content\/uploads\/2025\/04\/Budae-Jjigae-Pot-Details-1-200x300.webp 200w, https:\/\/www.hg-cooker.com\/wp-content\/uploads\/2025\/04\/Budae-Jjigae-Pot-Details-1-768x1152.webp 768w, https:\/\/www.hg-cooker.com\/wp-content\/uploads\/2025\/04\/Budae-Jjigae-Pot-Details-1-8x12.webp 8w, https:\/\/www.hg-cooker.com\/wp-content\/uploads\/2025\/04\/Budae-Jjigae-Pot-Details-1-285x428.webp 285w, https:\/\/www.hg-cooker.com\/wp-content\/uploads\/2025\/04\/Budae-Jjigae-Pot-Details-1-1600x2400.webp 1600w\" sizes=\"(max-width: 1800px) 100vw, 1800px\" \/><\/figure>\n<\/div>\n\n\n\n<div class=\"wp-block-column is-layout-flow wp-block-column-is-layout-flow\">\n<figure class=\"wp-block-image size-full\"><img decoding=\"async\" width=\"1800\" height=\"2700\" src=\"https:\/\/www.hg-cooker.com\/wp-content\/uploads\/2025\/04\/Budae-Jjigae-Pot-Details-2.webp\" alt=\"Budae Jjigae Topf Details (2)\" class=\"wp-image-5231\" srcset=\"https:\/\/www.hg-cooker.com\/wp-content\/uploads\/2025\/04\/Budae-Jjigae-Pot-Details-2.webp 1800w, https:\/\/www.hg-cooker.com\/wp-content\/uploads\/2025\/04\/Budae-Jjigae-Pot-Details-2-100x150.webp 100w, https:\/\/www.hg-cooker.com\/wp-content\/uploads\/2025\/04\/Budae-Jjigae-Pot-Details-2-440x660.webp 440w, https:\/\/www.hg-cooker.com\/wp-content\/uploads\/2025\/04\/Budae-Jjigae-Pot-Details-2-200x300.webp 200w, https:\/\/www.hg-cooker.com\/wp-content\/uploads\/2025\/04\/Budae-Jjigae-Pot-Details-2-768x1152.webp 768w, https:\/\/www.hg-cooker.com\/wp-content\/uploads\/2025\/04\/Budae-Jjigae-Pot-Details-2-8x12.webp 8w, https:\/\/www.hg-cooker.com\/wp-content\/uploads\/2025\/04\/Budae-Jjigae-Pot-Details-2-285x428.webp 285w, https:\/\/www.hg-cooker.com\/wp-content\/uploads\/2025\/04\/Budae-Jjigae-Pot-Details-2-1600x2400.webp 1600w\" sizes=\"(max-width: 1800px) 100vw, 1800px\" \/><\/figure>\n<\/div>\n<\/div>\n\n\n\n<h3 class=\"wp-block-heading\">Parameter von Budae Jjigae Topf mit Henkel<\/h3>\n\n\n\n<figure class=\"wp-block-table\"><table class=\"has-fixed-layout\"><tbody><tr><td>Produktname<\/td><td>Gr\u00f6\u00dfe&nbsp;<\/td><td>Material<\/td><td>PCS\/CTN<\/td><td>Gewicht(kg)<\/td><td>Gr\u00f6\u00dfe des Kartons<\/td><\/tr><tr><td rowspan=\"2\">Budae Jjigae Topf mit Henkel<\/td><td>26CM<\/td><td>Dreilagiger Edelstahl&nbsp;<\/td><td>10<\/td><td>12kg<\/td><td>36*34*34<\/td><\/tr><tr><td>28CM<\/td><td>Dreilagiger Edelstahl&nbsp;<\/td><td>10<\/td><td>13,2kg<\/td><td>35*34.5*39<\/td><\/tr><\/tbody><\/table><\/figure>","protected":false},"excerpt":{"rendered":"<p>Gro\u00dfhandel Budae Jjigae Topf, geeignet f\u00fcr das Kochen eine Vielzahl von hei\u00dfen T\u00f6pfen, hei\u00dfe T\u00f6pfe und Eint\u00f6pfe, vor allem f\u00fcr die Herstellung von koreanischen Armee Topf und Meeresfr\u00fcchte Topf. Gro\u00dfes Fassungsverm\u00f6gen, geeignet f\u00fcr Familienfeiern oder kommerzielle Nutzung, wie Restaurants und Hot Pot Restaurants. Bitte kontaktieren Sie uns f\u00fcr ein Angebot.<\/p>\n<h2>Eigenschaften und Vorteile von Budae Jjigae Topf mit Henkel<\/h2>\n<p><strong>Vielseitig kochen:<\/strong> Dieser Topf eignet sich perfekt zum Kochen einer Vielzahl von Gerichten, darunter Budae Jjigae, gekochte Meeresfr\u00fcchte, Eint\u00f6pfe und Suppen, perfekt f\u00fcr die traditionelle koreanische und andere asiatische K\u00fcche.<\/p>\n<p><strong>Bequemer Handgriff:<\/strong> Der ergonomische Griff erleichtert das Tragen und Servieren, insbesondere beim Hantieren mit hei\u00dfen, schweren Zutaten, und sorgt f\u00fcr Sicherheit und Komfort beim Kochen und Servieren.<\/p>\n<p><strong>Langlebige Konstruktion:<\/strong> Der Budae Jjigae-Topf ist aus hochwertigen Materialien gefertigt und h\u00e4lt hohen Temperaturen und langem Gebrauch stand, so dass er sowohl in privaten als auch in gewerblichen K\u00fcchen eine lange Lebensdauer hat.<\/p>\n<p><strong>Gro\u00df Gr\u00f6\u00dfe:<\/strong> Mit seinem gro\u00dfen Fassungsverm\u00f6gen eignet sich dieser Topf perfekt f\u00fcr das Kochen gro\u00dfer Mengen und ist damit eine gute Wahl f\u00fcr Familienfeiern, Partys oder den kommerziellen Einsatz in Restaurants und Hot Pot-Lokalen.<\/p>\n<p><strong>Gro\u00dfhandelspreis:<\/strong> Dieses Produkt ist auf den Verkauf von Gro\u00dfmengen ausgerichtet und eignet sich perfekt f\u00fcr Restaurants, Gro\u00dfh\u00e4ndler und Einzelh\u00e4ndler.<\/p>","protected":false},"featured_media":5232,"comment_status":"closed","ping_status":"closed","template":"","meta":[],"product_brand":[],"product_cat":[65],"product_tag":[],"class_list":{"0":"post-5223","1":"product","2":"type-product","3":"status-publish","4":"has-post-thumbnail","6":"product_cat-dry-pot","8":"first","9":"instock","10":"shipping-taxable","11":"product-type-simple"},"_links":{"self":[{"href":"https:\/\/www.hg-cooker.com\/de\/wp-json\/wp\/v2\/product\/5223","targetHints":{"allow":["GET"]}}],"collection":[{"href":"https:\/\/www.hg-cooker.com\/de\/wp-json\/wp\/v2\/product"}],"about":[{"href":"https:\/\/www.hg-cooker.com\/de\/wp-json\/wp\/v2\/types\/product"}],"replies":[{"embeddable":true,"href":"https:\/\/www.hg-cooker.com\/de\/wp-json\/wp\/v2\/comments?post=5223"}],"wp:featuredmedia":[{"embeddable":true,"href":"https:\/\/www.hg-cooker.com\/de\/wp-json\/wp\/v2\/media\/5232"}],"wp:attachment":[{"href":"https:\/\/www.hg-cooker.com\/de\/wp-json\/wp\/v2\/media?parent=5223"}],"wp:term":[{"taxonomy":"product_brand","embeddable":true,"href":"https:\/\/www.hg-cooker.com\/de\/wp-json\/wp\/v2\/product_brand?post=5223"},{"taxonomy":"product_cat","embeddable":true,"href":"https:\/\/www.hg-cooker.com\/de\/wp-json\/wp\/v2\/product_cat?post=5223"},{"taxonomy":"product_tag","embeddable":true,"href":"https:\/\/www.hg-cooker.com\/de\/wp-json\/wp\/v2\/product_tag?post=5223"}],"curies":[{"name":"wp","href":"https:\/\/api.w.org\/{rel}","templated":true}]}}