{"id":5214,"date":"2025-04-02T03:02:32","date_gmt":"2025-04-02T03:02:32","guid":{"rendered":"https:\/\/www.hg-cooker.com\/?post_type=product&#038;p=5214"},"modified":"2025-04-02T03:38:33","modified_gmt":"2025-04-02T03:38:33","slug":"milchkannchen-aus-edelstahl-im-groshandel-62","status":"publish","type":"product","link":"https:\/\/www.hg-cooker.com\/de\/produkt\/milchkannchen-aus-edelstahl-im-groshandel-62\/","title":{"rendered":"Gro\u00dfhandel japanische Lotusblatt trocken Topf, Sukiyaki Topf, Meeresfr\u00fcchte Hot Pot, geeignet f\u00fcr Alkohol Herde und Induktion Herde"},"content":{"rendered":"<h3 class=\"wp-block-heading\">Details zu Japanisches Lotusblatt Trockentopf<\/h3>\n\n\n\n<div class=\"wp-block-columns is-layout-flex wp-container-core-columns-is-layout-9d6595d7 wp-block-columns-is-layout-flex\">\n<div class=\"wp-block-column is-layout-flow wp-block-column-is-layout-flow\">\n<figure class=\"wp-block-image size-full\"><img fetchpriority=\"high\" decoding=\"async\" width=\"1800\" height=\"2700\" src=\"https:\/\/www.hg-cooker.com\/wp-content\/uploads\/2025\/04\/Japanese-Lotus-Leaf-Dry-Pot-Details-1.webp\" alt=\"Japanisches Lotusblatt Trockentopf Details (1)\" class=\"wp-image-5221\" srcset=\"https:\/\/www.hg-cooker.com\/wp-content\/uploads\/2025\/04\/Japanese-Lotus-Leaf-Dry-Pot-Details-1.webp 1800w, https:\/\/www.hg-cooker.com\/wp-content\/uploads\/2025\/04\/Japanese-Lotus-Leaf-Dry-Pot-Details-1-100x150.webp 100w, https:\/\/www.hg-cooker.com\/wp-content\/uploads\/2025\/04\/Japanese-Lotus-Leaf-Dry-Pot-Details-1-440x660.webp 440w, https:\/\/www.hg-cooker.com\/wp-content\/uploads\/2025\/04\/Japanese-Lotus-Leaf-Dry-Pot-Details-1-200x300.webp 200w, https:\/\/www.hg-cooker.com\/wp-content\/uploads\/2025\/04\/Japanese-Lotus-Leaf-Dry-Pot-Details-1-768x1152.webp 768w, https:\/\/www.hg-cooker.com\/wp-content\/uploads\/2025\/04\/Japanese-Lotus-Leaf-Dry-Pot-Details-1-8x12.webp 8w, https:\/\/www.hg-cooker.com\/wp-content\/uploads\/2025\/04\/Japanese-Lotus-Leaf-Dry-Pot-Details-1-285x428.webp 285w, https:\/\/www.hg-cooker.com\/wp-content\/uploads\/2025\/04\/Japanese-Lotus-Leaf-Dry-Pot-Details-1-1600x2400.webp 1600w\" sizes=\"(max-width: 1800px) 100vw, 1800px\" \/><\/figure>\n<\/div>\n\n\n\n<div class=\"wp-block-column is-layout-flow wp-block-column-is-layout-flow\">\n<figure class=\"wp-block-image size-full\"><img decoding=\"async\" width=\"1800\" height=\"2700\" src=\"https:\/\/www.hg-cooker.com\/wp-content\/uploads\/2025\/04\/Japanese-Lotus-Leaf-Dry-Pot-Details-2.webp\" alt=\"Japanisches Lotusblatt Trockentopf Details (2)\" class=\"wp-image-5222\" srcset=\"https:\/\/www.hg-cooker.com\/wp-content\/uploads\/2025\/04\/Japanese-Lotus-Leaf-Dry-Pot-Details-2.webp 1800w, https:\/\/www.hg-cooker.com\/wp-content\/uploads\/2025\/04\/Japanese-Lotus-Leaf-Dry-Pot-Details-2-100x150.webp 100w, https:\/\/www.hg-cooker.com\/wp-content\/uploads\/2025\/04\/Japanese-Lotus-Leaf-Dry-Pot-Details-2-440x660.webp 440w, https:\/\/www.hg-cooker.com\/wp-content\/uploads\/2025\/04\/Japanese-Lotus-Leaf-Dry-Pot-Details-2-200x300.webp 200w, https:\/\/www.hg-cooker.com\/wp-content\/uploads\/2025\/04\/Japanese-Lotus-Leaf-Dry-Pot-Details-2-768x1152.webp 768w, https:\/\/www.hg-cooker.com\/wp-content\/uploads\/2025\/04\/Japanese-Lotus-Leaf-Dry-Pot-Details-2-8x12.webp 8w, https:\/\/www.hg-cooker.com\/wp-content\/uploads\/2025\/04\/Japanese-Lotus-Leaf-Dry-Pot-Details-2-285x428.webp 285w, https:\/\/www.hg-cooker.com\/wp-content\/uploads\/2025\/04\/Japanese-Lotus-Leaf-Dry-Pot-Details-2-1600x2400.webp 1600w\" sizes=\"(max-width: 1800px) 100vw, 1800px\" \/><\/figure>\n<\/div>\n<\/div>\n\n\n\n<h3 class=\"wp-block-heading\">Parameter der japanischen Lotus Blatt trocken Topf<\/h3>\n\n\n\n<figure class=\"wp-block-table\"><table class=\"has-fixed-layout\"><tbody><tr><td>Produktname<\/td><td>Gr\u00f6\u00dfe&nbsp;<\/td><td>Material<\/td><td>PCS\/CTN<\/td><td>Gewicht(kg)<\/td><td>Gr\u00f6\u00dfe des Kartons<\/td><\/tr><tr><td rowspan=\"3\">Japanisches Lotusblatt Trockentopf<\/td><td>18CM<\/td><td>Dreilagiger Edelstahl&nbsp;<\/td><td>20<\/td><td>11.2kg<\/td><td>24*24*22<\/td><\/tr><tr><td>22CM<\/td><td>Dreilagiger Edelstahl&nbsp;<\/td><td>20<\/td><td>15,7 kg<\/td><td>29*29*26<\/td><\/tr><tr><td>26CM<\/td><td>Dreilagiger Edelstahl&nbsp;<\/td><td>20<\/td><td>19kg<\/td><td>31*31*27.5<\/td><\/tr><\/tbody><\/table><\/figure>","protected":false},"excerpt":{"rendered":"<p>Gro\u00dfhandel japanischen Lotusblatt trockenen Topf, imitiert die nat\u00fcrliche Sch\u00f6nheit des Lotusblattes, aus hochwertigem dreifach Edelstahl, hat eine ausgezeichnete W\u00e4rmeerhaltung und gleichm\u00e4\u00dfige Erw\u00e4rmung Wirkung, ist eine ideale Wahl f\u00fcr Pfannenr\u00fchren, Kochen von Meeresfr\u00fcchten, Hot Pot, Unterst\u00fctzung OEM und ODM, willkommen in der Masse zu bestellen.<\/p>\n<h2>Eigenschaften und Vorteile von Japanese Lotus Leaf Dry Pot<\/h2>\n<p><strong>Einzigartiges \u00e4sthetisches Design:<\/strong> Das Lotusblatt verleiht ihm ein elegantes und traditionelles japanisches Aussehen, das das Esserlebnis bereichert und sich perfekt f\u00fcr die Verwendung in Restaurants eignet.<\/p>\n<p><strong>Hochwertige Materialien und Langlebigkeit:<\/strong> Er ist aus hochwertigem, dreifach rostfreiem Stahl gefertigt, geh\u00e4mmert, um eine dauerhafte Struktur zu gew\u00e4hrleisten, und bietet eine hervorragende W\u00e4rmespeicherung und gleichm\u00e4\u00dfige W\u00e4rmeverteilung.<\/p>\n<p><strong>Mehrere Gr\u00f6\u00dfenoptionen:<\/strong> Dieser Trockentopf ist in verschiedenen Gr\u00f6\u00dfen erh\u00e4ltlich, von 18 cm bis 26 cm, um eine Vielzahl von Portionsanforderungen zu erf\u00fcllen, von Einzelportionen bis zu gro\u00dfen Gruppen.<\/p>\n<p><strong>Ideal f\u00fcr Gro\u00dfhandel und Personalisierung:<\/strong> Unterst\u00fctzt OEM- und ODM-Kundenanpassung, erm\u00f6glicht Branding, Gr\u00f6\u00dfenanpassung und Logogravur und bietet Werkspreise, was es zu einer ausgezeichneten Wahl f\u00fcr Restaurants, Hotels, Catering-Unternehmen und K\u00fcchenartikelh\u00e4ndler macht.<\/p>","protected":false},"featured_media":5215,"comment_status":"closed","ping_status":"closed","template":"","meta":[],"product_brand":[],"product_cat":[65],"product_tag":[],"class_list":{"0":"post-5214","1":"product","2":"type-product","3":"status-publish","4":"has-post-thumbnail","6":"product_cat-dry-pot","8":"first","9":"instock","10":"shipping-taxable","11":"product-type-simple"},"_links":{"self":[{"href":"https:\/\/www.hg-cooker.com\/de\/wp-json\/wp\/v2\/product\/5214","targetHints":{"allow":["GET"]}}],"collection":[{"href":"https:\/\/www.hg-cooker.com\/de\/wp-json\/wp\/v2\/product"}],"about":[{"href":"https:\/\/www.hg-cooker.com\/de\/wp-json\/wp\/v2\/types\/product"}],"replies":[{"embeddable":true,"href":"https:\/\/www.hg-cooker.com\/de\/wp-json\/wp\/v2\/comments?post=5214"}],"wp:featuredmedia":[{"embeddable":true,"href":"https:\/\/www.hg-cooker.com\/de\/wp-json\/wp\/v2\/media\/5215"}],"wp:attachment":[{"href":"https:\/\/www.hg-cooker.com\/de\/wp-json\/wp\/v2\/media?parent=5214"}],"wp:term":[{"taxonomy":"product_brand","embeddable":true,"href":"https:\/\/www.hg-cooker.com\/de\/wp-json\/wp\/v2\/product_brand?post=5214"},{"taxonomy":"product_cat","embeddable":true,"href":"https:\/\/www.hg-cooker.com\/de\/wp-json\/wp\/v2\/product_cat?post=5214"},{"taxonomy":"product_tag","embeddable":true,"href":"https:\/\/www.hg-cooker.com\/de\/wp-json\/wp\/v2\/product_tag?post=5214"}],"curies":[{"name":"wp","href":"https:\/\/api.w.org\/{rel}","templated":true}]}}