{"id":5204,"date":"2025-04-02T02:38:05","date_gmt":"2025-04-02T02:38:05","guid":{"rendered":"https:\/\/www.hg-cooker.com\/?post_type=product&#038;p=5204"},"modified":"2025-04-02T03:02:02","modified_gmt":"2025-04-02T03:02:02","slug":"milchkannchen-aus-edelstahl-im-groshandel-61","status":"publish","type":"product","link":"https:\/\/www.hg-cooker.com\/de\/produkt\/milchkannchen-aus-edelstahl-im-groshandel-61\/","title":{"rendered":"Gro\u00dfhandel Thai Style Dry Pot, Quick Cooking Pot, Seafood Pot, geeignet f\u00fcr Alkohol Herde und Induktion Herde"},"content":{"rendered":"<h3 class=\"wp-block-heading\">Details zu Thai Style Dry Pot<\/h3>\n\n\n\n<div class=\"wp-block-columns is-layout-flex wp-container-core-columns-is-layout-9d6595d7 wp-block-columns-is-layout-flex\">\n<div class=\"wp-block-column is-layout-flow wp-block-column-is-layout-flow\">\n<figure class=\"wp-block-image size-full\"><img fetchpriority=\"high\" decoding=\"async\" width=\"1600\" height=\"2400\" src=\"https:\/\/www.hg-cooker.com\/wp-content\/uploads\/2025\/04\/Thai-Style-Dry-Pot-Details-1.webp\" alt=\"Thail\u00e4ndischer Trockentopf Details (1)\" class=\"wp-image-5205\" srcset=\"https:\/\/www.hg-cooker.com\/wp-content\/uploads\/2025\/04\/Thai-Style-Dry-Pot-Details-1.webp 1600w, https:\/\/www.hg-cooker.com\/wp-content\/uploads\/2025\/04\/Thai-Style-Dry-Pot-Details-1-100x150.webp 100w, https:\/\/www.hg-cooker.com\/wp-content\/uploads\/2025\/04\/Thai-Style-Dry-Pot-Details-1-440x660.webp 440w, https:\/\/www.hg-cooker.com\/wp-content\/uploads\/2025\/04\/Thai-Style-Dry-Pot-Details-1-200x300.webp 200w, https:\/\/www.hg-cooker.com\/wp-content\/uploads\/2025\/04\/Thai-Style-Dry-Pot-Details-1-768x1152.webp 768w, https:\/\/www.hg-cooker.com\/wp-content\/uploads\/2025\/04\/Thai-Style-Dry-Pot-Details-1-8x12.webp 8w, https:\/\/www.hg-cooker.com\/wp-content\/uploads\/2025\/04\/Thai-Style-Dry-Pot-Details-1-285x428.webp 285w\" sizes=\"(max-width: 1600px) 100vw, 1600px\" \/><\/figure>\n<\/div>\n\n\n\n<div class=\"wp-block-column is-layout-flow wp-block-column-is-layout-flow\">\n<figure class=\"wp-block-image size-full\"><img decoding=\"async\" width=\"1600\" height=\"2400\" src=\"https:\/\/www.hg-cooker.com\/wp-content\/uploads\/2025\/04\/Thai-Style-Dry-Pot-Details-2.webp\" alt=\"Thail\u00e4ndischer Trockentopf Details (2)\" class=\"wp-image-5206\" srcset=\"https:\/\/www.hg-cooker.com\/wp-content\/uploads\/2025\/04\/Thai-Style-Dry-Pot-Details-2.webp 1600w, https:\/\/www.hg-cooker.com\/wp-content\/uploads\/2025\/04\/Thai-Style-Dry-Pot-Details-2-100x150.webp 100w, https:\/\/www.hg-cooker.com\/wp-content\/uploads\/2025\/04\/Thai-Style-Dry-Pot-Details-2-440x660.webp 440w, https:\/\/www.hg-cooker.com\/wp-content\/uploads\/2025\/04\/Thai-Style-Dry-Pot-Details-2-200x300.webp 200w, https:\/\/www.hg-cooker.com\/wp-content\/uploads\/2025\/04\/Thai-Style-Dry-Pot-Details-2-768x1152.webp 768w, https:\/\/www.hg-cooker.com\/wp-content\/uploads\/2025\/04\/Thai-Style-Dry-Pot-Details-2-8x12.webp 8w, https:\/\/www.hg-cooker.com\/wp-content\/uploads\/2025\/04\/Thai-Style-Dry-Pot-Details-2-285x428.webp 285w\" sizes=\"(max-width: 1600px) 100vw, 1600px\" \/><\/figure>\n<\/div>\n<\/div>\n\n\n\n<h3 class=\"wp-block-heading\">Parameter von Thai Style Dry Pot<\/h3>\n\n\n\n<figure class=\"wp-block-table\"><table class=\"has-fixed-layout\"><tbody><tr><td>Produktname<\/td><td>Gr\u00f6\u00dfe&nbsp;<\/td><td>Material<\/td><td>PCS\/CTN<\/td><td>Gewicht(kg)<\/td><td>Gr\u00f6\u00dfe des Kartons<\/td><\/tr><tr><td rowspan=\"6\">Thai Style Snowflake Texture Dry Topf mit Griff<\/td><td>18CM<\/td><td>Dreilagiger Edelstahl&nbsp;<\/td><td>20<\/td><td>11,4 kg<\/td><td>41.5*23*27.5<\/td><\/tr><tr><td>20CM<\/td><td>Dreilagiger Edelstahl&nbsp;<\/td><td>20<\/td><td>13,4 kg<\/td><td>45*24.5*30<\/td><\/tr><tr><td>22CM<\/td><td>Dreilagiger Edelstahl&nbsp;<\/td><td>20<\/td><td>16kg<\/td><td>53*27*31<\/td><\/tr><tr><td>24CM<\/td><td>Dreilagiger Edelstahl&nbsp;<\/td><td>20<\/td><td>18,8 kg<\/td><td>59*29.5*33<\/td><\/tr><tr><td>26CM<\/td><td>Dreilagiger Edelstahl&nbsp;<\/td><td>20<\/td><td>21,4 kg<\/td><td>67.5*34*31.5<\/td><\/tr><tr><td>28CM<\/td><td>Dreilagiger Edelstahl&nbsp;<\/td><td>20<\/td><td>24,8 kg<\/td><td>61.5*32*35.5<\/td><\/tr><\/tbody><\/table><\/figure>","protected":false},"excerpt":{"rendered":"<p>Unser Premium-Trockentopf im thail\u00e4ndischen Stil ist in verschiedenen Gr\u00f6\u00dfen erh\u00e4ltlich und besteht aus dreifach rostfreiem Stahl, der eine hervorragende W\u00e4rmeverteilung und Haltbarkeit gew\u00e4hrleistet. Geeignet f\u00fcr Gasherde, Induktionsherde und offene Flammen. Ideal zum Garen von Meeresfr\u00fcchten, Fleisch und Gem\u00fcse. Unterst\u00fctzt oem und odm, kontaktieren Sie uns f\u00fcr ein Angebot.<\/p>\n<h2>Eigenschaften und Vorteile von Thai Style Dry Pot<\/h2>\n<p><strong>Sch\u00f6nes und praktisches Design:<\/strong> Mit seiner sch\u00f6nen geh\u00e4mmerten Oberfl\u00e4che und dem goldenen Griff ist er \u00e4sthetisch ansprechend und liegt besser in der Hand, was das Kocherlebnis noch verbessert.<\/p>\n<p><strong>Vielseitige Kochfunktionen:<\/strong> Vielseitig einsetzbar auf Induktionsherden, Gaskochfeldern und Flammen, so dass er sowohl zu Hause als auch in der Gastronomie verwendet werden kann.<\/p>\n<p><strong>Effektive Heizung:<\/strong> Er ist in der Lage, sich schnell zu erhitzen, was die Kochzeit verk\u00fcrzt und die Zubereitung k\u00f6stlicher Speisen effektiver macht.<\/p>\n<p><strong>Mehrere Gr\u00f6\u00dfenoptionen:<\/strong> Wir haben verschiedene Gr\u00f6\u00dfen, von 18 cm bis 28 cm, um den Kapazit\u00e4tsbedarf von Hausk\u00fcchen bis zu Restaurants zu decken.<\/p>\n<p><strong>OEM- und ODM-Dienstleistungen:<\/strong> Wir bieten OEM- und ODM-Kundenanpassung, einschlie\u00dflich Gr\u00f6\u00dfe und Logodruck, und sind damit eine gute Wahl f\u00fcr Restaurants, Hotels, Catering-Unternehmen und K\u00fcchenartikelh\u00e4ndler.<\/p>","protected":false},"featured_media":5207,"comment_status":"closed","ping_status":"closed","template":"","meta":[],"product_brand":[],"product_cat":[65],"product_tag":[],"class_list":{"0":"post-5204","1":"product","2":"type-product","3":"status-publish","4":"has-post-thumbnail","6":"product_cat-dry-pot","8":"first","9":"instock","10":"shipping-taxable","11":"product-type-simple"},"_links":{"self":[{"href":"https:\/\/www.hg-cooker.com\/de\/wp-json\/wp\/v2\/product\/5204","targetHints":{"allow":["GET"]}}],"collection":[{"href":"https:\/\/www.hg-cooker.com\/de\/wp-json\/wp\/v2\/product"}],"about":[{"href":"https:\/\/www.hg-cooker.com\/de\/wp-json\/wp\/v2\/types\/product"}],"replies":[{"embeddable":true,"href":"https:\/\/www.hg-cooker.com\/de\/wp-json\/wp\/v2\/comments?post=5204"}],"wp:featuredmedia":[{"embeddable":true,"href":"https:\/\/www.hg-cooker.com\/de\/wp-json\/wp\/v2\/media\/5207"}],"wp:attachment":[{"href":"https:\/\/www.hg-cooker.com\/de\/wp-json\/wp\/v2\/media?parent=5204"}],"wp:term":[{"taxonomy":"product_brand","embeddable":true,"href":"https:\/\/www.hg-cooker.com\/de\/wp-json\/wp\/v2\/product_brand?post=5204"},{"taxonomy":"product_cat","embeddable":true,"href":"https:\/\/www.hg-cooker.com\/de\/wp-json\/wp\/v2\/product_cat?post=5204"},{"taxonomy":"product_tag","embeddable":true,"href":"https:\/\/www.hg-cooker.com\/de\/wp-json\/wp\/v2\/product_tag?post=5204"}],"curies":[{"name":"wp","href":"https:\/\/api.w.org\/{rel}","templated":true}]}}