{"id":5196,"date":"2025-04-02T01:42:40","date_gmt":"2025-04-02T01:42:40","guid":{"rendered":"https:\/\/www.hg-cooker.com\/?post_type=product&#038;p=5196"},"modified":"2025-04-02T02:25:52","modified_gmt":"2025-04-02T02:25:52","slug":"milchkannchen-aus-edelstahl-im-groshandel-60","status":"publish","type":"product","link":"https:\/\/www.hg-cooker.com\/de\/produkt\/milchkannchen-aus-edelstahl-im-groshandel-60\/","title":{"rendered":"Gro\u00dfhandel Thai Style Dry Pan, Bratpfanne, Meeresfr\u00fcchte gekocht Topf"},"content":{"rendered":"<h3 class=\"wp-block-heading\">Details zu Thai Style Dry Pan<\/h3>\n\n\n\n<div class=\"wp-block-columns is-layout-flex wp-container-core-columns-is-layout-9d6595d7 wp-block-columns-is-layout-flex\">\n<div class=\"wp-block-column is-layout-flow wp-block-column-is-layout-flow\">\n<figure class=\"wp-block-image size-full\"><img fetchpriority=\"high\" decoding=\"async\" width=\"2000\" height=\"3000\" src=\"https:\/\/www.hg-cooker.com\/wp-content\/uploads\/2025\/04\/Thai-Style-Dry-Pan-Details-1.webp\" alt=\"Thai Style Dry Pan Details (1)\" class=\"wp-image-5201\" srcset=\"https:\/\/www.hg-cooker.com\/wp-content\/uploads\/2025\/04\/Thai-Style-Dry-Pan-Details-1.webp 2000w, https:\/\/www.hg-cooker.com\/wp-content\/uploads\/2025\/04\/Thai-Style-Dry-Pan-Details-1-100x150.webp 100w, https:\/\/www.hg-cooker.com\/wp-content\/uploads\/2025\/04\/Thai-Style-Dry-Pan-Details-1-440x660.webp 440w, https:\/\/www.hg-cooker.com\/wp-content\/uploads\/2025\/04\/Thai-Style-Dry-Pan-Details-1-200x300.webp 200w, https:\/\/www.hg-cooker.com\/wp-content\/uploads\/2025\/04\/Thai-Style-Dry-Pan-Details-1-768x1152.webp 768w, https:\/\/www.hg-cooker.com\/wp-content\/uploads\/2025\/04\/Thai-Style-Dry-Pan-Details-1-8x12.webp 8w, https:\/\/www.hg-cooker.com\/wp-content\/uploads\/2025\/04\/Thai-Style-Dry-Pan-Details-1-285x428.webp 285w, https:\/\/www.hg-cooker.com\/wp-content\/uploads\/2025\/04\/Thai-Style-Dry-Pan-Details-1-1600x2400.webp 1600w\" sizes=\"(max-width: 2000px) 100vw, 2000px\" \/><\/figure>\n<\/div>\n\n\n\n<div class=\"wp-block-column is-layout-flow wp-block-column-is-layout-flow\">\n<figure class=\"wp-block-image size-full\"><img decoding=\"async\" width=\"2000\" height=\"3000\" src=\"https:\/\/www.hg-cooker.com\/wp-content\/uploads\/2025\/04\/Thai-Style-Dry-Pan-Details-2.webp\" alt=\"Thail\u00e4ndische Trockenpfanne Details (2)\" class=\"wp-image-5202\" srcset=\"https:\/\/www.hg-cooker.com\/wp-content\/uploads\/2025\/04\/Thai-Style-Dry-Pan-Details-2.webp 2000w, https:\/\/www.hg-cooker.com\/wp-content\/uploads\/2025\/04\/Thai-Style-Dry-Pan-Details-2-100x150.webp 100w, https:\/\/www.hg-cooker.com\/wp-content\/uploads\/2025\/04\/Thai-Style-Dry-Pan-Details-2-440x660.webp 440w, https:\/\/www.hg-cooker.com\/wp-content\/uploads\/2025\/04\/Thai-Style-Dry-Pan-Details-2-200x300.webp 200w, https:\/\/www.hg-cooker.com\/wp-content\/uploads\/2025\/04\/Thai-Style-Dry-Pan-Details-2-768x1152.webp 768w, https:\/\/www.hg-cooker.com\/wp-content\/uploads\/2025\/04\/Thai-Style-Dry-Pan-Details-2-8x12.webp 8w, https:\/\/www.hg-cooker.com\/wp-content\/uploads\/2025\/04\/Thai-Style-Dry-Pan-Details-2-285x428.webp 285w, https:\/\/www.hg-cooker.com\/wp-content\/uploads\/2025\/04\/Thai-Style-Dry-Pan-Details-2-1600x2400.webp 1600w\" sizes=\"(max-width: 2000px) 100vw, 2000px\" \/><\/figure>\n<\/div>\n<\/div>\n\n\n\n<h3 class=\"wp-block-heading\">Parameter des japanischen Trockentopfes<\/h3>\n\n\n\n<figure class=\"wp-block-table\"><table class=\"has-fixed-layout\"><tbody><tr><td>Produktname<\/td><td>Gr\u00f6\u00dfe&nbsp;<\/td><td>Material<\/td><td>PCS\/CTN<\/td><td>Gewicht(kg)<\/td><td>Gr\u00f6\u00dfe des Kartons<\/td><\/tr><tr><td rowspan=\"8\">Thai Style Round Snowflake Texture Dry Pan<\/td><td>18CM<\/td><td>Dreilagiger Edelstahl&nbsp;<\/td><td>20<\/td><td>10,9 kg<\/td><td>38.5*20.5*24<\/td><\/tr><tr><td>20CM<\/td><td>Dreilagiger Edelstahl&nbsp;<\/td><td>20<\/td><td>12,5 kg<\/td><td>43*31.5*26.5<\/td><\/tr><tr><td>22CM<\/td><td>Dreilagiger Edelstahl&nbsp;<\/td><td>20<\/td><td>14,5 kg<\/td><td>46.5*24*27<\/td><\/tr><tr><td>24CM<\/td><td>Dreilagiger Edelstahl&nbsp;<\/td><td>20<\/td><td>17,5 kg<\/td><td>51.5*25.5*28<\/td><\/tr><tr><td>26CM<\/td><td>Dreilagiger Edelstahl&nbsp;<\/td><td>20<\/td><td>19kg<\/td><td>55.5*28.5*28<\/td><\/tr><tr><td>28CM<\/td><td>Dreilagiger Edelstahl&nbsp;<\/td><td>20<\/td><td>21,7 kg<\/td><td>58.5*29.5*28<\/td><\/tr><tr><td>30CM<\/td><td>Dreilagiger Edelstahl&nbsp;<\/td><td>20<\/td><td>24,3 kg<\/td><td>63*32*30<\/td><\/tr><tr><td>32CM<\/td><td>Dreilagiger Edelstahl&nbsp;<\/td><td>20<\/td><td>26,9 kg<\/td><td>67*34.5*28.5<\/td><\/tr><\/tbody><\/table><\/figure>\n\n\n\n<div class=\"wp-block-columns is-layout-flex wp-container-core-columns-is-layout-9d6595d7 wp-block-columns-is-layout-flex\">\n<div class=\"wp-block-column is-layout-flow wp-block-column-is-layout-flow\"><\/div>\n\n\n\n<div class=\"wp-block-column is-layout-flow wp-block-column-is-layout-flow\"><\/div>\n\n\n\n<div class=\"wp-block-column is-layout-flow wp-block-column-is-layout-flow\"><\/div>\n<\/div>\n\n\n\n<div class=\"wp-block-columns is-layout-flex wp-container-core-columns-is-layout-9d6595d7 wp-block-columns-is-layout-flex\">\n<div class=\"wp-block-column is-layout-flow wp-block-column-is-layout-flow\"><\/div>\n\n\n\n<div class=\"wp-block-column is-layout-flow wp-block-column-is-layout-flow\"><\/div>\n\n\n\n<div class=\"wp-block-column is-layout-flow wp-block-column-is-layout-flow\"><\/div>\n<\/div>\n\n\n\n<div class=\"wp-block-columns is-layout-flex wp-container-core-columns-is-layout-9d6595d7 wp-block-columns-is-layout-flex\">\n<div class=\"wp-block-column is-layout-flow wp-block-column-is-layout-flow\"><\/div>\n\n\n\n<div class=\"wp-block-column is-layout-flow wp-block-column-is-layout-flow\"><\/div>\n\n\n\n<div class=\"wp-block-column is-layout-flow wp-block-column-is-layout-flow\"><\/div>\n<\/div>\n\n\n\n<div class=\"wp-block-columns is-layout-flex wp-container-core-columns-is-layout-9d6595d7 wp-block-columns-is-layout-flex\">\n<div class=\"wp-block-column is-layout-flow wp-block-column-is-layout-flow\"><\/div>\n\n\n\n<div class=\"wp-block-column is-layout-flow wp-block-column-is-layout-flow\"><\/div>\n\n\n\n<div class=\"wp-block-column is-layout-flow wp-block-column-is-layout-flow\"><\/div>\n<\/div>\n\n\n\n<div class=\"wp-block-columns is-layout-flex wp-container-core-columns-is-layout-9d6595d7 wp-block-columns-is-layout-flex\">\n<div class=\"wp-block-column is-layout-flow wp-block-column-is-layout-flow\"><\/div>\n\n\n\n<div class=\"wp-block-column is-layout-flow wp-block-column-is-layout-flow\"><\/div>\n\n\n\n<div class=\"wp-block-column is-layout-flow wp-block-column-is-layout-flow\"><\/div>\n<\/div>\n\n\n\n<div class=\"wp-block-columns is-layout-flex wp-container-core-columns-is-layout-9d6595d7 wp-block-columns-is-layout-flex\">\n<div class=\"wp-block-column is-layout-flow wp-block-column-is-layout-flow\"><\/div>\n\n\n\n<div class=\"wp-block-column is-layout-flow wp-block-column-is-layout-flow\"><\/div>\n\n\n\n<div class=\"wp-block-column is-layout-flow wp-block-column-is-layout-flow\"><\/div>\n<\/div>\n\n\n\n<div class=\"wp-block-columns is-layout-flex wp-container-core-columns-is-layout-9d6595d7 wp-block-columns-is-layout-flex\">\n<div class=\"wp-block-column is-layout-flow wp-block-column-is-layout-flow\"><\/div>\n\n\n\n<div class=\"wp-block-column is-layout-flow wp-block-column-is-layout-flow\"><\/div>\n\n\n\n<div class=\"wp-block-column is-layout-flow wp-block-column-is-layout-flow\"><\/div>\n<\/div>","protected":false},"excerpt":{"rendered":"<p>Gro\u00dfhandel Thai Style Dry Pan, mehrere Gr\u00f6\u00dfen zur Verf\u00fcgung, geeignet f\u00fcr Hausk\u00fcchen, Restaurants und Outdoor-Kochen. Ausgew\u00e4hlte hochwertige dreifach Edelstahl Material, schnelle W\u00e4rmeleitung und gleichm\u00e4\u00dfige Erw\u00e4rmung, unterst\u00fctzen wir OEM &amp; ODM Anpassung, willkommen in der Masse zu kaufen!<\/p>\n<h2>Eigenschaften und Vorteile der Thai Style Dry Pan<\/h2>\n<p><strong>Hochwertige Materialien und Langlebigkeit:<\/strong> Die Thai Style Dry Pan ist aus dreifach rostfreiem Stahl gefertigt, der sich durch eine \u00fcberragende Haltbarkeit auszeichnet und das Problem der leichten Verformung und ungleichm\u00e4\u00dfigen W\u00e4rmeleitung herk\u00f6mmlicher einschichtiger T\u00f6pfe aus der Wurzel des Materials l\u00f6st.<\/p>\n<p><strong>Mehrere Gr\u00f6\u00dfenoptionen:<\/strong> Es gibt Trockenpfannen in verschiedenen Gr\u00f6\u00dfen, um den Kochbedarf von Familien und Restaurants zu decken, und sie k\u00f6nnen zum Braten, Anbraten, Backen und f\u00fcr andere Kocharten verwendet werden.<\/p>\n<p><strong>\u00c4sthetisches Upgrade:<\/strong> Das Aussehen hat eine elegante Schneeflockenstruktur, und das einzigartige Design macht es zu einem Restaurantmerkmal, das die Benutzer anzieht, so dass das \u00e4sthetische Design wirklich dem Kocherlebnis dient.<\/p>\n<p><strong>Leicht zu reinigen:<\/strong> Lebensmittelr\u00fcckst\u00e4nde haften nicht so leicht an der Oberfl\u00e4che des Geschirrs, was die Reinigung erleichtert, den Aufwand f\u00fcr die t\u00e4gliche Reinigung verringert und f\u00fcr die Verwendung in Restaurants besser geeignet ist.<\/p>","protected":false},"featured_media":5197,"comment_status":"closed","ping_status":"closed","template":"","meta":[],"product_brand":[],"product_cat":[65],"product_tag":[],"class_list":{"0":"post-5196","1":"product","2":"type-product","3":"status-publish","4":"has-post-thumbnail","6":"product_cat-dry-pot","8":"first","9":"instock","10":"shipping-taxable","11":"product-type-simple"},"_links":{"self":[{"href":"https:\/\/www.hg-cooker.com\/de\/wp-json\/wp\/v2\/product\/5196","targetHints":{"allow":["GET"]}}],"collection":[{"href":"https:\/\/www.hg-cooker.com\/de\/wp-json\/wp\/v2\/product"}],"about":[{"href":"https:\/\/www.hg-cooker.com\/de\/wp-json\/wp\/v2\/types\/product"}],"replies":[{"embeddable":true,"href":"https:\/\/www.hg-cooker.com\/de\/wp-json\/wp\/v2\/comments?post=5196"}],"wp:featuredmedia":[{"embeddable":true,"href":"https:\/\/www.hg-cooker.com\/de\/wp-json\/wp\/v2\/media\/5197"}],"wp:attachment":[{"href":"https:\/\/www.hg-cooker.com\/de\/wp-json\/wp\/v2\/media?parent=5196"}],"wp:term":[{"taxonomy":"product_brand","embeddable":true,"href":"https:\/\/www.hg-cooker.com\/de\/wp-json\/wp\/v2\/product_brand?post=5196"},{"taxonomy":"product_cat","embeddable":true,"href":"https:\/\/www.hg-cooker.com\/de\/wp-json\/wp\/v2\/product_cat?post=5196"},{"taxonomy":"product_tag","embeddable":true,"href":"https:\/\/www.hg-cooker.com\/de\/wp-json\/wp\/v2\/product_tag?post=5196"}],"curies":[{"name":"wp","href":"https:\/\/api.w.org\/{rel}","templated":true}]}}