{"id":5187,"date":"2025-04-01T14:39:59","date_gmt":"2025-04-01T14:39:59","guid":{"rendered":"https:\/\/www.hg-cooker.com\/?post_type=product&#038;p=5187"},"modified":"2025-04-01T15:36:26","modified_gmt":"2025-04-01T15:36:26","slug":"milchkannchen-aus-edelstahl-im-groshandel-59","status":"publish","type":"product","link":"https:\/\/www.hg-cooker.com\/de\/produkt\/milchkannchen-aus-edelstahl-im-groshandel-59\/","title":{"rendered":"Gro\u00dfhandel Japanischer Trockentopf mit griffigem Griff, Hot Pot, Oden Pot, Army Stew"},"content":{"rendered":"<h3 class=\"wp-block-heading\">Details zu Japanischer Trockentopf mit leicht zu greifendem Griff<\/h3>\n\n\n\n<div class=\"wp-block-columns is-layout-flex wp-container-core-columns-is-layout-9d6595d7 wp-block-columns-is-layout-flex\">\n<div class=\"wp-block-column is-layout-flow wp-block-column-is-layout-flow\">\n<figure class=\"wp-block-image size-full\"><img fetchpriority=\"high\" decoding=\"async\" width=\"1300\" height=\"1706\" src=\"https:\/\/www.hg-cooker.com\/wp-content\/uploads\/2025\/04\/Japanese-Dry-Pot-Details-1-1.webp\" alt=\"Japanischer Trockentopf Details (1)\" class=\"wp-image-5194\" srcset=\"https:\/\/www.hg-cooker.com\/wp-content\/uploads\/2025\/04\/Japanese-Dry-Pot-Details-1-1.webp 1300w, https:\/\/www.hg-cooker.com\/wp-content\/uploads\/2025\/04\/Japanese-Dry-Pot-Details-1-1-114x150.webp 114w, https:\/\/www.hg-cooker.com\/wp-content\/uploads\/2025\/04\/Japanese-Dry-Pot-Details-1-1-503x660.webp 503w, https:\/\/www.hg-cooker.com\/wp-content\/uploads\/2025\/04\/Japanese-Dry-Pot-Details-1-1-229x300.webp 229w, https:\/\/www.hg-cooker.com\/wp-content\/uploads\/2025\/04\/Japanese-Dry-Pot-Details-1-1-768x1008.webp 768w, https:\/\/www.hg-cooker.com\/wp-content\/uploads\/2025\/04\/Japanese-Dry-Pot-Details-1-1-9x12.webp 9w, https:\/\/www.hg-cooker.com\/wp-content\/uploads\/2025\/04\/Japanese-Dry-Pot-Details-1-1-285x374.webp 285w\" sizes=\"(max-width: 1300px) 100vw, 1300px\" \/><\/figure>\n<\/div>\n\n\n\n<div class=\"wp-block-column is-layout-flow wp-block-column-is-layout-flow\">\n<figure class=\"wp-block-image size-full\"><img decoding=\"async\" width=\"1300\" height=\"1706\" src=\"https:\/\/www.hg-cooker.com\/wp-content\/uploads\/2025\/04\/Japanese-Dry-Pot-Details-2-1.webp\" alt=\"Japanischer Trockentopf Details (2)\" class=\"wp-image-5195\" srcset=\"https:\/\/www.hg-cooker.com\/wp-content\/uploads\/2025\/04\/Japanese-Dry-Pot-Details-2-1.webp 1300w, https:\/\/www.hg-cooker.com\/wp-content\/uploads\/2025\/04\/Japanese-Dry-Pot-Details-2-1-114x150.webp 114w, https:\/\/www.hg-cooker.com\/wp-content\/uploads\/2025\/04\/Japanese-Dry-Pot-Details-2-1-503x660.webp 503w, https:\/\/www.hg-cooker.com\/wp-content\/uploads\/2025\/04\/Japanese-Dry-Pot-Details-2-1-229x300.webp 229w, https:\/\/www.hg-cooker.com\/wp-content\/uploads\/2025\/04\/Japanese-Dry-Pot-Details-2-1-768x1008.webp 768w, https:\/\/www.hg-cooker.com\/wp-content\/uploads\/2025\/04\/Japanese-Dry-Pot-Details-2-1-9x12.webp 9w, https:\/\/www.hg-cooker.com\/wp-content\/uploads\/2025\/04\/Japanese-Dry-Pot-Details-2-1-285x374.webp 285w\" sizes=\"(max-width: 1300px) 100vw, 1300px\" \/><\/figure>\n<\/div>\n<\/div>\n\n\n\n<h3 class=\"wp-block-heading\">Parameter des japanischen Trockentopfes<\/h3>\n\n\n\n<figure class=\"wp-block-table\"><table class=\"has-fixed-layout\"><tbody><tr><td>Produktname<\/td><td>Gr\u00f6\u00dfe&nbsp;<\/td><td>Material<\/td><td>PCS\/CTN<\/td><td>Gewicht(kg)<\/td><td>Gr\u00f6\u00dfe des Kartons<\/td><\/tr><tr><td rowspan=\"6\">Japanischer Trockentopf mit leicht zu greifendem Griff<\/td><td>18CM<\/td><td>Dreilagiger Edelstahl&nbsp;<\/td><td>20<\/td><td>11,4 kg<\/td><td>41.5*23*27.5<\/td><\/tr><tr><td>20CM<\/td><td>Dreilagiger Edelstahl&nbsp;<\/td><td>20<\/td><td>13kg<\/td><td>45*24.5*30<\/td><\/tr><tr><td>22CM<\/td><td>Dreilagiger Edelstahl&nbsp;<\/td><td>20<\/td><td>16kg<\/td><td>53*27*31<\/td><\/tr><tr><td>24CM<\/td><td>Dreilagiger Edelstahl&nbsp;<\/td><td>20<\/td><td>18kg<\/td><td>59*29.5*33<\/td><\/tr><tr><td>26CM<\/td><td>Dreilagiger Edelstahl&nbsp;<\/td><td>20<\/td><td>21kg<\/td><td>67.5*34*31.5<\/td><\/tr><tr><td>28CM<\/td><td>Dreilagiger Edelstahl&nbsp;<\/td><td>20<\/td><td>24.2kg<\/td><td>61.5*32*35.5<\/td><\/tr><\/tbody><\/table><\/figure>\n\n\n\n<div class=\"wp-block-columns is-layout-flex wp-container-core-columns-is-layout-9d6595d7 wp-block-columns-is-layout-flex\">\n<div class=\"wp-block-column is-layout-flow wp-block-column-is-layout-flow\"><\/div>\n\n\n\n<div class=\"wp-block-column is-layout-flow wp-block-column-is-layout-flow\"><\/div>\n\n\n\n<div class=\"wp-block-column is-layout-flow wp-block-column-is-layout-flow\"><\/div>\n<\/div>\n\n\n\n<div class=\"wp-block-columns is-layout-flex wp-container-core-columns-is-layout-9d6595d7 wp-block-columns-is-layout-flex\">\n<div class=\"wp-block-column is-layout-flow wp-block-column-is-layout-flow\"><\/div>\n\n\n\n<div class=\"wp-block-column is-layout-flow wp-block-column-is-layout-flow\"><\/div>\n\n\n\n<div class=\"wp-block-column is-layout-flow wp-block-column-is-layout-flow\"><\/div>\n<\/div>\n\n\n\n<div class=\"wp-block-columns is-layout-flex wp-container-core-columns-is-layout-9d6595d7 wp-block-columns-is-layout-flex\">\n<div class=\"wp-block-column is-layout-flow wp-block-column-is-layout-flow\"><\/div>\n\n\n\n<div class=\"wp-block-column is-layout-flow wp-block-column-is-layout-flow\"><\/div>\n\n\n\n<div class=\"wp-block-column is-layout-flow wp-block-column-is-layout-flow\"><\/div>\n<\/div>\n\n\n\n<div class=\"wp-block-columns is-layout-flex wp-container-core-columns-is-layout-9d6595d7 wp-block-columns-is-layout-flex\">\n<div class=\"wp-block-column is-layout-flow wp-block-column-is-layout-flow\"><\/div>\n\n\n\n<div class=\"wp-block-column is-layout-flow wp-block-column-is-layout-flow\"><\/div>\n\n\n\n<div class=\"wp-block-column is-layout-flow wp-block-column-is-layout-flow\"><\/div>\n<\/div>\n\n\n\n<div class=\"wp-block-columns is-layout-flex wp-container-core-columns-is-layout-9d6595d7 wp-block-columns-is-layout-flex\">\n<div class=\"wp-block-column is-layout-flow wp-block-column-is-layout-flow\"><\/div>\n\n\n\n<div class=\"wp-block-column is-layout-flow wp-block-column-is-layout-flow\"><\/div>\n\n\n\n<div class=\"wp-block-column is-layout-flow wp-block-column-is-layout-flow\"><\/div>\n<\/div>\n\n\n\n<div class=\"wp-block-columns is-layout-flex wp-container-core-columns-is-layout-9d6595d7 wp-block-columns-is-layout-flex\">\n<div class=\"wp-block-column is-layout-flow wp-block-column-is-layout-flow\"><\/div>\n\n\n\n<div class=\"wp-block-column is-layout-flow wp-block-column-is-layout-flow\"><\/div>\n\n\n\n<div class=\"wp-block-column is-layout-flow wp-block-column-is-layout-flow\"><\/div>\n<\/div>\n\n\n\n<div class=\"wp-block-columns is-layout-flex wp-container-core-columns-is-layout-9d6595d7 wp-block-columns-is-layout-flex\">\n<div class=\"wp-block-column is-layout-flow wp-block-column-is-layout-flow\"><\/div>\n\n\n\n<div class=\"wp-block-column is-layout-flow wp-block-column-is-layout-flow\"><\/div>\n\n\n\n<div class=\"wp-block-column is-layout-flow wp-block-column-is-layout-flow\"><\/div>\n<\/div>","protected":false},"excerpt":{"rendered":"<p>Gro\u00dfhandel japanischen trockenen Topf, ausgew\u00e4hlt dreischichtigen Verbundstahl, insgesamt verdickt Design zu widerstehen Verformung, geeignet zum Braten, Schmoren und andere Szenarien Kochen, bieten eine Vielzahl von Spezifikationen zur Auswahl, Unterst\u00fctzung OEM und ODM, kontaktieren Sie uns f\u00fcr ein Angebot.<\/p>\n<h2>Merkmale und Vorteile von Japanese Dry Pot\u00a0<\/h2>\n<p><strong>304 Edelstahl essbare Schicht:<\/strong> Die innere Schicht des Trockentopfs, die direkt mit den Zutaten in Ber\u00fchrung kommt, besteht aus lebensmittelechtem SUS304-Edelstahl und hat die internationale Zertifizierung f\u00fcr Lebensmittelsicherheit bestanden.<\/p>\n<p><strong>Exquisites Aussehen:<\/strong> Die \u00e4u\u00dfere Schicht besteht aus rostfreiem 430er-Stahl mit einem einzigartigen Hammermuster, das den visuellen Eindruck von Luxus deutlich verst\u00e4rkt, und die konkave und konvexe Struktur kann das Auftreten von Kratzern wirksam reduzieren.<\/p>\n<p><strong>Schnelle W\u00e4rmeableitung:<\/strong> Hergestellt aus dreifachem Edelstahl. Durch diese \"Sandwich-Struktur\" kann die W\u00e4rme schnell vom Boden des Topfes zur Topfwand diffundieren, was 60% effizienter ist als ein einschichtiger Edelstahltopf.<\/p>\n<p><strong>Vielseitig einsetzbar:<\/strong> Der Trockentopf eignet sich sehr gut f\u00fcr verschiedene Hot-Pot-Gerichte wie Meeresfr\u00fcchte-Hot-Pot, Shabu-Shabu, Sukiyaki, usw. Er kann auch f\u00fcr eine Vielzahl von Kochmethoden wie Suppe und Eintopf verwendet werden.<\/p>\n<p><strong>Leicht zu reinigen:<\/strong> Das unbeschichtete Design erm\u00f6glicht die Reinigung in der Sp\u00fclmaschine. Es ist vollst\u00e4ndig aus Edelstahl gefertigt, so dass Sie sich keine Sorgen \u00fcber Glasur- oder Beschichtungsdellen machen m\u00fcssen.<\/p>","protected":false},"featured_media":5188,"comment_status":"closed","ping_status":"closed","template":"","meta":[],"product_brand":[],"product_cat":[65],"product_tag":[],"class_list":{"0":"post-5187","1":"product","2":"type-product","3":"status-publish","4":"has-post-thumbnail","6":"product_cat-dry-pot","8":"first","9":"instock","10":"shipping-taxable","11":"product-type-simple"},"_links":{"self":[{"href":"https:\/\/www.hg-cooker.com\/de\/wp-json\/wp\/v2\/product\/5187","targetHints":{"allow":["GET"]}}],"collection":[{"href":"https:\/\/www.hg-cooker.com\/de\/wp-json\/wp\/v2\/product"}],"about":[{"href":"https:\/\/www.hg-cooker.com\/de\/wp-json\/wp\/v2\/types\/product"}],"replies":[{"embeddable":true,"href":"https:\/\/www.hg-cooker.com\/de\/wp-json\/wp\/v2\/comments?post=5187"}],"wp:featuredmedia":[{"embeddable":true,"href":"https:\/\/www.hg-cooker.com\/de\/wp-json\/wp\/v2\/media\/5188"}],"wp:attachment":[{"href":"https:\/\/www.hg-cooker.com\/de\/wp-json\/wp\/v2\/media?parent=5187"}],"wp:term":[{"taxonomy":"product_brand","embeddable":true,"href":"https:\/\/www.hg-cooker.com\/de\/wp-json\/wp\/v2\/product_brand?post=5187"},{"taxonomy":"product_cat","embeddable":true,"href":"https:\/\/www.hg-cooker.com\/de\/wp-json\/wp\/v2\/product_cat?post=5187"},{"taxonomy":"product_tag","embeddable":true,"href":"https:\/\/www.hg-cooker.com\/de\/wp-json\/wp\/v2\/product_tag?post=5187"}],"curies":[{"name":"wp","href":"https:\/\/api.w.org\/{rel}","templated":true}]}}