{"id":5127,"date":"2025-04-01T07:30:41","date_gmt":"2025-04-01T07:30:41","guid":{"rendered":"https:\/\/www.hg-cooker.com\/?post_type=product&#038;p=5127"},"modified":"2025-04-02T07:10:22","modified_gmt":"2025-04-02T07:10:22","slug":"milchkannchen-aus-edelstahl-im-groshandel-56","status":"publish","type":"product","link":"https:\/\/www.hg-cooker.com\/de\/produkt\/milchkannchen-aus-edelstahl-im-groshandel-56\/","title":{"rendered":"Gro\u00dfhandel Japanisch Bordered Dry Topf, Meeresfr\u00fcchte gekocht Topf, Milch Heizung Topf, Instant Ramen Topf"},"content":{"rendered":"<h3 class=\"wp-block-heading\">Details zum japanischen eingefassten Trockentopf<\/h3>\n\n\n\n<div class=\"wp-block-columns is-layout-flex wp-container-core-columns-is-layout-9d6595d7 wp-block-columns-is-layout-flex\">\n<div class=\"wp-block-column is-layout-flow wp-block-column-is-layout-flow\">\n<figure class=\"wp-block-image size-full\"><img fetchpriority=\"high\" decoding=\"async\" width=\"1024\" height=\"1536\" src=\"https:\/\/www.hg-cooker.com\/wp-content\/uploads\/2025\/04\/Details-of-the-Japanese-Bordered-Dry-Pot-1.webp\" alt=\"Details zum japanischen eingefassten Trockentopf (1)\" class=\"wp-image-5177\" srcset=\"https:\/\/www.hg-cooker.com\/wp-content\/uploads\/2025\/04\/Details-of-the-Japanese-Bordered-Dry-Pot-1.webp 1024w, https:\/\/www.hg-cooker.com\/wp-content\/uploads\/2025\/04\/Details-of-the-Japanese-Bordered-Dry-Pot-1-100x150.webp 100w, https:\/\/www.hg-cooker.com\/wp-content\/uploads\/2025\/04\/Details-of-the-Japanese-Bordered-Dry-Pot-1-440x660.webp 440w, https:\/\/www.hg-cooker.com\/wp-content\/uploads\/2025\/04\/Details-of-the-Japanese-Bordered-Dry-Pot-1-200x300.webp 200w, https:\/\/www.hg-cooker.com\/wp-content\/uploads\/2025\/04\/Details-of-the-Japanese-Bordered-Dry-Pot-1-768x1152.webp 768w, https:\/\/www.hg-cooker.com\/wp-content\/uploads\/2025\/04\/Details-of-the-Japanese-Bordered-Dry-Pot-1-8x12.webp 8w, https:\/\/www.hg-cooker.com\/wp-content\/uploads\/2025\/04\/Details-of-the-Japanese-Bordered-Dry-Pot-1-285x428.webp 285w\" sizes=\"(max-width: 1024px) 100vw, 1024px\" \/><\/figure>\n<\/div>\n\n\n\n<div class=\"wp-block-column is-layout-flow wp-block-column-is-layout-flow\">\n<figure class=\"wp-block-image size-full\"><img decoding=\"async\" width=\"1024\" height=\"1536\" src=\"https:\/\/www.hg-cooker.com\/wp-content\/uploads\/2025\/04\/Details-of-the-Japanese-Bordered-Dry-Pot-2.webp\" alt=\"Details zum japanischen eingefassten Trockentopf (2)\" class=\"wp-image-5178\" srcset=\"https:\/\/www.hg-cooker.com\/wp-content\/uploads\/2025\/04\/Details-of-the-Japanese-Bordered-Dry-Pot-2.webp 1024w, https:\/\/www.hg-cooker.com\/wp-content\/uploads\/2025\/04\/Details-of-the-Japanese-Bordered-Dry-Pot-2-100x150.webp 100w, https:\/\/www.hg-cooker.com\/wp-content\/uploads\/2025\/04\/Details-of-the-Japanese-Bordered-Dry-Pot-2-440x660.webp 440w, https:\/\/www.hg-cooker.com\/wp-content\/uploads\/2025\/04\/Details-of-the-Japanese-Bordered-Dry-Pot-2-200x300.webp 200w, https:\/\/www.hg-cooker.com\/wp-content\/uploads\/2025\/04\/Details-of-the-Japanese-Bordered-Dry-Pot-2-768x1152.webp 768w, https:\/\/www.hg-cooker.com\/wp-content\/uploads\/2025\/04\/Details-of-the-Japanese-Bordered-Dry-Pot-2-8x12.webp 8w, https:\/\/www.hg-cooker.com\/wp-content\/uploads\/2025\/04\/Details-of-the-Japanese-Bordered-Dry-Pot-2-285x428.webp 285w\" sizes=\"(max-width: 1024px) 100vw, 1024px\" \/><\/figure>\n<\/div>\n<\/div>\n\n\n\n<div class=\"wp-block-columns is-layout-flex wp-container-core-columns-is-layout-9d6595d7 wp-block-columns-is-layout-flex\">\n<div class=\"wp-block-column is-layout-flow wp-block-column-is-layout-flow\">\n<h3 class=\"wp-block-heading\">Details zum japanischen eingefassten Trockentopf<\/h3>\n<\/div>\n<\/div>\n\n\n\n<figure class=\"wp-block-table\"><table class=\"has-fixed-layout\"><tbody><tr><td>Produktname<\/td><td>Gr\u00f6\u00dfe&nbsp;<\/td><td>Material<\/td><td>PCS\/CTN<\/td><td>Gewicht(kg)<\/td><td>Gr\u00f6\u00dfe des Kartons<\/td><\/tr><tr><td rowspan=\"6\">Japanese Style Bordered Dry Pot<\/td><td>18CM<\/td><td>Dreilagiger Edelstahl&nbsp;<\/td><td>20<\/td><td>9,7 kg<\/td><td>21.5*21.5*18.5<\/td><\/tr><tr><td>20CM<\/td><td>Dreilagiger Edelstahl&nbsp;<\/td><td>20<\/td><td>11,9 kg<\/td><td>23.5*23.5*22<\/td><\/tr><tr><td>22CM<\/td><td>Dreilagiger Edelstahl&nbsp;<\/td><td>20<\/td><td>14,5 kg<\/td><td>26*26*25.5<\/td><\/tr><tr><td>24CM<\/td><td>Dreilagiger Edelstahl&nbsp;<\/td><td>20<\/td><td>16,3 kg<\/td><td>27.5*27.5*22.5<\/td><\/tr><tr><td>26CM<\/td><td>Dreilagiger Edelstahl&nbsp;<\/td><td>20<\/td><td>19,4 kg<\/td><td>29.5*29.5*29.5<\/td><\/tr><tr><td>28CM<\/td><td>Dreilagiger Edelstahl&nbsp;<\/td><td>20<\/td><td>22,3 kg<\/td><td>31.5*31.5*33<\/td><\/tr><\/tbody><\/table><\/figure>","protected":false},"excerpt":{"rendered":"<p>Gro\u00dfhandel Japanisch Bordered Dry Pot, mit einem einzigartigen Rand-Design, leichter zu halten. Mit einer dreischichtigen Verbundstruktur aus rostfreiem Stahl f\u00f6rdert er effektiv die W\u00e4rmeleitung und kann zum Kochen aller Arten von Zutaten verwendet werden. Es ist eine ideale Wahl f\u00fcr Familienfeiern und die Gastronomie.<\/p>\n<h3>Merkmale und Vorteile von Japanese Bordered Dry Pot<\/h3>\n<p><strong>Schnelle W\u00e4rmeableitung:<\/strong> Dieser Trockentopf ist aus dreifach rostfreiem Stahl gefertigt, so dass die Lebensmittel schnell die optimale Temperatur erreichen und Sie k\u00f6stliche Speisen im Voraus genie\u00dfen k\u00f6nnen.<\/p>\n<p><strong>Eingedicktes Material:<\/strong> Beim Trockentopf wird verdicktes Material verwendet, damit der Topf stabiler ist und weniger durch St\u00f6\u00dfe besch\u00e4digt werden kann, und die Lebensdauer des Produkts ist l\u00e4nger.<\/p>\n<p><strong>Breite Anwendungsbereiche:<\/strong> Dieser Kochtopf ist f\u00fcr verschiedene Umgebungen geeignet, z. B. f\u00fcr Haushaltsk\u00fcchen, Hot-Pot-Restaurants, Buffet-Restaurants usw., und kann gute Kochleistungen erbringen.<\/p>\n<p><strong>Schillerndes Aussehen:<\/strong> Das pr\u00e4chtige Aussehen macht es sch\u00f6ner zu sehen, was nicht nur eine bessere Essumgebung bringt, sondern auch als Zierde dient, um das Restaurant und die K\u00fcche eleganter zu machen.<\/p>","protected":false},"featured_media":5251,"comment_status":"closed","ping_status":"closed","template":"","meta":[],"product_brand":[],"product_cat":[65],"product_tag":[],"class_list":{"0":"post-5127","1":"product","2":"type-product","3":"status-publish","4":"has-post-thumbnail","6":"product_cat-dry-pot","8":"first","9":"instock","10":"shipping-taxable","11":"product-type-simple"},"_links":{"self":[{"href":"https:\/\/www.hg-cooker.com\/de\/wp-json\/wp\/v2\/product\/5127","targetHints":{"allow":["GET"]}}],"collection":[{"href":"https:\/\/www.hg-cooker.com\/de\/wp-json\/wp\/v2\/product"}],"about":[{"href":"https:\/\/www.hg-cooker.com\/de\/wp-json\/wp\/v2\/types\/product"}],"replies":[{"embeddable":true,"href":"https:\/\/www.hg-cooker.com\/de\/wp-json\/wp\/v2\/comments?post=5127"}],"wp:featuredmedia":[{"embeddable":true,"href":"https:\/\/www.hg-cooker.com\/de\/wp-json\/wp\/v2\/media\/5251"}],"wp:attachment":[{"href":"https:\/\/www.hg-cooker.com\/de\/wp-json\/wp\/v2\/media?parent=5127"}],"wp:term":[{"taxonomy":"product_brand","embeddable":true,"href":"https:\/\/www.hg-cooker.com\/de\/wp-json\/wp\/v2\/product_brand?post=5127"},{"taxonomy":"product_cat","embeddable":true,"href":"https:\/\/www.hg-cooker.com\/de\/wp-json\/wp\/v2\/product_cat?post=5127"},{"taxonomy":"product_tag","embeddable":true,"href":"https:\/\/www.hg-cooker.com\/de\/wp-json\/wp\/v2\/product_tag?post=5127"}],"curies":[{"name":"wp","href":"https:\/\/api.w.org\/{rel}","templated":true}]}}