{"id":5049,"date":"2025-09-12T02:24:36","date_gmt":"2025-09-12T02:24:36","guid":{"rendered":"https:\/\/www.hg-cooker.com\/?post_type=product&#038;p=5049"},"modified":"2026-04-10T09:32:44","modified_gmt":"2026-04-10T09:32:44","slug":"milchkannchen-aus-edelstahl-im-groshandel-54","status":"publish","type":"product","link":"https:\/\/www.hg-cooker.com\/de\/produkt\/milchkannchen-aus-edelstahl-im-groshandel-54\/","title":{"rendered":"Gro\u00dfhandel Mini Schnellkochtopf, High-Performance kleinen Schnellkochtopf zum Verkauf, Unterst\u00fctzung OEM und ODM"},"content":{"rendered":"<div class=\"wp-block-columns is-layout-flex wp-container-core-columns-is-layout-9d6595d7 wp-block-columns-is-layout-flex\">\n<div class=\"wp-block-column is-layout-flow wp-block-column-is-layout-flow\">\n<h2 class=\"wp-block-heading\">Benutzerdefinierte Optionen<\/h2>\n\n\n\n<p><strong>Logo<\/strong>: Gestalten Sie Ihr Markenlogo auf dem Thermokochtopf und der Verpackung.<br><br><strong>Gr\u00f6\u00dfe:<\/strong> Passen Sie den Thermokochtopf in verschiedenen Gr\u00f6\u00dfen an Ihre Bed\u00fcrfnisse an.<br><br><strong>Paket<\/strong>: Karton\/Farbkasten.<br><br><a href=\"https:\/\/www.hg-cooker.com\/de\/custom-solution\/\" data-type=\"page\" data-id=\"2793\" target=\"_blank\" rel=\"noreferrer noopener\"><strong>Entdecken Sie weitere Details zum Mini-Schnellkochtopf<\/strong><\/a><\/p>\n<\/div>\n<\/div>\n\n\n\n<div class=\"wp-block-columns is-layout-flex wp-container-core-columns-is-layout-9d6595d7 wp-block-columns-is-layout-flex\">\n<div class=\"wp-block-column is-layout-flow wp-block-column-is-layout-flow\">\n<figure class=\"wp-block-image size-full\"><img fetchpriority=\"high\" decoding=\"async\" width=\"790\" height=\"1561\" src=\"https:\/\/www.hg-cooker.com\/wp-content\/uploads\/2025\/03\/wholesale-mini-pressure-cooker-details-1.jpg\" alt=\"\" class=\"wp-image-5051\" srcset=\"https:\/\/www.hg-cooker.com\/wp-content\/uploads\/2025\/03\/wholesale-mini-pressure-cooker-details-1.jpg 790w, https:\/\/www.hg-cooker.com\/wp-content\/uploads\/2025\/03\/wholesale-mini-pressure-cooker-details-1-76x150.jpg 76w, https:\/\/www.hg-cooker.com\/wp-content\/uploads\/2025\/03\/wholesale-mini-pressure-cooker-details-1-334x660.jpg 334w, https:\/\/www.hg-cooker.com\/wp-content\/uploads\/2025\/03\/wholesale-mini-pressure-cooker-details-1-152x300.jpg 152w, https:\/\/www.hg-cooker.com\/wp-content\/uploads\/2025\/03\/wholesale-mini-pressure-cooker-details-1-768x1518.jpg 768w, https:\/\/www.hg-cooker.com\/wp-content\/uploads\/2025\/03\/wholesale-mini-pressure-cooker-details-1-6x12.jpg 6w, https:\/\/www.hg-cooker.com\/wp-content\/uploads\/2025\/03\/wholesale-mini-pressure-cooker-details-1-285x563.jpg 285w\" sizes=\"(max-width: 790px) 100vw, 790px\" \/><\/figure>\n<\/div>\n\n\n\n<div class=\"wp-block-column is-layout-flow wp-block-column-is-layout-flow\">\n<figure class=\"wp-block-image size-full\"><img decoding=\"async\" width=\"790\" height=\"1561\" src=\"https:\/\/www.hg-cooker.com\/wp-content\/uploads\/2025\/03\/wholesale-mini-pressure-cooker-details-2.jpg\" alt=\"Gro\u00dfhandel Mini-Schnellkochtopf Details (2)\" class=\"wp-image-5052\" srcset=\"https:\/\/www.hg-cooker.com\/wp-content\/uploads\/2025\/03\/wholesale-mini-pressure-cooker-details-2.jpg 790w, https:\/\/www.hg-cooker.com\/wp-content\/uploads\/2025\/03\/wholesale-mini-pressure-cooker-details-2-76x150.jpg 76w, https:\/\/www.hg-cooker.com\/wp-content\/uploads\/2025\/03\/wholesale-mini-pressure-cooker-details-2-334x660.jpg 334w, https:\/\/www.hg-cooker.com\/wp-content\/uploads\/2025\/03\/wholesale-mini-pressure-cooker-details-2-152x300.jpg 152w, https:\/\/www.hg-cooker.com\/wp-content\/uploads\/2025\/03\/wholesale-mini-pressure-cooker-details-2-768x1518.jpg 768w, https:\/\/www.hg-cooker.com\/wp-content\/uploads\/2025\/03\/wholesale-mini-pressure-cooker-details-2-6x12.jpg 6w, https:\/\/www.hg-cooker.com\/wp-content\/uploads\/2025\/03\/wholesale-mini-pressure-cooker-details-2-285x563.jpg 285w\" sizes=\"(max-width: 790px) 100vw, 790px\" \/><\/figure>\n<\/div>\n<\/div>","protected":false},"excerpt":{"rendered":"<p>Gro\u00dfhandel Mini-Schnellkochtopf, die Reis und andere Lebensmittel in nur etwa 5 Minuten kochen kann. Es bietet umweltfreundliche und sichere keramische Nanobeschichtung und unbeschichtete Stile. Wir bieten auch flexible OEM-und ODM-Dienstleistungen, um die Bed\u00fcrfnisse der verschiedenen M\u00e4rkte zu erf\u00fcllen.<\/p>\n<h2>Eigenschaften und Vorteile des Mini-Schnellkochtopfs<\/h2>\n<p><strong>Dreifaches Material aus Edelstahl:<\/strong> Dieser Mini-Schnellkochtopf besteht aus einer dreischichtigen Verbundstruktur aus rostfreiem Stahl 304#, Aluminiumlegierung AL1060# und rostfreiem Stahl 430#, die eine extrem lange Lebensdauer und hervorragende W\u00e4rmeleitf\u00e4higkeit gew\u00e4hrleistet.<\/p>\n<p><strong>Schnelles Kochen:<\/strong> Dieser Mini-Schnellkochtopf verf\u00fcgt \u00fcber eine hocheffiziente Druckkochtechnologie, mit der Reis, Suppen, Eint\u00f6pfe und andere Lebensmittel in etwa 5 Minuten fertig gekocht werden k\u00f6nnen.<\/p>\n<p><strong>Bequeme Bedienung:<\/strong> Der Hersteller des Hengguang-Schnellkochtopfs hat sich f\u00fcr eine bequeme Bedienung entschieden und verwendet einen Knopfschalter, um das \u00d6ffnen und Verschlie\u00dfen des Deckels zu steuern.<\/p>\n<p><strong>Mehrere Spezifikationen:<\/strong> Um den Bed\u00fcrfnissen verschiedener Familien und K\u00fcchenr\u00e4ume gerecht zu werden, bietet dieser Mini-Schnellkochtopf eine Vielzahl von Fassungsverm\u00f6gensoptionen, darunter 2,5 l, 3,0 l, 3,5 l und 4,0 l.<\/p>\n<p><strong>OEM- und ODM-Service:<\/strong> Wir bieten ma\u00dfgeschneiderte L\u00f6sungen nach Ihren Bed\u00fcrfnissen, unterst\u00fctzen die Anpassung des Aussehens, der Funktion, der Farbe der Beschichtung, der Kapazit\u00e4t usw. des Schnellkochtopfs.<\/p>","protected":false},"featured_media":7021,"comment_status":"closed","ping_status":"closed","template":"","meta":[],"product_brand":[],"product_cat":[49],"product_tag":[],"class_list":{"0":"post-5049","1":"product","2":"type-product","3":"status-publish","4":"has-post-thumbnail","6":"product_cat-mini-pressure-cooker","8":"first","9":"instock","10":"shipping-taxable","11":"product-type-simple"},"_links":{"self":[{"href":"https:\/\/www.hg-cooker.com\/de\/wp-json\/wp\/v2\/product\/5049","targetHints":{"allow":["GET"]}}],"collection":[{"href":"https:\/\/www.hg-cooker.com\/de\/wp-json\/wp\/v2\/product"}],"about":[{"href":"https:\/\/www.hg-cooker.com\/de\/wp-json\/wp\/v2\/types\/product"}],"replies":[{"embeddable":true,"href":"https:\/\/www.hg-cooker.com\/de\/wp-json\/wp\/v2\/comments?post=5049"}],"wp:featuredmedia":[{"embeddable":true,"href":"https:\/\/www.hg-cooker.com\/de\/wp-json\/wp\/v2\/media\/7021"}],"wp:attachment":[{"href":"https:\/\/www.hg-cooker.com\/de\/wp-json\/wp\/v2\/media?parent=5049"}],"wp:term":[{"taxonomy":"product_brand","embeddable":true,"href":"https:\/\/www.hg-cooker.com\/de\/wp-json\/wp\/v2\/product_brand?post=5049"},{"taxonomy":"product_cat","embeddable":true,"href":"https:\/\/www.hg-cooker.com\/de\/wp-json\/wp\/v2\/product_cat?post=5049"},{"taxonomy":"product_tag","embeddable":true,"href":"https:\/\/www.hg-cooker.com\/de\/wp-json\/wp\/v2\/product_tag?post=5049"}],"curies":[{"name":"wp","href":"https:\/\/api.w.org\/{rel}","templated":true}]}}