{"id":5035,"date":"2025-05-04T06:43:55","date_gmt":"2025-05-04T06:43:55","guid":{"rendered":"https:\/\/www.hg-cooker.com\/?post_type=product&#038;p=5035"},"modified":"2025-11-13T02:33:19","modified_gmt":"2025-11-13T02:33:19","slug":"milchkannchen-aus-edelstahl-im-groshandel-52","status":"publish","type":"product","link":"https:\/\/www.hg-cooker.com\/de\/produkt\/milchkannchen-aus-edelstahl-im-groshandel-52\/","title":{"rendered":"Gro\u00dfhandel Dreischicht-Edelstahlscheiben f\u00fcr die Herstellung von Kochgeschirr - Hochwertiges, langlebiges und induktionsgeeignetes Material"},"content":{"rendered":"<div class=\"wp-block-columns is-layout-flex wp-container-core-columns-is-layout-9d6595d7 wp-block-columns-is-layout-flex\">\n<div class=\"wp-block-column is-layout-flow wp-block-column-is-layout-flow\">\n<figure class=\"wp-block-image size-full\"><img fetchpriority=\"high\" decoding=\"async\" width=\"800\" height=\"800\" src=\"https:\/\/www.hg-cooker.com\/wp-content\/uploads\/2025\/03\/Wholesale-triply-stainless-steel-discs-2-1.webp\" alt=\"Gro\u00dfhandel dreifach Edelstahl-Scheiben (2)\" class=\"wp-image-5033\" srcset=\"https:\/\/www.hg-cooker.com\/wp-content\/uploads\/2025\/03\/Wholesale-triply-stainless-steel-discs-2-1.webp 800w, https:\/\/www.hg-cooker.com\/wp-content\/uploads\/2025\/03\/Wholesale-triply-stainless-steel-discs-2-1-150x150.webp 150w, https:\/\/www.hg-cooker.com\/wp-content\/uploads\/2025\/03\/Wholesale-triply-stainless-steel-discs-2-1-660x660.webp 660w, https:\/\/www.hg-cooker.com\/wp-content\/uploads\/2025\/03\/Wholesale-triply-stainless-steel-discs-2-1-300x300.webp 300w, https:\/\/www.hg-cooker.com\/wp-content\/uploads\/2025\/03\/Wholesale-triply-stainless-steel-discs-2-1-768x768.webp 768w, https:\/\/www.hg-cooker.com\/wp-content\/uploads\/2025\/03\/Wholesale-triply-stainless-steel-discs-2-1-12x12.webp 12w, https:\/\/www.hg-cooker.com\/wp-content\/uploads\/2025\/03\/Wholesale-triply-stainless-steel-discs-2-1-285x285.webp 285w, https:\/\/www.hg-cooker.com\/wp-content\/uploads\/2025\/03\/Wholesale-triply-stainless-steel-discs-2-1-270x270.webp 270w, https:\/\/www.hg-cooker.com\/wp-content\/uploads\/2025\/03\/Wholesale-triply-stainless-steel-discs-2-1-540x540.webp 540w\" sizes=\"(max-width: 800px) 100vw, 800px\" \/><\/figure>\n<\/div>\n\n\n\n<div class=\"wp-block-column is-layout-flow wp-block-column-is-layout-flow\">\n<figure class=\"wp-block-image size-full\"><img decoding=\"async\" width=\"800\" height=\"800\" src=\"https:\/\/www.hg-cooker.com\/wp-content\/uploads\/2025\/03\/Wholesale-triply-stainless-steel-discs-3-1.webp\" alt=\"Gro\u00dfhandel dreifach Edelstahl-Scheiben (3)\" class=\"wp-image-5034\" srcset=\"https:\/\/www.hg-cooker.com\/wp-content\/uploads\/2025\/03\/Wholesale-triply-stainless-steel-discs-3-1.webp 800w, https:\/\/www.hg-cooker.com\/wp-content\/uploads\/2025\/03\/Wholesale-triply-stainless-steel-discs-3-1-150x150.webp 150w, https:\/\/www.hg-cooker.com\/wp-content\/uploads\/2025\/03\/Wholesale-triply-stainless-steel-discs-3-1-660x660.webp 660w, https:\/\/www.hg-cooker.com\/wp-content\/uploads\/2025\/03\/Wholesale-triply-stainless-steel-discs-3-1-300x300.webp 300w, https:\/\/www.hg-cooker.com\/wp-content\/uploads\/2025\/03\/Wholesale-triply-stainless-steel-discs-3-1-768x768.webp 768w, https:\/\/www.hg-cooker.com\/wp-content\/uploads\/2025\/03\/Wholesale-triply-stainless-steel-discs-3-1-12x12.webp 12w, https:\/\/www.hg-cooker.com\/wp-content\/uploads\/2025\/03\/Wholesale-triply-stainless-steel-discs-3-1-285x285.webp 285w, https:\/\/www.hg-cooker.com\/wp-content\/uploads\/2025\/03\/Wholesale-triply-stainless-steel-discs-3-1-270x270.webp 270w, https:\/\/www.hg-cooker.com\/wp-content\/uploads\/2025\/03\/Wholesale-triply-stainless-steel-discs-3-1-540x540.webp 540w\" sizes=\"(max-width: 800px) 100vw, 800px\" \/><\/figure>\n<\/div>\n<\/div>","protected":false},"excerpt":{"rendered":"<p>Wir bieten hochwertige Tri-Ply-Edelstahlscheiben an, die in verschiedenen hochwertigen Kochgeschirren und K\u00fcchenger\u00e4ten weit verbreitet sind. Sie haben den Vorteil, dass sie sehr haltbar sind, mit mehreren Herden kompatibel sind und eine professionelle Kochleistung bieten. Wir unterst\u00fctzen OEM- und ODM-Anpassungen. Kontaktieren Sie uns f\u00fcr ein Angebot.<\/p>\n<h3>Merkmale und Vorteile von Gro\u00dfhandels-Dreischicht-Edelstahlscheiben<\/h3>\n<p><strong>Anpassbar f\u00fcr verschiedene Kochgeschirr-Anwendungen:<\/strong> Wir bieten kundenspezifische Optionen in Bezug auf Gr\u00f6\u00dfe, Dicke und Materialzusammensetzung, um spezifische Anforderungen bei der Herstellung von Kochgeschirr zu erf\u00fcllen.<\/p>\n<p><strong>Zuverl\u00e4ssige Versorgung:<\/strong> Mit fortschrittlichen Produktionsanlagen und einer strengen Qualit\u00e4tskontrolle sorgen wir f\u00fcr eine stabile und kontinuierliche Versorgung mit dreilagigen Edelstahlscheiben. Dies garantiert eine p\u00fcnktliche Lieferung f\u00fcr gro\u00dfe Kochgeschirr-Herstellungsprojekte.<\/p>\n<p><strong>Vielseitige Anwendungen:<\/strong> Unsere dreischichtigen Edelstahlscheiben eignen sich f\u00fcr eine Vielzahl von Kochgeschirrprodukten, und die Hersteller k\u00f6nnen sich auf unsere Materialien verlassen, um Produkte mit stabiler Leistung herzustellen.<\/p>\n<p><strong>Direkte Preisgestaltung ab Werk:<\/strong> Wir bieten wettbewerbsf\u00e4hige Gro\u00dfhandelspreise f\u00fcr Gro\u00dfauftr\u00e4ge. Es ist eine ausgezeichnete Wahl f\u00fcr Kochgeschirrhersteller, Gro\u00dfh\u00e4ndler und Distributoren, die nach erschwinglichen, hochwertigen Materialien suchen.<\/p>","protected":false},"featured_media":5036,"comment_status":"closed","ping_status":"closed","template":"","meta":[],"product_brand":[],"product_cat":[53],"product_tag":[],"class_list":{"0":"post-5035","1":"product","2":"type-product","3":"status-publish","4":"has-post-thumbnail","6":"product_cat-tri-ply-stainless-steel-discs","8":"first","9":"instock","10":"shipping-taxable","11":"product-type-simple"},"_links":{"self":[{"href":"https:\/\/www.hg-cooker.com\/de\/wp-json\/wp\/v2\/product\/5035","targetHints":{"allow":["GET"]}}],"collection":[{"href":"https:\/\/www.hg-cooker.com\/de\/wp-json\/wp\/v2\/product"}],"about":[{"href":"https:\/\/www.hg-cooker.com\/de\/wp-json\/wp\/v2\/types\/product"}],"replies":[{"embeddable":true,"href":"https:\/\/www.hg-cooker.com\/de\/wp-json\/wp\/v2\/comments?post=5035"}],"wp:featuredmedia":[{"embeddable":true,"href":"https:\/\/www.hg-cooker.com\/de\/wp-json\/wp\/v2\/media\/5036"}],"wp:attachment":[{"href":"https:\/\/www.hg-cooker.com\/de\/wp-json\/wp\/v2\/media?parent=5035"}],"wp:term":[{"taxonomy":"product_brand","embeddable":true,"href":"https:\/\/www.hg-cooker.com\/de\/wp-json\/wp\/v2\/product_brand?post=5035"},{"taxonomy":"product_cat","embeddable":true,"href":"https:\/\/www.hg-cooker.com\/de\/wp-json\/wp\/v2\/product_cat?post=5035"},{"taxonomy":"product_tag","embeddable":true,"href":"https:\/\/www.hg-cooker.com\/de\/wp-json\/wp\/v2\/product_tag?post=5035"}],"curies":[{"name":"wp","href":"https:\/\/api.w.org\/{rel}","templated":true}]}}