{"id":5031,"date":"2025-05-08T06:11:58","date_gmt":"2025-05-08T06:11:58","guid":{"rendered":"https:\/\/www.hg-cooker.com\/?post_type=product&#038;p=5031"},"modified":"2025-11-13T02:30:00","modified_gmt":"2025-11-13T02:30:00","slug":"milchkannchen-aus-edelstahl-im-groshandel-51","status":"publish","type":"product","link":"https:\/\/www.hg-cooker.com\/de\/produkt\/milchkannchen-aus-edelstahl-im-groshandel-51\/","title":{"rendered":"Dreilagige Edelstahlscheiben Fabrik Direktverkauf - Hengguang Edelstahlscheiben Hersteller"},"content":{"rendered":"<div class=\"wp-block-columns is-layout-flex wp-container-core-columns-is-layout-9d6595d7 wp-block-columns-is-layout-flex\">\n<div class=\"wp-block-column is-layout-flow wp-block-column-is-layout-flow\">\n<figure class=\"wp-block-image size-full\"><img fetchpriority=\"high\" decoding=\"async\" width=\"800\" height=\"800\" src=\"https:\/\/www.hg-cooker.com\/wp-content\/uploads\/2025\/03\/Wholesale-triply-stainless-steel-discs-2-1.webp\" alt=\"Gro\u00dfhandel dreifach Edelstahl-Scheiben (2)\" class=\"wp-image-5033\" srcset=\"https:\/\/www.hg-cooker.com\/wp-content\/uploads\/2025\/03\/Wholesale-triply-stainless-steel-discs-2-1.webp 800w, https:\/\/www.hg-cooker.com\/wp-content\/uploads\/2025\/03\/Wholesale-triply-stainless-steel-discs-2-1-150x150.webp 150w, https:\/\/www.hg-cooker.com\/wp-content\/uploads\/2025\/03\/Wholesale-triply-stainless-steel-discs-2-1-660x660.webp 660w, https:\/\/www.hg-cooker.com\/wp-content\/uploads\/2025\/03\/Wholesale-triply-stainless-steel-discs-2-1-300x300.webp 300w, https:\/\/www.hg-cooker.com\/wp-content\/uploads\/2025\/03\/Wholesale-triply-stainless-steel-discs-2-1-768x768.webp 768w, https:\/\/www.hg-cooker.com\/wp-content\/uploads\/2025\/03\/Wholesale-triply-stainless-steel-discs-2-1-12x12.webp 12w, https:\/\/www.hg-cooker.com\/wp-content\/uploads\/2025\/03\/Wholesale-triply-stainless-steel-discs-2-1-285x285.webp 285w, https:\/\/www.hg-cooker.com\/wp-content\/uploads\/2025\/03\/Wholesale-triply-stainless-steel-discs-2-1-270x270.webp 270w, https:\/\/www.hg-cooker.com\/wp-content\/uploads\/2025\/03\/Wholesale-triply-stainless-steel-discs-2-1-540x540.webp 540w\" sizes=\"(max-width: 800px) 100vw, 800px\" \/><\/figure>\n<\/div>\n\n\n\n<div class=\"wp-block-column is-layout-flow wp-block-column-is-layout-flow\">\n<figure class=\"wp-block-image size-full\"><img decoding=\"async\" width=\"800\" height=\"800\" src=\"https:\/\/www.hg-cooker.com\/wp-content\/uploads\/2025\/03\/Wholesale-triply-stainless-steel-discs-3-1.webp\" alt=\"Gro\u00dfhandel dreifach Edelstahl-Scheiben (3)\" class=\"wp-image-5034\" srcset=\"https:\/\/www.hg-cooker.com\/wp-content\/uploads\/2025\/03\/Wholesale-triply-stainless-steel-discs-3-1.webp 800w, https:\/\/www.hg-cooker.com\/wp-content\/uploads\/2025\/03\/Wholesale-triply-stainless-steel-discs-3-1-150x150.webp 150w, https:\/\/www.hg-cooker.com\/wp-content\/uploads\/2025\/03\/Wholesale-triply-stainless-steel-discs-3-1-660x660.webp 660w, https:\/\/www.hg-cooker.com\/wp-content\/uploads\/2025\/03\/Wholesale-triply-stainless-steel-discs-3-1-300x300.webp 300w, https:\/\/www.hg-cooker.com\/wp-content\/uploads\/2025\/03\/Wholesale-triply-stainless-steel-discs-3-1-768x768.webp 768w, https:\/\/www.hg-cooker.com\/wp-content\/uploads\/2025\/03\/Wholesale-triply-stainless-steel-discs-3-1-12x12.webp 12w, https:\/\/www.hg-cooker.com\/wp-content\/uploads\/2025\/03\/Wholesale-triply-stainless-steel-discs-3-1-285x285.webp 285w, https:\/\/www.hg-cooker.com\/wp-content\/uploads\/2025\/03\/Wholesale-triply-stainless-steel-discs-3-1-270x270.webp 270w, https:\/\/www.hg-cooker.com\/wp-content\/uploads\/2025\/03\/Wholesale-triply-stainless-steel-discs-3-1-540x540.webp 540w\" sizes=\"(max-width: 800px) 100vw, 800px\" \/><\/figure>\n<\/div>\n<\/div>","protected":false},"excerpt":{"rendered":"<p>Hengguang hat sich auf den Gro\u00dfhandel mit dreilagigen Edelstahlscheiben spezialisiert und bietet Herstellern von Bratpfannen, Schmort\u00f6pfen, Suppent\u00f6pfen und Schnellkocht\u00f6pfen erstklassige Materialien an. Wir haben Gr\u00f6\u00dfen, Dicken und Zusammensetzungen, die wir f\u00fcr spezifische Produktionsanforderungen bestellen k\u00f6nnen. Hersteller und Gro\u00dfh\u00e4ndler sind herzlich eingeladen, mit uns zu handeln.<\/p>\n<h3>Merkmale und Vorteile von dreilagigen Edelstahlscheiben<\/h3>\n<p><strong>Ausgezeichnete W\u00e4rmeleitf\u00e4higkeit:<\/strong> Die dreifachen Edelstahlscheiben von Hengguang haben eine Au\u00dfenschicht aus Edelstahl und einen Aluminiumkern in der Mitte. Perfekt f\u00fcr Hersteller von hochwertigem Kochgeschirr, die T\u00f6pfe, Pfannen und Schnellkocht\u00f6pfe aus Edelstahl produzieren.<\/p>\n<p><strong>Langlebig und korrosionsbest\u00e4ndig:<\/strong> Diese Scheiben sind aus hochwertigem, lebensmittelechtem Edelstahl gefertigt und eignen sich daher perfekt f\u00fcr langlebiges Kochgeschirr, das in der Profik\u00fcche, beim Kochen zu Hause und sogar beim Camping verwendet wird.<\/p>\n<p><strong>Direkte Preisgestaltung ab Werk:<\/strong> Als direkter Hersteller bietet Hengguang wettbewerbsf\u00e4hige Gro\u00dfhandelspreise und weitere Rabatte f\u00fcr Gro\u00dfbestellungen an.<\/p>\n<p><strong>Anpassungsoptionen:<\/strong> Wir bieten kundenspezifische Gr\u00f6\u00dfen, Dicken und Materialzusammensetzungen an, um spezifische Anforderungen bei der Herstellung von Kochgeschirr zu erf\u00fcllen. Egal, ob es sich um ein kleines Kochgeschirr f\u00fcr den Hausgebrauch oder einen gro\u00dfen Topf f\u00fcr den professionellen Einsatz handelt, unsere Edelstahlscheiben k\u00f6nnen auf Ihre Bed\u00fcrfnisse zugeschnitten werden.<\/p>","protected":false},"featured_media":5032,"comment_status":"closed","ping_status":"closed","template":"","meta":[],"product_brand":[],"product_cat":[53],"product_tag":[],"class_list":{"0":"post-5031","1":"product","2":"type-product","3":"status-publish","4":"has-post-thumbnail","6":"product_cat-tri-ply-stainless-steel-discs","8":"first","9":"instock","10":"shipping-taxable","11":"product-type-simple"},"_links":{"self":[{"href":"https:\/\/www.hg-cooker.com\/de\/wp-json\/wp\/v2\/product\/5031","targetHints":{"allow":["GET"]}}],"collection":[{"href":"https:\/\/www.hg-cooker.com\/de\/wp-json\/wp\/v2\/product"}],"about":[{"href":"https:\/\/www.hg-cooker.com\/de\/wp-json\/wp\/v2\/types\/product"}],"replies":[{"embeddable":true,"href":"https:\/\/www.hg-cooker.com\/de\/wp-json\/wp\/v2\/comments?post=5031"}],"wp:featuredmedia":[{"embeddable":true,"href":"https:\/\/www.hg-cooker.com\/de\/wp-json\/wp\/v2\/media\/5032"}],"wp:attachment":[{"href":"https:\/\/www.hg-cooker.com\/de\/wp-json\/wp\/v2\/media?parent=5031"}],"wp:term":[{"taxonomy":"product_brand","embeddable":true,"href":"https:\/\/www.hg-cooker.com\/de\/wp-json\/wp\/v2\/product_brand?post=5031"},{"taxonomy":"product_cat","embeddable":true,"href":"https:\/\/www.hg-cooker.com\/de\/wp-json\/wp\/v2\/product_cat?post=5031"},{"taxonomy":"product_tag","embeddable":true,"href":"https:\/\/www.hg-cooker.com\/de\/wp-json\/wp\/v2\/product_tag?post=5031"}],"curies":[{"name":"wp","href":"https:\/\/api.w.org\/{rel}","templated":true}]}}