{"id":5027,"date":"2025-05-05T03:57:10","date_gmt":"2025-05-05T03:57:10","guid":{"rendered":"https:\/\/www.hg-cooker.com\/?post_type=product&#038;p=5027"},"modified":"2025-11-13T02:32:56","modified_gmt":"2025-11-13T02:32:56","slug":"milchkannchen-aus-edelstahl-im-groshandel-50","status":"publish","type":"product","link":"https:\/\/www.hg-cooker.com\/de\/produkt\/milchkannchen-aus-edelstahl-im-groshandel-50\/","title":{"rendered":"Gro\u00dfhandel mit dreilagigen Edelstahlscheiben f\u00fcr den professionellen Einsatz, die Herstellung von Kochgeschirr und industrielle Anwendungen"},"content":{"rendered":"<div class=\"wp-block-columns is-layout-flex wp-container-core-columns-is-layout-9d6595d7 wp-block-columns-is-layout-flex\">\n<div class=\"wp-block-column is-layout-flow wp-block-column-is-layout-flow\">\n<figure class=\"wp-block-image size-full\"><img fetchpriority=\"high\" decoding=\"async\" width=\"800\" height=\"800\" src=\"https:\/\/www.hg-cooker.com\/wp-content\/uploads\/2025\/03\/Wholesale-triply-stainless-steel-discs-2.webp\" alt=\"Gro\u00dfhandel dreifach Edelstahl-Scheiben (2)\" class=\"wp-image-5029\" srcset=\"https:\/\/www.hg-cooker.com\/wp-content\/uploads\/2025\/03\/Wholesale-triply-stainless-steel-discs-2.webp 800w, https:\/\/www.hg-cooker.com\/wp-content\/uploads\/2025\/03\/Wholesale-triply-stainless-steel-discs-2-150x150.webp 150w, https:\/\/www.hg-cooker.com\/wp-content\/uploads\/2025\/03\/Wholesale-triply-stainless-steel-discs-2-660x660.webp 660w, https:\/\/www.hg-cooker.com\/wp-content\/uploads\/2025\/03\/Wholesale-triply-stainless-steel-discs-2-300x300.webp 300w, https:\/\/www.hg-cooker.com\/wp-content\/uploads\/2025\/03\/Wholesale-triply-stainless-steel-discs-2-768x768.webp 768w, https:\/\/www.hg-cooker.com\/wp-content\/uploads\/2025\/03\/Wholesale-triply-stainless-steel-discs-2-12x12.webp 12w, https:\/\/www.hg-cooker.com\/wp-content\/uploads\/2025\/03\/Wholesale-triply-stainless-steel-discs-2-285x285.webp 285w, https:\/\/www.hg-cooker.com\/wp-content\/uploads\/2025\/03\/Wholesale-triply-stainless-steel-discs-2-270x270.webp 270w, https:\/\/www.hg-cooker.com\/wp-content\/uploads\/2025\/03\/Wholesale-triply-stainless-steel-discs-2-540x540.webp 540w\" sizes=\"(max-width: 800px) 100vw, 800px\" \/><\/figure>\n<\/div>\n\n\n\n<div class=\"wp-block-column is-layout-flow wp-block-column-is-layout-flow\">\n<figure class=\"wp-block-image size-full\"><img decoding=\"async\" width=\"800\" height=\"800\" src=\"https:\/\/www.hg-cooker.com\/wp-content\/uploads\/2025\/03\/Wholesale-triply-stainless-steel-discs-3.webp\" alt=\"Gro\u00dfhandel dreifach Edelstahl-Scheiben (3)\" class=\"wp-image-5030\" srcset=\"https:\/\/www.hg-cooker.com\/wp-content\/uploads\/2025\/03\/Wholesale-triply-stainless-steel-discs-3.webp 800w, https:\/\/www.hg-cooker.com\/wp-content\/uploads\/2025\/03\/Wholesale-triply-stainless-steel-discs-3-150x150.webp 150w, https:\/\/www.hg-cooker.com\/wp-content\/uploads\/2025\/03\/Wholesale-triply-stainless-steel-discs-3-660x660.webp 660w, https:\/\/www.hg-cooker.com\/wp-content\/uploads\/2025\/03\/Wholesale-triply-stainless-steel-discs-3-300x300.webp 300w, https:\/\/www.hg-cooker.com\/wp-content\/uploads\/2025\/03\/Wholesale-triply-stainless-steel-discs-3-768x768.webp 768w, https:\/\/www.hg-cooker.com\/wp-content\/uploads\/2025\/03\/Wholesale-triply-stainless-steel-discs-3-12x12.webp 12w, https:\/\/www.hg-cooker.com\/wp-content\/uploads\/2025\/03\/Wholesale-triply-stainless-steel-discs-3-285x285.webp 285w, https:\/\/www.hg-cooker.com\/wp-content\/uploads\/2025\/03\/Wholesale-triply-stainless-steel-discs-3-270x270.webp 270w, https:\/\/www.hg-cooker.com\/wp-content\/uploads\/2025\/03\/Wholesale-triply-stainless-steel-discs-3-540x540.webp 540w\" sizes=\"(max-width: 800px) 100vw, 800px\" \/><\/figure>\n<\/div>\n<\/div>\n\n\n\n<p><\/p>","protected":false},"excerpt":{"rendered":"<p>Unsere dreifachen Edelstahlscheiben f\u00fcr den Gro\u00dfhandel bieten eine hervorragende Haltbarkeit und W\u00e4rmeverteilung, ideal f\u00fcr die Herstellung von Kochgeschirr und industrielle Anwendungen. Wir bieten OEM- und ODM-Kundenanpassungsoptionen, so dass Sie Dicke, Edelstahlsorte, Muster personalisieren k\u00f6nnen, kontaktieren Sie uns f\u00fcr ein Angebot.<\/p>\n<h3>Merkmale und Vorteile von dreilagigen Edelstahlscheiben<\/h3>\n<p><strong data-start=\"2\" data-end=\"36\" data-is-only-node=\"\" data-immersive-translate-walked=\"9187d9d6-1722-4bf8-952c-92dd258bb7cd\">Anpassbare Dickenoptionen<\/strong>: Erh\u00e4ltlich in den Dicken 1,8 mm, 2,0 mm, 2,2 mm, 2,5 mm und 3,0 mm, mit voller Unterst\u00fctzung f\u00fcr kundenspezifische Dicken.<\/p>\n<p><strong data-start=\"146\" data-end=\"182\" data-is-only-node=\"\" data-immersive-translate-walked=\"9187d9d6-1722-4bf8-952c-92dd258bb7cd\">Auswahl an Edelstahlsorten<\/strong>: W\u00e4hlen Sie zwischen zwei hochwertigen Edelstahlvarianten, 18-8# und 18-10#, f\u00fcr verbesserte Haltbarkeit und Korrosionsbest\u00e4ndigkeit.<\/p>\n<p><strong data-start=\"308\" data-end=\"333\" data-is-only-node=\"\" data-immersive-translate-walked=\"9187d9d6-1722-4bf8-952c-92dd258bb7cd\">Musteranpassung<\/strong>: Unterst\u00fctzt eine Vielzahl von Mustern, darunter Sechsecke, Rauten, Logos und andere ma\u00dfgeschneiderte Designs, die volle kreative Flexibilit\u00e4t bieten.<\/p>\n<p><strong data-start=\"469\" data-end=\"484\" data-is-only-node=\"\" data-immersive-translate-walked=\"9187d9d6-1722-4bf8-952c-92dd258bb7cd\">Vielseitigkeit<\/strong>: Ideal f\u00fcr die Herstellung von Kochgeschirr, industrielle Anwendungen und alle Projekte, die langlebige, anpassbare Edelstahlscheiben erfordern.<\/p>","protected":false},"featured_media":5028,"comment_status":"closed","ping_status":"closed","template":"","meta":[],"product_brand":[],"product_cat":[53],"product_tag":[],"class_list":{"0":"post-5027","1":"product","2":"type-product","3":"status-publish","4":"has-post-thumbnail","6":"product_cat-tri-ply-stainless-steel-discs","8":"first","9":"instock","10":"shipping-taxable","11":"product-type-simple"},"_links":{"self":[{"href":"https:\/\/www.hg-cooker.com\/de\/wp-json\/wp\/v2\/product\/5027","targetHints":{"allow":["GET"]}}],"collection":[{"href":"https:\/\/www.hg-cooker.com\/de\/wp-json\/wp\/v2\/product"}],"about":[{"href":"https:\/\/www.hg-cooker.com\/de\/wp-json\/wp\/v2\/types\/product"}],"replies":[{"embeddable":true,"href":"https:\/\/www.hg-cooker.com\/de\/wp-json\/wp\/v2\/comments?post=5027"}],"wp:featuredmedia":[{"embeddable":true,"href":"https:\/\/www.hg-cooker.com\/de\/wp-json\/wp\/v2\/media\/5028"}],"wp:attachment":[{"href":"https:\/\/www.hg-cooker.com\/de\/wp-json\/wp\/v2\/media?parent=5027"}],"wp:term":[{"taxonomy":"product_brand","embeddable":true,"href":"https:\/\/www.hg-cooker.com\/de\/wp-json\/wp\/v2\/product_brand?post=5027"},{"taxonomy":"product_cat","embeddable":true,"href":"https:\/\/www.hg-cooker.com\/de\/wp-json\/wp\/v2\/product_cat?post=5027"},{"taxonomy":"product_tag","embeddable":true,"href":"https:\/\/www.hg-cooker.com\/de\/wp-json\/wp\/v2\/product_tag?post=5027"}],"curies":[{"name":"wp","href":"https:\/\/api.w.org\/{rel}","templated":true}]}}