{"id":4904,"date":"2025-02-07T07:21:50","date_gmt":"2025-02-07T07:21:50","guid":{"rendered":"https:\/\/www.hg-cooker.com\/?post_type=product&#038;p=4904"},"modified":"2025-02-07T07:35:31","modified_gmt":"2025-02-07T07:35:31","slug":"milchkannchen-aus-edelstahl-im-groshandel-49","status":"publish","type":"product","link":"https:\/\/www.hg-cooker.com\/de\/produkt\/milchkannchen-aus-edelstahl-im-groshandel-49\/","title":{"rendered":"Gro\u00dfhandel Tri Ply Edelstahl-Scheiben, Unterst\u00fctzung OEM und ODM"},"content":{"rendered":"<div class=\"wp-block-columns is-layout-flex wp-container-core-columns-is-layout-9d6595d7 wp-block-columns-is-layout-flex\">\n<div class=\"wp-block-column is-layout-flow wp-block-column-is-layout-flow\">\n<h2 class=\"wp-block-heading\">Parameter von dreilagigen Scheiben aus Edelstahl<\/h2>\n\n\n\n<figure class=\"wp-block-table\"><table class=\"has-fixed-layout\"><tbody><tr><td>Produktname<\/td><td>Material<\/td><td>Optionale Dicke<\/td><td>Formen<\/td><td>Optionale Gr\u00f6\u00dfe<\/td><\/tr><tr><td>Dreilagige Verbundscheiben aus rostfreiem Stahl<\/td><td>304\/316-Edelstahl + Aluminium + 430-Edelstahl<\/td><td>1,8mm \/ 2,0mm \/ 2,2mm \/ 2,5mm \/ 3,0mm<\/td><td>Kreisf\u00f6rmig \/ Sonderform<\/td><td>Kreisf\u00f6rmig Gr\u00f6\u00dfe: 250mm - 500mm \/ Sonderform Gr\u00f6\u00dfe: Bis zu 900mm<\/td><\/tr><\/tbody><\/table><\/figure>\n\n\n\n<h2 class=\"wp-block-heading\">Kundenspezifische dreilagige Edelstahlscheiben Optionen<\/h2>\n\n\n\n<p><strong>Muster<\/strong>: Ma\u00dfgeschneiderte Muster auf dreilagigen Edelstahlscheiben.<br><br><strong>Material<\/strong>: 304\/316 rostfreier Stahl + Aluminium + 430 rostfreier Stahl<br><br><strong>Gr\u00f6\u00dfe<\/strong>: Ma\u00dfgeschneiderte Edelstahlscheibengr\u00f6\u00dfe.<br><br><strong>Formen<\/strong>: Runder Teller \/ Jede Sonderform<br><br><strong>MOQ<\/strong>:1000 St\u00fcck<\/p>\n\n\n\n<p><a href=\"https:\/\/www.hg-cooker.com\/de\/dreilagige-scheiben-aus-rostfreiem-stahl\/\" data-type=\"link\" data-id=\"https:\/\/www.hg-cooker.com\/tri-ply-stainless-steel-discs\/\" target=\"_blank\" rel=\"noreferrer noopener\"><strong>Entdecken Sie weitere ma\u00dfgeschneiderte L\u00f6sungen f\u00fcr dreilagige Scheiben aus Edelstahl. <\/strong><\/a><\/p>\n<\/div>\n<\/div>\n\n\n\n<div class=\"wp-block-columns is-layout-flex wp-container-core-columns-is-layout-9d6595d7 wp-block-columns-is-layout-flex\">\n<div class=\"wp-block-column is-layout-flow wp-block-column-is-layout-flow\">\n<figure class=\"wp-block-image size-full\"><img fetchpriority=\"high\" decoding=\"async\" width=\"540\" height=\"540\" src=\"https:\/\/www.hg-cooker.com\/wp-content\/uploads\/2025\/02\/wholesale-tri-ply-stainless-steel-discs-3.webp\" alt=\"Gro\u00dfhandel dreilagige Scheiben aus rostfreiem Stahl (3)\" class=\"wp-image-4907\" srcset=\"https:\/\/www.hg-cooker.com\/wp-content\/uploads\/2025\/02\/wholesale-tri-ply-stainless-steel-discs-3.webp 540w, https:\/\/www.hg-cooker.com\/wp-content\/uploads\/2025\/02\/wholesale-tri-ply-stainless-steel-discs-3-150x150.webp 150w, https:\/\/www.hg-cooker.com\/wp-content\/uploads\/2025\/02\/wholesale-tri-ply-stainless-steel-discs-3-300x300.webp 300w, https:\/\/www.hg-cooker.com\/wp-content\/uploads\/2025\/02\/wholesale-tri-ply-stainless-steel-discs-3-12x12.webp 12w, https:\/\/www.hg-cooker.com\/wp-content\/uploads\/2025\/02\/wholesale-tri-ply-stainless-steel-discs-3-285x285.webp 285w, https:\/\/www.hg-cooker.com\/wp-content\/uploads\/2025\/02\/wholesale-tri-ply-stainless-steel-discs-3-270x270.webp 270w\" sizes=\"(max-width: 540px) 100vw, 540px\" \/><\/figure>\n<\/div>\n\n\n\n<div class=\"wp-block-column is-layout-flow wp-block-column-is-layout-flow\">\n<figure class=\"wp-block-image size-full\"><img decoding=\"async\" width=\"535\" height=\"535\" src=\"https:\/\/www.hg-cooker.com\/wp-content\/uploads\/2025\/02\/wholesale-tri-ply-stainless-steel-discs-4.webp\" alt=\"Gro\u00dfhandel dreilagige Scheiben aus rostfreiem Stahl (4)\" class=\"wp-image-4908\" srcset=\"https:\/\/www.hg-cooker.com\/wp-content\/uploads\/2025\/02\/wholesale-tri-ply-stainless-steel-discs-4.webp 535w, https:\/\/www.hg-cooker.com\/wp-content\/uploads\/2025\/02\/wholesale-tri-ply-stainless-steel-discs-4-150x150.webp 150w, https:\/\/www.hg-cooker.com\/wp-content\/uploads\/2025\/02\/wholesale-tri-ply-stainless-steel-discs-4-300x300.webp 300w, https:\/\/www.hg-cooker.com\/wp-content\/uploads\/2025\/02\/wholesale-tri-ply-stainless-steel-discs-4-12x12.webp 12w, https:\/\/www.hg-cooker.com\/wp-content\/uploads\/2025\/02\/wholesale-tri-ply-stainless-steel-discs-4-285x285.webp 285w, https:\/\/www.hg-cooker.com\/wp-content\/uploads\/2025\/02\/wholesale-tri-ply-stainless-steel-discs-4-270x270.webp 270w\" sizes=\"(max-width: 535px) 100vw, 535px\" \/><\/figure>\n<\/div>\n<\/div>\n\n\n\n<div class=\"wp-block-columns is-layout-flex wp-container-core-columns-is-layout-9d6595d7 wp-block-columns-is-layout-flex\">\n<div class=\"wp-block-column is-layout-flow wp-block-column-is-layout-flow\"><\/div>\n\n\n\n<div class=\"wp-block-column is-layout-flow wp-block-column-is-layout-flow\"><\/div>\n<\/div>","protected":false},"excerpt":{"rendered":"<p>Gro\u00dfhandel dreifach Edelstahl-Scheiben, mit verschiedenen Dicken-Optionen, mit 304\/316 Edelstahl, Aluminium und 430 Edelstahl dreischichtige Verbundstruktur, geeignet f\u00fcr K\u00fcche Kochgeschirr und High-End-Geschirr. Wir bieten flexible OEM- und ODM-Dienstleistungen und k\u00f6nnen Gr\u00f6\u00dfe, Dicke, Oberfl\u00e4chenbehandlung und Form nach Kundenwunsch anpassen. Bitte kontaktieren Sie uns.<\/p>\n<h3>Merkmale und Vorteile von dreilagigen Edelstahlscheiben<\/h3>\n<div>\n<p><strong>Ausgezeichnete W\u00e4rmeleitf\u00e4higkeit:<\/strong> Dreilagige Edelstahlscheiben bestehen aus drei Materialschichten, wobei die mittlere Schicht aus Aluminium und die innere und \u00e4u\u00dfere Schicht aus Edelstahl besteht. Sie haben eine hervorragende W\u00e4rmeleitf\u00e4higkeit und sind ideal f\u00fcr die Herstellung von Kochgeschirr.<\/p>\n<p><strong>Starke Haltbarkeit:<\/strong> Die dreilagige Struktur macht dreilagige Edelstahlscheiben haltbarer als einlagige Edelstahlscheiben. Die beiden \u00e4u\u00dferen Schichten aus rostfreiem Stahl k\u00f6nnen Korrosion, Verschlei\u00df und Oxidation wirksam widerstehen und verl\u00e4ngern die Lebensdauer.<\/p>\n<p><strong>Vielf\u00e4ltige Einsatzm\u00f6glichkeiten:<\/strong> Dreilagige Edelstahlscheiben werden in gro\u00dfem Umfang zur Herstellung verschiedener hochwertiger K\u00fcchenger\u00e4te aus Edelstahl verwendet, z. B. Woks, Bratpfannen und Schmort\u00f6pfe. Sie k\u00f6nnen auch bei der Herstellung von Geschirr verwendet werden, um moderne Essteller, Sch\u00fcsseln usw. herzustellen.<\/p>\n<p><strong>Verbesserung der \u00c4sthetik des Produkts:<\/strong> Der Glanz und die Modernit\u00e4t der dreilagigen Edelstahlscheiben eignen sich hervorragend f\u00fcr die Herstellung von exquisiten K\u00fcchenger\u00e4ten und Haushaltsgegenst\u00e4nden, die der K\u00fcche oder dem Esstisch eine h\u00f6here visuelle Sch\u00f6nheit verleihen.<\/p>\n<p><strong>OEM- und ODM-Service:<\/strong> Als Hersteller von dreifach rostfreien Stahlscheiben k\u00f6nnen wir verschiedene Gr\u00f6\u00dfen, Dicken, Oberfl\u00e4chenbehandlungen und Designs je nach Kundenwunsch anpassen, um die spezifischen Anforderungen unserer Kunden zu erf\u00fcllen.<\/p>\n<p><a href=\"https:\/\/www.hg-cooker.com\/de\/dreilagige-scheiben-aus-rostfreiem-stahl\/\" target=\"_blank\" rel=\"noopener\"><strong>Erfahren Sie mehr \u00fcber kundenspezifische L\u00f6sungen f\u00fcr dreilagige Edelstahlscheiben.<\/strong><\/a><\/p>\n<\/div>","protected":false},"featured_media":4905,"comment_status":"closed","ping_status":"closed","template":"","meta":[],"product_brand":[],"product_cat":[53],"product_tag":[],"class_list":{"0":"post-4904","1":"product","2":"type-product","3":"status-publish","4":"has-post-thumbnail","6":"product_cat-tri-ply-stainless-steel-discs","8":"first","9":"instock","10":"shipping-taxable","11":"product-type-simple"},"_links":{"self":[{"href":"https:\/\/www.hg-cooker.com\/de\/wp-json\/wp\/v2\/product\/4904","targetHints":{"allow":["GET"]}}],"collection":[{"href":"https:\/\/www.hg-cooker.com\/de\/wp-json\/wp\/v2\/product"}],"about":[{"href":"https:\/\/www.hg-cooker.com\/de\/wp-json\/wp\/v2\/types\/product"}],"replies":[{"embeddable":true,"href":"https:\/\/www.hg-cooker.com\/de\/wp-json\/wp\/v2\/comments?post=4904"}],"wp:featuredmedia":[{"embeddable":true,"href":"https:\/\/www.hg-cooker.com\/de\/wp-json\/wp\/v2\/media\/4905"}],"wp:attachment":[{"href":"https:\/\/www.hg-cooker.com\/de\/wp-json\/wp\/v2\/media?parent=4904"}],"wp:term":[{"taxonomy":"product_brand","embeddable":true,"href":"https:\/\/www.hg-cooker.com\/de\/wp-json\/wp\/v2\/product_brand?post=4904"},{"taxonomy":"product_cat","embeddable":true,"href":"https:\/\/www.hg-cooker.com\/de\/wp-json\/wp\/v2\/product_cat?post=4904"},{"taxonomy":"product_tag","embeddable":true,"href":"https:\/\/www.hg-cooker.com\/de\/wp-json\/wp\/v2\/product_tag?post=4904"}],"curies":[{"name":"wp","href":"https:\/\/api.w.org\/{rel}","templated":true}]}}