{"id":4865,"date":"2025-08-18T01:53:35","date_gmt":"2025-08-18T01:53:35","guid":{"rendered":"https:\/\/www.hg-cooker.com\/?post_type=product&#038;p=4865"},"modified":"2025-11-13T02:21:09","modified_gmt":"2025-11-13T02:21:09","slug":"milchkannchen-aus-edelstahl-im-groshandel-48","status":"publish","type":"product","link":"https:\/\/www.hg-cooker.com\/de\/produkt\/milchkannchen-aus-edelstahl-im-groshandel-48\/","title":{"rendered":"Gro\u00dfhandel Haus und Outdoor-Edelstahl Schnellkochtopf 3 Liter, Multi Security Design, Unterst\u00fctzung OEM und ODM"},"content":{"rendered":"<div class=\"wp-block-columns is-layout-flex wp-container-core-columns-is-layout-9d6595d7 wp-block-columns-is-layout-flex\">\n<div class=\"wp-block-column is-layout-flow wp-block-column-is-layout-flow\">\n<h2 class=\"wp-block-heading\">Parameter des Schnellkochtopfs aus Edelstahl<\/h2>\n\n\n\n<figure class=\"wp-block-table\"><table class=\"has-fixed-layout\"><tbody><tr><td>Produktname<\/td><td>Material<\/td><td>Stil<\/td><td>Kapazit\u00e4t<\/td><td>Geeigneter Herd<\/td><\/tr><tr><td>Kleiner Schnellkochtopf<\/td><td>304# Edelstahl (Deckel) + Dreischicht-Edelstahl (Topfk\u00f6rper)<\/td><td>Innenwand aus Edelstahl \/ Innenwand aus Antihaftbeschichtung<\/td><td>2,5L \/ 3,0L \/ 3,5L \/ 4,0L<\/td><td>Gasherd \/ Offene Flamme \/ Induktionsherd<\/td><\/tr><\/tbody><\/table><\/figure>\n\n\n\n<h3 class=\"wp-block-heading\">Individuelle Schnellkochtopf-Optionen<\/h3>\n\n\n\n<p><strong>Logo:<\/strong> Gestalten Sie Ihr Markenlogo auf Produkten und Verpackungen.<br><br><strong>Beschichtung:<\/strong> Antihaftbeschichtung \/ Edelstahl <br><br><strong>Gr\u00f6\u00dfe: <\/strong>Passen Sie verschiedene Gr\u00f6\u00dfen von Schnellkocht\u00f6pfen an Ihre Bed\u00fcrfnisse an.<br><br><strong>Verpackung: <\/strong>Karton\/Farbkasten.<br><br><a href=\"https:\/\/www.hg-cooker.com\/de\/custom-solution\/\" data-type=\"page\" data-id=\"2793\" target=\"_blank\" rel=\"noreferrer noopener\"><strong>Erfahren Sie mehr \u00fcber ma\u00dfgeschneiderte L\u00f6sungen f\u00fcr Schnellkocht\u00f6pfe.<\/strong><\/a><br><\/p>\n<\/div>\n<\/div>\n\n\n\n<div class=\"wp-block-columns is-layout-flex wp-container-core-columns-is-layout-9d6595d7 wp-block-columns-is-layout-flex\">\n<div class=\"wp-block-column is-layout-flow wp-block-column-is-layout-flow\">\n<figure class=\"wp-block-image size-full\"><img fetchpriority=\"high\" decoding=\"async\" width=\"790\" height=\"1673\" src=\"https:\/\/www.hg-cooker.com\/wp-content\/uploads\/2025\/02\/stainless-steel-pressure-cooker-details-5-1.jpg\" alt=\"Schnellkochtopf aus Edelstahl Details (5)\" class=\"wp-image-4870\" srcset=\"https:\/\/www.hg-cooker.com\/wp-content\/uploads\/2025\/02\/stainless-steel-pressure-cooker-details-5-1.jpg 790w, https:\/\/www.hg-cooker.com\/wp-content\/uploads\/2025\/02\/stainless-steel-pressure-cooker-details-5-1-71x150.jpg 71w, https:\/\/www.hg-cooker.com\/wp-content\/uploads\/2025\/02\/stainless-steel-pressure-cooker-details-5-1-312x660.jpg 312w, https:\/\/www.hg-cooker.com\/wp-content\/uploads\/2025\/02\/stainless-steel-pressure-cooker-details-5-1-142x300.jpg 142w, https:\/\/www.hg-cooker.com\/wp-content\/uploads\/2025\/02\/stainless-steel-pressure-cooker-details-5-1-768x1626.jpg 768w, https:\/\/www.hg-cooker.com\/wp-content\/uploads\/2025\/02\/stainless-steel-pressure-cooker-details-5-1-6x12.jpg 6w, https:\/\/www.hg-cooker.com\/wp-content\/uploads\/2025\/02\/stainless-steel-pressure-cooker-details-5-1-285x604.jpg 285w\" sizes=\"(max-width: 790px) 100vw, 790px\" \/><\/figure>\n<\/div>\n\n\n\n<div class=\"wp-block-column is-layout-flow wp-block-column-is-layout-flow\">\n<figure class=\"wp-block-image size-full\"><img decoding=\"async\" width=\"790\" height=\"1673\" src=\"https:\/\/www.hg-cooker.com\/wp-content\/uploads\/2025\/02\/stainless-steel-pressure-cooker-details-6-1.jpg\" alt=\"Schnellkochtopf aus Edelstahl Details (6)\" class=\"wp-image-4871\" srcset=\"https:\/\/www.hg-cooker.com\/wp-content\/uploads\/2025\/02\/stainless-steel-pressure-cooker-details-6-1.jpg 790w, https:\/\/www.hg-cooker.com\/wp-content\/uploads\/2025\/02\/stainless-steel-pressure-cooker-details-6-1-71x150.jpg 71w, https:\/\/www.hg-cooker.com\/wp-content\/uploads\/2025\/02\/stainless-steel-pressure-cooker-details-6-1-312x660.jpg 312w, https:\/\/www.hg-cooker.com\/wp-content\/uploads\/2025\/02\/stainless-steel-pressure-cooker-details-6-1-142x300.jpg 142w, https:\/\/www.hg-cooker.com\/wp-content\/uploads\/2025\/02\/stainless-steel-pressure-cooker-details-6-1-768x1626.jpg 768w, https:\/\/www.hg-cooker.com\/wp-content\/uploads\/2025\/02\/stainless-steel-pressure-cooker-details-6-1-6x12.jpg 6w, https:\/\/www.hg-cooker.com\/wp-content\/uploads\/2025\/02\/stainless-steel-pressure-cooker-details-6-1-285x604.jpg 285w\" sizes=\"(max-width: 790px) 100vw, 790px\" \/><\/figure>\n<\/div>\n<\/div>","protected":false},"excerpt":{"rendered":"<p>Gro\u00dfhandel Heim- und Outdoor-Schnellkocht\u00f6pfe, um Ihre t\u00e4glichen Kochbed\u00fcrfnisse und Campingausfl\u00fcge zu erf\u00fcllen. Aus hochwertigem dreifach rostfreiem Stahl hergestellt, hat er eine bessere W\u00e4rmeleitf\u00e4higkeit als gew\u00f6hnliche Schnellkocht\u00f6pfe und kann Lebensmittel schnell kochen. Wir unterst\u00fctzen OEM- und ODM-Dienstleistungen und k\u00f6nnen personalisierte Designs nach Ihren Bed\u00fcrfnissen anbieten. Bitte kontaktieren Sie uns f\u00fcr ein Angebot.<\/p>\n<h2>Merkmale und Vorteile eines Schnellkochtopfs aus Edelstahl<\/h2>\n<div>\n<p><strong>Hochwertiges Material:<\/strong> Der Schnellkochtopf ist aus hochwertigem, dreifach rostfreiem Stahl gefertigt, der korrosionsbest\u00e4ndig und hochtemperaturbest\u00e4ndig ist, so dass er sich auch bei langfristigem Gebrauch nicht leicht verformt.<\/p>\n<p><strong>Geeignet f\u00fcr eine Vielzahl von Anl\u00e4ssen:<\/strong> Ob f\u00fcr den Hausgebrauch oder beim Camping im Freien, dieser Schnellkochtopf ist sehr gut geeignet, leicht zu transportieren und erf\u00fcllt verschiedene Bed\u00fcrfnisse.<\/p>\n<p><strong>M\u00e4\u00dfige Kapazit\u00e4t:<\/strong> Das Fassungsverm\u00f6gen von 3 Litern ist sehr gut f\u00fcr Einzelpersonen und kleine Familien geeignet und verursacht keine Lebensmittelverschwendung.<\/p>\n<p><strong>Multifunktionales Design:<\/strong> Der Schnellkochtopf aus rostfreiem Stahl kann zum Kochen, Schmoren, D\u00e4mpfen und f\u00fcr andere Kochmethoden verwendet werden, um verschiedene Kochanforderungen zu erf\u00fcllen.<\/p>\n<p><strong>OEM- und ODM-Unterst\u00fctzung:<\/strong> Es kann je nach Kundenwunsch angepasst werden und bietet ein individuelles Design, das den Anforderungen der verschiedenen M\u00e4rkte gerecht wird.<\/p>\n<\/div>","protected":false},"featured_media":4872,"comment_status":"closed","ping_status":"closed","template":"","meta":[],"product_brand":[],"product_cat":[54],"product_tag":[],"class_list":{"0":"post-4865","1":"product","2":"type-product","3":"status-publish","4":"has-post-thumbnail","6":"product_cat-pressure-cooker","8":"first","9":"instock","10":"shipping-taxable","11":"product-type-simple"},"_links":{"self":[{"href":"https:\/\/www.hg-cooker.com\/de\/wp-json\/wp\/v2\/product\/4865","targetHints":{"allow":["GET"]}}],"collection":[{"href":"https:\/\/www.hg-cooker.com\/de\/wp-json\/wp\/v2\/product"}],"about":[{"href":"https:\/\/www.hg-cooker.com\/de\/wp-json\/wp\/v2\/types\/product"}],"replies":[{"embeddable":true,"href":"https:\/\/www.hg-cooker.com\/de\/wp-json\/wp\/v2\/comments?post=4865"}],"wp:featuredmedia":[{"embeddable":true,"href":"https:\/\/www.hg-cooker.com\/de\/wp-json\/wp\/v2\/media\/4872"}],"wp:attachment":[{"href":"https:\/\/www.hg-cooker.com\/de\/wp-json\/wp\/v2\/media?parent=4865"}],"wp:term":[{"taxonomy":"product_brand","embeddable":true,"href":"https:\/\/www.hg-cooker.com\/de\/wp-json\/wp\/v2\/product_brand?post=4865"},{"taxonomy":"product_cat","embeddable":true,"href":"https:\/\/www.hg-cooker.com\/de\/wp-json\/wp\/v2\/product_cat?post=4865"},{"taxonomy":"product_tag","embeddable":true,"href":"https:\/\/www.hg-cooker.com\/de\/wp-json\/wp\/v2\/product_tag?post=4865"}],"curies":[{"name":"wp","href":"https:\/\/api.w.org\/{rel}","templated":true}]}}