{"id":4857,"date":"2025-08-19T01:24:30","date_gmt":"2025-08-19T01:24:30","guid":{"rendered":"https:\/\/www.hg-cooker.com\/?post_type=product&#038;p=4857"},"modified":"2025-11-13T02:20:52","modified_gmt":"2025-11-13T02:20:52","slug":"milchkannchen-aus-edelstahl-im-groshandel-47","status":"publish","type":"product","link":"https:\/\/www.hg-cooker.com\/de\/produkt\/milchkannchen-aus-edelstahl-im-groshandel-47\/","title":{"rendered":"Gro\u00dfhandel Edelstahl Stovetop Schnellkochtopf (2.5L, 3.0L, 3.5L, 4.0L), Reis in 5 Minuten gekocht, Unterst\u00fctzung OEM und ODM"},"content":{"rendered":"<div class=\"wp-block-columns is-layout-flex wp-container-core-columns-is-layout-9d6595d7 wp-block-columns-is-layout-flex\">\n<div class=\"wp-block-column is-layout-flow wp-block-column-is-layout-flow\">\n<h2 class=\"wp-block-heading\">Parameter des Schnellkochtopfs aus Edelstahl auf dem Herd<\/h2>\n\n\n\n<figure class=\"wp-block-table\"><table class=\"has-fixed-layout\"><tbody><tr><td>Produktname<\/td><td>Material<\/td><td>Stil<\/td><td>Kapazit\u00e4t<\/td><td>Geeigneter Herd<\/td><\/tr><tr><td>Kleiner Schnellkochtopf<\/td><td>304# Edelstahl (Deckel) + Dreischicht-Edelstahl (Topfk\u00f6rper)<\/td><td>Innenwand aus Edelstahl \/ Innenwand aus Antihaftbeschichtung<\/td><td>2,5L \/ 3,0L \/ 3,5L \/ 4,0L<\/td><td>Gasherd \/ Offene Flamme \/ Induktionsherd<\/td><\/tr><\/tbody><\/table><\/figure>\n\n\n\n<h3 class=\"wp-block-heading\">Individuelle Schnellkochtopf-Optionen<\/h3>\n\n\n\n<p><strong>Logo:<\/strong> Gestalten Sie Ihr Markenlogo auf Produkten und Verpackungen.<br><br><strong>Beschichtung:<\/strong> Antihaftbeschichtung \/ Edelstahl <br><br><strong>Gr\u00f6\u00dfe: <\/strong>Passen Sie verschiedene Gr\u00f6\u00dfen von Schnellkocht\u00f6pfen an Ihre Bed\u00fcrfnisse an.<br><br><strong>Verpackung: <\/strong>Karton\/Farbkasten.<br><br><a href=\"https:\/\/www.hg-cooker.com\/de\/custom-solution\/\" data-type=\"page\" data-id=\"2793\" target=\"_blank\" rel=\"noreferrer noopener\"><strong>Erfahren Sie mehr \u00fcber ma\u00dfgeschneiderte L\u00f6sungen f\u00fcr Schnellkocht\u00f6pfe.<\/strong><\/a><br><\/p>\n<\/div>\n<\/div>\n\n\n\n<div class=\"wp-block-columns is-layout-flex wp-container-core-columns-is-layout-9d6595d7 wp-block-columns-is-layout-flex\">\n<div class=\"wp-block-column is-layout-flow wp-block-column-is-layout-flow\">\n<figure class=\"wp-block-image size-full\"><img fetchpriority=\"high\" decoding=\"async\" width=\"790\" height=\"1383\" src=\"https:\/\/www.hg-cooker.com\/wp-content\/uploads\/2025\/02\/stainless-steel-pressure-cooker-details-5.jpg\" alt=\"Schnellkochtopf aus Edelstahl Details (5)\" class=\"wp-image-4862\" srcset=\"https:\/\/www.hg-cooker.com\/wp-content\/uploads\/2025\/02\/stainless-steel-pressure-cooker-details-5.jpg 790w, https:\/\/www.hg-cooker.com\/wp-content\/uploads\/2025\/02\/stainless-steel-pressure-cooker-details-5-86x150.jpg 86w, https:\/\/www.hg-cooker.com\/wp-content\/uploads\/2025\/02\/stainless-steel-pressure-cooker-details-5-377x660.jpg 377w, https:\/\/www.hg-cooker.com\/wp-content\/uploads\/2025\/02\/stainless-steel-pressure-cooker-details-5-171x300.jpg 171w, https:\/\/www.hg-cooker.com\/wp-content\/uploads\/2025\/02\/stainless-steel-pressure-cooker-details-5-768x1344.jpg 768w, https:\/\/www.hg-cooker.com\/wp-content\/uploads\/2025\/02\/stainless-steel-pressure-cooker-details-5-7x12.jpg 7w, https:\/\/www.hg-cooker.com\/wp-content\/uploads\/2025\/02\/stainless-steel-pressure-cooker-details-5-285x499.jpg 285w\" sizes=\"(max-width: 790px) 100vw, 790px\" \/><\/figure>\n<\/div>\n\n\n\n<div class=\"wp-block-column is-layout-flow wp-block-column-is-layout-flow\">\n<figure class=\"wp-block-image size-full\"><img decoding=\"async\" width=\"790\" height=\"1383\" src=\"https:\/\/www.hg-cooker.com\/wp-content\/uploads\/2025\/02\/stainless-steel-pressure-cooker-details-6.jpg\" alt=\"Schnellkochtopf aus Edelstahl Details (6)\" class=\"wp-image-4863\" srcset=\"https:\/\/www.hg-cooker.com\/wp-content\/uploads\/2025\/02\/stainless-steel-pressure-cooker-details-6.jpg 790w, https:\/\/www.hg-cooker.com\/wp-content\/uploads\/2025\/02\/stainless-steel-pressure-cooker-details-6-86x150.jpg 86w, https:\/\/www.hg-cooker.com\/wp-content\/uploads\/2025\/02\/stainless-steel-pressure-cooker-details-6-377x660.jpg 377w, https:\/\/www.hg-cooker.com\/wp-content\/uploads\/2025\/02\/stainless-steel-pressure-cooker-details-6-171x300.jpg 171w, https:\/\/www.hg-cooker.com\/wp-content\/uploads\/2025\/02\/stainless-steel-pressure-cooker-details-6-768x1344.jpg 768w, https:\/\/www.hg-cooker.com\/wp-content\/uploads\/2025\/02\/stainless-steel-pressure-cooker-details-6-7x12.jpg 7w, https:\/\/www.hg-cooker.com\/wp-content\/uploads\/2025\/02\/stainless-steel-pressure-cooker-details-6-285x499.jpg 285w\" sizes=\"(max-width: 790px) 100vw, 790px\" \/><\/figure>\n<\/div>\n<\/div>","protected":false},"excerpt":{"rendered":"<p>Gro\u00dfhandel Edelstahl Herdplatte Schnellkochtopf, aus hochtemperaturbest\u00e4ndigem und korrosionsbest\u00e4ndigem dreifach Edelstahl Material, mit ausgezeichneter Haltbarkeit und Sicherheit, ausgestattet mit mehreren Sicherheitsschutzsysteme, um die Sicherheit w\u00e4hrend des Gebrauchs zu gew\u00e4hrleisten. Wir bieten eine Vielzahl von Kapazit\u00e4tsoptionen, um den Kochbed\u00fcrfnissen in verschiedenen Szenarien gerecht zu werden. Wir unterst\u00fctzen OEM und ODM, kontaktieren Sie uns f\u00fcr ein Angebot.<\/p>\n<h2>Eigenschaften und Vorteile des Edelstahl-Schnellkochtopfs auf dem Herd<\/h2>\n<div>\n<p><strong>Gleichm\u00e4\u00dfige Erw\u00e4rmung:<\/strong> Der Edelstahl Schnellkochtopf besteht aus drei Schichten Edelstahl und bietet eine hervorragende W\u00e4rmeleitung, die eine gleichm\u00e4\u00dfige Erhitzung der Speisen und bessere Kochergebnisse gew\u00e4hrleistet.<\/p>\n<p><strong>Vielf\u00e4ltig einsetzbar:<\/strong> Dieser Schnellkochtopf aus rostfreiem Stahl ist mit einer Vielzahl von Herden kompatibel, einschlie\u00dflich Induktionsherden, Gasherden usw.<\/p>\n<p><strong>Hohe Effizienz und Energieeinsparung:<\/strong> Hochdruckgaren kann die Garzeit erheblich verk\u00fcrzen und Energie sparen, was sich besonders f\u00fcr viel besch\u00e4ftigte Familien oder Gro\u00dfk\u00fcchen eignet.<\/p>\n<p><strong>Innovatives Design:<\/strong> Unser Schnellkochtopf aus Edelstahl verf\u00fcgt \u00fcber ein einzigartiges Knopfschalterdesign, das die Bedienung erleichtert und auch f\u00fcr Anf\u00e4nger geeignet ist.<\/p>\n<p><strong>OEM- und ODM-Service:<\/strong> Wir bieten ma\u00dfgeschneiderte Schnellkochtopf-Dienstleistungen, einschlie\u00dflich ma\u00dfgeschneiderter Schnellkochtopf-Kapazit\u00e4t, Logo und Verpackung, um den besten Marken-Schnellkochtopf f\u00fcr Sie zu schaffen.<\/p>\n<\/div>","protected":false},"featured_media":4864,"comment_status":"closed","ping_status":"closed","template":"","meta":[],"product_brand":[],"product_cat":[54],"product_tag":[],"class_list":{"0":"post-4857","1":"product","2":"type-product","3":"status-publish","4":"has-post-thumbnail","6":"product_cat-pressure-cooker","8":"first","9":"instock","10":"shipping-taxable","11":"product-type-simple"},"_links":{"self":[{"href":"https:\/\/www.hg-cooker.com\/de\/wp-json\/wp\/v2\/product\/4857","targetHints":{"allow":["GET"]}}],"collection":[{"href":"https:\/\/www.hg-cooker.com\/de\/wp-json\/wp\/v2\/product"}],"about":[{"href":"https:\/\/www.hg-cooker.com\/de\/wp-json\/wp\/v2\/types\/product"}],"replies":[{"embeddable":true,"href":"https:\/\/www.hg-cooker.com\/de\/wp-json\/wp\/v2\/comments?post=4857"}],"wp:featuredmedia":[{"embeddable":true,"href":"https:\/\/www.hg-cooker.com\/de\/wp-json\/wp\/v2\/media\/4864"}],"wp:attachment":[{"href":"https:\/\/www.hg-cooker.com\/de\/wp-json\/wp\/v2\/media?parent=4857"}],"wp:term":[{"taxonomy":"product_brand","embeddable":true,"href":"https:\/\/www.hg-cooker.com\/de\/wp-json\/wp\/v2\/product_brand?post=4857"},{"taxonomy":"product_cat","embeddable":true,"href":"https:\/\/www.hg-cooker.com\/de\/wp-json\/wp\/v2\/product_cat?post=4857"},{"taxonomy":"product_tag","embeddable":true,"href":"https:\/\/www.hg-cooker.com\/de\/wp-json\/wp\/v2\/product_tag?post=4857"}],"curies":[{"name":"wp","href":"https:\/\/api.w.org\/{rel}","templated":true}]}}