{"id":4520,"date":"2025-09-01T10:21:57","date_gmt":"2025-09-01T10:21:57","guid":{"rendered":"https:\/\/www.hg-cooker.com\/?post_type=product&#038;p=4520"},"modified":"2025-09-13T02:06:47","modified_gmt":"2025-09-13T02:06:47","slug":"milchkannchen-aus-edelstahl-im-groshandel-44","status":"publish","type":"product","link":"https:\/\/www.hg-cooker.com\/de\/produkt\/milchkannchen-aus-edelstahl-im-groshandel-44\/","title":{"rendered":"Edelstahl-Suppentopf mit Deckel Fabrik Direktverkauf:Entworfen f\u00fcr Haus und kommerzielle K\u00fcchen"},"content":{"rendered":"<div class=\"wp-block-columns is-layout-flex wp-container-core-columns-is-layout-9d6595d7 wp-block-columns-is-layout-flex\">\n<div class=\"wp-block-column is-layout-flow wp-block-column-is-layout-flow\">\n<h2 class=\"wp-block-heading\">Parameter des Suppentopfes aus Edelstahl<\/h2>\n\n\n\n<p><strong>Produktname<\/strong>: Edelstahl-Suppentopf<br><br><strong>Modellnummer: <\/strong>HG-316NG16<br><br><strong>Material:<\/strong> Topfk\u00f6rper aus Edelstahl 316 \/ Dreilagiger Boden aus Edelstahl <\/p>\n\n\n\n<p><strong>Kapazit\u00e4t: <\/strong>1.5L(16cm)\/2.0L(18cm)<br><br><strong>Geeigneter Herd<\/strong>: Gasherd \/ Induktionsherd \/ Elektrokeramikkochfeld \/ Elektroherd.<br><\/p>\n<\/div>\n\n\n\n<div class=\"wp-block-column is-layout-flow wp-block-column-is-layout-flow\">\n<h2 class=\"wp-block-heading\">Individuelle Kochgeschirr-Optionen<\/h2>\n\n\n\n<p><strong>Logo<\/strong>: Gestalten Sie Ihr Markenlogo auf dem Suppentopf und der Verpackung.<br><br><strong>Gr\u00f6\u00dfe:<\/strong> Passen Sie verschiedene Gr\u00f6\u00dfen von Suppent\u00f6pfen an Ihre Bed\u00fcrfnisse an.<br><br><strong>Paket<\/strong>: Karton\/Farbkasten.<br><br><a href=\"https:\/\/www.hg-cooker.com\/de\/custom-solution\/\" data-type=\"page\" data-id=\"2793\" target=\"_blank\" rel=\"noreferrer noopener\"><strong>Entdecken Sie mehr Details zu Kochgeschirr<\/strong><\/a><\/p>\n<\/div>\n<\/div>\n\n\n\n<div class=\"wp-block-columns is-layout-flex wp-container-core-columns-is-layout-9d6595d7 wp-block-columns-is-layout-flex\">\n<div class=\"wp-block-column is-layout-flow wp-block-column-is-layout-flow\">\n<figure class=\"wp-block-image size-full\"><img fetchpriority=\"high\" decoding=\"async\" width=\"800\" height=\"800\" src=\"https:\/\/www.hg-cooker.com\/wp-content\/uploads\/2024\/10\/stainless-steel-soup-pot-detail.jpg\" alt=\"Suppentopf aus Edelstahl Detail\" class=\"wp-image-4523\" srcset=\"https:\/\/www.hg-cooker.com\/wp-content\/uploads\/2024\/10\/stainless-steel-soup-pot-detail.jpg 800w, https:\/\/www.hg-cooker.com\/wp-content\/uploads\/2024\/10\/stainless-steel-soup-pot-detail-150x150.jpg 150w, https:\/\/www.hg-cooker.com\/wp-content\/uploads\/2024\/10\/stainless-steel-soup-pot-detail-660x660.jpg 660w, https:\/\/www.hg-cooker.com\/wp-content\/uploads\/2024\/10\/stainless-steel-soup-pot-detail-300x300.jpg 300w, https:\/\/www.hg-cooker.com\/wp-content\/uploads\/2024\/10\/stainless-steel-soup-pot-detail-768x768.jpg 768w, https:\/\/www.hg-cooker.com\/wp-content\/uploads\/2024\/10\/stainless-steel-soup-pot-detail-12x12.jpg 12w, https:\/\/www.hg-cooker.com\/wp-content\/uploads\/2024\/10\/stainless-steel-soup-pot-detail-285x285.jpg 285w, https:\/\/www.hg-cooker.com\/wp-content\/uploads\/2024\/10\/stainless-steel-soup-pot-detail-270x270.jpg 270w, https:\/\/www.hg-cooker.com\/wp-content\/uploads\/2024\/10\/stainless-steel-soup-pot-detail-540x540.jpg 540w\" sizes=\"(max-width: 800px) 100vw, 800px\" \/><\/figure>\n<\/div>\n\n\n\n<div class=\"wp-block-column is-layout-flow wp-block-column-is-layout-flow\">\n<figure class=\"wp-block-image size-full\"><img decoding=\"async\" width=\"800\" height=\"800\" src=\"https:\/\/www.hg-cooker.com\/wp-content\/uploads\/2024\/10\/stainless-steel-soup-pot-detail-1.jpg\" alt=\"Suppentopf aus Edelstahl Detail\" class=\"wp-image-4525\" srcset=\"https:\/\/www.hg-cooker.com\/wp-content\/uploads\/2024\/10\/stainless-steel-soup-pot-detail-1.jpg 800w, https:\/\/www.hg-cooker.com\/wp-content\/uploads\/2024\/10\/stainless-steel-soup-pot-detail-1-150x150.jpg 150w, https:\/\/www.hg-cooker.com\/wp-content\/uploads\/2024\/10\/stainless-steel-soup-pot-detail-1-660x660.jpg 660w, https:\/\/www.hg-cooker.com\/wp-content\/uploads\/2024\/10\/stainless-steel-soup-pot-detail-1-300x300.jpg 300w, https:\/\/www.hg-cooker.com\/wp-content\/uploads\/2024\/10\/stainless-steel-soup-pot-detail-1-768x768.jpg 768w, https:\/\/www.hg-cooker.com\/wp-content\/uploads\/2024\/10\/stainless-steel-soup-pot-detail-1-12x12.jpg 12w, https:\/\/www.hg-cooker.com\/wp-content\/uploads\/2024\/10\/stainless-steel-soup-pot-detail-1-285x285.jpg 285w, https:\/\/www.hg-cooker.com\/wp-content\/uploads\/2024\/10\/stainless-steel-soup-pot-detail-1-270x270.jpg 270w, https:\/\/www.hg-cooker.com\/wp-content\/uploads\/2024\/10\/stainless-steel-soup-pot-detail-1-540x540.jpg 540w\" sizes=\"(max-width: 800px) 100vw, 800px\" \/><\/figure>\n<\/div>\n<\/div>","protected":false},"excerpt":{"rendered":"<p>Gro\u00dfhandel Edelstahl Br\u00fche Topf mit Deckel, verbessern Sie Ihre Kocherfahrung. Aus hochwertigem, dreifach rostfreiem Stahl gefertigt, hat dieser Topf eine ausgezeichnete W\u00e4rmeleitf\u00e4higkeit und Haltbarkeit, geeignet f\u00fcr den h\u00e4ufigen Gebrauch in Restaurants oder Hotels. Egal, ob Sie herzhafte Suppen zubereiten, k\u00f6stliche Gerichte schmoren oder einfache Nudeln kochen, dieser Suppentopf kann alles problemlos bew\u00e4ltigen. Dar\u00fcber hinaus bieten wir flexible Gro\u00dfhandels- und kundenspezifische Kochgeschirroptionen an. Bitte kontaktieren Sie uns f\u00fcr L\u00f6sungen und wettbewerbsf\u00e4hige Preise.<\/p>\n<h3>Eigenschaften und Vorteile des Suppentopfs aus Edelstahl<\/h3>\n<p><strong>Unbeschichtetes Design:<\/strong> Dieser Suppentopf wird aus unbeschichteten Materialien hergestellt, die gesundheits- und sicherheitsorientiert f\u00fcr die K\u00fcche zu Hause und im Restaurant sind.<\/p>\n<p><strong>Dreilagige Struktur aus rostfreiem Stahl:<\/strong> Der Suppentopf ist aus dreischichtigem Edelstahl gefertigt, der sich durch eine gute Haltbarkeit und eine hervorragende W\u00e4rmeleitf\u00e4higkeit auszeichnet. Dies gew\u00e4hrleistet eine gleichm\u00e4\u00dfige Verteilung der W\u00e4rme und eine lange Nutzungsdauer des Produkts.<\/p>\n<p><strong>Verwendung mehrerer Herde:<\/strong> Dieser Suppentopf eignet sich f\u00fcr mehrere Herdarten, einschlie\u00dflich Gasherd, Induktionsherd oder Elektroherd, um den Bed\u00fcrfnissen der verschiedenen Benutzer gerecht zu werden.<\/p>\n<p><strong>Multifunktionaler Einsatz<\/strong>: F\u00fcr viele Kochzwecke, wie z.B. das Erhitzen von Milch, die Zubereitung von Beikost, das Kochen von Nudeln und das Braten, alles in einem, um verschiedene Bed\u00fcrfnisse in der K\u00fcche zu erf\u00fcllen.\u00a0<\/p>\n<p><strong>OEM&amp;ODM-Anpassung:<\/strong> Wir bieten ma\u00dfgeschneiderte L\u00f6sungen f\u00fcr Kochgeschirr an, einschlie\u00dflich personalisiertem Produktdesign, flexibler Materialauswahl, einer Vielzahl von Gr\u00f6\u00dfen und Spezifikationen, und durch unsere Anpassungsdienste k\u00f6nnen Sie einzigartige Kochgeschirrprodukte schaffen.<\/p>","protected":false},"featured_media":4524,"comment_status":"closed","ping_status":"closed","template":"","meta":[],"product_brand":[],"product_cat":[52],"product_tag":[],"class_list":{"0":"post-4520","1":"product","2":"type-product","3":"status-publish","4":"has-post-thumbnail","6":"product_cat-stainless-steel-cookware","8":"first","9":"instock","10":"shipping-taxable","11":"product-type-simple"},"_links":{"self":[{"href":"https:\/\/www.hg-cooker.com\/de\/wp-json\/wp\/v2\/product\/4520","targetHints":{"allow":["GET"]}}],"collection":[{"href":"https:\/\/www.hg-cooker.com\/de\/wp-json\/wp\/v2\/product"}],"about":[{"href":"https:\/\/www.hg-cooker.com\/de\/wp-json\/wp\/v2\/types\/product"}],"replies":[{"embeddable":true,"href":"https:\/\/www.hg-cooker.com\/de\/wp-json\/wp\/v2\/comments?post=4520"}],"wp:featuredmedia":[{"embeddable":true,"href":"https:\/\/www.hg-cooker.com\/de\/wp-json\/wp\/v2\/media\/4524"}],"wp:attachment":[{"href":"https:\/\/www.hg-cooker.com\/de\/wp-json\/wp\/v2\/media?parent=4520"}],"wp:term":[{"taxonomy":"product_brand","embeddable":true,"href":"https:\/\/www.hg-cooker.com\/de\/wp-json\/wp\/v2\/product_brand?post=4520"},{"taxonomy":"product_cat","embeddable":true,"href":"https:\/\/www.hg-cooker.com\/de\/wp-json\/wp\/v2\/product_cat?post=4520"},{"taxonomy":"product_tag","embeddable":true,"href":"https:\/\/www.hg-cooker.com\/de\/wp-json\/wp\/v2\/product_tag?post=4520"}],"curies":[{"name":"wp","href":"https:\/\/api.w.org\/{rel}","templated":true}]}}