{"id":4514,"date":"2025-09-01T03:36:59","date_gmt":"2025-09-01T03:36:59","guid":{"rendered":"https:\/\/www.hg-cooker.com\/?post_type=product&#038;p=4514"},"modified":"2025-09-13T02:16:40","modified_gmt":"2025-09-13T02:16:40","slug":"milchkannchen-aus-edelstahl-im-groshandel-43","status":"publish","type":"product","link":"https:\/\/www.hg-cooker.com\/de\/produkt\/milchkannchen-aus-edelstahl-im-groshandel-43\/","title":{"rendered":"Gro\u00dfhandel Edelstahl Kocht\u00f6pfe f\u00fcr Gasherde, Induktionsherd und mehr"},"content":{"rendered":"<div class=\"wp-block-columns is-layout-flex wp-container-core-columns-is-layout-9d6595d7 wp-block-columns-is-layout-flex\">\n<div class=\"wp-block-column is-layout-flow wp-block-column-is-layout-flow\">\n<h3 class=\"wp-block-heading\">Parameter des Kochtopfs aus Edelstahl<\/h3>\n\n\n\n<figure class=\"wp-block-table\"><table class=\"has-fixed-layout\"><tbody><tr><td>Produktname<\/td><td>Kochtopf aus Edelstahl<\/td><\/tr><tr><td>Modellnummer<\/td><td>HG-TG18<\/td><\/tr><tr><td>Material<\/td><td>304-Edelstahl-Topfk\u00f6rper \/ Tri-Ply-Edelstahl-Boden<\/td><\/tr><tr><td>Gr\u00f6\u00dfen-Optionen<\/td><td>18cm \/ 20cm \/ 22cm \/ 24cm<\/td><\/tr><tr><td>Geeigneter Herd<\/td><td>Gasherd \/ Induktionsherd<\/td><\/tr><\/tbody><\/table><\/figure>\n\n\n\n<h3 class=\"wp-block-heading\">Individuelle Kochgeschirr-Optionen<\/h3>\n\n\n\n<figure class=\"wp-block-table\"><table class=\"has-fixed-layout\"><tbody><tr><td>Benutzerdefinierte Optionen<\/td><td>Einzelheiten<\/td><\/tr><tr><td>Logo<\/td><td>Gestalten Sie Ihr Markenlogo auf Produkt und Verpackung.<\/td><\/tr><tr><td>Material<\/td><td>Dreifach-Edelstahl\/304-Edelstahl\/316-Edelstahl<\/td><\/tr><tr><td>Beschichtung<\/td><td>Antihaftbeschichtung\/Honeycomb Physikalische Antihaftbeschichtung\/Edelstahl (keine Beschichtung)<\/td><\/tr><tr><td>Gr\u00f6\u00dfe<\/td><td>Ma\u00dfgeschneiderte Kochgeschirrgr\u00f6\u00dfen<\/td><\/tr><tr><td>Verpackung<\/td><td>Karton, Farbkasten<\/td><\/tr><\/tbody><\/table><\/figure>\n\n\n\n<p><br><\/p>\n<\/div>\n<\/div>\n\n\n\n<div class=\"wp-block-columns is-layout-flex wp-container-core-columns-is-layout-9d6595d7 wp-block-columns-is-layout-flex\">\n<div class=\"wp-block-column is-layout-flow wp-block-column-is-layout-flow\">\n<figure class=\"wp-block-image size-full\"><img fetchpriority=\"high\" decoding=\"async\" width=\"620\" height=\"620\" src=\"https:\/\/www.hg-cooker.com\/wp-content\/uploads\/2024\/10\/Wholesale-Stainless-Steel-Cooking-Pots-4.jpg\" alt=\"Gro\u00dfhandel Edelstahl-Kocht\u00f6pfe (4)\" class=\"wp-image-4518\" srcset=\"https:\/\/www.hg-cooker.com\/wp-content\/uploads\/2024\/10\/Wholesale-Stainless-Steel-Cooking-Pots-4.jpg 620w, https:\/\/www.hg-cooker.com\/wp-content\/uploads\/2024\/10\/Wholesale-Stainless-Steel-Cooking-Pots-4-150x150.jpg 150w, https:\/\/www.hg-cooker.com\/wp-content\/uploads\/2024\/10\/Wholesale-Stainless-Steel-Cooking-Pots-4-300x300.jpg 300w, https:\/\/www.hg-cooker.com\/wp-content\/uploads\/2024\/10\/Wholesale-Stainless-Steel-Cooking-Pots-4-12x12.jpg 12w, https:\/\/www.hg-cooker.com\/wp-content\/uploads\/2024\/10\/Wholesale-Stainless-Steel-Cooking-Pots-4-285x285.jpg 285w, https:\/\/www.hg-cooker.com\/wp-content\/uploads\/2024\/10\/Wholesale-Stainless-Steel-Cooking-Pots-4-270x270.jpg 270w, https:\/\/www.hg-cooker.com\/wp-content\/uploads\/2024\/10\/Wholesale-Stainless-Steel-Cooking-Pots-4-540x540.jpg 540w\" sizes=\"(max-width: 620px) 100vw, 620px\" \/><\/figure>\n<\/div>\n\n\n\n<div class=\"wp-block-column is-layout-flow wp-block-column-is-layout-flow\">\n<figure class=\"wp-block-image size-full\"><img decoding=\"async\" width=\"620\" height=\"620\" src=\"https:\/\/www.hg-cooker.com\/wp-content\/uploads\/2024\/10\/Wholesale-Stainless-Steel-Cooking-Pots-3.jpg\" alt=\"Gro\u00dfhandel Edelstahl-Kocht\u00f6pfe (3)\" class=\"wp-image-4517\" srcset=\"https:\/\/www.hg-cooker.com\/wp-content\/uploads\/2024\/10\/Wholesale-Stainless-Steel-Cooking-Pots-3.jpg 620w, https:\/\/www.hg-cooker.com\/wp-content\/uploads\/2024\/10\/Wholesale-Stainless-Steel-Cooking-Pots-3-150x150.jpg 150w, https:\/\/www.hg-cooker.com\/wp-content\/uploads\/2024\/10\/Wholesale-Stainless-Steel-Cooking-Pots-3-300x300.jpg 300w, https:\/\/www.hg-cooker.com\/wp-content\/uploads\/2024\/10\/Wholesale-Stainless-Steel-Cooking-Pots-3-12x12.jpg 12w, https:\/\/www.hg-cooker.com\/wp-content\/uploads\/2024\/10\/Wholesale-Stainless-Steel-Cooking-Pots-3-285x285.jpg 285w, https:\/\/www.hg-cooker.com\/wp-content\/uploads\/2024\/10\/Wholesale-Stainless-Steel-Cooking-Pots-3-270x270.jpg 270w, https:\/\/www.hg-cooker.com\/wp-content\/uploads\/2024\/10\/Wholesale-Stainless-Steel-Cooking-Pots-3-540x540.jpg 540w\" sizes=\"(max-width: 620px) 100vw, 620px\" \/><\/figure>\n<\/div>\n<\/div>","protected":false},"excerpt":{"rendered":"<p>Gro\u00dfhandel Edelstahl Kocht\u00f6pfe, unsere Kocht\u00f6pfe sind aus hochwertigem 304 lebensmittelechtem Edelstahl, mit hervorragender Leistung, um die Bed\u00fcrfnisse aller Arten von K\u00fcchen zu erf\u00fcllen, ob es sich um Hausk\u00fcchen, Catering oder Hotels. Wir bieten auch flexible kundenspezifische Kochgeschirr Optionen, um Ihre pers\u00f6nlichen Bed\u00fcrfnisse zu erf\u00fcllen. B2B-Kunden sind herzlich eingeladen, uns zu kontaktieren.<\/p>\n<h3>Eigenschaften und Vorteile von Edelstahlkocht\u00f6pfen<\/h3>\n<p><strong>Ausgezeichnete W\u00e4rmeleitf\u00e4higkeit:<\/strong> Dieser Kochtopf aus Edelstahl hat einen Boden aus dreifachem Edelstahl, der die W\u00e4rme schnell und gleichm\u00e4\u00dfig leitet, so dass die Speisen gleichm\u00e4\u00dfig erhitzt werden und die Kochzeit verk\u00fcrzt wird.<\/p>\n<p><strong>Langlebigkeit:<\/strong> Er besteht aus hochwertigem, lebensmittelechtem Edelstahl 304 und verf\u00fcgt \u00fcber eine ausgezeichnete Korrosions- und Verschlei\u00dffestigkeit. Er h\u00e4lt den Einfl\u00fcssen von hohen Temperaturen und S\u00e4ure-Basen-Umgebungen stand und sorgt daf\u00fcr, dass der Topf auch bei langfristigem Gebrauch seine Leistung und sein Aussehen beibeh\u00e4lt.<\/p>\n<p><strong>Leicht zu reinigen:<\/strong> Die Oberfl\u00e4che des Edelstahls ist glatt, klebt nicht so leicht an den Lebensmitteln und ist relativ einfach zu reinigen. Es kann in der Sp\u00fclmaschine gereinigt werden, um Zeit zu sparen.<\/p>\n<p><strong>Hohle Griffkonstruktion:<\/strong> Der hohle Griff spielt eine Rolle bei der Isolierung der Hitze, die bequem zu bewegen ist und Verbrennungen bis zu einem gewissen Grad vermeiden kann.<\/p>\n<p><strong>OEM&amp;ODM-Anpassungsdienst:<\/strong> Als professioneller Hersteller von K\u00fcchengeschirr bietet Hengguang einen Rundum-Service f\u00fcr kundenspezifisches Kochgeschirr, einschlie\u00dflich der Anpassung von Material, Form, Kapazit\u00e4t und Verpackung.<\/p>","protected":false},"featured_media":4515,"comment_status":"closed","ping_status":"closed","template":"","meta":[],"product_brand":[],"product_cat":[52],"product_tag":[],"class_list":{"0":"post-4514","1":"product","2":"type-product","3":"status-publish","4":"has-post-thumbnail","6":"product_cat-stainless-steel-cookware","8":"first","9":"instock","10":"shipping-taxable","11":"product-type-simple"},"_links":{"self":[{"href":"https:\/\/www.hg-cooker.com\/de\/wp-json\/wp\/v2\/product\/4514","targetHints":{"allow":["GET"]}}],"collection":[{"href":"https:\/\/www.hg-cooker.com\/de\/wp-json\/wp\/v2\/product"}],"about":[{"href":"https:\/\/www.hg-cooker.com\/de\/wp-json\/wp\/v2\/types\/product"}],"replies":[{"embeddable":true,"href":"https:\/\/www.hg-cooker.com\/de\/wp-json\/wp\/v2\/comments?post=4514"}],"wp:featuredmedia":[{"embeddable":true,"href":"https:\/\/www.hg-cooker.com\/de\/wp-json\/wp\/v2\/media\/4515"}],"wp:attachment":[{"href":"https:\/\/www.hg-cooker.com\/de\/wp-json\/wp\/v2\/media?parent=4514"}],"wp:term":[{"taxonomy":"product_brand","embeddable":true,"href":"https:\/\/www.hg-cooker.com\/de\/wp-json\/wp\/v2\/product_brand?post=4514"},{"taxonomy":"product_cat","embeddable":true,"href":"https:\/\/www.hg-cooker.com\/de\/wp-json\/wp\/v2\/product_cat?post=4514"},{"taxonomy":"product_tag","embeddable":true,"href":"https:\/\/www.hg-cooker.com\/de\/wp-json\/wp\/v2\/product_tag?post=4514"}],"curies":[{"name":"wp","href":"https:\/\/api.w.org\/{rel}","templated":true}]}}