{"id":4508,"date":"2025-08-16T08:58:36","date_gmt":"2025-08-16T08:58:36","guid":{"rendered":"https:\/\/www.hg-cooker.com\/?post_type=product&#038;p=4508"},"modified":"2025-11-13T02:22:39","modified_gmt":"2025-11-13T02:22:39","slug":"milchkannchen-aus-edelstahl-im-groshandel-42","status":"publish","type":"product","link":"https:\/\/www.hg-cooker.com\/de\/produkt\/milchkannchen-aus-edelstahl-im-groshandel-42\/","title":{"rendered":"Gro\u00dfhandel Camping Druckkocher, f\u00fcr Outdoor-Kochen, Wandern, Angeln und mehr"},"content":{"rendered":"<div class=\"wp-block-columns is-layout-flex wp-container-core-columns-is-layout-9d6595d7 wp-block-columns-is-layout-flex\">\n<div class=\"wp-block-column is-layout-flow wp-block-column-is-layout-flow\">\n<h2 class=\"wp-block-heading\">Parameter des Camping-Schnellkochtopfs<\/h2>\n\n\n\n<p><strong>Produktname<\/strong>: Camping Schnellkochtopf<br><br><strong>Stil<\/strong>: Edelstahl-Innenwand \/ Antihaft-Innenwand<br><br><strong>Kapazit\u00e4t<\/strong>: 0.8L\/1.2L\/1.6L\/2.0L<br><br><strong>Geeigneter Herd<\/strong>: Gasherd \/ Induktionsherd \/ Elektrokeramikkochfeld \/ Elektroherd.<br><\/p>\n<\/div>\n\n\n\n<div class=\"wp-block-column is-layout-flow wp-block-column-is-layout-flow\">\n<h2 class=\"wp-block-heading\">Benutzerdefinierte Optionen<\/h2>\n\n\n\n<p><strong>Logo<\/strong>: Gestalten Sie Ihr Markenlogo auf dem Camping-Schnellkochtopf und der Verpackung.<br><br><strong>Gr\u00f6\u00dfe:<\/strong> Passen Sie die verschiedenen Gr\u00f6\u00dfen des Camping-Schnellkochtopfs an Ihre Bed\u00fcrfnisse an.<br><br><strong>Paket<\/strong>: Karton\/Farbkasten.<br><br><a href=\"https:\/\/www.hg-cooker.com\/de\/custom-solution\/\" data-type=\"page\" data-id=\"2793\" target=\"_blank\" rel=\"noreferrer noopener\"><strong>Entdecken Sie mehr Details zu Schnellkocht\u00f6pfen<\/strong><\/a><\/p>\n<\/div>\n<\/div>\n\n\n\n<div class=\"wp-block-columns is-layout-flex wp-container-core-columns-is-layout-9d6595d7 wp-block-columns-is-layout-flex\">\n<div class=\"wp-block-column is-layout-flow wp-block-column-is-layout-flow\">\n<figure class=\"wp-block-image size-full\"><img fetchpriority=\"high\" decoding=\"async\" width=\"616\" height=\"616\" src=\"https:\/\/www.hg-cooker.com\/wp-content\/uploads\/2024\/10\/Wholesale-Camping-Pressure-Cooker-4.png\" alt=\"Gro\u00dfhandel Camping Schnellkochtopf (4)\" class=\"wp-image-4512\" srcset=\"https:\/\/www.hg-cooker.com\/wp-content\/uploads\/2024\/10\/Wholesale-Camping-Pressure-Cooker-4.png 616w, https:\/\/www.hg-cooker.com\/wp-content\/uploads\/2024\/10\/Wholesale-Camping-Pressure-Cooker-4-150x150.png 150w, https:\/\/www.hg-cooker.com\/wp-content\/uploads\/2024\/10\/Wholesale-Camping-Pressure-Cooker-4-300x300.png 300w, https:\/\/www.hg-cooker.com\/wp-content\/uploads\/2024\/10\/Wholesale-Camping-Pressure-Cooker-4-12x12.png 12w, https:\/\/www.hg-cooker.com\/wp-content\/uploads\/2024\/10\/Wholesale-Camping-Pressure-Cooker-4-285x285.png 285w, https:\/\/www.hg-cooker.com\/wp-content\/uploads\/2024\/10\/Wholesale-Camping-Pressure-Cooker-4-270x270.png 270w, https:\/\/www.hg-cooker.com\/wp-content\/uploads\/2024\/10\/Wholesale-Camping-Pressure-Cooker-4-540x540.png 540w\" sizes=\"(max-width: 616px) 100vw, 616px\" \/><\/figure>\n<\/div>\n\n\n\n<div class=\"wp-block-column is-layout-flow wp-block-column-is-layout-flow\">\n<figure class=\"wp-block-image size-full\"><img decoding=\"async\" width=\"611\" height=\"611\" src=\"https:\/\/www.hg-cooker.com\/wp-content\/uploads\/2024\/10\/Wholesale-Camping-Pressure-Cooker-5.png\" alt=\"Gro\u00dfhandel Camping Schnellkochtopf (5)\" class=\"wp-image-4513\" srcset=\"https:\/\/www.hg-cooker.com\/wp-content\/uploads\/2024\/10\/Wholesale-Camping-Pressure-Cooker-5.png 611w, https:\/\/www.hg-cooker.com\/wp-content\/uploads\/2024\/10\/Wholesale-Camping-Pressure-Cooker-5-150x150.png 150w, https:\/\/www.hg-cooker.com\/wp-content\/uploads\/2024\/10\/Wholesale-Camping-Pressure-Cooker-5-300x300.png 300w, https:\/\/www.hg-cooker.com\/wp-content\/uploads\/2024\/10\/Wholesale-Camping-Pressure-Cooker-5-12x12.png 12w, https:\/\/www.hg-cooker.com\/wp-content\/uploads\/2024\/10\/Wholesale-Camping-Pressure-Cooker-5-285x285.png 285w, https:\/\/www.hg-cooker.com\/wp-content\/uploads\/2024\/10\/Wholesale-Camping-Pressure-Cooker-5-270x270.png 270w, https:\/\/www.hg-cooker.com\/wp-content\/uploads\/2024\/10\/Wholesale-Camping-Pressure-Cooker-5-540x540.png 540w\" sizes=\"(max-width: 611px) 100vw, 611px\" \/><\/figure>\n<\/div>\n<\/div>","protected":false},"excerpt":{"rendered":"<p>Gro\u00dfhandel Camping Schnellkochtopf, erf\u00fcllt es die Koch Bed\u00fcrfnisse der Outdoor-Enthusiasten. Unser Camping-Schnellkochtopf ist kompakt und leicht zu tragen, perfekt f\u00fcr Camping, Wandern und Reisen. Neu: OEM und ODM, kontaktieren Sie uns f\u00fcr ein Angebot.<\/p>\n<h2>Eigenschaften und Vorteile des Camping-Schnellkochtopfs<\/h2>\n<p><strong>Leicht und tragbar:<\/strong> Das Gewicht betr\u00e4gt nur 60% im Vergleich zu gew\u00f6hnlichen Kochern, h\u00e4lt Hochdruckkochen stand, unterst\u00fctzt Gas-, Brennholz- und Induktionskocher und passt sich an verschiedene Campingbedingungen an.<\/p>\n<p><strong>Effizientes Kochen:<\/strong> Der Camping-Schnellkochtopf verf\u00fcgt \u00fcber die beste Konstruktion, die Reis innerhalb von 5 Minuten kochen kann, und ist das beste Werkzeug f\u00fcr das Kochen im Freien.<\/p>\n<p><strong>Sicherheitssystem:<\/strong> Der Camping-Schnellkochtopf verf\u00fcgt \u00fcber eine Reihe von Sicherheitsvorrichtungen, die den Benutzer beim Kochen unter hohem Druck sch\u00fctzen, darunter effiziente Sicherheitsventile und \u00e4u\u00dferst zuverl\u00e4ssige Verriegelungsvorrichtungen.<\/p>\n<p><strong>Anpassungsdienst:<\/strong> Als professioneller Hersteller von Schnellkocht\u00f6pfen bieten wir flexible Anpassungsdienste an, um die unterschiedlichen Bed\u00fcrfnisse von B2B-K\u00e4ufern zu erf\u00fcllen. Dazu geh\u00f6ren Produktgr\u00f6\u00dfe, Erscheinungsbild, funktionale Konfiguration usw.<\/p>","protected":false},"featured_media":4509,"comment_status":"closed","ping_status":"closed","template":"","meta":[],"product_brand":[],"product_cat":[54],"product_tag":[],"class_list":{"0":"post-4508","1":"product","2":"type-product","3":"status-publish","4":"has-post-thumbnail","6":"product_cat-pressure-cooker","8":"first","9":"instock","10":"shipping-taxable","11":"product-type-simple"},"_links":{"self":[{"href":"https:\/\/www.hg-cooker.com\/de\/wp-json\/wp\/v2\/product\/4508","targetHints":{"allow":["GET"]}}],"collection":[{"href":"https:\/\/www.hg-cooker.com\/de\/wp-json\/wp\/v2\/product"}],"about":[{"href":"https:\/\/www.hg-cooker.com\/de\/wp-json\/wp\/v2\/types\/product"}],"replies":[{"embeddable":true,"href":"https:\/\/www.hg-cooker.com\/de\/wp-json\/wp\/v2\/comments?post=4508"}],"wp:featuredmedia":[{"embeddable":true,"href":"https:\/\/www.hg-cooker.com\/de\/wp-json\/wp\/v2\/media\/4509"}],"wp:attachment":[{"href":"https:\/\/www.hg-cooker.com\/de\/wp-json\/wp\/v2\/media?parent=4508"}],"wp:term":[{"taxonomy":"product_brand","embeddable":true,"href":"https:\/\/www.hg-cooker.com\/de\/wp-json\/wp\/v2\/product_brand?post=4508"},{"taxonomy":"product_cat","embeddable":true,"href":"https:\/\/www.hg-cooker.com\/de\/wp-json\/wp\/v2\/product_cat?post=4508"},{"taxonomy":"product_tag","embeddable":true,"href":"https:\/\/www.hg-cooker.com\/de\/wp-json\/wp\/v2\/product_tag?post=4508"}],"curies":[{"name":"wp","href":"https:\/\/api.w.org\/{rel}","templated":true}]}}