{"id":4503,"date":"2025-08-14T08:10:22","date_gmt":"2025-08-14T08:10:22","guid":{"rendered":"https:\/\/www.hg-cooker.com\/?post_type=product&#038;p=4503"},"modified":"2025-11-13T02:25:39","modified_gmt":"2025-11-13T02:25:39","slug":"milchkannchen-aus-edelstahl-im-groshandel-41","status":"publish","type":"product","link":"https:\/\/www.hg-cooker.com\/de\/produkt\/milchkannchen-aus-edelstahl-im-groshandel-41\/","title":{"rendered":"Gro\u00dfhandel Edelstahl Schnellkocht\u00f6pfe,Bulk 4l\uff0c5l\uff0c6l Schnellkochtopf zum Verkauf"},"content":{"rendered":"<div class=\"wp-block-columns is-layout-flex wp-container-core-columns-is-layout-9d6595d7 wp-block-columns-is-layout-flex\">\n<div class=\"wp-block-column is-layout-flow wp-block-column-is-layout-flow\">\n<h2 class=\"wp-block-heading\">Parameter des Schnellkochtopfs<\/h2>\n\n\n\n<p><strong>Produktname<\/strong>: Schnellkochtopf aus Edelstahl<\/p>\n\n\n\n<p><strong>Modellnummer<\/strong>: HGYLG30UX<br><br><strong>Kapazit\u00e4t<\/strong>: 4.0L\/5.0L\/6.0L\/8.0L\/10L\/12L<br><br><strong>Geeigneter Herd<\/strong>: Gasherd \/ Induktionsherd \/ Elektrokeramikkochfeld \/ Elektroherd.<br><\/p>\n<\/div>\n\n\n\n<div class=\"wp-block-column is-layout-flow wp-block-column-is-layout-flow\">\n<h2 class=\"wp-block-heading\">Individuelle Schnellkochtopf-Optionen<\/h2>\n\n\n\n<p><strong>Logo<\/strong>: Gestalten Sie Ihr Markenlogo auf dem Schnellkochtopf und der Verpackung.<br><br><strong>Gr\u00f6\u00dfe<\/strong>: Ma\u00dfgeschneiderte Schnellkochtopfgr\u00f6\u00dfen.<br><br><strong>Verpackung<\/strong>: Karton\/Farbkasten.<br><br><a href=\"https:\/\/www.hg-cooker.com\/de\/custom-solution\/\" data-type=\"page\" data-id=\"2793\" target=\"_blank\" rel=\"noreferrer noopener\"><strong>Entdecken Sie mehr Details zu Schnellkocht\u00f6pfen<\/strong><\/a><\/p>\n<\/div>\n<\/div>\n\n\n\n<div class=\"wp-block-columns is-layout-flex wp-container-core-columns-is-layout-9d6595d7 wp-block-columns-is-layout-flex\">\n<div class=\"wp-block-column is-layout-flow wp-block-column-is-layout-flow\">\n<figure class=\"wp-block-image size-full\"><img fetchpriority=\"high\" decoding=\"async\" width=\"988\" height=\"509\" src=\"https:\/\/www.hg-cooker.com\/wp-content\/uploads\/2024\/10\/stainless-steel-cookware-2.png\" alt=\"Kochgeschirr aus rostfreiem Stahl (2)\" class=\"wp-image-4505\" srcset=\"https:\/\/www.hg-cooker.com\/wp-content\/uploads\/2024\/10\/stainless-steel-cookware-2.png 988w, https:\/\/www.hg-cooker.com\/wp-content\/uploads\/2024\/10\/stainless-steel-cookware-2-150x77.png 150w, https:\/\/www.hg-cooker.com\/wp-content\/uploads\/2024\/10\/stainless-steel-cookware-2-660x340.png 660w, https:\/\/www.hg-cooker.com\/wp-content\/uploads\/2024\/10\/stainless-steel-cookware-2-300x155.png 300w, https:\/\/www.hg-cooker.com\/wp-content\/uploads\/2024\/10\/stainless-steel-cookware-2-768x396.png 768w, https:\/\/www.hg-cooker.com\/wp-content\/uploads\/2024\/10\/stainless-steel-cookware-2-18x9.png 18w, https:\/\/www.hg-cooker.com\/wp-content\/uploads\/2024\/10\/stainless-steel-cookware-2-285x147.png 285w\" sizes=\"(max-width: 988px) 100vw, 988px\" \/><\/figure>\n<\/div>\n<\/div>\n\n\n\n<p><\/p>","protected":false},"excerpt":{"rendered":"<p>Gro\u00dfhandel Edelstahl Schnellkocht\u00f6pfe in verschiedenen Kapazit\u00e4ten einschlie\u00dflich 4L, 5L und 6L, diese Schnellkocht\u00f6pfe sind langlebig, schnell kochen, energieeffizient, und ein vielseitiges Must-Have f\u00fcr jede K\u00fcche. Kontaktieren Sie uns f\u00fcr ein Angebot.<\/p>\n<h2>Merkmale und Vorteile eines Schnellkochtopfs aus Edelstahl<\/h2>\n<p><strong>Breites Spektrum an Anwendungen:<\/strong> Der Gro\u00dfhandel Edelstahl Schnellkochtopf kann auf verschiedene Herde wie Gasherde, Induktionsherde, Elektroherde, elektrische Keramikherde, etc. angewendet werden. Benutzer k\u00f6nnen frei w\u00e4hlen, je nach dem entsprechenden Herd.<\/p>\n<p><strong>Schnelles Kochen:<\/strong> Der Druckgarmodus verk\u00fcrzt die Garzeit erheblich, so dass die N\u00e4hrstoffe erhalten bleiben und die Mahlzeiten schnell zubereitet werden k\u00f6nnen. Helfen Sie vielbesch\u00e4ftigten Familien, in ihrem beschleunigten Leben k\u00f6stliche Mahlzeiten zuzubereiten.<\/p>\n<p><strong>Hohe Temperatur- und Korrosionsbest\u00e4ndigkeit:<\/strong> Der Schnellkochtopf ist aus lebensmittelechtem 304er Edelstahl gefertigt. Die hervorragende Korrosionsbest\u00e4ndigkeit von Edelstahl 304 h\u00e4lt verschiedenen Zutaten stand, einschlie\u00dflich s\u00e4urehaltigen Lebensmitteln wie Tomaten und Essig, und kann lange Zeit verwendet werden.<\/p>\n<p><strong>Vielseitigkeit:<\/strong> Diese Schnellkocht\u00f6pfe sind in drei Gr\u00f6\u00dfen erh\u00e4ltlich: 4L, 5L und 6L, die sich perfekt f\u00fcr die Zubereitung einer Vielzahl von Gerichten eignen, von Suppen und Eint\u00f6pfen bis hin zu Fleisch und Getreide, und die sowohl f\u00fcr kleine als auch gro\u00dfe Familien geeignet sind.<\/p>\n<p><strong>Sechs wichtige Sicherheitssysteme:<\/strong> Dieser Schnellkochtopf verf\u00fcgt \u00fcber Sicherheitsvorrichtungen wie ein Sicherheitsventil, ein Druckbegrenzungsventil, ein Alarmventil usw., so dass sich die Benutzer beim Kochen unter hohem Druck wohler f\u00fchlen k\u00f6nnen.<\/p>","protected":false},"featured_media":4504,"comment_status":"closed","ping_status":"closed","template":"","meta":[],"product_brand":[],"product_cat":[54],"product_tag":[],"class_list":{"0":"post-4503","1":"product","2":"type-product","3":"status-publish","4":"has-post-thumbnail","6":"product_cat-pressure-cooker","8":"first","9":"instock","10":"shipping-taxable","11":"product-type-simple"},"_links":{"self":[{"href":"https:\/\/www.hg-cooker.com\/de\/wp-json\/wp\/v2\/product\/4503","targetHints":{"allow":["GET"]}}],"collection":[{"href":"https:\/\/www.hg-cooker.com\/de\/wp-json\/wp\/v2\/product"}],"about":[{"href":"https:\/\/www.hg-cooker.com\/de\/wp-json\/wp\/v2\/types\/product"}],"replies":[{"embeddable":true,"href":"https:\/\/www.hg-cooker.com\/de\/wp-json\/wp\/v2\/comments?post=4503"}],"wp:featuredmedia":[{"embeddable":true,"href":"https:\/\/www.hg-cooker.com\/de\/wp-json\/wp\/v2\/media\/4504"}],"wp:attachment":[{"href":"https:\/\/www.hg-cooker.com\/de\/wp-json\/wp\/v2\/media?parent=4503"}],"wp:term":[{"taxonomy":"product_brand","embeddable":true,"href":"https:\/\/www.hg-cooker.com\/de\/wp-json\/wp\/v2\/product_brand?post=4503"},{"taxonomy":"product_cat","embeddable":true,"href":"https:\/\/www.hg-cooker.com\/de\/wp-json\/wp\/v2\/product_cat?post=4503"},{"taxonomy":"product_tag","embeddable":true,"href":"https:\/\/www.hg-cooker.com\/de\/wp-json\/wp\/v2\/product_tag?post=4503"}],"curies":[{"name":"wp","href":"https:\/\/api.w.org\/{rel}","templated":true}]}}