{"id":4495,"date":"2025-08-31T07:18:42","date_gmt":"2025-08-31T07:18:42","guid":{"rendered":"https:\/\/www.hg-cooker.com\/?post_type=product&#038;p=4495"},"modified":"2025-09-13T02:26:58","modified_gmt":"2025-09-13T02:26:58","slug":"milchkannchen-aus-edelstahl-im-groshandel-40","status":"publish","type":"product","link":"https:\/\/www.hg-cooker.com\/de\/produkt\/milchkannchen-aus-edelstahl-im-groshandel-40\/","title":{"rendered":"Gro\u00dfhandel langlebig Edelstahl Dampfer T\u00f6pfe f\u00fcr professionelle und private Nutzung"},"content":{"rendered":"<h3 class=\"wp-block-heading\">Parameter von Edelstahl-Dampfkochtopf<\/h3>\n\n\n\n<figure class=\"wp-block-table\"><table class=\"has-fixed-layout\"><tbody><tr><td>&nbsp;Name des Produkts<\/td><td>&nbsp;Verwendung<\/td><td>&nbsp;Farbe<\/td><td>&nbsp;Gr\u00f6\u00dfe<\/td><td>&nbsp;Anmeldung<\/td><td>&nbsp;Funktion<\/td><td>&nbsp;Logo<\/td><td>&nbsp;MOQ<\/td><td>&nbsp;Handgriff<\/td><\/tr><tr><td>&nbsp;26CM Doppelter Bodendampfer<\/td><td>&nbsp;Hausmannskost<\/td><td>&nbsp;Silber<\/td><td>&nbsp;67*55*72 cm<\/td><td>&nbsp;Gewerbliche K\u00fcche<\/td><td>&nbsp;K\u00fcche Verwendung Kochen<\/td><td>&nbsp;Logo anpassen<\/td><td>&nbsp;2000Set<\/td><td>&nbsp;Edelstahl-Griff<\/td><\/tr><\/tbody><\/table><\/figure>\n\n\n\n<div class=\"wp-block-columns is-layout-flex wp-container-core-columns-is-layout-9d6595d7 wp-block-columns-is-layout-flex\">\n<div class=\"wp-block-column is-layout-flow wp-block-column-is-layout-flow\">\n<h3 class=\"wp-block-heading\">Kundenspezifische Optionen f\u00fcr Edelstahl-Dampft\u00f6pfe<\/h3>\n\n\n\n<p><strong>Logo<\/strong>: Gestalten Sie Ihr Markenlogo auf dem Thermokochtopf und der Verpackung.<br><br><strong>Gr\u00f6\u00dfe:<\/strong> Passen Sie den Thermokochtopf in verschiedenen Gr\u00f6\u00dfen an Ihre Bed\u00fcrfnisse an.<br><br><strong>Paket<\/strong>: Karton\/Farbkasten.<br><br><a href=\"https:\/\/www.hg-cooker.com\/de\/custom-solution\/\" data-type=\"page\" data-id=\"2793\" target=\"_blank\" rel=\"noreferrer noopener\"><strong>Mehr Details zu ma\u00dfgefertigten K\u00fcchenger\u00e4ten entdecken<\/strong><\/a>.<\/p>\n<\/div>\n\n\n\n<div class=\"wp-block-column is-layout-flow wp-block-column-is-layout-flow\">\n<figure class=\"wp-block-image size-full\"><img fetchpriority=\"high\" decoding=\"async\" width=\"750\" height=\"750\" src=\"https:\/\/www.hg-cooker.com\/wp-content\/uploads\/2024\/10\/stainless-steel-steamer-pot-5.webp\" alt=\"Dampfkochtopf aus Edelstahl (5)\" class=\"wp-image-4501\" srcset=\"https:\/\/www.hg-cooker.com\/wp-content\/uploads\/2024\/10\/stainless-steel-steamer-pot-5.webp 750w, https:\/\/www.hg-cooker.com\/wp-content\/uploads\/2024\/10\/stainless-steel-steamer-pot-5-150x150.webp 150w, https:\/\/www.hg-cooker.com\/wp-content\/uploads\/2024\/10\/stainless-steel-steamer-pot-5-660x660.webp 660w, https:\/\/www.hg-cooker.com\/wp-content\/uploads\/2024\/10\/stainless-steel-steamer-pot-5-300x300.webp 300w, https:\/\/www.hg-cooker.com\/wp-content\/uploads\/2024\/10\/stainless-steel-steamer-pot-5-12x12.webp 12w, https:\/\/www.hg-cooker.com\/wp-content\/uploads\/2024\/10\/stainless-steel-steamer-pot-5-285x285.webp 285w, https:\/\/www.hg-cooker.com\/wp-content\/uploads\/2024\/10\/stainless-steel-steamer-pot-5-270x270.webp 270w, https:\/\/www.hg-cooker.com\/wp-content\/uploads\/2024\/10\/stainless-steel-steamer-pot-5-540x540.webp 540w\" sizes=\"(max-width: 750px) 100vw, 750px\" \/><\/figure>\n<\/div>\n<\/div>","protected":false},"excerpt":{"rendered":"<p>Gro\u00dfhandel Edelstahl Dampfgarer ist sehr geeignet f\u00fcr kommerzielle und private K\u00fcche verwenden. Hergestellt aus hochwertigem Edelstahl, kann das mehrschichtige Design mehrere Lebensmittel gleichzeitig d\u00e4mpfen und kochen, was die Kocheffizienz verbessert. Wir bieten professionelle OEM &amp; ODM Anpassungsdienste, willkommen, uns zu kontaktieren.<\/p>\n<h3>Eigenschaften und Vorteile von Edelstahl-Dampfkocht\u00f6pfen<\/h3>\n<p><strong>Langlebiges Material:<\/strong> Der Dampftopf ist aus hochwertigem Edelstahl gefertigt, der korrosions- und rostbest\u00e4ndig ist und eine lange Lebensdauer garantiert.<\/p>\n<p><strong>Mehrschichtiges Design:<\/strong> Das 3-Schicht-Stapeldesign kann mehrere Lebensmittel gleichzeitig d\u00e4mpfen und garen und spart so Zeit und Energie.<\/p>\n<p><strong>Gleichm\u00e4\u00dfige Erw\u00e4rmung:<\/strong> Dadurch wurde sichergestellt, dass die Speisen gleichm\u00e4\u00dfig erhitzt wurden, ohne dass es zu lokalen \u00dcberhitzungen kam.<\/p>\n<p><strong>Ergonomischer Griff:<\/strong> Dieser Dampfkochtopf aus Edelstahl verf\u00fcgt \u00fcber einen robusten, hitzebest\u00e4ndigen Griff f\u00fcr sicheres Bewegen und Bedienen bei hohen Temperaturen.<\/p>\n<p><strong>Leicht zu reinigen:<\/strong> Er ist aus rostfreiem Stahl gefertigt und kann sowohl mit der Hand als auch in der Sp\u00fclmaschine gereinigt werden, was die Pflege erleichtert.<\/p>\n<p><strong>Multifunktional:<\/strong> Kann zum D\u00e4mpfen von Gem\u00fcse, Fisch, Kn\u00f6deln und vielen anderen Gerichten verwendet werden. Perfekt f\u00fcr Haushalte und Gro\u00dfk\u00fcchen.<\/p>","protected":false},"featured_media":4497,"comment_status":"closed","ping_status":"closed","template":"","meta":[],"product_brand":[],"product_cat":[52],"product_tag":[],"class_list":{"0":"post-4495","1":"product","2":"type-product","3":"status-publish","4":"has-post-thumbnail","6":"product_cat-stainless-steel-cookware","8":"first","9":"instock","10":"shipping-taxable","11":"product-type-simple"},"_links":{"self":[{"href":"https:\/\/www.hg-cooker.com\/de\/wp-json\/wp\/v2\/product\/4495","targetHints":{"allow":["GET"]}}],"collection":[{"href":"https:\/\/www.hg-cooker.com\/de\/wp-json\/wp\/v2\/product"}],"about":[{"href":"https:\/\/www.hg-cooker.com\/de\/wp-json\/wp\/v2\/types\/product"}],"replies":[{"embeddable":true,"href":"https:\/\/www.hg-cooker.com\/de\/wp-json\/wp\/v2\/comments?post=4495"}],"wp:featuredmedia":[{"embeddable":true,"href":"https:\/\/www.hg-cooker.com\/de\/wp-json\/wp\/v2\/media\/4497"}],"wp:attachment":[{"href":"https:\/\/www.hg-cooker.com\/de\/wp-json\/wp\/v2\/media?parent=4495"}],"wp:term":[{"taxonomy":"product_brand","embeddable":true,"href":"https:\/\/www.hg-cooker.com\/de\/wp-json\/wp\/v2\/product_brand?post=4495"},{"taxonomy":"product_cat","embeddable":true,"href":"https:\/\/www.hg-cooker.com\/de\/wp-json\/wp\/v2\/product_cat?post=4495"},{"taxonomy":"product_tag","embeddable":true,"href":"https:\/\/www.hg-cooker.com\/de\/wp-json\/wp\/v2\/product_tag?post=4495"}],"curies":[{"name":"wp","href":"https:\/\/api.w.org\/{rel}","templated":true}]}}