{"id":4486,"date":"2024-10-30T02:57:31","date_gmt":"2024-10-30T02:57:31","guid":{"rendered":"https:\/\/www.hg-cooker.com\/?post_type=product&#038;p=4486"},"modified":"2024-10-30T07:18:25","modified_gmt":"2024-10-30T07:18:25","slug":"milchkannchen-aus-edelstahl-im-groshandel-39","status":"publish","type":"product","link":"https:\/\/www.hg-cooker.com\/de\/produkt\/milchkannchen-aus-edelstahl-im-groshandel-39\/","title":{"rendered":"Gro\u00dfhandel Thermal Cook Pot: Energieeinsparung und W\u00e4rmeerhaltung"},"content":{"rendered":"<div class=\"wp-block-columns is-layout-flex wp-container-core-columns-is-layout-9d6595d7 wp-block-columns-is-layout-flex\">\n<div class=\"wp-block-column is-layout-flow wp-block-column-is-layout-flow\">\n<h2 class=\"wp-block-heading\">Parameter des Thermokochtopfes<\/h2>\n\n\n\n<p><strong>Produktname<\/strong>: Thermischer Kochtopf<br><br><strong>Stil<\/strong>: Edelstahl-Innenwand \/ Antihaft-Innenwand<br><br><strong>Kapazit\u00e4t<\/strong>: 4.5L\/7.0L<br><br><strong>Geeigneter Herd<\/strong>: Gasherd \/ Induktionsherd \/ Elektrokeramikkochfeld \/ Elektroherd.<br><\/p>\n<\/div>\n\n\n\n<div class=\"wp-block-column is-layout-flow wp-block-column-is-layout-flow\">\n<h2 class=\"wp-block-heading\">Kundenspezifische Optionen f\u00fcr Thermokocht\u00f6pfe<\/h2>\n\n\n\n<p><strong>Logo<\/strong>: Gestalten Sie Ihr Markenlogo auf dem Thermokochtopf und der Verpackung.<br><br><strong>Gr\u00f6\u00dfe:<\/strong> Passen Sie den Thermokochtopf in verschiedenen Gr\u00f6\u00dfen an Ihre Bed\u00fcrfnisse an.<br><br><strong>Paket<\/strong>: Karton\/Farbkasten.<br><br><a href=\"https:\/\/www.hg-cooker.com\/de\/custom-solution\/\" data-type=\"page\" data-id=\"2793\" target=\"_blank\" rel=\"noreferrer noopener\"><strong>Mehr Details zu ma\u00dfgefertigten K\u00fcchenger\u00e4ten entdecken<\/strong><\/a><\/p>\n<\/div>\n<\/div>\n\n\n\n<figure class=\"wp-block-image size-full\"><img fetchpriority=\"high\" decoding=\"async\" width=\"1104\" height=\"634\" src=\"https:\/\/www.hg-cooker.com\/wp-content\/uploads\/2024\/10\/Thermal-Cook-Pot-Style-Options.png\" alt=\"Thermische Kochtopf-Stiloptionen\" class=\"wp-image-4491\" srcset=\"https:\/\/www.hg-cooker.com\/wp-content\/uploads\/2024\/10\/Thermal-Cook-Pot-Style-Options.png 1104w, https:\/\/www.hg-cooker.com\/wp-content\/uploads\/2024\/10\/Thermal-Cook-Pot-Style-Options-150x86.png 150w, https:\/\/www.hg-cooker.com\/wp-content\/uploads\/2024\/10\/Thermal-Cook-Pot-Style-Options-660x379.png 660w, https:\/\/www.hg-cooker.com\/wp-content\/uploads\/2024\/10\/Thermal-Cook-Pot-Style-Options-300x172.png 300w, https:\/\/www.hg-cooker.com\/wp-content\/uploads\/2024\/10\/Thermal-Cook-Pot-Style-Options-768x441.png 768w, https:\/\/www.hg-cooker.com\/wp-content\/uploads\/2024\/10\/Thermal-Cook-Pot-Style-Options-18x10.png 18w, https:\/\/www.hg-cooker.com\/wp-content\/uploads\/2024\/10\/Thermal-Cook-Pot-Style-Options-285x164.png 285w\" sizes=\"(max-width: 1104px) 100vw, 1104px\" \/><\/figure>\n\n\n\n<figure class=\"wp-block-image size-full\"><img decoding=\"async\" width=\"1500\" height=\"665\" src=\"https:\/\/www.hg-cooker.com\/wp-content\/uploads\/2024\/10\/Suitable-stoves-for-Thermal-Cook-Pot.png\" alt=\"Geeignete Herde f\u00fcr Thermal Cook Pot\" class=\"wp-image-4487\" srcset=\"https:\/\/www.hg-cooker.com\/wp-content\/uploads\/2024\/10\/Suitable-stoves-for-Thermal-Cook-Pot.png 1500w, https:\/\/www.hg-cooker.com\/wp-content\/uploads\/2024\/10\/Suitable-stoves-for-Thermal-Cook-Pot-150x67.png 150w, https:\/\/www.hg-cooker.com\/wp-content\/uploads\/2024\/10\/Suitable-stoves-for-Thermal-Cook-Pot-660x293.png 660w, https:\/\/www.hg-cooker.com\/wp-content\/uploads\/2024\/10\/Suitable-stoves-for-Thermal-Cook-Pot-300x133.png 300w, https:\/\/www.hg-cooker.com\/wp-content\/uploads\/2024\/10\/Suitable-stoves-for-Thermal-Cook-Pot-768x340.png 768w, https:\/\/www.hg-cooker.com\/wp-content\/uploads\/2024\/10\/Suitable-stoves-for-Thermal-Cook-Pot-18x8.png 18w, https:\/\/www.hg-cooker.com\/wp-content\/uploads\/2024\/10\/Suitable-stoves-for-Thermal-Cook-Pot-285x126.png 285w\" sizes=\"(max-width: 1500px) 100vw, 1500px\" \/><\/figure>\n\n\n\n<p><\/p>","protected":false},"excerpt":{"rendered":"<p>Gro\u00dfhandel thermischen Kochtopf, bieten wir eine Vielzahl von Stilen und Kapazit\u00e4ten der thermischen Kochtopf auf unterschiedliche Bed\u00fcrfnisse des Marktes zu erf\u00fcllen. Dieser Thermotopf kann die W\u00e4rme bis zu zehn Stunden lang halten. W\u00e4hlen Sie unsere thermischen Topf, um Sie mit effizienten und energiesparenden Kochl\u00f6sungen bieten.<\/p>\n<h3>Eigenschaften und Vorteile von Thermal Cook Pot<\/h3>\n<p><strong>Energieeinsparung und Leistungseinsparung:<\/strong> Der innere Topf muss nicht st\u00e4ndig erhitzt werden, es gen\u00fcgt, ihn 10 Minuten lang zu erhitzen, dann wird er in den \u00e4u\u00dferen Topf gestellt und 40 Minuten lang weiter erhitzt, was den Energieverbrauch erheblich reduziert.<\/p>\n<p><strong>Effiziente W\u00e4rmeerhaltung:<\/strong> Der \u00e4u\u00dfere Topf des Thermokochtopfes besteht aus einem effizienten W\u00e4rmed\u00e4mmungsmaterial, das die W\u00e4rme lange halten kann. Die Warmhaltezeit betr\u00e4gt bis zu 10 Stunden, wodurch die Temperatur und der Geschmack der Speisen erhalten bleiben.<\/p>\n<p><strong>Einfache Bedienung:<\/strong> Es sind nur zwei Schritte erforderlich: Geben Sie es direkt nach dem Erhitzen in den \u00e4u\u00dferen Topf, ohne komplizierte Kochschritte, geeignet f\u00fcr viel besch\u00e4ftigte Familien.<\/p>\n<p><strong>Multifunktionale Anwendung:<\/strong> Der Thermokochtopf eignet sich zum Kochen von Suppe, Brei, Eintopf und anderen Speisen und kann nicht nur in der heimischen K\u00fcche, sondern auch bei Picknicks und beim Camping im Freien verwendet werden.<\/p>\n<p><strong>Gro\u00dfhandelsservice:<\/strong> Hengguang bietet Gro\u00dfhandel thermischen Kochtopf Service, um sicherzustellen, dass Sie qualitativ hochwertige Produkte zu den wettbewerbsf\u00e4higsten Preis zu bekommen.<\/p>","protected":false},"featured_media":4492,"comment_status":"closed","ping_status":"closed","template":"","meta":[],"product_brand":[],"product_cat":[50],"product_tag":[],"class_list":{"0":"post-4486","1":"product","2":"type-product","3":"status-publish","4":"has-post-thumbnail","6":"product_cat-vacuum-thermal-cooker","8":"first","9":"instock","10":"shipping-taxable","11":"product-type-simple"},"_links":{"self":[{"href":"https:\/\/www.hg-cooker.com\/de\/wp-json\/wp\/v2\/product\/4486","targetHints":{"allow":["GET"]}}],"collection":[{"href":"https:\/\/www.hg-cooker.com\/de\/wp-json\/wp\/v2\/product"}],"about":[{"href":"https:\/\/www.hg-cooker.com\/de\/wp-json\/wp\/v2\/types\/product"}],"replies":[{"embeddable":true,"href":"https:\/\/www.hg-cooker.com\/de\/wp-json\/wp\/v2\/comments?post=4486"}],"wp:featuredmedia":[{"embeddable":true,"href":"https:\/\/www.hg-cooker.com\/de\/wp-json\/wp\/v2\/media\/4492"}],"wp:attachment":[{"href":"https:\/\/www.hg-cooker.com\/de\/wp-json\/wp\/v2\/media?parent=4486"}],"wp:term":[{"taxonomy":"product_brand","embeddable":true,"href":"https:\/\/www.hg-cooker.com\/de\/wp-json\/wp\/v2\/product_brand?post=4486"},{"taxonomy":"product_cat","embeddable":true,"href":"https:\/\/www.hg-cooker.com\/de\/wp-json\/wp\/v2\/product_cat?post=4486"},{"taxonomy":"product_tag","embeddable":true,"href":"https:\/\/www.hg-cooker.com\/de\/wp-json\/wp\/v2\/product_tag?post=4486"}],"curies":[{"name":"wp","href":"https:\/\/api.w.org\/{rel}","templated":true}]}}