{"id":4452,"date":"2024-09-29T06:46:05","date_gmt":"2024-09-29T06:46:05","guid":{"rendered":"https:\/\/www.hg-cooker.com\/?post_type=product&#038;p=4452"},"modified":"2026-04-20T09:18:06","modified_gmt":"2026-04-20T09:18:06","slug":"milchkannchen-aus-edelstahl-im-groshandel-38","status":"publish","type":"product","link":"https:\/\/www.hg-cooker.com\/de\/produkt\/milchkannchen-aus-edelstahl-im-groshandel-38\/","title":{"rendered":"Gro\u00dfhandel Effiziente Mini Schnellkochtopf, Unterst\u00fctzung OEM und ODM - HG Schnellkochtopf Hersteller"},"content":{"rendered":"<div class=\"wp-block-columns is-layout-flex wp-container-core-columns-is-layout-9d6595d7 wp-block-columns-is-layout-flex\">\n<div class=\"wp-block-column is-layout-flow wp-block-column-is-layout-flow\">\n<h3 class=\"wp-block-heading\">Parameter des Mini-Schnellkochtopfs<\/h3>\n\n\n\n<figure class=\"wp-block-table\"><table class=\"has-fixed-layout\"><tbody><tr><td>Produktname<\/td><td>Material<\/td><td>Stil<\/td><td>Kapazit\u00e4t<\/td><td>Geeigneter Herd<\/td><\/tr><tr><td>Mini-Schnellkochtopf<\/td><td>304# Edelstahl (Deckel) + Dreischicht-Edelstahl (Topfk\u00f6rper)<\/td><td>Rostfreier Stahl \/ Antihaftbeschichtung<\/td><td>0.8L \/ 1.2L \/ 1.6L \/ 2.0L \/ 2.5L \/ 3.0L \/ 3.5L \/ 4.0L<\/td><td>Gasherd \/ Offene Flamme \/ Induktionsherd<\/td><\/tr><\/tbody><\/table><\/figure>\n\n\n\n<h3 class=\"wp-block-heading\">Benutzerdefinierte Mini-Schnellkochtopf-Optionen<\/h3>\n\n\n\n<p><strong>Logo<\/strong>: Gestalten Sie Ihr Markenlogo auf dem Mini-Schnellkochtopf und der Verpackung.<br><br><strong>Beschichtung<\/strong>: Antihaftbeschichtung \/ Edelstahl <br><br><strong>Gr\u00f6\u00dfe<\/strong>: Passen Sie verschiedene Gr\u00f6\u00dfen von Mini-Schnellkochtopf nach Ihren Bed\u00fcrfnissen.<br><br><strong>Paket<\/strong>: Karton\/Farbkasten.<br><br><a href=\"https:\/\/www.hg-cooker.com\/de\/custom-solution\/\" data-type=\"page\" data-id=\"2793\" target=\"_blank\" rel=\"noreferrer noopener\"><strong>Erfahren Sie mehr \u00fcber ma\u00dfgeschneiderte L\u00f6sungen f\u00fcr Mini-Schnellkocht\u00f6pfe.<\/strong><\/a><\/p>\n<\/div>\n<\/div>\n\n\n\n<div class=\"wp-block-columns is-layout-flex wp-container-core-columns-is-layout-9d6595d7 wp-block-columns-is-layout-flex\">\n<div class=\"wp-block-column is-layout-flow wp-block-column-is-layout-flow\">\n<figure class=\"wp-block-image size-full\"><img fetchpriority=\"high\" decoding=\"async\" width=\"790\" height=\"1090\" src=\"https:\/\/www.hg-cooker.com\/wp-content\/uploads\/2024\/09\/Mini-pressure-cooker-detail.webp\" alt=\"Mini-Schnellkochtopf Detail\" class=\"wp-image-4454\" srcset=\"https:\/\/www.hg-cooker.com\/wp-content\/uploads\/2024\/09\/Mini-pressure-cooker-detail.webp 790w, https:\/\/www.hg-cooker.com\/wp-content\/uploads\/2024\/09\/Mini-pressure-cooker-detail-109x150.webp 109w, https:\/\/www.hg-cooker.com\/wp-content\/uploads\/2024\/09\/Mini-pressure-cooker-detail-478x660.webp 478w, https:\/\/www.hg-cooker.com\/wp-content\/uploads\/2024\/09\/Mini-pressure-cooker-detail-217x300.webp 217w, https:\/\/www.hg-cooker.com\/wp-content\/uploads\/2024\/09\/Mini-pressure-cooker-detail-768x1060.webp 768w, https:\/\/www.hg-cooker.com\/wp-content\/uploads\/2024\/09\/Mini-pressure-cooker-detail-9x12.webp 9w, https:\/\/www.hg-cooker.com\/wp-content\/uploads\/2024\/09\/Mini-pressure-cooker-detail-285x393.webp 285w\" sizes=\"(max-width: 790px) 100vw, 790px\" \/><\/figure>\n<\/div>\n\n\n\n<div class=\"wp-block-column is-layout-flow wp-block-column-is-layout-flow\">\n<figure class=\"wp-block-image size-full\"><img decoding=\"async\" width=\"790\" height=\"1094\" src=\"https:\/\/www.hg-cooker.com\/wp-content\/uploads\/2024\/09\/Mini-pressure-cooker-detail-2.webp\" alt=\"Mini-Schnellkochtopf Detail 2\" class=\"wp-image-4453\" srcset=\"https:\/\/www.hg-cooker.com\/wp-content\/uploads\/2024\/09\/Mini-pressure-cooker-detail-2.webp 790w, https:\/\/www.hg-cooker.com\/wp-content\/uploads\/2024\/09\/Mini-pressure-cooker-detail-2-108x150.webp 108w, https:\/\/www.hg-cooker.com\/wp-content\/uploads\/2024\/09\/Mini-pressure-cooker-detail-2-477x660.webp 477w, https:\/\/www.hg-cooker.com\/wp-content\/uploads\/2024\/09\/Mini-pressure-cooker-detail-2-217x300.webp 217w, https:\/\/www.hg-cooker.com\/wp-content\/uploads\/2024\/09\/Mini-pressure-cooker-detail-2-768x1064.webp 768w, https:\/\/www.hg-cooker.com\/wp-content\/uploads\/2024\/09\/Mini-pressure-cooker-detail-2-9x12.webp 9w, https:\/\/www.hg-cooker.com\/wp-content\/uploads\/2024\/09\/Mini-pressure-cooker-detail-2-285x395.webp 285w\" sizes=\"(max-width: 790px) 100vw, 790px\" \/><\/figure>\n<\/div>\n<\/div>","protected":false},"excerpt":{"rendered":"<p>Gro\u00dfhandel Mini-Schnellkochtopf, seine kompakte Gr\u00f6\u00dfe macht es perfekt f\u00fcr kleine K\u00fcche oder Camping, kann leicht mit verschiedenen Kochen Bed\u00fcrfnisse zu bew\u00e4ltigen. Mit super Kochleistung, kann Reis in 5 Minuten gekocht werden. Wir unterst\u00fctzen OEM und ODM, willkommen B2B K\u00e4ufer, uns zu kontaktieren.<\/p>\n<h2>Eigenschaften und Vorteile des Mini-Schnellkochtopfs<\/h2>\n<div>\n<p><strong>Kompaktes Design:<\/strong> Unser Mini-Schnellkochtopf wurde in einem kleinen Design f\u00fcr K\u00fcchen, Wohnheime oder Campingfreunde mit wenig Platz entwickelt.<\/p>\n<p><strong>Effizientes Kochen:<\/strong> Dank seiner hervorragenden W\u00e4rmeleitf\u00e4higkeit und der Hochdrucktechnologie kann dieser Mini-Schnellkochtopf den Innendruck schnell erh\u00f6hen und die Kochzeit erheblich verk\u00fcrzen.<\/p>\n<p><strong>Sicherheitsleistung:<\/strong> Dieser Mini-Schnellkochtopf ist mit mehreren Sicherheitsventilen und Sicherheitsverschl\u00fcssen ausgestattet, um die Sicherheit beim Kochen unter hohem Druck zu gew\u00e4hrleisten.<\/p>\n<p><strong>Langlebiges Material:<\/strong> Der Mini-Schnellkochtopf ist aus hochwertigem Edelstahl mit hervorragender Korrosions- und Oxidationsbest\u00e4ndigkeit gefertigt.<\/p>\n<p><strong>Vielf\u00e4ltige Anpassungsm\u00f6glichkeiten:<\/strong> Wir bieten zahlreiche Anpassungsm\u00f6glichkeiten, einschlie\u00dflich kundenspezifischer Schnellkochtopf-Kapazit\u00e4t, Gr\u00f6\u00dfe und Verpackung, um Ihren eigenen Marken-Schnellkochtopf zu kreieren.<\/p>\n<\/div>","protected":false},"featured_media":7033,"comment_status":"closed","ping_status":"closed","template":"","meta":[],"product_brand":[],"product_cat":[49],"product_tag":[],"class_list":{"0":"post-4452","1":"product","2":"type-product","3":"status-publish","4":"has-post-thumbnail","6":"product_cat-mini-pressure-cooker","8":"first","9":"instock","10":"shipping-taxable","11":"product-type-simple"},"_links":{"self":[{"href":"https:\/\/www.hg-cooker.com\/de\/wp-json\/wp\/v2\/product\/4452","targetHints":{"allow":["GET"]}}],"collection":[{"href":"https:\/\/www.hg-cooker.com\/de\/wp-json\/wp\/v2\/product"}],"about":[{"href":"https:\/\/www.hg-cooker.com\/de\/wp-json\/wp\/v2\/types\/product"}],"replies":[{"embeddable":true,"href":"https:\/\/www.hg-cooker.com\/de\/wp-json\/wp\/v2\/comments?post=4452"}],"wp:featuredmedia":[{"embeddable":true,"href":"https:\/\/www.hg-cooker.com\/de\/wp-json\/wp\/v2\/media\/7033"}],"wp:attachment":[{"href":"https:\/\/www.hg-cooker.com\/de\/wp-json\/wp\/v2\/media?parent=4452"}],"wp:term":[{"taxonomy":"product_brand","embeddable":true,"href":"https:\/\/www.hg-cooker.com\/de\/wp-json\/wp\/v2\/product_brand?post=4452"},{"taxonomy":"product_cat","embeddable":true,"href":"https:\/\/www.hg-cooker.com\/de\/wp-json\/wp\/v2\/product_cat?post=4452"},{"taxonomy":"product_tag","embeddable":true,"href":"https:\/\/www.hg-cooker.com\/de\/wp-json\/wp\/v2\/product_tag?post=4452"}],"curies":[{"name":"wp","href":"https:\/\/api.w.org\/{rel}","templated":true}]}}