{"id":4440,"date":"2025-09-09T01:53:29","date_gmt":"2025-09-09T01:53:29","guid":{"rendered":"https:\/\/www.hg-cooker.com\/?post_type=product&#038;p=4440"},"modified":"2025-09-13T01:38:06","modified_gmt":"2025-09-13T01:38:06","slug":"milchkannchen-aus-edelstahl-im-groshandel-37","status":"publish","type":"product","link":"https:\/\/www.hg-cooker.com\/de\/produkt\/milchkannchen-aus-edelstahl-im-groshandel-37\/","title":{"rendered":"Gro\u00dfhandel Tri-Ply Edelstahl Kochgeschirr Set 3 St\u00fcck, einschlie\u00dflich Suppentopf, Milchtopf, Stock Topf"},"content":{"rendered":"<div class=\"wp-block-columns is-layout-flex wp-container-core-columns-is-layout-9d6595d7 wp-block-columns-is-layout-flex\">\n<div class=\"wp-block-column is-layout-flow wp-block-column-is-layout-flow\">\n<h3 class=\"wp-block-heading\">Parameter des Tri Ply Kochgeschirrsets<\/h3>\n\n\n\n<figure class=\"wp-block-table\"><table class=\"has-fixed-layout\"><tbody><tr><td>Produktname<\/td><td>Edelstahl-Kochgeschirr-Set (Suppentopf, Milchtopf, Suppentopf)<\/td><\/tr><tr><td>Material<\/td><td>304 Edelstahl und dreilagiger Edelstahl-Verbundwerkstoff<\/td><\/tr><tr><td>Geeigneter Herd<\/td><td>Strahlungsherd, Halogenofen, Gasherd, Induktionsherd<\/td><\/tr><\/tbody><\/table><\/figure>\n<\/div>\n<\/div>\n\n\n\n<h3 class=\"wp-block-heading\">Ma\u00dfgeschneiderte Kochgeschirr-Optionen<\/h3>\n\n\n\n<figure class=\"wp-block-table\"><table class=\"has-fixed-layout\"><tbody><tr><td>Benutzerdefinierte Optionen<\/td><td>Einzelheiten<\/td><\/tr><tr><td>Logo<\/td><td>Gestalten Sie Ihr Markenlogo auf Produkt und Verpackung.<\/td><\/tr><tr><td>Material<\/td><td>Dreifach-Edelstahl\/304-Edelstahl\/316-Edelstahl<\/td><\/tr><tr><td>Beschichtung<\/td><td>Antihaftbeschichtung\/Honeycomb Physikalische Antihaftbeschichtung\/Edelstahl (keine Beschichtung)<\/td><\/tr><tr><td>Gr\u00f6\u00dfe<\/td><td>Ma\u00dfgeschneiderte Kochgeschirrgr\u00f6\u00dfen<\/td><\/tr><tr><td>Verpackung<\/td><td>Karton, Farbkasten<\/td><\/tr><\/tbody><\/table><\/figure>\n\n\n\n<div class=\"wp-block-columns is-layout-flex wp-container-core-columns-is-layout-9d6595d7 wp-block-columns-is-layout-flex\">\n<div class=\"wp-block-column is-layout-flow wp-block-column-is-layout-flow\">\n<figure class=\"wp-block-image size-full\"><img fetchpriority=\"high\" decoding=\"async\" width=\"790\" height=\"1000\" src=\"https:\/\/www.hg-cooker.com\/wp-content\/uploads\/2024\/09\/Soup-Pot-and-Stock-Pot-Dimensions.jpg\" alt=\"Abmessungen von Suppentopf und Suppentopf\" class=\"wp-image-4444\" srcset=\"https:\/\/www.hg-cooker.com\/wp-content\/uploads\/2024\/09\/Soup-Pot-and-Stock-Pot-Dimensions.jpg 790w, https:\/\/www.hg-cooker.com\/wp-content\/uploads\/2024\/09\/Soup-Pot-and-Stock-Pot-Dimensions-119x150.jpg 119w, https:\/\/www.hg-cooker.com\/wp-content\/uploads\/2024\/09\/Soup-Pot-and-Stock-Pot-Dimensions-521x660.jpg 521w, https:\/\/www.hg-cooker.com\/wp-content\/uploads\/2024\/09\/Soup-Pot-and-Stock-Pot-Dimensions-237x300.jpg 237w, https:\/\/www.hg-cooker.com\/wp-content\/uploads\/2024\/09\/Soup-Pot-and-Stock-Pot-Dimensions-768x972.jpg 768w, https:\/\/www.hg-cooker.com\/wp-content\/uploads\/2024\/09\/Soup-Pot-and-Stock-Pot-Dimensions-9x12.jpg 9w, https:\/\/www.hg-cooker.com\/wp-content\/uploads\/2024\/09\/Soup-Pot-and-Stock-Pot-Dimensions-285x361.jpg 285w\" sizes=\"(max-width: 790px) 100vw, 790px\" \/><\/figure>\n<\/div>\n\n\n\n<div class=\"wp-block-column is-layout-flow wp-block-column-is-layout-flow\">\n<figure class=\"wp-block-image size-full\"><img decoding=\"async\" width=\"790\" height=\"1000\" src=\"https:\/\/www.hg-cooker.com\/wp-content\/uploads\/2024\/09\/Milk-Pot-Dimensions-and-Parameters.jpg\" alt=\"Abmessungen und Parameter des Milchtopfes\" class=\"wp-image-4443\" srcset=\"https:\/\/www.hg-cooker.com\/wp-content\/uploads\/2024\/09\/Milk-Pot-Dimensions-and-Parameters.jpg 790w, https:\/\/www.hg-cooker.com\/wp-content\/uploads\/2024\/09\/Milk-Pot-Dimensions-and-Parameters-119x150.jpg 119w, https:\/\/www.hg-cooker.com\/wp-content\/uploads\/2024\/09\/Milk-Pot-Dimensions-and-Parameters-521x660.jpg 521w, https:\/\/www.hg-cooker.com\/wp-content\/uploads\/2024\/09\/Milk-Pot-Dimensions-and-Parameters-237x300.jpg 237w, https:\/\/www.hg-cooker.com\/wp-content\/uploads\/2024\/09\/Milk-Pot-Dimensions-and-Parameters-768x972.jpg 768w, https:\/\/www.hg-cooker.com\/wp-content\/uploads\/2024\/09\/Milk-Pot-Dimensions-and-Parameters-9x12.jpg 9w, https:\/\/www.hg-cooker.com\/wp-content\/uploads\/2024\/09\/Milk-Pot-Dimensions-and-Parameters-285x361.jpg 285w\" sizes=\"(max-width: 790px) 100vw, 790px\" \/><\/figure>\n<\/div>\n<\/div>","protected":false},"excerpt":{"rendered":"<p>Gro\u00dfhandel Dreischicht-Edelstahl-Kochgeschirr-Set, das Kochgeschirr-Set enth\u00e4lt einen Suppentopf, einen Milchtopf und einen Suppentopf. Der Boden des Kochgeschirrs besteht aus dreilagigem Edelstahl, der eine bessere Heizwirkung und eine gleichm\u00e4\u00dfigere W\u00e4rmeverteilung hat, geeignet f\u00fcr Gro\u00dfk\u00fcchen und den Hausgebrauch.<\/p>\n<p>Als Hersteller von Kochgeschirr bieten wir Gro\u00dfhandelspreise an. Willkommen, uns zu kontaktieren.<\/p>\n<h2>Eigenschaften und Vorteile des Tri-Ply-Edelstahl-Kochgeschirrsets\u00a0<\/h2>\n<div>\n<p><strong>Einfach zu bedienen:<\/strong> Unsere Kochgeschirr-Sets sind mit stabilen Griffen ausgestattet, die sicherer und bequemer in der Handhabung sind. Jeder Topf hat einen transparenten Glasdeckel, der nicht nur bequem ist, um den Kochvorgang der Speisen zu beobachten, sondern auch W\u00e4rme und Feuchtigkeit effektiv einschlie\u00dft.<\/p>\n<p><strong>Umweltfreundlich und sicher:<\/strong> Hengguang-Kochgeschirr wird aus hochwertigem Edelstahl hergestellt. Edelstahl ist ein ungiftiges Material mit sehr guter Stabilit\u00e4t, enth\u00e4lt kein PFOA und ist sehr langlebig. Es hat eine lange Lebensdauer.<\/p>\n<p><strong>Dreifacher Boden aus rostfreiem Stahl:<\/strong> Der Boden des Kochers ist mit einer innovativen Dreifach-Schlagverbindungstechnik ausgestattet, bei der eine Aluminiumschicht mit hervorragender W\u00e4rmeleitf\u00e4higkeit zwischen zwei Edelstahlschichten eingearbeitet wird, so dass die Speisen w\u00e4hrend des Kochvorgangs gleichm\u00e4\u00dfig erhitzt werden k\u00f6nnen.<\/p>\n<p><strong>Breite Kompatibilit\u00e4t:<\/strong> Unsere Kocher sind f\u00fcr alle W\u00e4rmequellen geeignet, einschlie\u00dflich Induktionsherde, Gasherde, Glasherde und Keramikherde. Ganz gleich, mit welchem Ger\u00e4t Ihre K\u00fcche ausgestattet ist, Sie k\u00f6nnen es problemlos verwenden.<\/p>\n<p><strong>Gro\u00dfhandelsservice:<\/strong> Wir bieten flexible Gro\u00dfhandelsdienstleistungen f\u00fcr Kochgeschirr an, um den Bed\u00fcrfnissen verschiedener Kunden gerecht zu werden, egal ob es sich um kleine Unternehmen oder gro\u00dfe Einzelh\u00e4ndler handelt. Unser Team sorgt f\u00fcr eine effiziente Lieferung und einen qualitativ hochwertigen Kundendienst, damit Sie sich einen Wettbewerbsvorteil auf dem Markt verschaffen k\u00f6nnen.<\/p>\n<p><strong>Ma\u00dfgeschneiderte L\u00f6sungen:<\/strong> Als professioneller Kochgeschirrhersteller bieten wir B2B-K\u00e4ufern ma\u00dfgeschneiderte L\u00f6sungen aus einer Hand, die Produktdesign, Verpackungsdesign usw. umfassen. Willkommen, uns zu kontaktieren.<\/p>\n<\/div>","protected":false},"featured_media":4446,"comment_status":"closed","ping_status":"closed","template":"","meta":[],"product_brand":[],"product_cat":[52],"product_tag":[],"class_list":{"0":"post-4440","1":"product","2":"type-product","3":"status-publish","4":"has-post-thumbnail","6":"product_cat-stainless-steel-cookware","8":"first","9":"instock","10":"shipping-taxable","11":"product-type-simple"},"_links":{"self":[{"href":"https:\/\/www.hg-cooker.com\/de\/wp-json\/wp\/v2\/product\/4440","targetHints":{"allow":["GET"]}}],"collection":[{"href":"https:\/\/www.hg-cooker.com\/de\/wp-json\/wp\/v2\/product"}],"about":[{"href":"https:\/\/www.hg-cooker.com\/de\/wp-json\/wp\/v2\/types\/product"}],"replies":[{"embeddable":true,"href":"https:\/\/www.hg-cooker.com\/de\/wp-json\/wp\/v2\/comments?post=4440"}],"wp:featuredmedia":[{"embeddable":true,"href":"https:\/\/www.hg-cooker.com\/de\/wp-json\/wp\/v2\/media\/4446"}],"wp:attachment":[{"href":"https:\/\/www.hg-cooker.com\/de\/wp-json\/wp\/v2\/media?parent=4440"}],"wp:term":[{"taxonomy":"product_brand","embeddable":true,"href":"https:\/\/www.hg-cooker.com\/de\/wp-json\/wp\/v2\/product_brand?post=4440"},{"taxonomy":"product_cat","embeddable":true,"href":"https:\/\/www.hg-cooker.com\/de\/wp-json\/wp\/v2\/product_cat?post=4440"},{"taxonomy":"product_tag","embeddable":true,"href":"https:\/\/www.hg-cooker.com\/de\/wp-json\/wp\/v2\/product_tag?post=4440"}],"curies":[{"name":"wp","href":"https:\/\/api.w.org\/{rel}","templated":true}]}}