{"id":4432,"date":"2025-09-01T05:13:29","date_gmt":"2025-09-01T05:13:29","guid":{"rendered":"https:\/\/www.hg-cooker.com\/?post_type=product&#038;p=4432"},"modified":"2025-09-13T02:08:42","modified_gmt":"2025-09-13T02:08:42","slug":"milchkannchen-aus-edelstahl-im-groshandel-36","status":"publish","type":"product","link":"https:\/\/www.hg-cooker.com\/de\/produkt\/milchkannchen-aus-edelstahl-im-groshandel-36\/","title":{"rendered":"Gro\u00dfhandel Non-Stick Kochgeschirr Set, einschlie\u00dflich Wok, Bratpfanne und Milchtopf"},"content":{"rendered":"<div class=\"wp-block-columns is-layout-flex wp-container-core-columns-is-layout-9d6595d7 wp-block-columns-is-layout-flex\">\n<div class=\"wp-block-column is-layout-flow wp-block-column-is-layout-flow\">\n<h3 class=\"wp-block-heading\">Parameter des Antihaft-Kochgeschirr-Sets<\/h3>\n\n\n\n<figure class=\"wp-block-table\"><table class=\"has-fixed-layout\"><tbody><tr><td>Produktname<\/td><td>Antihaft-Kochgeschirr-Set aus Edelstahl (Suppentopf + Milchtopf)<\/td><\/tr><tr><td>Produkt Material<\/td><td>304 Edelstahl und dreilagiger Edelstahl-Verbundwerkstoff<\/td><\/tr><tr><td>Suppentopf<\/td><td>20cm \/ 22cm \/ 24cm \/ 26cm<\/td><\/tr><tr><td>Milchtopf<\/td><td>14cm \/ 16cm \/ 18cm<\/td><\/tr><tr><td>Wok<\/td><td>32cm<\/td><\/tr><tr><td>Geeigneter Herd<\/td><td>Strahlungsherd \/ Halogenofen \/ Gasherd \/ Induktionsherd<\/td><\/tr><\/tbody><\/table><\/figure>\n\n\n\n<h3 class=\"wp-block-heading\">Ma\u00dfgeschneiderte Kochgeschirr-Optionen<\/h3>\n\n\n\n<figure class=\"wp-block-table\"><table class=\"has-fixed-layout\"><tbody><tr><td>Individuelle Kochgeschirr-Optionen<\/td><td>Einzelheiten<\/td><\/tr><tr><td>Logo<\/td><td>Gestalten Sie Ihr Markenlogo auf Kochgeschirr und Verpackungen<\/td><\/tr><tr><td>Material<\/td><td>Dreilagiger Edelstahl \/ Edelstahl 304 \/ Edelstahl 316<\/td><\/tr><tr><td>Beschichtung<\/td><td>Physikalische Antihaftbeschichtung in Wabenform \/ Edelstahl (ohne Beschichtung)<\/td><\/tr><tr><td>Gr\u00f6\u00dfe<\/td><td>Ma\u00dfgeschneiderte Kochgeschirrgr\u00f6\u00dfen<\/td><\/tr><tr><td>Paket<\/td><td>Karton \/ Farbkasten<\/td><\/tr><\/tbody><\/table><\/figure>\n\n\n\n<p class=\"has-medium-font-size\"><\/p>\n<\/div>\n<\/div>\n\n\n\n<div class=\"wp-block-columns is-layout-flex wp-container-core-columns-is-layout-9d6595d7 wp-block-columns-is-layout-flex\">\n<div class=\"wp-block-column is-layout-flow wp-block-column-is-layout-flow\">\n<figure class=\"wp-block-image size-full\"><img fetchpriority=\"high\" decoding=\"async\" width=\"790\" height=\"1240\" src=\"https:\/\/www.hg-cooker.com\/wp-content\/uploads\/2024\/09\/Non-stick-Cookware-Set-Details-1.png\" alt=\"Antihaft-Kochgeschirr-Set Details (1)\" class=\"wp-image-4589\" srcset=\"https:\/\/www.hg-cooker.com\/wp-content\/uploads\/2024\/09\/Non-stick-Cookware-Set-Details-1.png 790w, https:\/\/www.hg-cooker.com\/wp-content\/uploads\/2024\/09\/Non-stick-Cookware-Set-Details-1-96x150.png 96w, https:\/\/www.hg-cooker.com\/wp-content\/uploads\/2024\/09\/Non-stick-Cookware-Set-Details-1-420x660.png 420w, https:\/\/www.hg-cooker.com\/wp-content\/uploads\/2024\/09\/Non-stick-Cookware-Set-Details-1-191x300.png 191w, https:\/\/www.hg-cooker.com\/wp-content\/uploads\/2024\/09\/Non-stick-Cookware-Set-Details-1-768x1205.png 768w, https:\/\/www.hg-cooker.com\/wp-content\/uploads\/2024\/09\/Non-stick-Cookware-Set-Details-1-8x12.png 8w, https:\/\/www.hg-cooker.com\/wp-content\/uploads\/2024\/09\/Non-stick-Cookware-Set-Details-1-285x447.png 285w\" sizes=\"(max-width: 790px) 100vw, 790px\" \/><\/figure>\n<\/div>\n\n\n\n<div class=\"wp-block-column is-layout-flow wp-block-column-is-layout-flow\">\n<figure class=\"wp-block-image size-full\"><img decoding=\"async\" width=\"790\" height=\"1240\" src=\"https:\/\/www.hg-cooker.com\/wp-content\/uploads\/2024\/09\/Non-stick-Cookware-Set-Details-2.png\" alt=\"Antihaft-Kochgeschirr-Set Details (2)\" class=\"wp-image-4590\" srcset=\"https:\/\/www.hg-cooker.com\/wp-content\/uploads\/2024\/09\/Non-stick-Cookware-Set-Details-2.png 790w, https:\/\/www.hg-cooker.com\/wp-content\/uploads\/2024\/09\/Non-stick-Cookware-Set-Details-2-96x150.png 96w, https:\/\/www.hg-cooker.com\/wp-content\/uploads\/2024\/09\/Non-stick-Cookware-Set-Details-2-420x660.png 420w, https:\/\/www.hg-cooker.com\/wp-content\/uploads\/2024\/09\/Non-stick-Cookware-Set-Details-2-191x300.png 191w, https:\/\/www.hg-cooker.com\/wp-content\/uploads\/2024\/09\/Non-stick-Cookware-Set-Details-2-768x1205.png 768w, https:\/\/www.hg-cooker.com\/wp-content\/uploads\/2024\/09\/Non-stick-Cookware-Set-Details-2-8x12.png 8w, https:\/\/www.hg-cooker.com\/wp-content\/uploads\/2024\/09\/Non-stick-Cookware-Set-Details-2-285x447.png 285w\" sizes=\"(max-width: 790px) 100vw, 790px\" \/><\/figure>\n<\/div>\n<\/div>\n\n\n\n<div class=\"wp-block-columns is-layout-flex wp-container-core-columns-is-layout-9d6595d7 wp-block-columns-is-layout-flex\">\n<div class=\"wp-block-column is-layout-flow wp-block-column-is-layout-flow\"><\/div>\n\n\n\n<div class=\"wp-block-column is-layout-flow wp-block-column-is-layout-flow\"><\/div>\n<\/div>","protected":false},"excerpt":{"rendered":"<p>Das 3-teilige Waben-Antihaft-Kochgeschirr-Set f\u00fcr den Gro\u00dfhandel, bestehend aus einer Bratpfanne, einer Milchpfanne und einem Wok, erf\u00fcllt alle grundlegenden Kochbed\u00fcrfnisse der Familie.<\/p>\n<p>Der Topfk\u00f6rper ist aus dreifach rostfreiem Stahl gefertigt, hat eine robuste Struktur und gew\u00e4hrleistet eine gleichm\u00e4\u00dfige W\u00e4rmeverteilung. Er ist f\u00fcr alle Herdarten geeignet und erf\u00fcllt die Kochbed\u00fcrfnisse der verschiedenen K\u00fcchen. Kontaktieren Sie uns f\u00fcr ein Angebot.<\/p>\n<h3>Eigenschaften des Honeycomb Antihaft-Kochgeschirr-Sets\u00a0<\/h3>\n<div>\n<p><strong>Vollst\u00e4ndige Spezifikationen:<\/strong> Dieses antihaftbeschichtete Kochgeschirrset ist in verschiedenen Ausf\u00fchrungen erh\u00e4ltlich, darunter Suppent\u00f6pfe (20 cm\/22 cm\/24 cm\/26 cm), Milcht\u00f6pfe (14 cm\/16 cm\/18 cm) und Woks (32 cm), um den Bed\u00fcrfnissen der verschiedenen Benutzer gerecht zu werden.<\/p>\n<p><strong>Geeignet f\u00fcr eine Vielzahl von \u00d6fen:<\/strong> Das Kochgeschirr besteht aus dreischichtigem Edelstahl und eignet sich f\u00fcr eine Vielzahl von Herdarten, darunter Induktionsherde, Gasherde und Ceranfelder, was die Flexibilit\u00e4t beim Kochen deutlich erh\u00f6ht.<\/p>\n<p><strong>Abdeckung aus geh\u00e4rtetem Glas:<\/strong> Das antihaftbeschichtete Kochgeschirr ist mit einem bruchsicheren und explosionssicheren Deckel aus geh\u00e4rtetem Glas ausgestattet, der f\u00fcr h\u00e4ufig genutzte Gro\u00dfk\u00fcchen besser geeignet ist.<\/p>\n<p><strong>Gesundes Kochen:<\/strong> Mit seiner hervorragenden Antihaftwirkung kann es den Einsatz von \u00d6l wirksam reduzieren, beim Kochen von fettarmen und gesunden Speisen helfen und ist f\u00fcr Menschen geeignet, die auf eine gesunde Ern\u00e4hrung achten.<\/p>\n<p><strong>OEM&amp;ODM-Dienstleistung:<\/strong> Der Kochgeschirrhersteller Hengguang bietet OEM&amp;ODM-Unterst\u00fctzung an, um den Kunden zu helfen, die individuellen Anforderungen an hochwertiges Kochgeschirr zu erf\u00fcllen.<\/p>\n<\/div>","protected":false},"featured_media":4593,"comment_status":"closed","ping_status":"closed","template":"","meta":[],"product_brand":[],"product_cat":[52],"product_tag":[],"class_list":{"0":"post-4432","1":"product","2":"type-product","3":"status-publish","4":"has-post-thumbnail","6":"product_cat-stainless-steel-cookware","8":"first","9":"instock","10":"shipping-taxable","11":"product-type-simple"},"_links":{"self":[{"href":"https:\/\/www.hg-cooker.com\/de\/wp-json\/wp\/v2\/product\/4432","targetHints":{"allow":["GET"]}}],"collection":[{"href":"https:\/\/www.hg-cooker.com\/de\/wp-json\/wp\/v2\/product"}],"about":[{"href":"https:\/\/www.hg-cooker.com\/de\/wp-json\/wp\/v2\/types\/product"}],"replies":[{"embeddable":true,"href":"https:\/\/www.hg-cooker.com\/de\/wp-json\/wp\/v2\/comments?post=4432"}],"wp:featuredmedia":[{"embeddable":true,"href":"https:\/\/www.hg-cooker.com\/de\/wp-json\/wp\/v2\/media\/4593"}],"wp:attachment":[{"href":"https:\/\/www.hg-cooker.com\/de\/wp-json\/wp\/v2\/media?parent=4432"}],"wp:term":[{"taxonomy":"product_brand","embeddable":true,"href":"https:\/\/www.hg-cooker.com\/de\/wp-json\/wp\/v2\/product_brand?post=4432"},{"taxonomy":"product_cat","embeddable":true,"href":"https:\/\/www.hg-cooker.com\/de\/wp-json\/wp\/v2\/product_cat?post=4432"},{"taxonomy":"product_tag","embeddable":true,"href":"https:\/\/www.hg-cooker.com\/de\/wp-json\/wp\/v2\/product_tag?post=4432"}],"curies":[{"name":"wp","href":"https:\/\/api.w.org\/{rel}","templated":true}]}}