{"id":4422,"date":"2025-05-06T08:20:23","date_gmt":"2025-05-06T08:20:23","guid":{"rendered":"https:\/\/www.hg-cooker.com\/?post_type=product&#038;p=4422"},"modified":"2025-11-13T02:31:31","modified_gmt":"2025-11-13T02:31:31","slug":"milchkannchen-aus-edelstahl-im-groshandel-35","status":"publish","type":"product","link":"https:\/\/www.hg-cooker.com\/de\/produkt\/milchkannchen-aus-edelstahl-im-groshandel-35\/","title":{"rendered":"Gro\u00dfhandel Tri Ply Edelstahl Rohmaterial, Tri Ply Clad Material"},"content":{"rendered":"<div class=\"wp-block-columns is-layout-flex wp-container-core-columns-is-layout-9d6595d7 wp-block-columns-is-layout-flex\">\n<div class=\"wp-block-column is-layout-flow wp-block-column-is-layout-flow\">\n<h2 class=\"wp-block-heading\">Parameter von dreilagigem Edelstahl-Rohmaterial<\/h2>\n\n\n\n<p><strong>Produktname<\/strong>Dreilagiges Rohmaterial aus Edelstahl<\/p>\n\n\n\n<p><strong>Material des Produkts<\/strong>304\/316-Edelstahl + Aluminium+430-Edelstahl<br><br><strong>Optionale Produktdicke<\/strong>:<br>1.8mm\/2.0mm\/2.2mm\/2.5mm\/3.0mm<\/p>\n\n\n\n<p><strong>Produktformen<\/strong>:kreisf\u00f6rmig \/ speziell geformt<\/p>\n\n\n\n<p><strong>Optionale Gr\u00f6\u00dfe des Produkts<\/strong>:<br>Die Kreisgr\u00f6\u00dfe kann 250mm-500mm betragen. <br>Sonderformate k\u00f6nnen 900 mm lang sein.<\/p>\n<\/div>\n\n\n\n<div class=\"wp-block-column is-layout-flow wp-block-column-is-layout-flow\">\n<h2 class=\"wp-block-heading\">Anpassbare dreilagige Edelstahl-Rohstoffoptionen<\/h2>\n\n\n\n<p><strong>Muster<\/strong>:Passen Sie alle Arten von Mustern auf dem dreilagigen Edelstahl an.<br><br><strong>Material<\/strong>:304\/316 Edelstahl + Aluminium + 430 Edelstahl<br><br><strong>Gr\u00f6\u00dfe<\/strong>:Passen Sie die verschiedenen Gr\u00f6\u00dfen des dreilagigen Edelstahls an.<br><br><strong>Formen<\/strong>:Runde Platten \/ Jede Sonderform<br><br><strong>MOQ<\/strong>:1000 St\u00fcck<\/p>\n\n\n\n<p><a href=\"https:\/\/www.hg-cooker.com\/de\/dreilagige-scheiben-aus-rostfreiem-stahl\/\" data-type=\"link\" data-id=\"https:\/\/www.hg-cooker.com\/tri-ply-stainless-steel-discs\/\" target=\"_blank\" rel=\"noreferrer noopener\"><strong>Entdecken Sie weitere anpassbare Optionen aus dreilagigem Edelstahl<\/strong><\/a><\/p>\n<\/div>\n<\/div>\n\n\n\n<div class=\"wp-block-columns is-layout-flex wp-container-core-columns-is-layout-9d6595d7 wp-block-columns-is-layout-flex\">\n<div class=\"wp-block-column is-layout-flow wp-block-column-is-layout-flow\">\n<figure class=\"wp-block-image size-full\"><img fetchpriority=\"high\" decoding=\"async\" width=\"530\" height=\"530\" src=\"https:\/\/www.hg-cooker.com\/wp-content\/uploads\/2024\/09\/tri-ply-stainless-steel-raw-material-3.png\" alt=\"dreilagig-rostfreier-Stahl-Rohstoff (3)\" class=\"wp-image-4429\" srcset=\"https:\/\/www.hg-cooker.com\/wp-content\/uploads\/2024\/09\/tri-ply-stainless-steel-raw-material-3.png 530w, https:\/\/www.hg-cooker.com\/wp-content\/uploads\/2024\/09\/tri-ply-stainless-steel-raw-material-3-150x150.png 150w, https:\/\/www.hg-cooker.com\/wp-content\/uploads\/2024\/09\/tri-ply-stainless-steel-raw-material-3-300x300.png 300w, https:\/\/www.hg-cooker.com\/wp-content\/uploads\/2024\/09\/tri-ply-stainless-steel-raw-material-3-12x12.png 12w, https:\/\/www.hg-cooker.com\/wp-content\/uploads\/2024\/09\/tri-ply-stainless-steel-raw-material-3-285x285.png 285w, https:\/\/www.hg-cooker.com\/wp-content\/uploads\/2024\/09\/tri-ply-stainless-steel-raw-material-3-270x270.png 270w\" sizes=\"(max-width: 530px) 100vw, 530px\" \/><\/figure>\n<\/div>\n\n\n\n<div class=\"wp-block-column is-layout-flow wp-block-column-is-layout-flow\">\n<figure class=\"wp-block-image size-full\"><img decoding=\"async\" width=\"540\" height=\"540\" src=\"https:\/\/www.hg-cooker.com\/wp-content\/uploads\/2024\/09\/tri-ply-stainless-steel-raw-material-4.png\" alt=\"dreilagig-rostfreier-Stahl-Rohstoff (4)\" class=\"wp-image-4430\" srcset=\"https:\/\/www.hg-cooker.com\/wp-content\/uploads\/2024\/09\/tri-ply-stainless-steel-raw-material-4.png 540w, https:\/\/www.hg-cooker.com\/wp-content\/uploads\/2024\/09\/tri-ply-stainless-steel-raw-material-4-150x150.png 150w, https:\/\/www.hg-cooker.com\/wp-content\/uploads\/2024\/09\/tri-ply-stainless-steel-raw-material-4-300x300.png 300w, https:\/\/www.hg-cooker.com\/wp-content\/uploads\/2024\/09\/tri-ply-stainless-steel-raw-material-4-12x12.png 12w, https:\/\/www.hg-cooker.com\/wp-content\/uploads\/2024\/09\/tri-ply-stainless-steel-raw-material-4-285x285.png 285w, https:\/\/www.hg-cooker.com\/wp-content\/uploads\/2024\/09\/tri-ply-stainless-steel-raw-material-4-270x270.png 270w\" sizes=\"(max-width: 540px) 100vw, 540px\" \/><\/figure>\n<\/div>\n<\/div>\n\n\n\n<div class=\"wp-block-columns is-layout-flex wp-container-core-columns-is-layout-9d6595d7 wp-block-columns-is-layout-flex\">\n<div class=\"wp-block-column is-layout-flow wp-block-column-is-layout-flow\"><\/div>\n\n\n\n<div class=\"wp-block-column is-layout-flow wp-block-column-is-layout-flow\"><\/div>\n<\/div>","protected":false},"excerpt":{"rendered":"<p>Gro\u00dfhandel dreifach Edelstahl-Rohstoffe. Die innere Schicht besteht aus Aluminium, das zwischen zwei Schichten aus rostfreiem Stahl eingebettet ist. Dieses Material hat eine hervorragende W\u00e4rmeleitf\u00e4higkeit, Haltbarkeit und Korrosionsbest\u00e4ndigkeit. Es wird in vielen Bereichen eingesetzt und ist ein wichtiger Rohstoff f\u00fcr die Herstellung von hochwertigem Koch- und Tafelgeschirr. Auch im industriellen Bereich spielt es eine wichtige Rolle. Bei der Herstellung einiger chemischer Ausr\u00fcstungen mit extrem hohen Anforderungen an das Material bietet die hervorragende Leistung von dreifach rostfreiem Stahl eine starke Garantie f\u00fcr die Sicherheit und Stabilit\u00e4t der Produktion. Als Hersteller von Rohstoffen aus dreifach rostfreiem Stahl bieten wir hochwertige Rohstoffe aus dreifach rostfreiem Stahl und unterst\u00fctzen die Anpassung an Kundenw\u00fcnsche. Bitte kontaktieren Sie uns B2B, um weitere Kooperationsm\u00f6glichkeiten zu erkunden!<\/p>\n<h3>Merkmale und Vorteile von dreilagigen Edelstahlscheiben<\/h3>\n<p><strong>Ausgezeichnete W\u00e4rmeleitf\u00e4higkeit<\/strong>: Die Aluminiumschicht in der Mitte der dreifach rostfreien Materialien sorgt f\u00fcr eine gleichm\u00e4\u00dfige W\u00e4rmeverteilung und eine bessere Heizwirkung. Bei der Herstellung von Kochgeschirr kann es das Kochen effizienter machen und Energie sparen.<\/p>\n<p><strong>Ausgezeichnete Haltbarkeit<\/strong>In Bezug auf die Haltbarkeit ist unser dreifach rostfreier Stahl extrem gut. Er h\u00e4lt intensiver Nutzung und verschiedenen rauen Umgebungen stand und ist nicht leicht zu verformen, zu verschlei\u00dfen oder zu besch\u00e4digen. Auch nach langem Gebrauch beh\u00e4lt er sein gutes Aussehen und seine Leistungsf\u00e4higkeit und bietet Ihnen einen dauerhaften Wert.<\/p>\n<p><strong>Breites Spektrum von Anwendungen<\/strong>Dreifach rostfreier Stahl wird h\u00e4ufig bei der Herstellung von Kochgeschirr, in der Industrie und bei der Herstellung von medizinischen Ger\u00e4ten verwendet. Es ist ein ausgezeichnetes Material.<\/p>\n<p><strong>Genaue Gr\u00f6\u00dfe<\/strong>: Unser Herstellungsverfahren erm\u00f6glicht eine genaue Kontrolle der Gr\u00f6\u00dfe und Dicke der Scheibe und gew\u00e4hrleistet, dass jedes Produkt den Normen in Bezug auf Gewicht, Dicke und Ebenheit entspricht.<\/p>\n<p><strong>Ma\u00dfgeschneiderte L\u00f6sungen<\/strong>: Als Hersteller von dreifachem rostfreiem Stahl bieten wir kundenspezifische Unterst\u00fctzung f\u00fcr Kunden, Muster, Formen, Gr\u00f6\u00dfen und Dicken k\u00f6nnen angepasst werden.<\/p>\n<div><a href=\"https:\/\/www.hg-cooker.com\/de\/produkt\/milchkannchen-aus-edelstahl-im-groshandel-14\/\" target=\"_blank\" rel=\"noopener\"><strong>Erfahren Sie mehr \u00fcber dreilagiges Edelstahlmaterial.<\/strong><\/a><\/div>","protected":false},"featured_media":4425,"comment_status":"closed","ping_status":"closed","template":"","meta":[],"product_brand":[],"product_cat":[53],"product_tag":[],"class_list":{"0":"post-4422","1":"product","2":"type-product","3":"status-publish","4":"has-post-thumbnail","6":"product_cat-tri-ply-stainless-steel-discs","8":"first","9":"instock","10":"shipping-taxable","11":"product-type-simple"},"_links":{"self":[{"href":"https:\/\/www.hg-cooker.com\/de\/wp-json\/wp\/v2\/product\/4422","targetHints":{"allow":["GET"]}}],"collection":[{"href":"https:\/\/www.hg-cooker.com\/de\/wp-json\/wp\/v2\/product"}],"about":[{"href":"https:\/\/www.hg-cooker.com\/de\/wp-json\/wp\/v2\/types\/product"}],"replies":[{"embeddable":true,"href":"https:\/\/www.hg-cooker.com\/de\/wp-json\/wp\/v2\/comments?post=4422"}],"wp:featuredmedia":[{"embeddable":true,"href":"https:\/\/www.hg-cooker.com\/de\/wp-json\/wp\/v2\/media\/4425"}],"wp:attachment":[{"href":"https:\/\/www.hg-cooker.com\/de\/wp-json\/wp\/v2\/media?parent=4422"}],"wp:term":[{"taxonomy":"product_brand","embeddable":true,"href":"https:\/\/www.hg-cooker.com\/de\/wp-json\/wp\/v2\/product_brand?post=4422"},{"taxonomy":"product_cat","embeddable":true,"href":"https:\/\/www.hg-cooker.com\/de\/wp-json\/wp\/v2\/product_cat?post=4422"},{"taxonomy":"product_tag","embeddable":true,"href":"https:\/\/www.hg-cooker.com\/de\/wp-json\/wp\/v2\/product_tag?post=4422"}],"curies":[{"name":"wp","href":"https:\/\/api.w.org\/{rel}","templated":true}]}}