{"id":4416,"date":"2025-09-11T07:26:22","date_gmt":"2025-09-11T07:26:22","guid":{"rendered":"https:\/\/www.hg-cooker.com\/?post_type=product&#038;p=4416"},"modified":"2026-04-10T09:54:36","modified_gmt":"2026-04-10T09:54:36","slug":"milchkannchen-aus-edelstahl-im-groshandel-34","status":"publish","type":"product","link":"https:\/\/www.hg-cooker.com\/de\/produkt\/milchkannchen-aus-edelstahl-im-groshandel-34\/","title":{"rendered":"Gro\u00dfhandel Mini Schnellkochtopf f\u00fcr schnelle Mahlzeit Vorbereitung, perfekt f\u00fcr Indoor-und Outdoor-Kochen."},"content":{"rendered":"<div class=\"wp-block-columns is-layout-flex wp-container-core-columns-is-layout-9d6595d7 wp-block-columns-is-layout-flex\">\n<div class=\"wp-block-column is-layout-flow wp-block-column-is-layout-flow\">\n<h2 class=\"wp-block-heading\">Parameter des Mini-Schnellkochtopfs<\/h2>\n\n\n\n<p><strong>Produktname<\/strong>: Mini-Schnellkochtopf aus Edelstahl<br><br><strong>Material des Produkts<\/strong>: 304#Edelstahl (Deckel) + dreilagiger Edelstahl (Topfk\u00f6rper) <br><br><strong>Stil<\/strong>: Edelstahl-Innenwand \/ Antihaft-Innenwand<br><br><strong>Kapazit\u00e4t<\/strong>: 0.8L\/1.2L\/1.6L\/2.0L\/2.5L\/3.0L\/3.5L\/4.0L<br><br><strong>Geeigneter Herd<\/strong>: Der Mini-Schnellkochtopf unterst\u00fctzt Gasherd\/offene Flamme\/Induktionsherd.<br><\/p>\n<\/div>\n\n\n\n<div class=\"wp-block-column is-layout-flow wp-block-column-is-layout-flow\">\n<h2 class=\"wp-block-heading\">Benutzerdefinierte Mini-Schnellkochtopf-Optionen<\/h2>\n\n\n\n<p><strong>Logo<\/strong>: Gestalten Sie Ihr Markenlogo auf dem Mini-Schnellkochtopf und der Verpackung.<br><br><strong>Beschichtung<\/strong>: Antihaftbeschichtung \/ Edelstahl <br><br><strong>Gr\u00f6\u00dfe<\/strong>: Passen Sie verschiedene Gr\u00f6\u00dfen von Mini-Schnellkochtopf nach Ihren Bed\u00fcrfnissen.<br><br><strong>Paket<\/strong>: Karton\/Farbkasten.<br><br><a href=\"https:\/\/www.hg-cooker.com\/de\/custom-solution\/\" data-type=\"page\" data-id=\"2793\" target=\"_blank\" rel=\"noreferrer noopener\"><strong>Mehr Details zum Mini-Purecooker erkunden<\/strong><\/a><\/p>\n<\/div>\n<\/div>\n\n\n\n<div class=\"wp-block-columns is-layout-flex wp-container-core-columns-is-layout-9d6595d7 wp-block-columns-is-layout-flex\">\n<div class=\"wp-block-column is-layout-flow wp-block-column-is-layout-flow\">\n<figure class=\"wp-block-image size-full\"><img fetchpriority=\"high\" decoding=\"async\" width=\"790\" height=\"1007\" src=\"https:\/\/www.hg-cooker.com\/wp-content\/uploads\/2024\/07\/large-capacity-mini-pressure-cooker-detail4.webp\" alt=\"Mini-Schnellkochtopf mit gro\u00dfem Fassungsverm\u00f6gen Detail\" class=\"wp-image-4005\" srcset=\"https:\/\/www.hg-cooker.com\/wp-content\/uploads\/2024\/07\/large-capacity-mini-pressure-cooker-detail4.webp 790w, https:\/\/www.hg-cooker.com\/wp-content\/uploads\/2024\/07\/large-capacity-mini-pressure-cooker-detail4-118x150.webp 118w, https:\/\/www.hg-cooker.com\/wp-content\/uploads\/2024\/07\/large-capacity-mini-pressure-cooker-detail4-518x660.webp 518w, https:\/\/www.hg-cooker.com\/wp-content\/uploads\/2024\/07\/large-capacity-mini-pressure-cooker-detail4-235x300.webp 235w, https:\/\/www.hg-cooker.com\/wp-content\/uploads\/2024\/07\/large-capacity-mini-pressure-cooker-detail4-768x979.webp 768w, https:\/\/www.hg-cooker.com\/wp-content\/uploads\/2024\/07\/large-capacity-mini-pressure-cooker-detail4-9x12.webp 9w, https:\/\/www.hg-cooker.com\/wp-content\/uploads\/2024\/07\/large-capacity-mini-pressure-cooker-detail4-285x363.webp 285w\" sizes=\"(max-width: 790px) 100vw, 790px\" \/><\/figure>\n<\/div>\n\n\n\n<div class=\"wp-block-column is-layout-flow wp-block-column-is-layout-flow\">\n<figure class=\"wp-block-image size-full\"><img decoding=\"async\" width=\"789\" height=\"1000\" src=\"https:\/\/www.hg-cooker.com\/wp-content\/uploads\/2024\/09\/Mini-pressure-cooker-parameter-0.81.2L1.6L2.0L.png\" alt=\"Mini-Schnellkochtopf Parameter 0.8,1.2L1.6L,2.0L\" class=\"wp-image-4417\" srcset=\"https:\/\/www.hg-cooker.com\/wp-content\/uploads\/2024\/09\/Mini-pressure-cooker-parameter-0.81.2L1.6L2.0L.png 789w, https:\/\/www.hg-cooker.com\/wp-content\/uploads\/2024\/09\/Mini-pressure-cooker-parameter-0.81.2L1.6L2.0L-118x150.png 118w, https:\/\/www.hg-cooker.com\/wp-content\/uploads\/2024\/09\/Mini-pressure-cooker-parameter-0.81.2L1.6L2.0L-521x660.png 521w, https:\/\/www.hg-cooker.com\/wp-content\/uploads\/2024\/09\/Mini-pressure-cooker-parameter-0.81.2L1.6L2.0L-237x300.png 237w, https:\/\/www.hg-cooker.com\/wp-content\/uploads\/2024\/09\/Mini-pressure-cooker-parameter-0.81.2L1.6L2.0L-768x973.png 768w, https:\/\/www.hg-cooker.com\/wp-content\/uploads\/2024\/09\/Mini-pressure-cooker-parameter-0.81.2L1.6L2.0L-9x12.png 9w, https:\/\/www.hg-cooker.com\/wp-content\/uploads\/2024\/09\/Mini-pressure-cooker-parameter-0.81.2L1.6L2.0L-285x361.png 285w\" sizes=\"(max-width: 789px) 100vw, 789px\" \/><\/figure>\n<\/div>\n<\/div>","protected":false},"excerpt":{"rendered":"<p>Gro\u00dfhandel Mini-Schnellkochtopf. Dieser Mini-Schnellkochtopf kann schnelles Kochen erreichen, kocht Reis in nur 5 Minuten, spart Zeit, ausgestattet mit einem fortschrittlichen Druckkontrollsystem, so dass Sie leicht k\u00f6stliche Gerichte zu machen. Willkommen Distributoren, Gro\u00dfh\u00e4ndler, B2B-K\u00e4ufer, uns zu kontaktieren, um zu kaufen.<\/p>\n<h2>Eigenschaften und Vorteile des Mini-Schnellkochtopfs<\/h2>\n<div>\n<p><strong>Platzsparend:<\/strong> Das kleinste Modell des Mini-Schnellkochtopfs hat ein Fassungsverm\u00f6gen von 0,8 Litern und eignet sich f\u00fcr begrenzten Raum. Vor allem in kleinen K\u00fcchen oder im Freien Reisen, Camping und andere Szenen.<\/p>\n<p><strong>Unbeschichtet und beschichtet:<\/strong> Wir bieten zwei Arten von Mini-Schnellkocht\u00f6pfen an: unbeschichtete und beschichtete. Der beschichtete Mini-Schnellkochtopf verf\u00fcgt \u00fcber eine lebensmittelechte, nanobeschichtete Keramik-Innenwand, hat eine hervorragende Antihaftwirkung und ist sehr sicher.<\/p>\n<p><strong>Mehrere Kapazit\u00e4ten:<\/strong> Wir bieten 7 Mini-Schnellkocht\u00f6pfe mit einem Fassungsverm\u00f6gen von 0,8 l, 1,2 l, 1,6 l, 2,0 l, 2,5 l, 3,5 l und 4,0 l an, um den Bed\u00fcrfnissen verschiedener Personen und Familien gerecht zu werden. Der 4,0-Liter-Schnellkochtopf kann den Bedarf von 7-8 Personen decken. Die Mini-Schnellkocht\u00f6pfe mit einem Fassungsverm\u00f6gen von 0,8 l und 1,2 l sind eher f\u00fcr Singles und kleine Familien geeignet.<\/p>\n<p><strong>Schnelles Kochen:<\/strong> Der Mini-Schnellkochtopf nutzt die Hochdrucktechnologie, die die Kochzeit von Lebensmitteln w\u00e4hrend des Kochvorgangs erheblich verk\u00fcrzen kann. Mit dem Mini-Schnellkochtopf dauert es nur 5 Minuten, Reis zu kochen.<\/p>\n<p><strong>Gro\u00dfhandelsservice:<\/strong> Wir bieten Gro\u00dfhandel Mini-Schnellkocht\u00f6pfe und bieten professionelle OEM-und ODM-Dienstleistungen. Von der Anpassung, Produktion bis zum Transport, Hengguang Schnellkochtopf Fabrik bietet Ihnen die volle Unterst\u00fctzung.<\/p>\n<\/div>","protected":false},"featured_media":7025,"comment_status":"closed","ping_status":"closed","template":"","meta":[],"product_brand":[],"product_cat":[49],"product_tag":[],"class_list":{"0":"post-4416","1":"product","2":"type-product","3":"status-publish","4":"has-post-thumbnail","6":"product_cat-mini-pressure-cooker","8":"first","9":"instock","10":"shipping-taxable","11":"product-type-simple"},"_links":{"self":[{"href":"https:\/\/www.hg-cooker.com\/de\/wp-json\/wp\/v2\/product\/4416","targetHints":{"allow":["GET"]}}],"collection":[{"href":"https:\/\/www.hg-cooker.com\/de\/wp-json\/wp\/v2\/product"}],"about":[{"href":"https:\/\/www.hg-cooker.com\/de\/wp-json\/wp\/v2\/types\/product"}],"replies":[{"embeddable":true,"href":"https:\/\/www.hg-cooker.com\/de\/wp-json\/wp\/v2\/comments?post=4416"}],"wp:featuredmedia":[{"embeddable":true,"href":"https:\/\/www.hg-cooker.com\/de\/wp-json\/wp\/v2\/media\/7025"}],"wp:attachment":[{"href":"https:\/\/www.hg-cooker.com\/de\/wp-json\/wp\/v2\/media?parent=4416"}],"wp:term":[{"taxonomy":"product_brand","embeddable":true,"href":"https:\/\/www.hg-cooker.com\/de\/wp-json\/wp\/v2\/product_brand?post=4416"},{"taxonomy":"product_cat","embeddable":true,"href":"https:\/\/www.hg-cooker.com\/de\/wp-json\/wp\/v2\/product_cat?post=4416"},{"taxonomy":"product_tag","embeddable":true,"href":"https:\/\/www.hg-cooker.com\/de\/wp-json\/wp\/v2\/product_tag?post=4416"}],"curies":[{"name":"wp","href":"https:\/\/api.w.org\/{rel}","templated":true}]}}