{"id":4353,"date":"2024-08-30T09:31:40","date_gmt":"2024-08-30T09:31:40","guid":{"rendered":"https:\/\/www.hg-cooker.com\/?post_type=product&#038;p=4353"},"modified":"2024-08-30T10:16:00","modified_gmt":"2024-08-30T10:16:00","slug":"milchkannchen-aus-edelstahl-im-groshandel-33","status":"publish","type":"product","link":"https:\/\/www.hg-cooker.com\/de\/produkt\/milchkannchen-aus-edelstahl-im-groshandel-33\/","title":{"rendered":"Edelstahl Bento Box Gro\u00dfhandel Fabrikpreis Ideal f\u00fcr Schulen, Distributoren und Gro\u00dfh\u00e4ndlern"},"content":{"rendered":"<div class=\"wp-block-columns is-layout-flex wp-container-core-columns-is-layout-9d6595d7 wp-block-columns-is-layout-flex\">\n<div class=\"wp-block-column is-layout-flow wp-block-column-is-layout-flow\">\n<h3 class=\"wp-block-heading\">Parameter von Bento-Boxen aus Edelstahl<\/h3>\n\n\n\n<figure class=\"wp-block-table\"><table class=\"has-fixed-layout\"><tbody><tr><td>Ort der Herkunft<\/td><td>Markenname<\/td><td>Typ<\/td><td>Name des Produkts<\/td><td>Verpacken<\/td><td>Klasse<\/td><td>Farbe<\/td><td>Form<\/td><td>Freundlich<\/td><td>Gr\u00f6\u00dfe<\/td><td>Beschreibung<\/td><td>Kustodie<\/td><td>Details zur Verpackung<\/td><\/tr><tr><td>China<\/td><td>Hengguang<\/td><td>Brotdose<\/td><td>Auslaufsichere Lunchbox<\/td><td>Farbkasten<\/td><td>Lebensmittelqualit\u00e4t<\/td><td>Silber<\/td><td>Rechteck<\/td><td>2 Komponenten, 3 Komponenten<\/td><td>klein, mittel, gro\u00df<\/td><td>Umweltschonend<\/td><td>Verf\u00fcgbar<\/td><td>Plastikfolienbeutel pro St\u00fcck, dann verpackt in einer farbigen Schachtel und weitere Mengen f\u00fcr den Exportkarton.<\/td><\/tr><\/tbody><\/table><\/figure>\n<\/div>\n<\/div>\n\n\n\n<div class=\"wp-block-columns is-layout-flex wp-container-core-columns-is-layout-9d6595d7 wp-block-columns-is-layout-flex\">\n<div class=\"wp-block-column is-layout-flow wp-block-column-is-layout-flow\">\n<h3 class=\"wp-block-heading\">Kundenspezifische Bento-Box<\/h3>\n\n\n\n<p><strong>Logo<\/strong>: Gestalten Sie Ihr Markenlogo auf Bento-Box und Verpackung.<br><br><strong>Gr\u00f6\u00dfe<\/strong>: Wir k\u00f6nnen Bento-Box in verschiedenen Gr\u00f6\u00dfen nach Ihren Bed\u00fcrfnissen anpassen.<br><br><strong>Paket<\/strong>: Karton\/Farbkasten.<br><br><a href=\"https:\/\/www.hg-cooker.com\/de\/custom-solution\/\" data-type=\"page\" data-id=\"2793\" target=\"_blank\" rel=\"noreferrer noopener\"><strong>Entdecken Sie weitere OEM&amp;ODM-Details<\/strong><\/a><\/p>\n<\/div>\n<\/div>\n\n\n\n<div class=\"wp-block-columns is-layout-flex wp-container-core-columns-is-layout-9d6595d7 wp-block-columns-is-layout-flex\">\n<div class=\"wp-block-column is-layout-flow wp-block-column-is-layout-flow\">\n<figure class=\"wp-block-image size-full\"><img fetchpriority=\"high\" decoding=\"async\" width=\"750\" height=\"452\" src=\"https:\/\/www.hg-cooker.com\/wp-content\/uploads\/2024\/08\/pink-bento-box-wholesale-2.jpg\" alt=\"rosa Bento-Box Gro\u00dfhandel (2)\" class=\"wp-image-4355\" srcset=\"https:\/\/www.hg-cooker.com\/wp-content\/uploads\/2024\/08\/pink-bento-box-wholesale-2.jpg 750w, https:\/\/www.hg-cooker.com\/wp-content\/uploads\/2024\/08\/pink-bento-box-wholesale-2-150x90.jpg 150w, https:\/\/www.hg-cooker.com\/wp-content\/uploads\/2024\/08\/pink-bento-box-wholesale-2-660x398.jpg 660w, https:\/\/www.hg-cooker.com\/wp-content\/uploads\/2024\/08\/pink-bento-box-wholesale-2-300x181.jpg 300w, https:\/\/www.hg-cooker.com\/wp-content\/uploads\/2024\/08\/pink-bento-box-wholesale-2-18x12.jpg 18w, https:\/\/www.hg-cooker.com\/wp-content\/uploads\/2024\/08\/pink-bento-box-wholesale-2-285x172.jpg 285w\" sizes=\"(max-width: 750px) 100vw, 750px\" \/><\/figure>\n<\/div>\n\n\n\n<div class=\"wp-block-column is-layout-flow wp-block-column-is-layout-flow\">\n<figure class=\"wp-block-image size-full\"><img decoding=\"async\" width=\"750\" height=\"452\" src=\"https:\/\/www.hg-cooker.com\/wp-content\/uploads\/2024\/08\/green-bento-box-wholesale-1.jpg\" alt=\"gr\u00fcn bento box gro\u00dfhandel (1)\" class=\"wp-image-4354\" srcset=\"https:\/\/www.hg-cooker.com\/wp-content\/uploads\/2024\/08\/green-bento-box-wholesale-1.jpg 750w, https:\/\/www.hg-cooker.com\/wp-content\/uploads\/2024\/08\/green-bento-box-wholesale-1-150x90.jpg 150w, https:\/\/www.hg-cooker.com\/wp-content\/uploads\/2024\/08\/green-bento-box-wholesale-1-660x398.jpg 660w, https:\/\/www.hg-cooker.com\/wp-content\/uploads\/2024\/08\/green-bento-box-wholesale-1-300x181.jpg 300w, https:\/\/www.hg-cooker.com\/wp-content\/uploads\/2024\/08\/green-bento-box-wholesale-1-18x12.jpg 18w, https:\/\/www.hg-cooker.com\/wp-content\/uploads\/2024\/08\/green-bento-box-wholesale-1-285x172.jpg 285w\" sizes=\"(max-width: 750px) 100vw, 750px\" \/><\/figure>\n<\/div>\n<\/div>","protected":false},"excerpt":{"rendered":"<p>Gro\u00dfhandel Brotdose, unsere Edelstahl-Lunch-Box ist im Gro\u00dfhandel Fabrikpreis, geeignet f\u00fcr Einzelh\u00e4ndler, Gro\u00dfh\u00e4ndler, Schulen, die in gro\u00dfen Mengen kaufen m\u00fcssen. Diese Lunch-Box ist aus hochwertigem Edelstahl gefertigt, und das mehrschichtige Design kann effektiv verschiedene Lebensmittel zu trennen, geeignet f\u00fcr eine ausgewogene Ern\u00e4hrung und angemessene Portionskontrolle. Wir bieten OEM&amp;ODM-Anpassungsdienste, um spezifische Bed\u00fcrfnisse und Markenanforderungen zu erf\u00fcllen.<\/p>\n<h2>Eigenschaften der Bento-Box aus Edelstahl<\/p>\n<\/h2>\n<p><strong>Hochwertiges Material aus rostfreiem Stahl<\/strong>: Unsere Brotdose ist aus hochwertigem 304er Edelstahl gefertigt, der S\u00e4uren und Laugen problemlos standh\u00e4lt, nicht rostet und sich nicht verf\u00e4rbt, so dass sie auch bei langfristiger Nutzung in gutem Zustand bleibt.<\/p>\n<p><strong>Geschichtetes Design<\/strong>: Dank des Schichtendesigns k\u00f6nnen verschiedene Lebensmittel unabh\u00e4ngig voneinander aufbewahrt werden, was eine flexible Anpassung an eine Vielzahl von Mahlzeiten erm\u00f6glicht, das Lebensmittelmanagement vereinfacht und jede Mahlzeit in Ordnung bringt.<\/p>\n<p><strong>Langlebige Struktur<\/strong>: Diese Lunchbox ist robust und langlebig und besteht aus hochfestem Edelstahl, der dem Druck und den Auswirkungen des t\u00e4glichen Gebrauchs standh\u00e4lt.<\/p>\n<p><strong>Versiegelter auslaufsicherer Deckel<\/strong>: Die Brotdose ist mit einem gut abdichtenden Deckel ausgestattet, der das Auslaufen von Fl\u00fcssigkeiten wirksam verhindert. Er gew\u00e4hrleistet die Sicherheit der Lebensmittel w\u00e4hrend des Transports und sorgt daf\u00fcr, dass Ihr Essen sauber und ordentlich bleibt.<\/p>\n<p><strong>Leistung der Isolierung<\/strong>: Die Lunchbox aus Edelstahl hat eine gute Isolierleistung. Sie eignet sich nicht nur f\u00fcr die Aufbewahrung von hei\u00dfen Lebensmitteln, sondern auch f\u00fcr niedrige Temperaturen, so dass sie auch f\u00fcr die Aufbewahrung von gek\u00fchlten Lebensmitteln geeignet ist.<\/p>\n<p><strong>Umweltfreundliche Materialien<\/strong>: Im Vergleich zu Wegwerfprodukten aus Plastik k\u00f6nnen Lunchboxen aus Edelstahl recycelt werden, was einen nachhaltigen Lebensstil erm\u00f6glicht und eine ideale Wahl f\u00fcr den Umweltschutz darstellt.<\/p>\n<p><strong>Breite Anwendung<\/strong>: Diese Lunchbox eignet sich dank ihrer hervorragenden Leistung und ihres Designs hervorragend f\u00fcr Schulmahlzeiten, Arbeitsessen, Familienfeiern und andere Gelegenheiten.<\/p>","protected":false},"featured_media":4354,"comment_status":"closed","ping_status":"closed","template":"","meta":[],"product_brand":[],"product_cat":[51],"product_tag":[],"class_list":{"0":"post-4353","1":"product","2":"type-product","3":"status-publish","4":"has-post-thumbnail","6":"product_cat-food-storage-container","8":"first","9":"instock","10":"shipping-taxable","11":"product-type-simple"},"_links":{"self":[{"href":"https:\/\/www.hg-cooker.com\/de\/wp-json\/wp\/v2\/product\/4353","targetHints":{"allow":["GET"]}}],"collection":[{"href":"https:\/\/www.hg-cooker.com\/de\/wp-json\/wp\/v2\/product"}],"about":[{"href":"https:\/\/www.hg-cooker.com\/de\/wp-json\/wp\/v2\/types\/product"}],"replies":[{"embeddable":true,"href":"https:\/\/www.hg-cooker.com\/de\/wp-json\/wp\/v2\/comments?post=4353"}],"wp:featuredmedia":[{"embeddable":true,"href":"https:\/\/www.hg-cooker.com\/de\/wp-json\/wp\/v2\/media\/4354"}],"wp:attachment":[{"href":"https:\/\/www.hg-cooker.com\/de\/wp-json\/wp\/v2\/media?parent=4353"}],"wp:term":[{"taxonomy":"product_brand","embeddable":true,"href":"https:\/\/www.hg-cooker.com\/de\/wp-json\/wp\/v2\/product_brand?post=4353"},{"taxonomy":"product_cat","embeddable":true,"href":"https:\/\/www.hg-cooker.com\/de\/wp-json\/wp\/v2\/product_cat?post=4353"},{"taxonomy":"product_tag","embeddable":true,"href":"https:\/\/www.hg-cooker.com\/de\/wp-json\/wp\/v2\/product_tag?post=4353"}],"curies":[{"name":"wp","href":"https:\/\/api.w.org\/{rel}","templated":true}]}}