{"id":4345,"date":"2024-09-01T08:31:08","date_gmt":"2024-09-01T08:31:08","guid":{"rendered":"https:\/\/www.hg-cooker.com\/?post_type=product&#038;p=4345"},"modified":"2025-11-13T06:02:13","modified_gmt":"2025-11-13T06:02:13","slug":"milchkannchen-aus-edelstahl-im-groshandel-32","status":"publish","type":"product","link":"https:\/\/www.hg-cooker.com\/de\/produkt\/milchkannchen-aus-edelstahl-im-groshandel-32\/","title":{"rendered":"Gro\u00dfhandel Lunch-Boxen aus haltbarem Edelstahl Crafted"},"content":{"rendered":"<div class=\"wp-block-columns is-layout-flex wp-container-core-columns-is-layout-9d6595d7 wp-block-columns-is-layout-flex\">\n<div class=\"wp-block-column is-layout-flow wp-block-column-is-layout-flow\">\n<h3 class=\"wp-block-heading\">Parameter von Lunchboxen aus Edelstahl<\/h3>\n\n\n\n<figure class=\"wp-block-table\"><table class=\"has-fixed-layout\"><tbody><tr><td>Ort der Herkunft<\/td><td>Markenname<\/td><td>Typ<\/td><td>Name des Produkts<\/td><td>Verpacken<\/td><td>Klasse<\/td><td>Farbe<\/td><td>Form<\/td><td>Freundlich<\/td><td>Gr\u00f6\u00dfe<\/td><td>Beschreibung<\/td><td>Kustodie<\/td><td>Details zur Verpackung<\/td><\/tr><tr><td>China<\/td><td>Hengguang<\/td><td>Brotdose<\/td><td>Auslaufsichere Lunchbox<\/td><td>Farbkasten<\/td><td>Lebensmittelqualit\u00e4t<\/td><td>Silber<\/td><td>Rechteck<\/td><td>2 Komponenten, 3 Komponenten<\/td><td>klein, mittel, gro\u00df<\/td><td>Umweltschonend<\/td><td>Verf\u00fcgbar<\/td><td>Plastikfolienbeutel pro St\u00fcck, dann verpackt in einer farbigen Schachtel und weitere Mengen f\u00fcr den Exportkarton.<\/td><\/tr><\/tbody><\/table><\/figure>\n<\/div>\n<\/div>\n\n\n\n<div class=\"wp-block-columns is-layout-flex wp-container-core-columns-is-layout-9d6595d7 wp-block-columns-is-layout-flex\">\n<div class=\"wp-block-column is-layout-flow wp-block-column-is-layout-flow\">\n<h3 class=\"wp-block-heading\">Individuelle Brotdose<\/h3>\n\n\n\n<p><strong>Logo<\/strong>: Gestalten Sie Ihr Markenlogo auf Brotdose und Verpackung.<br><br><strong>Gr\u00f6\u00dfe<\/strong>: Wir k\u00f6nnen Lunchboxen in verschiedenen Gr\u00f6\u00dfen nach Ihren W\u00fcnschen gestalten.<br><br><strong>Paket<\/strong>: Karton\/Farbkasten.<br><br><a href=\"https:\/\/www.hg-cooker.com\/de\/custom-solution\/\" data-type=\"page\" data-id=\"2793\" target=\"_blank\" rel=\"noreferrer noopener\"><strong>Entdecken Sie weitere OEM&amp;ODM-Details<\/strong><\/a><\/p>\n<\/div>\n<\/div>\n\n\n\n<div class=\"wp-block-columns is-layout-flex wp-container-core-columns-is-layout-9d6595d7 wp-block-columns-is-layout-flex\">\n<div class=\"wp-block-column is-layout-flow wp-block-column-is-layout-flow\">\n<figure class=\"wp-block-image size-full\"><img fetchpriority=\"high\" decoding=\"async\" width=\"790\" height=\"1113\" src=\"https:\/\/www.hg-cooker.com\/wp-content\/uploads\/2024\/08\/lunch-boxes-parameter.jpg\" alt=\"Parameter f\u00fcr Brotdosen\" class=\"wp-image-4347\" srcset=\"https:\/\/www.hg-cooker.com\/wp-content\/uploads\/2024\/08\/lunch-boxes-parameter.jpg 790w, https:\/\/www.hg-cooker.com\/wp-content\/uploads\/2024\/08\/lunch-boxes-parameter-106x150.jpg 106w, https:\/\/www.hg-cooker.com\/wp-content\/uploads\/2024\/08\/lunch-boxes-parameter-468x660.jpg 468w, https:\/\/www.hg-cooker.com\/wp-content\/uploads\/2024\/08\/lunch-boxes-parameter-213x300.jpg 213w, https:\/\/www.hg-cooker.com\/wp-content\/uploads\/2024\/08\/lunch-boxes-parameter-768x1082.jpg 768w, https:\/\/www.hg-cooker.com\/wp-content\/uploads\/2024\/08\/lunch-boxes-parameter-9x12.jpg 9w, https:\/\/www.hg-cooker.com\/wp-content\/uploads\/2024\/08\/lunch-boxes-parameter-285x402.jpg 285w\" sizes=\"(max-width: 790px) 100vw, 790px\" \/><\/figure>\n<\/div>\n\n\n\n<div class=\"wp-block-column is-layout-flow wp-block-column-is-layout-flow\">\n<figure class=\"wp-block-image size-full\"><img decoding=\"async\" width=\"790\" height=\"1113\" src=\"https:\/\/www.hg-cooker.com\/wp-content\/uploads\/2024\/08\/lunch-boxes-design.jpg\" alt=\"Brotdosen Design\" class=\"wp-image-4346\" srcset=\"https:\/\/www.hg-cooker.com\/wp-content\/uploads\/2024\/08\/lunch-boxes-design.jpg 790w, https:\/\/www.hg-cooker.com\/wp-content\/uploads\/2024\/08\/lunch-boxes-design-106x150.jpg 106w, https:\/\/www.hg-cooker.com\/wp-content\/uploads\/2024\/08\/lunch-boxes-design-468x660.jpg 468w, https:\/\/www.hg-cooker.com\/wp-content\/uploads\/2024\/08\/lunch-boxes-design-213x300.jpg 213w, https:\/\/www.hg-cooker.com\/wp-content\/uploads\/2024\/08\/lunch-boxes-design-768x1082.jpg 768w, https:\/\/www.hg-cooker.com\/wp-content\/uploads\/2024\/08\/lunch-boxes-design-9x12.jpg 9w, https:\/\/www.hg-cooker.com\/wp-content\/uploads\/2024\/08\/lunch-boxes-design-285x402.jpg 285w\" sizes=\"(max-width: 790px) 100vw, 790px\" \/><\/figure>\n<\/div>\n<\/div>","protected":false},"excerpt":{"rendered":"<p>Hochwertige Brotdosen Gro\u00dfhandel, unsere Gro\u00dfhandel Brotdosen sind aus hochwertigem 304 Edelstahl, die langlebig ist und erf\u00fcllt Lebensmittelqualit\u00e4t Standards, so dass Sie gesunde und sichere Lebensmittel jederzeit und \u00fcberall genie\u00dfen. Der Griff Design ist optimiert, ergonomisch und leicht zu tragen. Die glatte, gebogene Kante hat keine Grate und bietet dem Benutzer ein angenehmes Nutzungserlebnis. Als Edelstahl-Lunch-Box-Hersteller, bieten wir OEM &amp; ODM Dienstleistungen, kontaktieren Sie uns jetzt Gro\u00dfhandel Lunch-Boxen zu Fabrikpreisen zu bekommen.<\/p>\n<h2>Eigenschaften der Edelstahl-Lunchbox<\/p>\n<\/h2>\n<p><strong>Edelstahl 304 in Lebensmittelqualit\u00e4t<\/strong>: Hergestellt aus hochwertigem Edelstahl 304, die ausgezeichnete Korrosionsbest\u00e4ndigkeit kann die S\u00e4ure und Lauge Erosion im t\u00e4glichen Gebrauch zu widerstehen, und die starke Haltbarkeit macht diese Edelstahl-Lunch-Box nicht verformt oder nach langfristigen Einsatz getragen.<\/p>\n<p><strong>Auslaufsichere Dichtung<\/strong>: Ausgestattet mit einer effizienten auslaufsicheren Dichtung, ist das Design exquisit, um das Auslaufen von Suppe und Fl\u00fcssigkeit zu verhindern, die Verunreinigung anderer Gegenst\u00e4nde zu vermeiden und die durch Leckagen verursachten Probleme und Reinigungsarbeiten zu vermeiden.<\/p>\n<p><strong>Starkes Sicherheitsschloss<\/strong>: Ausgestattet mit einem robusten Sicherheitsschloss, kann die Lunchbox effektiv verschlossen werden, um ein versehentliches Auslaufen von Lebensmitteln w\u00e4hrend des Transports zu verhindern.<\/p>\n<p><strong>Bequemes Griffdesign<\/strong>: Der Griff der Lunchbox ist ergonomisch geformt und bietet einen bequemen Griff und ein angenehmes Tragegef\u00fchl, geeignet f\u00fcr den Transport zur Arbeit, zur Schule und auf Reisen.<\/p>\n<p><strong>Langlebig und leicht zu reinigen<\/strong>: Das Material Edelstahl hat nicht nur eine ausgezeichnete Haltbarkeit, sondern ist auch leicht zu reinigen und zu pflegen. Nach h\u00e4ufigem Gebrauch ist es nicht leicht, Geruch oder Verf\u00e4rbung zu haben, um sicherzustellen, dass die Brotdose immer hygienisch und sch\u00f6n bleibt.<\/p>\n<p><strong>Modernes Design<\/strong>: Das Design der Brotdose ist einfach und stilvoll und kann perfekt mit verschiedenen K\u00fcchen- und Geschirrstilen kombiniert werden.<\/p>\n<p><strong>Mehrere Gr\u00f6\u00dfenoptionen<\/strong>: Wir bieten verschiedene Gr\u00f6\u00dfen von Lunchboxen an, um den unterschiedlichen Bed\u00fcrfnissen gerecht zu werden, egal ob es sich um eine einzelne Mahlzeit oder ein Familienessen handelt, Sie k\u00f6nnen das richtige Modell finden. Die verschiedenen Gr\u00f6\u00dfen haben doppelte oder dreifache F\u00e4cher, so dass die Benutzer je nach Bedarf eine Vielzahl verschiedener Mahlzeiten mitnehmen k\u00f6nnen.<\/p>\n<p>&nbsp;<\/p>","protected":false},"featured_media":4352,"comment_status":"closed","ping_status":"closed","template":"","meta":[],"product_brand":[],"product_cat":[51],"product_tag":[],"class_list":{"0":"post-4345","1":"product","2":"type-product","3":"status-publish","4":"has-post-thumbnail","6":"product_cat-food-storage-container","8":"first","9":"instock","10":"shipping-taxable","11":"product-type-simple"},"_links":{"self":[{"href":"https:\/\/www.hg-cooker.com\/de\/wp-json\/wp\/v2\/product\/4345","targetHints":{"allow":["GET"]}}],"collection":[{"href":"https:\/\/www.hg-cooker.com\/de\/wp-json\/wp\/v2\/product"}],"about":[{"href":"https:\/\/www.hg-cooker.com\/de\/wp-json\/wp\/v2\/types\/product"}],"replies":[{"embeddable":true,"href":"https:\/\/www.hg-cooker.com\/de\/wp-json\/wp\/v2\/comments?post=4345"}],"wp:featuredmedia":[{"embeddable":true,"href":"https:\/\/www.hg-cooker.com\/de\/wp-json\/wp\/v2\/media\/4352"}],"wp:attachment":[{"href":"https:\/\/www.hg-cooker.com\/de\/wp-json\/wp\/v2\/media?parent=4345"}],"wp:term":[{"taxonomy":"product_brand","embeddable":true,"href":"https:\/\/www.hg-cooker.com\/de\/wp-json\/wp\/v2\/product_brand?post=4345"},{"taxonomy":"product_cat","embeddable":true,"href":"https:\/\/www.hg-cooker.com\/de\/wp-json\/wp\/v2\/product_cat?post=4345"},{"taxonomy":"product_tag","embeddable":true,"href":"https:\/\/www.hg-cooker.com\/de\/wp-json\/wp\/v2\/product_tag?post=4345"}],"curies":[{"name":"wp","href":"https:\/\/api.w.org\/{rel}","templated":true}]}}