{"id":4339,"date":"2024-08-30T07:38:23","date_gmt":"2024-08-30T07:38:23","guid":{"rendered":"https:\/\/www.hg-cooker.com\/?post_type=product&#038;p=4339"},"modified":"2024-08-30T15:01:23","modified_gmt":"2024-08-30T15:01:23","slug":"milchkannchen-aus-edelstahl-im-groshandel-31","status":"publish","type":"product","link":"https:\/\/www.hg-cooker.com\/de\/produkt\/milchkannchen-aus-edelstahl-im-groshandel-31\/","title":{"rendered":"Gro\u00dfhandel Gusseisen K\u00fcche Kochgeschirr - Zuverl\u00e4ssig f\u00fcr Home Chefs und professionelle K\u00fcchen"},"content":{"rendered":"<div class=\"wp-block-columns is-layout-flex wp-container-core-columns-is-layout-9d6595d7 wp-block-columns-is-layout-flex\">\n<div class=\"wp-block-column is-layout-flow wp-block-column-is-layout-flow\">\n<h3 class=\"wp-block-heading\">Parameter von Gusseisen-Kochgeschirr<\/h3>\n\n\n\n<figure class=\"wp-block-table\"><table class=\"has-fixed-layout\"><tbody><tr><td>Ort der Herkunft<\/td><td>Typ<\/td><td>Topfdeckel<\/td><td>Beschichtung<\/td><td>Form<\/td><td>Kapazit\u00e4t<\/td><td>Farbe<\/td><td>Handgriff<\/td><td>Topfdeckel<\/td><td>MOQ<\/td><\/tr><tr><td>Guangdong, China<\/td><td>Auflaufformen<\/td><td>Mit Topfdeckel<\/td><td>Keramik<\/td><td>Oval<\/td><td>3L\/4L\/5L<\/td><td>rot, gr\u00fcn, schwarz, blau, orange, gelb, rosa, Army Green<\/td><td>zwei Ohren<\/td><td>mit Topfdeckel<\/td><td>6<\/td><\/tr><\/tbody><\/table><\/figure>\n<\/div>\n<\/div>\n\n\n\n<div class=\"wp-block-columns is-layout-flex wp-container-core-columns-is-layout-9d6595d7 wp-block-columns-is-layout-flex\">\n<div class=\"wp-block-column is-layout-flow wp-block-column-is-layout-flow\">\n<h3 class=\"wp-block-heading\">Individuelles Gusseisen-Kochgeschirr <\/h3>\n\n\n\n<p><strong>Logo<\/strong>: Gestalten Sie Ihr Markenlogo auf gusseisernem Kochgeschirr und Verpackung.<br><br><strong>Gr\u00f6\u00dfe<\/strong>: Wir k\u00f6nnen Gusseisen Kochgeschirr in verschiedenen Gr\u00f6\u00dfen nach Ihren Bed\u00fcrfnissen anpassen.<br><br><strong>Paket<\/strong>: Karton\/Farbkasten.<br><br><a href=\"https:\/\/www.hg-cooker.com\/de\/custom-solution\/\" data-type=\"page\" data-id=\"2793\" target=\"_blank\" rel=\"noreferrer noopener\"><strong>Entdecken Sie weitere OEM&amp;ODM-Details<\/strong><\/a><\/p>\n<\/div>\n<\/div>\n\n\n\n<div class=\"wp-block-columns is-layout-flex wp-container-core-columns-is-layout-9d6595d7 wp-block-columns-is-layout-flex\">\n<div class=\"wp-block-column is-layout-flow wp-block-column-is-layout-flow\">\n<figure class=\"wp-block-image size-full\"><img fetchpriority=\"high\" decoding=\"async\" width=\"750\" height=\"750\" src=\"https:\/\/www.hg-cooker.com\/wp-content\/uploads\/2024\/08\/wholesale-cast-iron-kitchen-cookware-4.jpg\" alt=\"Gro\u00dfhandel Gusseisen K\u00fcche Kochgeschirr (4)\" class=\"wp-image-4343\" srcset=\"https:\/\/www.hg-cooker.com\/wp-content\/uploads\/2024\/08\/wholesale-cast-iron-kitchen-cookware-4.jpg 750w, https:\/\/www.hg-cooker.com\/wp-content\/uploads\/2024\/08\/wholesale-cast-iron-kitchen-cookware-4-150x150.jpg 150w, https:\/\/www.hg-cooker.com\/wp-content\/uploads\/2024\/08\/wholesale-cast-iron-kitchen-cookware-4-660x660.jpg 660w, https:\/\/www.hg-cooker.com\/wp-content\/uploads\/2024\/08\/wholesale-cast-iron-kitchen-cookware-4-300x300.jpg 300w, https:\/\/www.hg-cooker.com\/wp-content\/uploads\/2024\/08\/wholesale-cast-iron-kitchen-cookware-4-12x12.jpg 12w, https:\/\/www.hg-cooker.com\/wp-content\/uploads\/2024\/08\/wholesale-cast-iron-kitchen-cookware-4-285x285.jpg 285w, https:\/\/www.hg-cooker.com\/wp-content\/uploads\/2024\/08\/wholesale-cast-iron-kitchen-cookware-4-270x270.jpg 270w, https:\/\/www.hg-cooker.com\/wp-content\/uploads\/2024\/08\/wholesale-cast-iron-kitchen-cookware-4-540x540.jpg 540w\" sizes=\"(max-width: 750px) 100vw, 750px\" \/><\/figure>\n<\/div>\n\n\n\n<div class=\"wp-block-column is-layout-flow wp-block-column-is-layout-flow\">\n<figure class=\"wp-block-image size-full\"><img decoding=\"async\" width=\"750\" height=\"750\" src=\"https:\/\/www.hg-cooker.com\/wp-content\/uploads\/2024\/08\/wholesale-cast-iron-kitchen-cookware-5.jpg\" alt=\"Gro\u00dfhandel Gusseisen K\u00fcche Kochgeschirr (5)\" class=\"wp-image-4344\" srcset=\"https:\/\/www.hg-cooker.com\/wp-content\/uploads\/2024\/08\/wholesale-cast-iron-kitchen-cookware-5.jpg 750w, https:\/\/www.hg-cooker.com\/wp-content\/uploads\/2024\/08\/wholesale-cast-iron-kitchen-cookware-5-150x150.jpg 150w, https:\/\/www.hg-cooker.com\/wp-content\/uploads\/2024\/08\/wholesale-cast-iron-kitchen-cookware-5-660x660.jpg 660w, https:\/\/www.hg-cooker.com\/wp-content\/uploads\/2024\/08\/wholesale-cast-iron-kitchen-cookware-5-300x300.jpg 300w, https:\/\/www.hg-cooker.com\/wp-content\/uploads\/2024\/08\/wholesale-cast-iron-kitchen-cookware-5-12x12.jpg 12w, https:\/\/www.hg-cooker.com\/wp-content\/uploads\/2024\/08\/wholesale-cast-iron-kitchen-cookware-5-285x285.jpg 285w, https:\/\/www.hg-cooker.com\/wp-content\/uploads\/2024\/08\/wholesale-cast-iron-kitchen-cookware-5-270x270.jpg 270w, https:\/\/www.hg-cooker.com\/wp-content\/uploads\/2024\/08\/wholesale-cast-iron-kitchen-cookware-5-540x540.jpg 540w\" sizes=\"(max-width: 750px) 100vw, 750px\" \/><\/figure>\n<\/div>\n<\/div>","protected":false},"excerpt":{"rendered":"<p>Gusseisen K\u00fcche Kochgeschirr Gro\u00dfhandel, unsere Gusseisen K\u00fcche Kochgeschirr hat eine Vielzahl von Farben zur Auswahl, aus hochwertigem Gusseisen, bietet eine gleichm\u00e4\u00dfige Erw\u00e4rmung und W\u00e4rmespeicherung, so dass die gekochten Speisen beh\u00e4lt seinen k\u00f6stlichen Geschmack. Dieses gusseiserne Kochgeschirr ist emailliert, um die Haltbarkeit und Korrosionsbest\u00e4ndigkeit des Kochgeschirrs zu verbessern, so dass es f\u00fcr verschiedene Kochaufgaben geeignet ist. Das farbenfrohe Aussehen verleiht der K\u00fcche ein modernes und lebendiges Gef\u00fchl.<\/p>\n<h2>Eigenschaften von Gusseisen-Kochgeschirr<\/h2>\n<p><strong>Gleichm\u00e4\u00dfige Erw\u00e4rmung<\/strong>: Gusseisen verf\u00fcgt \u00fcber eine hervorragende W\u00e4rmespeicherung und gleichm\u00e4\u00dfige Erw\u00e4rmung, so dass die Speisen w\u00e4hrend des Kochens gleichm\u00e4\u00dfig erhitzt werden und das Problem der hei\u00dfen Stellen in herk\u00f6mmlichem Kochgeschirr vermieden wird.<\/p>\n<p><strong>Effiziente W\u00e4rmespeicherung<\/strong>: Gusseisernes Kochgeschirr kann die W\u00e4rme lange speichern, eignet sich zum langsamen Kochen, zum Garen von Suppen und Eint\u00f6pfen und kann die W\u00e4rme und den Geschmack der Speisen effektiv speichern.<br \/>Starke Haltbarkeit: Hochwertiges Gusseisen-Kochgeschirr ist robust und langlebig, h\u00e4lt den verschiedenen Herausforderungen in der t\u00e4glichen K\u00fcche stand und kann auch nach jahrelangem Gebrauch noch gute Leistungen erbringen.<\/p>\n<p><strong>Behandlung des Zahnschmelzes<\/strong>: Emailliertes Gusseisen-Kochgeschirr hat eine glatte Oberfl\u00e4che und eine ausgezeichnete Korrosionsbest\u00e4ndigkeit und wird durch s\u00e4urehaltige oder alkalische Lebensmittel nicht leicht angegriffen.<\/p>\n<p><strong>Verschiedene Farben<\/strong>: Das von uns angebotene gusseiserne Kochgeschirr ist in einer Vielzahl von Farben erh\u00e4ltlich. Das farbenfrohe Aussehen dieses Kochgeschirrs kann Ihrer K\u00fcche Sch\u00f6nheit und Lebendigkeit verleihen und gleichzeitig das Kochen unterhaltsamer und individueller gestalten.<\/p>\n<p><strong>Kochgeschirr-Gro\u00dfhandel aus einer Hand<\/strong>: Von der Produktauswahl \u00fcber die Anpassung an Ihre Bed\u00fcrfnisse bis hin zur Lieferung und zum Kundendienst bieten wir Ihnen effiziente L\u00f6sungen. Vereinfachen Sie den Beschaffungsprozess und stellen Sie sicher, dass Ihr Gro\u00dfhandelsbedarf schnell gedeckt wird.<\/p>\n<p><\/p>","protected":false},"featured_media":4340,"comment_status":"closed","ping_status":"closed","template":"","meta":[],"product_brand":[],"product_cat":[63],"product_tag":[],"class_list":{"0":"post-4339","1":"product","2":"type-product","3":"status-publish","4":"has-post-thumbnail","6":"product_cat-iron-cast-cookware","8":"first","9":"instock","10":"shipping-taxable","11":"product-type-simple"},"_links":{"self":[{"href":"https:\/\/www.hg-cooker.com\/de\/wp-json\/wp\/v2\/product\/4339","targetHints":{"allow":["GET"]}}],"collection":[{"href":"https:\/\/www.hg-cooker.com\/de\/wp-json\/wp\/v2\/product"}],"about":[{"href":"https:\/\/www.hg-cooker.com\/de\/wp-json\/wp\/v2\/types\/product"}],"replies":[{"embeddable":true,"href":"https:\/\/www.hg-cooker.com\/de\/wp-json\/wp\/v2\/comments?post=4339"}],"wp:featuredmedia":[{"embeddable":true,"href":"https:\/\/www.hg-cooker.com\/de\/wp-json\/wp\/v2\/media\/4340"}],"wp:attachment":[{"href":"https:\/\/www.hg-cooker.com\/de\/wp-json\/wp\/v2\/media?parent=4339"}],"wp:term":[{"taxonomy":"product_brand","embeddable":true,"href":"https:\/\/www.hg-cooker.com\/de\/wp-json\/wp\/v2\/product_brand?post=4339"},{"taxonomy":"product_cat","embeddable":true,"href":"https:\/\/www.hg-cooker.com\/de\/wp-json\/wp\/v2\/product_cat?post=4339"},{"taxonomy":"product_tag","embeddable":true,"href":"https:\/\/www.hg-cooker.com\/de\/wp-json\/wp\/v2\/product_tag?post=4339"}],"curies":[{"name":"wp","href":"https:\/\/api.w.org\/{rel}","templated":true}]}}