{"id":4332,"date":"2024-08-29T02:14:08","date_gmt":"2024-08-29T02:14:08","guid":{"rendered":"https:\/\/www.hg-cooker.com\/?post_type=product&#038;p=4332"},"modified":"2024-08-30T07:15:33","modified_gmt":"2024-08-30T07:15:33","slug":"milchkannchen-aus-edelstahl-im-groshandel-30","status":"publish","type":"product","link":"https:\/\/www.hg-cooker.com\/de\/produkt\/milchkannchen-aus-edelstahl-im-groshandel-30\/","title":{"rendered":"Gro\u00dfhandel Chafing Dishes f\u00fcr Buffet, Catering, Hotel, und Restaurant Verwendung"},"content":{"rendered":"<div class=\"wp-block-columns is-layout-flex wp-container-core-columns-is-layout-9d6595d7 wp-block-columns-is-layout-flex\">\n<div class=\"wp-block-column is-layout-flow wp-block-column-is-layout-flow\">\n<h3 class=\"wp-block-heading\">Parameter von Wholsale Chafing Dishes<\/h3>\n\n\n\n<figure class=\"wp-block-table\"><table class=\"has-fixed-layout\"><tbody><tr><td>Artikel Name<\/td><td>Material<\/td><td>Verpacken<\/td><td>Gr\u00f6\u00dfe des Kartons<\/td><td>Kapazit\u00e4t<\/td><td>Bruttogewicht<\/td><td>Vorlaufzeit<\/td><td>Verladehafen<\/td><\/tr><tr><td>Edelstahl Buffet Spirituskocher<\/td><td>410 magnetischer rostfreier Stahl mit Polierung<\/td><td>Farbkasten<\/td><td>68*53*30cm<\/td><td>11L<\/td><td>5KG<\/td><td>30 Tage nach Erhalt der Einzahlung<\/td><td>Shenzhen oder Shantou<\/td><\/tr><\/tbody><\/table><\/figure>\n<\/div>\n<\/div>\n\n\n\n<div class=\"wp-block-columns is-layout-flex wp-container-core-columns-is-layout-9d6595d7 wp-block-columns-is-layout-flex\">\n<div class=\"wp-block-column is-layout-flow wp-block-column-is-layout-flow\">\n<h3 class=\"wp-block-heading\">Individuelle Optionen f\u00fcr Chafing Dish<\/h3>\n\n\n\n<p><strong>Logo<\/strong>: Gestalten Sie Ihr Markenlogo auf Chafing Dish und Verpackung.<br><br><strong>Gr\u00f6\u00dfe<\/strong>: Wir k\u00f6nnen Chafing Dish in verschiedenen Gr\u00f6\u00dfen nach Ihren Bed\u00fcrfnissen anpassen.<br><br><strong>Paket<\/strong>: Karton\/Farbkasten.<br><br><a href=\"https:\/\/www.hg-cooker.com\/de\/custom-solution\/\" data-type=\"page\" data-id=\"2793\" target=\"_blank\" rel=\"noreferrer noopener\"><strong>Entdecken Sie weitere OEM&amp;ODM-Details<\/strong><\/a><\/p>\n<\/div>\n<\/div>\n\n\n\n<div class=\"wp-block-columns is-layout-flex wp-container-core-columns-is-layout-9d6595d7 wp-block-columns-is-layout-flex\">\n<div class=\"wp-block-column is-layout-flow wp-block-column-is-layout-flow\">\n<figure class=\"wp-block-image size-full\"><img fetchpriority=\"high\" decoding=\"async\" width=\"750\" height=\"750\" src=\"https:\/\/www.hg-cooker.com\/wp-content\/uploads\/2024\/08\/Single-compartment-chafing-dish.jpg\" alt=\"Chafing Dish mit einem Fach\" class=\"wp-image-4334\" srcset=\"https:\/\/www.hg-cooker.com\/wp-content\/uploads\/2024\/08\/Single-compartment-chafing-dish.jpg 750w, https:\/\/www.hg-cooker.com\/wp-content\/uploads\/2024\/08\/Single-compartment-chafing-dish-150x150.jpg 150w, https:\/\/www.hg-cooker.com\/wp-content\/uploads\/2024\/08\/Single-compartment-chafing-dish-660x660.jpg 660w, https:\/\/www.hg-cooker.com\/wp-content\/uploads\/2024\/08\/Single-compartment-chafing-dish-300x300.jpg 300w, https:\/\/www.hg-cooker.com\/wp-content\/uploads\/2024\/08\/Single-compartment-chafing-dish-12x12.jpg 12w, https:\/\/www.hg-cooker.com\/wp-content\/uploads\/2024\/08\/Single-compartment-chafing-dish-285x285.jpg 285w, https:\/\/www.hg-cooker.com\/wp-content\/uploads\/2024\/08\/Single-compartment-chafing-dish-270x270.jpg 270w, https:\/\/www.hg-cooker.com\/wp-content\/uploads\/2024\/08\/Single-compartment-chafing-dish-540x540.jpg 540w\" sizes=\"(max-width: 750px) 100vw, 750px\" \/><\/figure>\n<\/div>\n\n\n\n<div class=\"wp-block-column is-layout-flow wp-block-column-is-layout-flow\">\n<figure class=\"wp-block-image size-full\"><img decoding=\"async\" width=\"750\" height=\"750\" src=\"https:\/\/www.hg-cooker.com\/wp-content\/uploads\/2024\/08\/Double-compartment-chafing-dish.jpg\" alt=\"Chafing Dish mit zwei F\u00e4chern\" class=\"wp-image-4333\" srcset=\"https:\/\/www.hg-cooker.com\/wp-content\/uploads\/2024\/08\/Double-compartment-chafing-dish.jpg 750w, https:\/\/www.hg-cooker.com\/wp-content\/uploads\/2024\/08\/Double-compartment-chafing-dish-150x150.jpg 150w, https:\/\/www.hg-cooker.com\/wp-content\/uploads\/2024\/08\/Double-compartment-chafing-dish-660x660.jpg 660w, https:\/\/www.hg-cooker.com\/wp-content\/uploads\/2024\/08\/Double-compartment-chafing-dish-300x300.jpg 300w, https:\/\/www.hg-cooker.com\/wp-content\/uploads\/2024\/08\/Double-compartment-chafing-dish-12x12.jpg 12w, https:\/\/www.hg-cooker.com\/wp-content\/uploads\/2024\/08\/Double-compartment-chafing-dish-285x285.jpg 285w, https:\/\/www.hg-cooker.com\/wp-content\/uploads\/2024\/08\/Double-compartment-chafing-dish-270x270.jpg 270w, https:\/\/www.hg-cooker.com\/wp-content\/uploads\/2024\/08\/Double-compartment-chafing-dish-540x540.jpg 540w\" sizes=\"(max-width: 750px) 100vw, 750px\" \/><\/figure>\n<\/div>\n<\/div>","protected":false},"excerpt":{"rendered":"<p>Unsere hochwertigen Chafing Dishes f\u00fcr den Gro\u00dfhandel sind so konzipiert, dass sie den strengen Anforderungen von Buffets, Catering-Veranstaltungen, Hotels und Restaurants gerecht werden. Jedes Chafing Dish ist mit einem stabilen St\u00e4nder, einem einfach zu bedienenden Deckel und einem Brennstofftank ausgestattet, um sicherzustellen, dass die Speisen lange auf der richtigen Temperatur bleiben, was es zu einer praktischen und eleganten L\u00f6sung f\u00fcr das Servieren von hei\u00dfen Speisen macht. Ob es sich um ein formelles Bankett oder den t\u00e4glichen Gebrauch handelt, wir bieten Gro\u00dfhandel Chafing Dishes zu Fabrikpreisen, bitte kontaktieren Sie uns.<\/p>\n<h2>Eigenschaften von Chafing Dish<\/h2>\n<p><strong>Gute Isolierwirkung<\/strong>: Der Buffetkocher ist mit einem Brennstofftank ausgestattet, der die Temperatur der Speisen lange Zeit aufrechterhalten kann, so dass die G\u00e4ste w\u00e4hrend der gesamten Mahlzeit warmes Essen genie\u00dfen k\u00f6nnen.<\/p>\n<p><strong>Lange Lebensdauer<\/strong>: Aus hochwertigem Edelstahl gefertigt, verf\u00fcgt er \u00fcber eine ausgezeichnete Korrosionsbest\u00e4ndigkeit und Verschlei\u00dffestigkeit, kann h\u00e4ufigen Gebrauch aushalten und seine Lebensdauer verl\u00e4ngern.<\/p>\n<p><strong>Einfach zu bedienen<\/strong>: Der Buffetkocher hat ein einfaches Design, einen leicht zu bedienenden Deckel und ein stabiles Gestell, das f\u00fcr das Servicepersonal bequem und schnell zu organisieren ist.<\/p>\n<p><strong>Leicht zu reinigen<\/strong>: Das Edelstahlmaterial ist glatt und hinterl\u00e4sst nicht so leicht Essensreste. Es ist sehr bequem zu reinigen und spart Zeit und Energie f\u00fcr die sp\u00e4tere Wartung.<\/p>\n<p><strong>Professionelles Auftreten<\/strong>: Das schlichte und stilvolle Design unterstreicht die Sch\u00f6nheit des Tisches, der sich f\u00fcr verschiedene formelle und informelle Anl\u00e4sse eignet und einen tiefen Eindruck bei den Kunden hinterl\u00e4sst.<\/p>\n<p><strong>Umweltschutz und Energieeinsparung<\/strong>: Durch die Verwendung umweltfreundlicher Brennstoffe kann effektiv Energie gespart, der Kohlenstoffaussto\u00df verringert und den modernen Umweltschutzanforderungen entsprochen werden.<\/p>","protected":false},"featured_media":4335,"comment_status":"closed","ping_status":"closed","template":"","meta":[],"product_brand":[],"product_cat":[62],"product_tag":[],"class_list":{"0":"post-4332","1":"product","2":"type-product","3":"status-publish","4":"has-post-thumbnail","6":"product_cat-wholesale-chafing-dishes","8":"first","9":"instock","10":"shipping-taxable","11":"product-type-simple"},"_links":{"self":[{"href":"https:\/\/www.hg-cooker.com\/de\/wp-json\/wp\/v2\/product\/4332","targetHints":{"allow":["GET"]}}],"collection":[{"href":"https:\/\/www.hg-cooker.com\/de\/wp-json\/wp\/v2\/product"}],"about":[{"href":"https:\/\/www.hg-cooker.com\/de\/wp-json\/wp\/v2\/types\/product"}],"replies":[{"embeddable":true,"href":"https:\/\/www.hg-cooker.com\/de\/wp-json\/wp\/v2\/comments?post=4332"}],"wp:featuredmedia":[{"embeddable":true,"href":"https:\/\/www.hg-cooker.com\/de\/wp-json\/wp\/v2\/media\/4335"}],"wp:attachment":[{"href":"https:\/\/www.hg-cooker.com\/de\/wp-json\/wp\/v2\/media?parent=4332"}],"wp:term":[{"taxonomy":"product_brand","embeddable":true,"href":"https:\/\/www.hg-cooker.com\/de\/wp-json\/wp\/v2\/product_brand?post=4332"},{"taxonomy":"product_cat","embeddable":true,"href":"https:\/\/www.hg-cooker.com\/de\/wp-json\/wp\/v2\/product_cat?post=4332"},{"taxonomy":"product_tag","embeddable":true,"href":"https:\/\/www.hg-cooker.com\/de\/wp-json\/wp\/v2\/product_tag?post=4332"}],"curies":[{"name":"wp","href":"https:\/\/api.w.org\/{rel}","templated":true}]}}