{"id":4323,"date":"2024-08-29T01:05:21","date_gmt":"2024-08-29T01:05:21","guid":{"rendered":"https:\/\/www.hg-cooker.com\/?post_type=product&#038;p=4323"},"modified":"2024-08-30T07:16:07","modified_gmt":"2024-08-30T07:16:07","slug":"milchkannchen-aus-edelstahl-im-groshandel-29","status":"publish","type":"product","link":"https:\/\/www.hg-cooker.com\/de\/produkt\/milchkannchen-aus-edelstahl-im-groshandel-29\/","title":{"rendered":"Edelstahl Chafing Dish Gro\u00dfhandel f\u00fcr Hotel Verwendung und kommerzielle Nutzung"},"content":{"rendered":"<div class=\"wp-block-columns is-layout-flex wp-container-core-columns-is-layout-9d6595d7 wp-block-columns-is-layout-flex\">\n<div class=\"wp-block-column is-layout-flow wp-block-column-is-layout-flow\">\n<h3 class=\"wp-block-heading\">Parameter des Chafing Dish<\/h3>\n\n\n\n<figure class=\"wp-block-table\"><table class=\"has-fixed-layout\"><tbody><tr><td>Ort der Herkunft<\/td><td>Fast-Food-Ofen<\/td><td>Material<\/td><td>Verpackung<\/td><td>Farbe<\/td><td>Farbe<\/td><td>Anmeldung<\/td><td>Verwendung<\/td><td>Oberfl\u00e4che<\/td><td>MOQ<\/td><td>Kapazit\u00e4t<\/td><td>Gr\u00f6\u00dfe der Einzelverpackung:<\/td><td>Einfaches Bruttogewicht:<\/td><\/tr><tr><td>Guangdong, China<\/td><td>Der Heizofen<\/td><td>Rostfreier Stahl 410<\/td><td>Farbkasten<\/td><td>Silber<\/td><td>Silber<\/td><td>Hotel Buffet Lebensmittel Ausr\u00fcstung<\/td><td>Heizungswasserisolierung oder Spirituskocherheizung<\/td><td>Elektrolyse Polieren<\/td><td>4 St\u00fcck<\/td><td>11L<\/td><td>30X30X30 cm<\/td><td>5 kg<\/td><\/tr><\/tbody><\/table><\/figure>\n<\/div>\n<\/div>\n\n\n\n<div class=\"wp-block-columns is-layout-flex wp-container-core-columns-is-layout-9d6595d7 wp-block-columns-is-layout-flex\">\n<div class=\"wp-block-column is-layout-flow wp-block-column-is-layout-flow\">\n<h3 class=\"wp-block-heading\">Individuelle Optionen f\u00fcr Chafing Dish<\/h3>\n\n\n\n<p><strong>Logo<\/strong>: Gestalten Sie Ihr Markenlogo auf Chafing Dish und Verpackung.<br><br><strong>Gr\u00f6\u00dfe<\/strong>: Wir k\u00f6nnen Chafing Dish in verschiedenen Gr\u00f6\u00dfen nach Ihren Bed\u00fcrfnissen anpassen.<br><br><strong>Paket<\/strong>: Karton\/Farbkasten.<br><br><a href=\"https:\/\/www.hg-cooker.com\/de\/custom-solution\/\" data-type=\"page\" data-id=\"2793\" target=\"_blank\" rel=\"noreferrer noopener\"><strong>Entdecken Sie weitere OEM&amp;ODM-Details<\/strong><\/a><\/p>\n<\/div>\n<\/div>\n\n\n\n<div class=\"wp-block-columns is-layout-flex wp-container-core-columns-is-layout-9d6595d7 wp-block-columns-is-layout-flex\">\n<div class=\"wp-block-column is-layout-flow wp-block-column-is-layout-flow\">\n<figure class=\"wp-block-image size-full\"><img fetchpriority=\"high\" decoding=\"async\" width=\"790\" height=\"1115\" src=\"https:\/\/www.hg-cooker.com\/wp-content\/uploads\/2024\/08\/chafing-dish-size-1.jpg\" alt=\"Chafing Dish Gr\u00f6\u00dfe (1)\" class=\"wp-image-4324\" srcset=\"https:\/\/www.hg-cooker.com\/wp-content\/uploads\/2024\/08\/chafing-dish-size-1.jpg 790w, https:\/\/www.hg-cooker.com\/wp-content\/uploads\/2024\/08\/chafing-dish-size-1-106x150.jpg 106w, https:\/\/www.hg-cooker.com\/wp-content\/uploads\/2024\/08\/chafing-dish-size-1-468x660.jpg 468w, https:\/\/www.hg-cooker.com\/wp-content\/uploads\/2024\/08\/chafing-dish-size-1-213x300.jpg 213w, https:\/\/www.hg-cooker.com\/wp-content\/uploads\/2024\/08\/chafing-dish-size-1-768x1084.jpg 768w, https:\/\/www.hg-cooker.com\/wp-content\/uploads\/2024\/08\/chafing-dish-size-1-9x12.jpg 9w, https:\/\/www.hg-cooker.com\/wp-content\/uploads\/2024\/08\/chafing-dish-size-1-285x402.jpg 285w\" sizes=\"(max-width: 790px) 100vw, 790px\" \/><\/figure>\n<\/div>\n\n\n\n<div class=\"wp-block-column is-layout-flow wp-block-column-is-layout-flow\">\n<figure class=\"wp-block-image size-full\"><img decoding=\"async\" width=\"790\" height=\"1115\" src=\"https:\/\/www.hg-cooker.com\/wp-content\/uploads\/2024\/08\/chafing-dish-size-2.jpg\" alt=\"Chafing Dish Gr\u00f6\u00dfe (2)\" class=\"wp-image-4325\" srcset=\"https:\/\/www.hg-cooker.com\/wp-content\/uploads\/2024\/08\/chafing-dish-size-2.jpg 790w, https:\/\/www.hg-cooker.com\/wp-content\/uploads\/2024\/08\/chafing-dish-size-2-106x150.jpg 106w, https:\/\/www.hg-cooker.com\/wp-content\/uploads\/2024\/08\/chafing-dish-size-2-468x660.jpg 468w, https:\/\/www.hg-cooker.com\/wp-content\/uploads\/2024\/08\/chafing-dish-size-2-213x300.jpg 213w, https:\/\/www.hg-cooker.com\/wp-content\/uploads\/2024\/08\/chafing-dish-size-2-768x1084.jpg 768w, https:\/\/www.hg-cooker.com\/wp-content\/uploads\/2024\/08\/chafing-dish-size-2-9x12.jpg 9w, https:\/\/www.hg-cooker.com\/wp-content\/uploads\/2024\/08\/chafing-dish-size-2-285x402.jpg 285w\" sizes=\"(max-width: 790px) 100vw, 790px\" \/><\/figure>\n<\/div>\n<\/div>","protected":false},"excerpt":{"rendered":"<p>Chafing dish Gro\u00dfhandel, f\u00fcr Hotel und kommerziellen Einsatz konzipiert, aus hochwertigem Edelstahl in Lebensmittelqualit\u00e4t, mit ausgezeichneter Haltbarkeit und Korrosionsbest\u00e4ndigkeit, die hochglanzpolierte Oberfl\u00e4che f\u00fcgt einen Hauch von Eleganz zu High-End-Bankette und t\u00e4gliche Restaurant Dienstleistungen, der Stand ist faltbar, so dass es bequemer zu bedienen und zu speichern. Wir bieten eine niedrige Mindestbestellmenge von 4 St\u00fcck, willkommen, uns f\u00fcr Gro\u00dfhandel Chafing Gerichte zu kontaktieren.<\/p>\n<h2>Eigenschaften von Chafing Dish\u00a0<\/h2>\n<p><strong>Unglaublicher Widerstand<\/strong>: Mit seiner au\u00dfergew\u00f6hnlichen Langlebigkeit und seinen starken Korrosionsschutzeigenschaften ist er aus hochwertigem Edelstahl gefertigt und kann sowohl h\u00e4ufigem Gebrauch als auch dem Waschen standhalten, was ihn perfekt f\u00fcr die Gastronomie geeignet macht.<\/p>\n<p><strong>Hervorragende W\u00e4rmed\u00e4mmung<\/strong>: Wenn dieses Material mit Alkohol beheizt wird, kann es eine lang anhaltende, stabile Temperatur f\u00fcr die darin enthaltenen Lebensmittel gew\u00e4hrleisten, so dass die Kunden den ultimativen Genuss beim Essen haben.<\/p>\n<p><strong>Hochwertiges Aussehen<\/strong>: Die Oberfl\u00e4che des Chafing Dishes aus rostfreiem Stahl ist hochglanzpoliert und hat ein gl\u00e4nzendes und sch\u00f6nes Aussehen, das sehr gut f\u00fcr formelle Bankette oder gehobene Restaurants geeignet ist.<\/p>\n<p><strong>Leicht zu reinigen<\/strong>: Edelstahl hat eine glatte Oberfl\u00e4che und ist daher nach dem Gebrauch sehr leicht zu reinigen. Selbst nach einem anstrengenden Catering-Service kann die Reinigung schnell erledigt werden, was Ihnen Zeit spart.<\/p>\n<p><strong>Sicher und zuverl\u00e4ssig<\/strong>: Die Chafing Dish aus Edelstahl ist mit einer stabilen Halterung und einem rutschfesten Design ausgestattet, so dass sie w\u00e4hrend des Gebrauchs nicht umkippen oder verrutschen kann.<\/p>","protected":false},"featured_media":4330,"comment_status":"closed","ping_status":"closed","template":"","meta":[],"product_brand":[],"product_cat":[62],"product_tag":[],"class_list":{"0":"post-4323","1":"product","2":"type-product","3":"status-publish","4":"has-post-thumbnail","6":"product_cat-wholesale-chafing-dishes","8":"first","9":"instock","10":"shipping-taxable","11":"product-type-simple"},"_links":{"self":[{"href":"https:\/\/www.hg-cooker.com\/de\/wp-json\/wp\/v2\/product\/4323","targetHints":{"allow":["GET"]}}],"collection":[{"href":"https:\/\/www.hg-cooker.com\/de\/wp-json\/wp\/v2\/product"}],"about":[{"href":"https:\/\/www.hg-cooker.com\/de\/wp-json\/wp\/v2\/types\/product"}],"replies":[{"embeddable":true,"href":"https:\/\/www.hg-cooker.com\/de\/wp-json\/wp\/v2\/comments?post=4323"}],"wp:featuredmedia":[{"embeddable":true,"href":"https:\/\/www.hg-cooker.com\/de\/wp-json\/wp\/v2\/media\/4330"}],"wp:attachment":[{"href":"https:\/\/www.hg-cooker.com\/de\/wp-json\/wp\/v2\/media?parent=4323"}],"wp:term":[{"taxonomy":"product_brand","embeddable":true,"href":"https:\/\/www.hg-cooker.com\/de\/wp-json\/wp\/v2\/product_brand?post=4323"},{"taxonomy":"product_cat","embeddable":true,"href":"https:\/\/www.hg-cooker.com\/de\/wp-json\/wp\/v2\/product_cat?post=4323"},{"taxonomy":"product_tag","embeddable":true,"href":"https:\/\/www.hg-cooker.com\/de\/wp-json\/wp\/v2\/product_tag?post=4323"}],"curies":[{"name":"wp","href":"https:\/\/api.w.org\/{rel}","templated":true}]}}