{"id":4315,"date":"2024-08-28T09:56:27","date_gmt":"2024-08-28T09:56:27","guid":{"rendered":"https:\/\/www.hg-cooker.com\/?post_type=product&#038;p=4315"},"modified":"2024-08-28T15:28:31","modified_gmt":"2024-08-28T15:28:31","slug":"milchkannchen-aus-edelstahl-im-groshandel-28","status":"publish","type":"product","link":"https:\/\/www.hg-cooker.com\/de\/produkt\/milchkannchen-aus-edelstahl-im-groshandel-28\/","title":{"rendered":"Gro\u00dfhandel BBQ Grills f\u00fcr Haus und kommerziellen Einsatz"},"content":{"rendered":"<div class=\"wp-block-columns is-layout-flex wp-container-core-columns-is-layout-9d6595d7 wp-block-columns-is-layout-flex\">\n<div class=\"wp-block-column is-layout-flow wp-block-column-is-layout-flow\">\n<h3 class=\"wp-block-heading\">Parameter des Gro\u00dfhandels Grills<\/h3>\n\n\n\n<figure class=\"wp-block-table\"><table class=\"has-fixed-layout\"><tbody><tr><td>Ort der Herkunft<\/td><td>Material<\/td><td>Kraftstoff<\/td><td>Name des Produkts<\/td><td>Funktion<\/td><td>MOQ<\/td><td>Verpacken<\/td><td>Verwendung<\/td><td>Form<\/td><td>Typ<\/td><td>Gr\u00f6\u00dfe<\/td><td>Details zur Verpackung<\/td><td>Gr\u00f6\u00dfe der Einzelverpackung:<\/td><td>Einfaches Bruttogewicht:<\/td><\/tr><tr><td>Guangdong, China<\/td><td>Rostfreier Stahl<\/td><td>Alkoholisches Grillen<\/td><td>Mini-BBQ-Grill<\/td><td>Indoor Outdoor Smokeless Bbq Grill<\/td><td>4 St\u00fcck<\/td><td>wei\u00dfes Feld<\/td><td>K\u00fcche Kochen\\Backen\\BBQ\\Rauchen<\/td><td>Runde Form<\/td><td>Spirituskocher Heizung<\/td><td>Durchmesser 19,5 cm<\/td><td>Plastikfolienbeutel pro St\u00fcck, dann verpackt in einer farbigen Schachtel und weitere Mengen f\u00fcr den Exportkarton.<\/td><td>12X12X28 cm<\/td><td>0,800 kg<\/td><\/tr><\/tbody><\/table><\/figure>\n<\/div>\n<\/div>\n\n\n\n<div class=\"wp-block-columns is-layout-flex wp-container-core-columns-is-layout-9d6595d7 wp-block-columns-is-layout-flex\">\n<div class=\"wp-block-column is-layout-flow wp-block-column-is-layout-flow\">\n<h3 class=\"wp-block-heading\">Kundenspezifische Grilloptionen<\/h3>\n\n\n\n<p><strong>Logo<\/strong>: Gestalten Sie Ihr Markenlogo auf Grill und Verpackung.<br><br><strong>Gr\u00f6\u00dfe<\/strong>: Wir k\u00f6nnen den Grill in verschiedenen Gr\u00f6\u00dfen nach Ihrem Bedarf anpassen.<br><br><strong>Paket<\/strong>: Karton\/Farbkasten.<br><br><a href=\"https:\/\/www.hg-cooker.com\/de\/custom-solution\/\" data-type=\"page\" data-id=\"2793\" target=\"_blank\" rel=\"noreferrer noopener\"><strong>Entdecken Sie weitere OEM&amp;ODM-Details<\/strong><\/a><\/p>\n<\/div>\n<\/div>\n\n\n\n<div class=\"wp-block-columns is-layout-flex wp-container-core-columns-is-layout-9d6595d7 wp-block-columns-is-layout-flex\">\n<div class=\"wp-block-column is-layout-flow wp-block-column-is-layout-flow\">\n<figure class=\"wp-block-image size-full\"><img fetchpriority=\"high\" decoding=\"async\" width=\"760\" height=\"875\" src=\"https:\/\/www.hg-cooker.com\/wp-content\/uploads\/2024\/08\/advantage-of-BBQ-grill-1.jpg\" alt=\"Vorteil des BBQ-Grills (1)\" class=\"wp-image-4321\" srcset=\"https:\/\/www.hg-cooker.com\/wp-content\/uploads\/2024\/08\/advantage-of-BBQ-grill-1.jpg 760w, https:\/\/www.hg-cooker.com\/wp-content\/uploads\/2024\/08\/advantage-of-BBQ-grill-1-130x150.jpg 130w, https:\/\/www.hg-cooker.com\/wp-content\/uploads\/2024\/08\/advantage-of-BBQ-grill-1-573x660.jpg 573w, https:\/\/www.hg-cooker.com\/wp-content\/uploads\/2024\/08\/advantage-of-BBQ-grill-1-261x300.jpg 261w, https:\/\/www.hg-cooker.com\/wp-content\/uploads\/2024\/08\/advantage-of-BBQ-grill-1-10x12.jpg 10w, https:\/\/www.hg-cooker.com\/wp-content\/uploads\/2024\/08\/advantage-of-BBQ-grill-1-285x328.jpg 285w\" sizes=\"(max-width: 760px) 100vw, 760px\" \/><\/figure>\n<\/div>\n\n\n\n<div class=\"wp-block-column is-layout-flow wp-block-column-is-layout-flow\">\n<figure class=\"wp-block-image size-full\"><img decoding=\"async\" width=\"760\" height=\"875\" src=\"https:\/\/www.hg-cooker.com\/wp-content\/uploads\/2024\/08\/advantage-of-BBQ-grill-2.jpg\" alt=\"Vorteil des BBQ-Grills (2)\" class=\"wp-image-4322\" srcset=\"https:\/\/www.hg-cooker.com\/wp-content\/uploads\/2024\/08\/advantage-of-BBQ-grill-2.jpg 760w, https:\/\/www.hg-cooker.com\/wp-content\/uploads\/2024\/08\/advantage-of-BBQ-grill-2-130x150.jpg 130w, https:\/\/www.hg-cooker.com\/wp-content\/uploads\/2024\/08\/advantage-of-BBQ-grill-2-573x660.jpg 573w, https:\/\/www.hg-cooker.com\/wp-content\/uploads\/2024\/08\/advantage-of-BBQ-grill-2-261x300.jpg 261w, https:\/\/www.hg-cooker.com\/wp-content\/uploads\/2024\/08\/advantage-of-BBQ-grill-2-10x12.jpg 10w, https:\/\/www.hg-cooker.com\/wp-content\/uploads\/2024\/08\/advantage-of-BBQ-grill-2-285x328.jpg 285w\" sizes=\"(max-width: 760px) 100vw, 760px\" \/><\/figure>\n<\/div>\n<\/div>","protected":false},"excerpt":{"rendered":"<p>Hochwertige Gro\u00dfhandel Edelstahl BBQ Grills.Dieser Grill ist eine lustige Erg\u00e4nzung zu Familienfeiern und kann auch als professionelle Kochger\u00e4t f\u00fcr kommerzielle Veranstaltungen verwendet werden. Er wird mit Holzkohle befeuert, ist f\u00fcr den Au\u00dfenbereich geeignet und verf\u00fcgt \u00fcber ein batteriebetriebenes Gebl\u00e4se, das die Gr\u00f6\u00dfe der Flamme genau steuern kann. Wir bieten hochwertige Gro\u00dfhandelsgrills mit niedrigen Mindestbestellmengen an, so dass Sie flexibel auf die Bed\u00fcrfnisse verschiedener Gr\u00f6\u00dfen eingehen k\u00f6nnen.<\/p>\n<h2>Eigenschaften von BBQ Grill<\/h2>\n<p><strong>Mehrzweck-Design<\/strong>: Dieser Grill eignet sich sowohl f\u00fcr private als auch f\u00fcr gewerbliche Zwecke, f\u00fcr Familienfeiern, Partys im Freien, Restaurants und Catering-Services. Egal, ob es sich um ein kleines Familienessen oder ein gro\u00dfes kommerzielles Event handelt, dieser Grill kann es problemlos bew\u00e4ltigen.<\/p>\n<p><strong>Effiziente Heizung<\/strong>: Ausgestattet mit einem elektrisch betriebenen Gebl\u00e4se, kann es die Verbrennung des Holzkohlefeuers effektiv beschleunigen und eine gleichm\u00e4\u00dfige W\u00e4rmeabgabe gew\u00e4hrleisten, so dass die Speisen schnell und gleichm\u00e4\u00dfig gegrillt werden k\u00f6nnen und einen perfekten Geschmack und Farbe erhalten.<\/p>\n<p><strong>Langlebiges Material<\/strong>: Aus hochwertigem, hochtemperaturbest\u00e4ndigem und rostfreiem Edelstahl gefertigt, gew\u00e4hrleistet es einen langfristigen Einsatz in verschiedenen Umgebungen und ist leicht zu reinigen und zu pflegen.<\/p>\n<p><strong>Tragbarkeit<\/strong>: Das Design ist leicht, das Gesamtgewicht ist gering, und es gibt Griffe an beiden Enden zum einfachen Anheben. Er eignet sich zum Mitnehmen und ist auch f\u00fcr kommerzielle Anl\u00e4sse geeignet, die h\u00e4ufige Bewegungen erfordern.<\/p>\n<p><strong>Einfache Bedienung<\/strong>: Das Nachlegen von Holzkohle und das Anz\u00fcnden des Brennstoffs sind sehr einfach. Selbst Neulinge k\u00f6nnen schnell loslegen und problemlos leckere Gerichte grillen.<\/p>\n<p><strong>Niedrige Mindestbestellmenge<\/strong>: Wir unterst\u00fctzen niedrige Mindestbestellmengen, und Sie k\u00f6nnen einen geeigneten Beschaffungsplan hier bei henghuang erhalten.<\/p>\n<p><strong>Wie zu verwenden:<\/strong><br \/>1.Laden Sie 4 aa1,5v-Batterien (auch \u00fcber den usB-Anschluss versorgt). <br \/>2. den Verbrennungsblock in die Holzkohlekammer legen und anz\u00fcnden. <br \/>3. die Holzkohle hinzuf\u00fcgen, den Ventilator Max einschalten und brennen lassen. <br \/>4. legen Sie den Grill und den Deckel auf, verriegeln Sie das Schloss und backen Sie in 10 Minuten.<\/p>","protected":false},"featured_media":4317,"comment_status":"closed","ping_status":"closed","template":"","meta":[],"product_brand":[],"product_cat":[61],"product_tag":[],"class_list":{"0":"post-4315","1":"product","2":"type-product","3":"status-publish","4":"has-post-thumbnail","6":"product_cat-wholesale-grills","8":"first","9":"instock","10":"shipping-taxable","11":"product-type-simple"},"_links":{"self":[{"href":"https:\/\/www.hg-cooker.com\/de\/wp-json\/wp\/v2\/product\/4315","targetHints":{"allow":["GET"]}}],"collection":[{"href":"https:\/\/www.hg-cooker.com\/de\/wp-json\/wp\/v2\/product"}],"about":[{"href":"https:\/\/www.hg-cooker.com\/de\/wp-json\/wp\/v2\/types\/product"}],"replies":[{"embeddable":true,"href":"https:\/\/www.hg-cooker.com\/de\/wp-json\/wp\/v2\/comments?post=4315"}],"wp:featuredmedia":[{"embeddable":true,"href":"https:\/\/www.hg-cooker.com\/de\/wp-json\/wp\/v2\/media\/4317"}],"wp:attachment":[{"href":"https:\/\/www.hg-cooker.com\/de\/wp-json\/wp\/v2\/media?parent=4315"}],"wp:term":[{"taxonomy":"product_brand","embeddable":true,"href":"https:\/\/www.hg-cooker.com\/de\/wp-json\/wp\/v2\/product_brand?post=4315"},{"taxonomy":"product_cat","embeddable":true,"href":"https:\/\/www.hg-cooker.com\/de\/wp-json\/wp\/v2\/product_cat?post=4315"},{"taxonomy":"product_tag","embeddable":true,"href":"https:\/\/www.hg-cooker.com\/de\/wp-json\/wp\/v2\/product_tag?post=4315"}],"curies":[{"name":"wp","href":"https:\/\/api.w.org\/{rel}","templated":true}]}}