{"id":4304,"date":"2024-08-28T06:00:56","date_gmt":"2024-08-28T06:00:56","guid":{"rendered":"https:\/\/www.hg-cooker.com\/?post_type=product&#038;p=4304"},"modified":"2024-08-28T09:17:40","modified_gmt":"2024-08-28T09:17:40","slug":"milchkannchen-aus-edelstahl-im-groshandel-27","status":"publish","type":"product","link":"https:\/\/www.hg-cooker.com\/de\/produkt\/milchkannchen-aus-edelstahl-im-groshandel-27\/","title":{"rendered":"Gro\u00dfhandel benutzerdefinierte Holzkohlegrill mit Ventilator Einstellen der Holzkohle Feuer"},"content":{"rendered":"<div class=\"wp-block-columns is-layout-flex wp-container-core-columns-is-layout-9d6595d7 wp-block-columns-is-layout-flex\">\n<div class=\"wp-block-column is-layout-flow wp-block-column-is-layout-flow\">\n<h3 class=\"wp-block-heading\">Parameter des anpassbaren Holzkohlegrills<\/h3>\n\n\n\n<figure class=\"wp-block-table\"><table class=\"has-fixed-layout\"><tbody><tr><td>Ort der Herkunft<\/td><td>Grill Typ<\/td><td>Modellnummer<\/td><td>Verwendung<\/td><td>Funktion<\/td><td>Vorteil<\/td><td>Klasse<\/td><td>Metall Typ<\/td><td>Merkmal<\/td><td>Sicherheitseinrichtung<\/td><td>Farbe<\/td><td>Batterie<\/td><td>Anzug f\u00fcr (Umwelt)<\/td><\/tr><tr><td>Guangdong, China<\/td><td>Holzkohlegrills<\/td><td>HG-SKL<\/td><td>in Innenr\u00e4umen, besonders n\u00fctzlich f\u00fcr den Au\u00dfenbereich<\/td><td>Gebackene Lebensmittel<\/td><td>Tragbar, bequemer Betrieb<\/td><td>Sicher im Kontakt mit Lebensmitteln<\/td><td>rostfreier Stahl<\/td><td>Leicht zu montieren, leicht zu reinigen, elektronische Impulsz\u00fcndung<\/td><td>Hochdruckschutzvorrichtung<\/td><td>Bemalung mit orangefarbener oder kundenspezifischer Farbe bei gro\u00dfen Mengen<\/td><td>4*AA 1,5V<\/td><td>BBQ-Party im Freien<\/td><\/tr><\/tbody><\/table><\/figure>\n<\/div>\n<\/div>\n\n\n\n<div class=\"wp-block-columns is-layout-flex wp-container-core-columns-is-layout-9d6595d7 wp-block-columns-is-layout-flex\">\n<div class=\"wp-block-column is-layout-flow wp-block-column-is-layout-flow\">\n<h3 class=\"wp-block-heading\">Kundenspezifische Holzkohlegrill-Optionen<\/h3>\n\n\n\n<p><strong>Logo<\/strong>: Gestalten Sie Ihr Markenlogo auf dem Holzkohlegrill und der Verpackung.<br><br><strong>Gr\u00f6\u00dfe<\/strong>: Wir k\u00f6nnen Holzkohlegrill in verschiedenen Gr\u00f6\u00dfen nach Ihren Bed\u00fcrfnissen anpassen.<br><br><strong>Paket<\/strong>: Karton\/Farbkasten.<br><br><a href=\"https:\/\/www.hg-cooker.com\/de\/custom-solution\/\" data-type=\"page\" data-id=\"2793\" target=\"_blank\" rel=\"noreferrer noopener\"><strong>Entdecken Sie weitere OEM&amp;ODM-Details<\/strong><\/a><\/p>\n<\/div>\n<\/div>\n\n\n\n<div class=\"wp-block-columns is-layout-flex wp-container-core-columns-is-layout-9d6595d7 wp-block-columns-is-layout-flex\">\n<div class=\"wp-block-column is-layout-flow wp-block-column-is-layout-flow\">\n<figure class=\"wp-block-image size-full\"><img fetchpriority=\"high\" decoding=\"async\" width=\"760\" height=\"875\" src=\"https:\/\/www.hg-cooker.com\/wp-content\/uploads\/2024\/08\/advantage-of-custom-charcoal-grill-1.jpg\" alt=\"Vorteil eines ma\u00dfgeschneiderten Holzkohlegrills (1)\" class=\"wp-image-4310\" srcset=\"https:\/\/www.hg-cooker.com\/wp-content\/uploads\/2024\/08\/advantage-of-custom-charcoal-grill-1.jpg 760w, https:\/\/www.hg-cooker.com\/wp-content\/uploads\/2024\/08\/advantage-of-custom-charcoal-grill-1-130x150.jpg 130w, https:\/\/www.hg-cooker.com\/wp-content\/uploads\/2024\/08\/advantage-of-custom-charcoal-grill-1-573x660.jpg 573w, https:\/\/www.hg-cooker.com\/wp-content\/uploads\/2024\/08\/advantage-of-custom-charcoal-grill-1-261x300.jpg 261w, https:\/\/www.hg-cooker.com\/wp-content\/uploads\/2024\/08\/advantage-of-custom-charcoal-grill-1-10x12.jpg 10w, https:\/\/www.hg-cooker.com\/wp-content\/uploads\/2024\/08\/advantage-of-custom-charcoal-grill-1-285x328.jpg 285w\" sizes=\"(max-width: 760px) 100vw, 760px\" \/><\/figure>\n<\/div>\n\n\n\n<div class=\"wp-block-column is-layout-flow wp-block-column-is-layout-flow\">\n<figure class=\"wp-block-image size-full\"><img decoding=\"async\" width=\"760\" height=\"875\" src=\"https:\/\/www.hg-cooker.com\/wp-content\/uploads\/2024\/08\/advantage-of-custom-charcoal-grill-2.jpg\" alt=\"Vorteil des kundenspezifischen Holzkohlegrills (2)\" class=\"wp-image-4311\" srcset=\"https:\/\/www.hg-cooker.com\/wp-content\/uploads\/2024\/08\/advantage-of-custom-charcoal-grill-2.jpg 760w, https:\/\/www.hg-cooker.com\/wp-content\/uploads\/2024\/08\/advantage-of-custom-charcoal-grill-2-130x150.jpg 130w, https:\/\/www.hg-cooker.com\/wp-content\/uploads\/2024\/08\/advantage-of-custom-charcoal-grill-2-573x660.jpg 573w, https:\/\/www.hg-cooker.com\/wp-content\/uploads\/2024\/08\/advantage-of-custom-charcoal-grill-2-261x300.jpg 261w, https:\/\/www.hg-cooker.com\/wp-content\/uploads\/2024\/08\/advantage-of-custom-charcoal-grill-2-10x12.jpg 10w, https:\/\/www.hg-cooker.com\/wp-content\/uploads\/2024\/08\/advantage-of-custom-charcoal-grill-2-285x328.jpg 285w\" sizes=\"(max-width: 760px) 100vw, 760px\" \/><\/figure>\n<\/div>\n<\/div>","protected":false},"excerpt":{"rendered":"<p>Gro\u00dfhandel anpassbare Holzkohlegrill, Gr\u00f6\u00dfen und Konfigurationen k\u00f6nnen angepasst werden. Dieser Grill mit einem elektrisch angetriebenen Ventilator kann die Gr\u00f6\u00dfe des Holzkohlefeuers kontrollieren. Er ist eine ideale L\u00f6sung f\u00fcr Grillfans, die strenge Anforderungen an die Details des Grills und die Kontrolle des Feuers haben. Er eignet sich f\u00fcr Heimh\u00f6fe und Grillgesch\u00e4fte. Dank seiner Flexibilit\u00e4t und Anpassungsf\u00e4higkeit ist er f\u00fcr verschiedene Kochumgebungen geeignet. Wir freuen uns, wenn Sie uns f\u00fcr Gro\u00dfhandels- und kundenspezifische L\u00f6sungen kontaktieren.<\/p>\n<h3>Merkmale des Holzkohlegrills<\/h3>\n<p><strong>Der Ventilator reguliert die Feuerkraft<\/strong>: Das eingebaute Gebl\u00e4sesystem kann die Feuerkraft der Holzkohle genau regulieren, so dass Sie die Grilltemperatur leicht kontrollieren k\u00f6nnen, um sicherzustellen, dass das Grillgut gleichm\u00e4\u00dfig gegart wird, und um den idealen Grilleffekt zu erzielen.<\/p>\n<p><strong>Stromversorgung f\u00fcr L\u00fcfter<\/strong>: Zwei Arten der Stromversorgung Das Ladeger\u00e4t und die Batterie Nr. 5 k\u00f6nnen f\u00fcr die Stromversorgung verwendet werden.<\/p>\n<p><strong>Anpassungsm\u00f6glichkeiten<\/strong>: Eine Vielzahl von Anpassungsm\u00f6glichkeiten wird je nach Kundenwunsch angeboten. Leichte Anpassungen k\u00f6nnen Logos zu bestehenden Stilen hinzuf\u00fcgen, und tiefgreifende Anpassungen umfassen Gr\u00f6\u00dfe, Material und Erscheinungsbild, um verschiedene Kochbed\u00fcrfnisse und Anforderungen der Szene zu erf\u00fcllen.<\/p>\n<p><strong>Langlebiges Material<\/strong>: Aus hochwertigem, hochtemperaturbest\u00e4ndigem Edelstahl gefertigt, sorgt es daf\u00fcr, dass der Grill auch bei langfristigem Gebrauch eine hervorragende Leistung erbringt und eine lange Lebensdauer hat.<\/p>\n<p><strong>Leicht zu reinigen<\/strong>: Abnehmbare Teile und ein einfaches Design erleichtern die Reinigung und sorgen daf\u00fcr, dass der Grill immer sauber und ordentlich ist, was besonders f\u00fcr gewerbliche Einrichtungen wie Restaurants geeignet ist.<\/p>\n<p><strong>Bequeme Bedienung<\/strong>: Das Design ist benutzerfreundlich und einfach zu bedienen. Selbst Grillneulinge k\u00f6nnen leicht loslegen und den gesamten Grillvorgang problemlos steuern.<\/p>\n<p><strong>Leicht zu tragen<\/strong>: Dank seiner geringen Gr\u00f6\u00dfe l\u00e4sst er sich leicht in einem Rucksack verstauen und ist somit die ideale Wahl f\u00fcr Picknicks und Camping.<\/p>\n<p><strong>Sicherheitskonzept<\/strong>: Das Gebl\u00e4se sorgt in Verbindung mit der Luft\u00f6ffnung um den Ofen herum f\u00fcr die Verbrennung der Holzkohle, w\u00e4hrend es die W\u00e4rme des Bodens abgibt, der nicht hei\u00df ist und nicht ber\u00fchrt werden muss. <\/p>\n<p><strong>Wie zu verwenden:<\/strong><br \/>1.Laden Sie 4 aa1,5v-Batterien (auch \u00fcber den usB-Anschluss versorgt). <br \/>2. den Verbrennungsblock in die Holzkohlekammer legen und anz\u00fcnden. <br \/>3. die Holzkohle hinzuf\u00fcgen, den Ventilator Max einschalten und brennen lassen. <br \/>4. legen Sie den Grill und den Deckel auf, verriegeln Sie das Schloss und backen Sie in 10 Minuten.<\/p>","protected":false},"featured_media":4312,"comment_status":"closed","ping_status":"closed","template":"","meta":[],"product_brand":[],"product_cat":[61],"product_tag":[],"class_list":{"0":"post-4304","1":"product","2":"type-product","3":"status-publish","4":"has-post-thumbnail","6":"product_cat-wholesale-grills","8":"first","9":"instock","10":"shipping-taxable","11":"product-type-simple"},"_links":{"self":[{"href":"https:\/\/www.hg-cooker.com\/de\/wp-json\/wp\/v2\/product\/4304","targetHints":{"allow":["GET"]}}],"collection":[{"href":"https:\/\/www.hg-cooker.com\/de\/wp-json\/wp\/v2\/product"}],"about":[{"href":"https:\/\/www.hg-cooker.com\/de\/wp-json\/wp\/v2\/types\/product"}],"replies":[{"embeddable":true,"href":"https:\/\/www.hg-cooker.com\/de\/wp-json\/wp\/v2\/comments?post=4304"}],"wp:featuredmedia":[{"embeddable":true,"href":"https:\/\/www.hg-cooker.com\/de\/wp-json\/wp\/v2\/media\/4312"}],"wp:attachment":[{"href":"https:\/\/www.hg-cooker.com\/de\/wp-json\/wp\/v2\/media?parent=4304"}],"wp:term":[{"taxonomy":"product_brand","embeddable":true,"href":"https:\/\/www.hg-cooker.com\/de\/wp-json\/wp\/v2\/product_brand?post=4304"},{"taxonomy":"product_cat","embeddable":true,"href":"https:\/\/www.hg-cooker.com\/de\/wp-json\/wp\/v2\/product_cat?post=4304"},{"taxonomy":"product_tag","embeddable":true,"href":"https:\/\/www.hg-cooker.com\/de\/wp-json\/wp\/v2\/product_tag?post=4304"}],"curies":[{"name":"wp","href":"https:\/\/api.w.org\/{rel}","templated":true}]}}