{"id":4303,"date":"2024-08-28T04:46:11","date_gmt":"2024-08-28T04:46:11","guid":{"rendered":"https:\/\/www.hg-cooker.com\/?post_type=product&#038;p=4303"},"modified":"2024-08-28T06:49:41","modified_gmt":"2024-08-28T06:49:41","slug":"milchkannchen-aus-edelstahl-im-groshandel-26","status":"publish","type":"product","link":"https:\/\/www.hg-cooker.com\/de\/produkt\/milchkannchen-aus-edelstahl-im-groshandel-26\/","title":{"rendered":"Gro\u00dfhandel Custom Grills - Perfekt f\u00fcr Restaurants und Outdoor-Camping-Abenteuer"},"content":{"rendered":"<div class=\"wp-block-columns is-layout-flex wp-container-core-columns-is-layout-9d6595d7 wp-block-columns-is-layout-flex\">\n<div class=\"wp-block-column is-layout-flow wp-block-column-is-layout-flow\">\n<h3 class=\"wp-block-heading\">Parameter des Grills<\/h3>\n\n\n\n<figure class=\"wp-block-table\"><table class=\"has-fixed-layout\"><tbody><tr><td>Ort der Herkunft<\/td><td>Typ<\/td><td>Material<\/td><td>Merkmal<\/td><td>Kraftstoff<\/td><td>Verwendung<\/td><td>Sicherheitseinrichtung<\/td><td>MOQ<\/td><td>Farbe<\/td><td>Details zur Verpackung<\/td><\/tr><tr><td>Guangdong, China<\/td><td>Grill, Mini-BBQ-Grill<\/td><td>rostfreier Stahl<\/td><td>Leicht zu reinigen<\/td><td>Holzkohle<\/td><td>Bbq-Holzkohlegrill f\u00fcr drau\u00dfen<\/td><td>Flammensicherungseinrichtung, Hochdruckschutzeinrichtung<\/td><td>12 St\u00fcck<\/td><td>Edelstahl Original Silber+Schwarz<\/td><td>Plastikfolienbeutel pro St\u00fcck, dann verpackt in einer farbigen Schachtel und weitere Mengen f\u00fcr den Exportkarton.<\/td><\/tr><\/tbody><\/table><\/figure>\n<\/div>\n<\/div>\n\n\n\n<div class=\"wp-block-columns is-layout-flex wp-container-core-columns-is-layout-9d6595d7 wp-block-columns-is-layout-flex\">\n<div class=\"wp-block-column is-layout-flow wp-block-column-is-layout-flow\">\n<h3 class=\"wp-block-heading\">Kundenspezifische Grilloptionen<\/h3>\n\n\n\n<p><strong>Logo<\/strong>: Gestalten Sie Ihr Markenlogo auf Grill und Verpackung.<br><br><strong>Gr\u00f6\u00dfe<\/strong>: Wir k\u00f6nnen den Grill in verschiedenen Gr\u00f6\u00dfen nach Ihrem Bedarf anpassen.<br><br><strong>Paket<\/strong>: Karton\/Farbkasten.<br><br><a href=\"https:\/\/www.hg-cooker.com\/de\/custom-solution\/\" data-type=\"page\" data-id=\"2793\" target=\"_blank\" rel=\"noreferrer noopener\"><strong>Entdecken Sie weitere OEM&amp;ODM-Details<\/strong><\/a><\/p>\n<\/div>\n<\/div>\n\n\n\n<div class=\"wp-block-columns is-layout-flex wp-container-core-columns-is-layout-9d6595d7 wp-block-columns-is-layout-flex\">\n<div class=\"wp-block-column is-layout-flow wp-block-column-is-layout-flow\">\n<figure class=\"wp-block-image size-full\"><img fetchpriority=\"high\" decoding=\"async\" width=\"790\" height=\"1090\" src=\"https:\/\/www.hg-cooker.com\/wp-content\/uploads\/2024\/08\/custom-grill-4.jpg\" alt=\"Grill nach Ma\u00df (4)\" class=\"wp-image-4308\" srcset=\"https:\/\/www.hg-cooker.com\/wp-content\/uploads\/2024\/08\/custom-grill-4.jpg 790w, https:\/\/www.hg-cooker.com\/wp-content\/uploads\/2024\/08\/custom-grill-4-109x150.jpg 109w, https:\/\/www.hg-cooker.com\/wp-content\/uploads\/2024\/08\/custom-grill-4-478x660.jpg 478w, https:\/\/www.hg-cooker.com\/wp-content\/uploads\/2024\/08\/custom-grill-4-217x300.jpg 217w, https:\/\/www.hg-cooker.com\/wp-content\/uploads\/2024\/08\/custom-grill-4-768x1060.jpg 768w, https:\/\/www.hg-cooker.com\/wp-content\/uploads\/2024\/08\/custom-grill-4-9x12.jpg 9w, https:\/\/www.hg-cooker.com\/wp-content\/uploads\/2024\/08\/custom-grill-4-285x393.jpg 285w\" sizes=\"(max-width: 790px) 100vw, 790px\" \/><\/figure>\n<\/div>\n\n\n\n<div class=\"wp-block-column is-layout-flow wp-block-column-is-layout-flow\">\n<figure class=\"wp-block-image size-full\"><img decoding=\"async\" width=\"790\" height=\"1090\" src=\"https:\/\/www.hg-cooker.com\/wp-content\/uploads\/2024\/08\/custom-grill-5.jpg\" alt=\"Grill nach Ma\u00df (5)\" class=\"wp-image-4309\" srcset=\"https:\/\/www.hg-cooker.com\/wp-content\/uploads\/2024\/08\/custom-grill-5.jpg 790w, https:\/\/www.hg-cooker.com\/wp-content\/uploads\/2024\/08\/custom-grill-5-109x150.jpg 109w, https:\/\/www.hg-cooker.com\/wp-content\/uploads\/2024\/08\/custom-grill-5-478x660.jpg 478w, https:\/\/www.hg-cooker.com\/wp-content\/uploads\/2024\/08\/custom-grill-5-217x300.jpg 217w, https:\/\/www.hg-cooker.com\/wp-content\/uploads\/2024\/08\/custom-grill-5-768x1060.jpg 768w, https:\/\/www.hg-cooker.com\/wp-content\/uploads\/2024\/08\/custom-grill-5-9x12.jpg 9w, https:\/\/www.hg-cooker.com\/wp-content\/uploads\/2024\/08\/custom-grill-5-285x393.jpg 285w\" sizes=\"(max-width: 790px) 100vw, 790px\" \/><\/figure>\n<\/div>\n<\/div>","protected":false},"excerpt":{"rendered":"<p>Gro\u00dfhandel anpassbare Grills, ist dieser Grill entwickelt, um Rauchemissionen zu reduzieren, um sicherzustellen, dass Sie den Spa\u00df am Grillen genie\u00dfen k\u00f6nnen, w\u00e4hrend die Umwelt sauber zu halten, so ist es f\u00fcr Grillgesch\u00e4fte und Restaurants geeignet. Wir bieten Gro\u00dfhandel Grill Dienstleistungen und professionelle benutzerdefinierte Grill L\u00f6sungen, Gr\u00f6\u00dfe und Konfiguration kann angepasst werden, willkommen, uns zu kontaktieren.<\/p>\n<h3>Merkmale des anpassbaren Grills<\/h3>\n<p><strong>Anpassungsm\u00f6glichkeiten<\/strong>: Es gibt eine Vielzahl von Anpassungsm\u00f6glichkeiten, und die Gr\u00f6\u00dfen und Konfigurationen k\u00f6nnen auf die verschiedenen Bed\u00fcrfnisse und Szenarien beim Grillen abgestimmt werden, damit jedes Grillerlebnis Ihren Erwartungen entspricht.<\/p>\n<p><strong>Effiziente Heizung<\/strong>: Das gleichm\u00e4\u00dfige Heizsystem sorgt daf\u00fcr, dass die Speisen schnell und gleichm\u00e4\u00dfig gegart werden und der urspr\u00fcngliche Geschmack erhalten bleibt.<\/p>\n<p><strong>Langlebige Materialien<\/strong>: Hochwertige, hochtemperaturbest\u00e4ndige und korrosionsbest\u00e4ndige Materialien aus Edelstahl werden ausgew\u00e4hlt, um die langfristige Stabilit\u00e4t und Haltbarkeit des Grills zu gew\u00e4hrleisten.<\/p>\n<p><strong>Leicht zu reinigen<\/strong>: Das einfache Design und die leichte Demontage erm\u00f6glichen eine einfache Reinigung und Wartung, was Zeit und Energie spart und sehr gut f\u00fcr den Einsatz in Grillgesch\u00e4ften und Restaurants geeignet ist.<\/p>\n<p><strong>Multi-Szenario-Anwendung<\/strong>: Ob in der Restaurantk\u00fcche, auf einer Party oder beim Camping, dieser Grill bietet Komfort und viel Spa\u00df beim Kochen.<\/p>\n<p><strong>Bequeme Bedienung<\/strong>: Die benutzerfreundliche Bedienung macht es sowohl f\u00fcr Grillanf\u00e4nger als auch f\u00fcr erfahrene K\u00f6che einfach zu bedienen.<\/p>\n<p><strong>Hochtemperaturbest\u00e4ndiger Griff<\/strong>: Das Griffdesign verwendet hochtemperaturbest\u00e4ndige Materialien, um eine sichere und komfortable Bedienung zu gew\u00e4hrleisten und Verbrennungen durch hohe Temperaturen zu vermeiden.<\/p>","protected":false},"featured_media":4305,"comment_status":"closed","ping_status":"closed","template":"","meta":[],"product_brand":[],"product_cat":[61],"product_tag":[],"class_list":{"0":"post-4303","1":"product","2":"type-product","3":"status-publish","4":"has-post-thumbnail","6":"product_cat-wholesale-grills","8":"first","9":"instock","10":"shipping-taxable","11":"product-type-simple"},"_links":{"self":[{"href":"https:\/\/www.hg-cooker.com\/de\/wp-json\/wp\/v2\/product\/4303","targetHints":{"allow":["GET"]}}],"collection":[{"href":"https:\/\/www.hg-cooker.com\/de\/wp-json\/wp\/v2\/product"}],"about":[{"href":"https:\/\/www.hg-cooker.com\/de\/wp-json\/wp\/v2\/types\/product"}],"replies":[{"embeddable":true,"href":"https:\/\/www.hg-cooker.com\/de\/wp-json\/wp\/v2\/comments?post=4303"}],"wp:featuredmedia":[{"embeddable":true,"href":"https:\/\/www.hg-cooker.com\/de\/wp-json\/wp\/v2\/media\/4305"}],"wp:attachment":[{"href":"https:\/\/www.hg-cooker.com\/de\/wp-json\/wp\/v2\/media?parent=4303"}],"wp:term":[{"taxonomy":"product_brand","embeddable":true,"href":"https:\/\/www.hg-cooker.com\/de\/wp-json\/wp\/v2\/product_brand?post=4303"},{"taxonomy":"product_cat","embeddable":true,"href":"https:\/\/www.hg-cooker.com\/de\/wp-json\/wp\/v2\/product_cat?post=4303"},{"taxonomy":"product_tag","embeddable":true,"href":"https:\/\/www.hg-cooker.com\/de\/wp-json\/wp\/v2\/product_tag?post=4303"}],"curies":[{"name":"wp","href":"https:\/\/api.w.org\/{rel}","templated":true}]}}