{"id":4297,"date":"2024-08-28T02:46:59","date_gmt":"2024-08-28T02:46:59","guid":{"rendered":"https:\/\/www.hg-cooker.com\/?post_type=product&#038;p=4297"},"modified":"2024-11-30T03:46:42","modified_gmt":"2024-11-30T03:46:42","slug":"milchkannchen-aus-edelstahl-im-groshandel-25","status":"publish","type":"product","link":"https:\/\/www.hg-cooker.com\/de\/produkt\/milchkannchen-aus-edelstahl-im-groshandel-25\/","title":{"rendered":"Erschwingliche und zuverl\u00e4ssige Gro\u00dfhandelsgrills f\u00fcr alle Ihre Grillbed\u00fcrfnisse"},"content":{"rendered":"<div class=\"wp-block-columns is-layout-flex wp-container-core-columns-is-layout-9d6595d7 wp-block-columns-is-layout-flex\">\n<div class=\"wp-block-column is-layout-flow wp-block-column-is-layout-flow\">\n<h3 class=\"wp-block-heading\">Parameter des Gro\u00dfhandels Grills<\/h3>\n\n\n\n<figure class=\"wp-block-table\"><table class=\"has-fixed-layout\"><tbody><tr><td>Ort der Herkunft<\/td><td>Name des Produkts<\/td><td>Material<\/td><td>Verwendung<\/td><td>Farbe<\/td><td>Gr\u00f6\u00dfe<\/td><td>Funktion<\/td><td>Gewicht<\/td><td>Verkaufende Einheiten<\/td><td>Gr\u00f6\u00dfe der Einzelverpackung:<\/td><td>Einfaches Bruttogewicht:<\/td><\/tr><tr><td>Guangdong, China<\/td><td>BBQ-Grill<\/td><td>Rostfreier Stahl<\/td><td>Restaurant und Hausmannskost<\/td><td>Silber<\/td><td>35cm<\/td><td>Rauchloser BBQ-Grill f\u00fcr innen und au\u00dfen<\/td><td>2,13 kg<\/td><td>Einzelnes Element<\/td><td>76X70X56 cm<\/td><td>2.130 kg<\/td><\/tr><\/tbody><\/table><\/figure>\n<\/div>\n<\/div>\n\n\n\n<div class=\"wp-block-columns is-layout-flex wp-container-core-columns-is-layout-9d6595d7 wp-block-columns-is-layout-flex\">\n<div class=\"wp-block-column is-layout-flow wp-block-column-is-layout-flow\">\n<h3 class=\"wp-block-heading\">Kundenspezifische Grilloptionen<\/h3>\n\n\n\n<p><strong>Logo<\/strong>: Gestalten Sie Ihr Markenlogo auf Grill und Verpackung.<br><br><strong>Gr\u00f6\u00dfe<\/strong>: Wir k\u00f6nnen den Grill in verschiedenen Gr\u00f6\u00dfen nach Ihrem Bedarf anpassen.<br><br><strong>Paket<\/strong>: Karton\/Farbkasten.<br><br><a href=\"https:\/\/www.hg-cooker.com\/de\/custom-solution\/\" data-type=\"page\" data-id=\"2793\" target=\"_blank\" rel=\"noreferrer noopener\"><strong>Entdecken Sie weitere OEM&amp;ODM-Details<\/strong><\/a><\/p>\n<\/div>\n<\/div>\n\n\n\n<div class=\"wp-block-columns is-layout-flex wp-container-core-columns-is-layout-9d6595d7 wp-block-columns-is-layout-flex\">\n<div class=\"wp-block-column is-layout-flow wp-block-column-is-layout-flow\">\n<figure class=\"wp-block-image size-full\"><img fetchpriority=\"high\" decoding=\"async\" width=\"790\" height=\"1191\" src=\"https:\/\/www.hg-cooker.com\/wp-content\/uploads\/2024\/08\/BBQ-grill-detail-1.jpg\" alt=\"BBQ-Grill Detail (1)\" class=\"wp-image-4301\" srcset=\"https:\/\/www.hg-cooker.com\/wp-content\/uploads\/2024\/08\/BBQ-grill-detail-1.jpg 790w, https:\/\/www.hg-cooker.com\/wp-content\/uploads\/2024\/08\/BBQ-grill-detail-1-99x150.jpg 99w, https:\/\/www.hg-cooker.com\/wp-content\/uploads\/2024\/08\/BBQ-grill-detail-1-438x660.jpg 438w, https:\/\/www.hg-cooker.com\/wp-content\/uploads\/2024\/08\/BBQ-grill-detail-1-199x300.jpg 199w, https:\/\/www.hg-cooker.com\/wp-content\/uploads\/2024\/08\/BBQ-grill-detail-1-768x1158.jpg 768w, https:\/\/www.hg-cooker.com\/wp-content\/uploads\/2024\/08\/BBQ-grill-detail-1-8x12.jpg 8w, https:\/\/www.hg-cooker.com\/wp-content\/uploads\/2024\/08\/BBQ-grill-detail-1-285x430.jpg 285w\" sizes=\"(max-width: 790px) 100vw, 790px\" \/><\/figure>\n<\/div>\n\n\n\n<div class=\"wp-block-column is-layout-flow wp-block-column-is-layout-flow\">\n<figure class=\"wp-block-image size-full\"><img decoding=\"async\" width=\"790\" height=\"1191\" src=\"https:\/\/www.hg-cooker.com\/wp-content\/uploads\/2024\/08\/BBQ-grill-detail-2.jpg\" alt=\"BBQ-Grill Detail (2)\" class=\"wp-image-4302\" srcset=\"https:\/\/www.hg-cooker.com\/wp-content\/uploads\/2024\/08\/BBQ-grill-detail-2.jpg 790w, https:\/\/www.hg-cooker.com\/wp-content\/uploads\/2024\/08\/BBQ-grill-detail-2-99x150.jpg 99w, https:\/\/www.hg-cooker.com\/wp-content\/uploads\/2024\/08\/BBQ-grill-detail-2-438x660.jpg 438w, https:\/\/www.hg-cooker.com\/wp-content\/uploads\/2024\/08\/BBQ-grill-detail-2-199x300.jpg 199w, https:\/\/www.hg-cooker.com\/wp-content\/uploads\/2024\/08\/BBQ-grill-detail-2-768x1158.jpg 768w, https:\/\/www.hg-cooker.com\/wp-content\/uploads\/2024\/08\/BBQ-grill-detail-2-8x12.jpg 8w, https:\/\/www.hg-cooker.com\/wp-content\/uploads\/2024\/08\/BBQ-grill-detail-2-285x430.jpg 285w\" sizes=\"(max-width: 790px) 100vw, 790px\" \/><\/figure>\n<\/div>\n<\/div>","protected":false},"excerpt":{"rendered":"<p>Hochwertige Gro\u00dfhandelsgrills. Dieser Grill ist aus hochtemperaturbest\u00e4ndigem und robustem Edelstahlmaterial gefertigt, um Ihnen das beste Holzkohlegrillerlebnis zu bieten. Der Grill ist mit einer soliden Basis ausgestattet, um Sicherheit und Stabilit\u00e4t zu gew\u00e4hrleisten. Und dieser Grill ist einfach zu bedienen und zu tragen, so dass es perfekt f\u00fcr Terrasse Grillen, Camping und kleine Versammlungen.<\/p>\n<h3>Eigenschaften von Gro\u00dfhandel Bento Box<\/h3>\n<p><strong>Hochwertiger rostfreier Stahl<\/strong>: Der Grill ist aus hochtemperaturbest\u00e4ndigem und robustem Edelstahl gefertigt und hat eine lange Lebensdauer.<\/p>\n<p><strong>Leicht zu tragen<\/strong>: Der Grill ist kompakt und leicht zu transportieren und zu lagern, er eignet sich f\u00fcr den Transport im Auto und ist ideal f\u00fcr Camping und Outdoor-Aktivit\u00e4ten.<\/p>\n<p><strong>Stabilit\u00e4t und Sicherheit<\/strong>: Der Grill ist mit einem soliden Sockel ausgestattet, um Sicherheit und Stabilit\u00e4t auf verschiedenen Oberfl\u00e4chen zu gew\u00e4hrleisten.<\/p>\n<p><strong>Pr\u00e4zise Temperaturkontrolle<\/strong>: Mit den einstellbaren Bel\u00fcftungs\u00f6ffnungen k\u00f6nnen Sie die Gartemperatur genau steuern, um sicherzustellen, dass das Grillgut jedes Mal den idealen Gargrad erreicht.<\/p>\n<p><strong>Einfach zu bedienen<\/strong>: Er eignet sich sowohl f\u00fcr Grillanf\u00e4nger als auch f\u00fcr erfahrene Grillmeister, bietet eine hervorragende Kochleistung und verleiht den Speisen einen einzigartigen Rauchgeschmack.<\/p>\n<p><strong>Vielseitig<\/strong>: Dieser Grill ist f\u00fcr eine Vielzahl von Kochbed\u00fcrfnissen geeignet und kann eine Vielzahl von Zutaten vom Grillen von Burgern bis hin zu Kebabs verarbeiten. Er ist nicht nur f\u00fcr Grillanf\u00e4nger geeignet, sondern erf\u00fcllt auch die Anforderungen erfahrener Grillmeister f\u00fcr perfekte Hitze.<\/p>","protected":false},"featured_media":4298,"comment_status":"closed","ping_status":"closed","template":"","meta":[],"product_brand":[],"product_cat":[61],"product_tag":[],"class_list":{"0":"post-4297","1":"product","2":"type-product","3":"status-publish","4":"has-post-thumbnail","6":"product_cat-wholesale-grills","8":"first","9":"instock","10":"shipping-taxable","11":"product-type-simple"},"_links":{"self":[{"href":"https:\/\/www.hg-cooker.com\/de\/wp-json\/wp\/v2\/product\/4297","targetHints":{"allow":["GET"]}}],"collection":[{"href":"https:\/\/www.hg-cooker.com\/de\/wp-json\/wp\/v2\/product"}],"about":[{"href":"https:\/\/www.hg-cooker.com\/de\/wp-json\/wp\/v2\/types\/product"}],"replies":[{"embeddable":true,"href":"https:\/\/www.hg-cooker.com\/de\/wp-json\/wp\/v2\/comments?post=4297"}],"wp:featuredmedia":[{"embeddable":true,"href":"https:\/\/www.hg-cooker.com\/de\/wp-json\/wp\/v2\/media\/4298"}],"wp:attachment":[{"href":"https:\/\/www.hg-cooker.com\/de\/wp-json\/wp\/v2\/media?parent=4297"}],"wp:term":[{"taxonomy":"product_brand","embeddable":true,"href":"https:\/\/www.hg-cooker.com\/de\/wp-json\/wp\/v2\/product_brand?post=4297"},{"taxonomy":"product_cat","embeddable":true,"href":"https:\/\/www.hg-cooker.com\/de\/wp-json\/wp\/v2\/product_cat?post=4297"},{"taxonomy":"product_tag","embeddable":true,"href":"https:\/\/www.hg-cooker.com\/de\/wp-json\/wp\/v2\/product_tag?post=4297"}],"curies":[{"name":"wp","href":"https:\/\/api.w.org\/{rel}","templated":true}]}}