{"id":4276,"date":"2024-08-19T08:47:28","date_gmt":"2024-08-19T08:47:28","guid":{"rendered":"https:\/\/www.hg-cooker.com\/?post_type=product&#038;p=4276"},"modified":"2024-08-19T09:29:06","modified_gmt":"2024-08-19T09:29:06","slug":"milchkannchen-aus-edelstahl-im-groshandel-24","status":"publish","type":"product","link":"https:\/\/www.hg-cooker.com\/de\/produkt\/milchkannchen-aus-edelstahl-im-groshandel-24\/","title":{"rendered":"Gro\u00dfhandel Multi-Layer Bento Box, Bulk Bento Boxen zu verkaufen"},"content":{"rendered":"<div class=\"wp-block-columns is-layout-flex wp-container-core-columns-is-layout-9d6595d7 wp-block-columns-is-layout-flex\">\n<div class=\"wp-block-column is-layout-flow wp-block-column-is-layout-flow\">\n<h3 class=\"wp-block-heading\">Parameter der Gro\u00dfhandel Bento Box<\/h3>\n\n\n\n<figure class=\"wp-block-table\"><table class=\"has-fixed-layout\"><tbody><tr><td>Ort der Herkunft<\/td><td>Markenname<\/td><td>Modellnummer<\/td><td>Vorteil<\/td><td>Deckel<\/td><td>F\u00e4higkeit<\/td><td>Typ<\/td><td>Name des Produkts<\/td><td>Farbe<\/td><td>Funktion<\/td><td>Ebene<\/td><td>Merkmal Lebensmittelbeh\u00e4lter<\/td><\/tr><tr><td>Guangdong, China<\/td><td>Heng-Guang<\/td><td>HG-RL1\/2\/3<\/td><td>Umweltfreundlich<\/td><td>Kunststoffdeckel<\/td><td>0.7\/1.4\/2.1\/2.4L<\/td><td>Aufbewahrungsboxen &amp; Beh\u00e4lter, Aufbewahrungsboxen &amp; Beh\u00e4lter<\/td><td>runde Bento-Box aus Edelstahl mit Kunststoffdeckel<\/td><td>Gr\u00fcn, hellblau, orange<\/td><td>Essen warm halten<\/td><td>1-3 Schichten<\/td><td>Konservierung von Frische<\/td><\/tr><\/tbody><\/table><\/figure>\n\n\n\n<div class=\"wp-block-group\"><div class=\"wp-block-group__inner-container is-layout-constrained wp-block-group-is-layout-constrained\">\n<div class=\"wp-block-columns is-layout-flex wp-container-core-columns-is-layout-9d6595d7 wp-block-columns-is-layout-flex\">\n<div class=\"wp-block-column is-layout-flow wp-block-column-is-layout-flow\" style=\"flex-basis:100%\">\n<h3 class=\"wp-block-heading\">Verpackung und Lieferung<\/h3>\n\n\n\n<figure class=\"wp-block-table\"><table class=\"has-fixed-layout\"><tbody><tr><td>Details zur Verpackung<\/td><td>Hafen<\/td><td>Verkaufen von Einheiten:<\/td><td>Gr\u00f6\u00dfe der Einzelverpackung:<\/td><td>Einfaches Bruttogewicht:<\/td><\/tr><tr><td>Plastikfolienbeutel pro St\u00fcck, dann verpackt in einer farbigen Schachtel und weitere Mengen f\u00fcr den Exportkarton;<\/td><td>Shantou<\/td><td>Einzelnes Element<\/td><td>12X6X5cm<\/td><td>2.000 kg<\/td><\/tr><\/tbody><\/table><\/figure>\n<\/div>\n<\/div>\n<\/div><\/div>\n<\/div>\n<\/div>\n\n\n\n<div class=\"wp-block-columns is-layout-flex wp-container-core-columns-is-layout-9d6595d7 wp-block-columns-is-layout-flex\">\n<div class=\"wp-block-column is-layout-flow wp-block-column-is-layout-flow\">\n<h3 class=\"wp-block-heading\">OEM&amp;ODM Kundenspezifische Bento Box Optionen<\/h3>\n\n\n\n<p><strong>Logo<\/strong>: Gestalten Sie Ihr Markenlogo auf Bento-Box und Verpackung.<br><br><strong>Gr\u00f6\u00dfe<\/strong>: Wir bieten die M\u00f6glichkeit, Bento-Boxen in verschiedenen Gr\u00f6\u00dfen individuell zu gestalten.<br><br><strong>Paket<\/strong>: Karton\/Farbkasten.<br><br><a href=\"https:\/\/www.hg-cooker.com\/de\/custom-solution\/\" data-type=\"page\" data-id=\"2793\" target=\"_blank\" rel=\"noreferrer noopener\"><strong>Entdecken Sie weitere OEM&amp;ODM-Details<\/strong><\/a><\/p>\n<\/div>\n<\/div>\n\n\n\n<div class=\"wp-block-columns is-layout-flex wp-container-core-columns-is-layout-9d6595d7 wp-block-columns-is-layout-flex\">\n<div class=\"wp-block-column is-layout-flow wp-block-column-is-layout-flow\">\n<figure class=\"wp-block-image size-full\"><img fetchpriority=\"high\" decoding=\"async\" width=\"800\" height=\"800\" src=\"https:\/\/www.hg-cooker.com\/wp-content\/uploads\/2024\/08\/wholesale-bento-box-blue.webp\" alt=\"Gro\u00dfhandel Bento Box blau\" class=\"wp-image-4277\" srcset=\"https:\/\/www.hg-cooker.com\/wp-content\/uploads\/2024\/08\/wholesale-bento-box-blue.webp 800w, https:\/\/www.hg-cooker.com\/wp-content\/uploads\/2024\/08\/wholesale-bento-box-blue-150x150.webp 150w, https:\/\/www.hg-cooker.com\/wp-content\/uploads\/2024\/08\/wholesale-bento-box-blue-660x660.webp 660w, https:\/\/www.hg-cooker.com\/wp-content\/uploads\/2024\/08\/wholesale-bento-box-blue-300x300.webp 300w, https:\/\/www.hg-cooker.com\/wp-content\/uploads\/2024\/08\/wholesale-bento-box-blue-768x768.webp 768w, https:\/\/www.hg-cooker.com\/wp-content\/uploads\/2024\/08\/wholesale-bento-box-blue-12x12.webp 12w, https:\/\/www.hg-cooker.com\/wp-content\/uploads\/2024\/08\/wholesale-bento-box-blue-285x285.webp 285w, https:\/\/www.hg-cooker.com\/wp-content\/uploads\/2024\/08\/wholesale-bento-box-blue-270x270.webp 270w, https:\/\/www.hg-cooker.com\/wp-content\/uploads\/2024\/08\/wholesale-bento-box-blue-540x540.webp 540w\" sizes=\"(max-width: 800px) 100vw, 800px\" \/><\/figure>\n<\/div>\n\n\n\n<div class=\"wp-block-column is-layout-flow wp-block-column-is-layout-flow\">\n<figure class=\"wp-block-image size-full\"><img decoding=\"async\" width=\"800\" height=\"800\" src=\"https:\/\/www.hg-cooker.com\/wp-content\/uploads\/2024\/08\/wholesale-bento-box-pink.webp\" alt=\"Gro\u00dfhandel Bento Box rosa\" class=\"wp-image-4278\" srcset=\"https:\/\/www.hg-cooker.com\/wp-content\/uploads\/2024\/08\/wholesale-bento-box-pink.webp 800w, https:\/\/www.hg-cooker.com\/wp-content\/uploads\/2024\/08\/wholesale-bento-box-pink-150x150.webp 150w, https:\/\/www.hg-cooker.com\/wp-content\/uploads\/2024\/08\/wholesale-bento-box-pink-660x660.webp 660w, https:\/\/www.hg-cooker.com\/wp-content\/uploads\/2024\/08\/wholesale-bento-box-pink-300x300.webp 300w, https:\/\/www.hg-cooker.com\/wp-content\/uploads\/2024\/08\/wholesale-bento-box-pink-768x768.webp 768w, https:\/\/www.hg-cooker.com\/wp-content\/uploads\/2024\/08\/wholesale-bento-box-pink-12x12.webp 12w, https:\/\/www.hg-cooker.com\/wp-content\/uploads\/2024\/08\/wholesale-bento-box-pink-285x285.webp 285w, https:\/\/www.hg-cooker.com\/wp-content\/uploads\/2024\/08\/wholesale-bento-box-pink-270x270.webp 270w, https:\/\/www.hg-cooker.com\/wp-content\/uploads\/2024\/08\/wholesale-bento-box-pink-540x540.webp 540w\" sizes=\"(max-width: 800px) 100vw, 800px\" \/><\/figure>\n<\/div>\n<\/div>","protected":false},"excerpt":{"rendered":"<p>Wir bieten hochwertige mehrschichtige Bento-Boxen f\u00fcr Unternehmen, Schulen, Caterer und Einzelh\u00e4ndler an. Diese Edelstahl-Bento-Box hat ein einzigartiges Design und eignet sich f\u00fcr verschiedene Essensanl\u00e4sse und Bed\u00fcrfnisse. Bento-Boxen aus Edelstahl haben eine lange Lebensdauer und k\u00f6nnen wiederverwendet werden, was dazu beitr\u00e4gt, die Produktion von Plastikprodukten zu reduzieren. Wir bieten Ihnen Gro\u00dfhandel Bento-Boxen zu Fabrikpreisen, willkommen, uns zu kontaktieren.<\/p>\n<h3>Eigenschaften von Gro\u00dfhandel Bento Box<\/h3>\n<p>1.<strong>Mehrschichtiger Aufbau<\/strong>: Die mehrschichtige Struktur kann eine Vielzahl von Lebensmitteln gleichzeitig aufnehmen und hilft Ihnen, Hauptgerichte, Beilagen und Fr\u00fcchte effektiv zu trennen und die Lebensmittel frisch und schmackhaft zu halten.<\/p>\n<p>2.<strong>Hochwertige Materialien<\/strong>: Unsere Gro\u00dfhandel Bento-Boxen sind aus lebensmittelechtem Kunststoff oder Edelstahl, BPA-frei, und sicher und gesund f\u00fcr die Lagerung von Lebensmitteln gemacht.<\/p>\n<p><strong>3. umweltfreundliche Wahl<\/strong>: Bento-Boxen aus Edelstahl haben eine lange Lebensdauer und k\u00f6nnen wiederverwendet werden. Dadurch wird die Verwendung von Einweggeschirr reduziert und ein Beitrag zur Verringerung von Umweltverschmutzung und Ressourcenverschwendung geleistet.<\/p>\n<p>4.<strong>Bunte Farben<\/strong>: Wir bieten 3 Farben an, gr\u00fcn, blau und rosa, um die Bed\u00fcrfnisse der verschiedenen Benutzer zu erf\u00fcllen.<\/p>\n<p>5.<strong>Leicht zu reinigen<\/strong>: Die glatte Oberfl\u00e4che und das abnehmbare Design machen die Reinigung einfach und bequem und k\u00f6nnen in der Sp\u00fclmaschine gereinigt werden, was Zeit und Energie spart.<\/p>\n<p>6.<strong>Ma\u00dfgeschneiderter Service<\/strong>: Wir bieten OEM&amp;ODM kundenspezifische L\u00f6sungen, einschlie\u00dflich Gr\u00f6\u00dfe, Farbe, Deckeldesign und Markenlogo, um Ihre pers\u00f6nlichen Bed\u00fcrfnisse zu erf\u00fcllen. Wir k\u00f6nnen nach Ihren Anforderungen produzieren, damit Sie sich auf dem Markt abheben k\u00f6nnen.<\/p>","protected":false},"featured_media":4279,"comment_status":"closed","ping_status":"closed","template":"","meta":[],"product_brand":[],"product_cat":[51],"product_tag":[],"class_list":{"0":"post-4276","1":"product","2":"type-product","3":"status-publish","4":"has-post-thumbnail","6":"product_cat-food-storage-container","8":"first","9":"instock","10":"shipping-taxable","11":"product-type-simple"},"_links":{"self":[{"href":"https:\/\/www.hg-cooker.com\/de\/wp-json\/wp\/v2\/product\/4276","targetHints":{"allow":["GET"]}}],"collection":[{"href":"https:\/\/www.hg-cooker.com\/de\/wp-json\/wp\/v2\/product"}],"about":[{"href":"https:\/\/www.hg-cooker.com\/de\/wp-json\/wp\/v2\/types\/product"}],"replies":[{"embeddable":true,"href":"https:\/\/www.hg-cooker.com\/de\/wp-json\/wp\/v2\/comments?post=4276"}],"wp:featuredmedia":[{"embeddable":true,"href":"https:\/\/www.hg-cooker.com\/de\/wp-json\/wp\/v2\/media\/4279"}],"wp:attachment":[{"href":"https:\/\/www.hg-cooker.com\/de\/wp-json\/wp\/v2\/media?parent=4276"}],"wp:term":[{"taxonomy":"product_brand","embeddable":true,"href":"https:\/\/www.hg-cooker.com\/de\/wp-json\/wp\/v2\/product_brand?post=4276"},{"taxonomy":"product_cat","embeddable":true,"href":"https:\/\/www.hg-cooker.com\/de\/wp-json\/wp\/v2\/product_cat?post=4276"},{"taxonomy":"product_tag","embeddable":true,"href":"https:\/\/www.hg-cooker.com\/de\/wp-json\/wp\/v2\/product_tag?post=4276"}],"curies":[{"name":"wp","href":"https:\/\/api.w.org\/{rel}","templated":true}]}}