{"id":4270,"date":"2024-08-30T09:18:36","date_gmt":"2024-08-30T09:18:36","guid":{"rendered":"https:\/\/www.hg-cooker.com\/?post_type=product&#038;p=4270"},"modified":"2025-11-13T02:07:14","modified_gmt":"2025-11-13T02:07:14","slug":"milchkannchen-aus-edelstahl-im-groshandel-23","status":"publish","type":"product","link":"https:\/\/www.hg-cooker.com\/de\/produkt\/milchkannchen-aus-edelstahl-im-groshandel-23\/","title":{"rendered":"Gro\u00dfhandel Edelstahl Lunch-Boxen Bulk Lunch-Boxen zu verkaufen"},"content":{"rendered":"<div class=\"wp-block-columns is-layout-flex wp-container-core-columns-is-layout-9d6595d7 wp-block-columns-is-layout-flex\">\n<div class=\"wp-block-column is-layout-flow wp-block-column-is-layout-flow\">\n<h3 class=\"wp-block-heading\">Parameter des Gro\u00dfhandels Lunchboxen<\/h3>\n\n\n\n<div class=\"wp-block-group\"><div class=\"wp-block-group__inner-container is-layout-constrained wp-block-group-is-layout-constrained\">\n<div class=\"wp-block-columns is-layout-flex wp-container-core-columns-is-layout-9d6595d7 wp-block-columns-is-layout-flex\">\n<div class=\"wp-block-column is-layout-flow wp-block-column-is-layout-flow\" style=\"flex-basis:100%\">\n<figure class=\"wp-block-table\"><table class=\"has-fixed-layout\"><tbody><tr><td>Ort der Herkunft<\/td><td>Markenname<\/td><td>Modellnummer<\/td><td>Name des Produkts<\/td><td>Materialqualit\u00e4t<\/td><td>Ebene<\/td><td>Verpacken<\/td><td>Verwendung<\/td><td>MOQ<\/td><td>Material<\/td><td>Logo<\/td><\/tr><tr><td>Guangdong, China<\/td><td>HENG-GUANG<\/td><td>HG-BDH<\/td><td>HG Edelstahl umweltfreundlich neuen Stil Lunch-Box<\/td><td>rostfreier Stahl 201<\/td><td>1 Schicht<\/td><td>Farbkasten<\/td><td>Essen Warm<\/td><td>3000St\u00fcck<\/td><td>Metall<\/td><td>Individuelles Logo<\/td><\/tr><\/tbody><\/table><\/figure>\n\n\n\n<h3 class=\"wp-block-heading\">Verpackung und Lieferung<\/h3>\n\n\n\n<figure class=\"wp-block-table\"><table class=\"has-fixed-layout\"><tbody><tr><td>Details zur Verpackung<\/td><td>Hafen<\/td><td>Verkaufen von Einheiten:<\/td><td>Gr\u00f6\u00dfe der Einzelverpackung:<\/td><td>Einfaches Bruttogewicht:<\/td><\/tr><tr><td>Plastikfolienbeutel pro St\u00fcck, dann verpackt in einer farbigen Schachtel und weitere Mengen f\u00fcr den Exportkarton;<\/td><td>Shantou<\/td><td>Einzelnes Element<\/td><td>25X25X25 cm<\/td><td>2.000 kg<\/td><\/tr><\/tbody><\/table><\/figure>\n<\/div>\n<\/div>\n<\/div><\/div>\n<\/div>\n<\/div>\n\n\n\n<div class=\"wp-block-columns is-layout-flex wp-container-core-columns-is-layout-9d6595d7 wp-block-columns-is-layout-flex\">\n<div class=\"wp-block-column is-layout-flow wp-block-column-is-layout-flow\">\n<h3 class=\"wp-block-heading\">OEM&amp;ODM Optionen f\u00fcr kundenspezifische Lebensmittelbeh\u00e4lter<\/h3>\n\n\n\n<p><strong>Logo<\/strong>: Gestalten Sie Ihr Markenlogo auf Brotdose und Verpackung.<br><br><strong>Gr\u00f6\u00dfe<\/strong>: Wir bieten die M\u00f6glichkeit, Lunchboxen in verschiedenen Gr\u00f6\u00dfen individuell zu gestalten.<br><br><strong>Paket<\/strong>: Karton\/Farbkasten.<br><br><a href=\"https:\/\/www.hg-cooker.com\/de\/custom-solution\/\" data-type=\"page\" data-id=\"2793\" target=\"_blank\" rel=\"noreferrer noopener\"><strong>Entdecken Sie weitere OEM&amp;ODM-Details<\/strong><\/a><\/p>\n<\/div>\n<\/div>\n\n\n\n<div class=\"wp-block-columns is-layout-flex wp-container-core-columns-is-layout-9d6595d7 wp-block-columns-is-layout-flex\">\n<div class=\"wp-block-column is-layout-flow wp-block-column-is-layout-flow\">\n<figure class=\"wp-block-image size-full\"><img fetchpriority=\"high\" decoding=\"async\" width=\"750\" height=\"750\" src=\"https:\/\/www.hg-cooker.com\/wp-content\/uploads\/2024\/08\/wholesale-pink-stainless-steel-lunch-boxes.webp\" alt=\"Gro\u00dfhandel rosa Edelstahl-Lunchboxen\" class=\"wp-image-4273\" srcset=\"https:\/\/www.hg-cooker.com\/wp-content\/uploads\/2024\/08\/wholesale-pink-stainless-steel-lunch-boxes.webp 750w, https:\/\/www.hg-cooker.com\/wp-content\/uploads\/2024\/08\/wholesale-pink-stainless-steel-lunch-boxes-150x150.webp 150w, https:\/\/www.hg-cooker.com\/wp-content\/uploads\/2024\/08\/wholesale-pink-stainless-steel-lunch-boxes-660x660.webp 660w, https:\/\/www.hg-cooker.com\/wp-content\/uploads\/2024\/08\/wholesale-pink-stainless-steel-lunch-boxes-300x300.webp 300w, https:\/\/www.hg-cooker.com\/wp-content\/uploads\/2024\/08\/wholesale-pink-stainless-steel-lunch-boxes-12x12.webp 12w, https:\/\/www.hg-cooker.com\/wp-content\/uploads\/2024\/08\/wholesale-pink-stainless-steel-lunch-boxes-285x285.webp 285w, https:\/\/www.hg-cooker.com\/wp-content\/uploads\/2024\/08\/wholesale-pink-stainless-steel-lunch-boxes-270x270.webp 270w, https:\/\/www.hg-cooker.com\/wp-content\/uploads\/2024\/08\/wholesale-pink-stainless-steel-lunch-boxes-540x540.webp 540w\" sizes=\"(max-width: 750px) 100vw, 750px\" \/><\/figure>\n<\/div>\n\n\n\n<div class=\"wp-block-column is-layout-flow wp-block-column-is-layout-flow\">\n<figure class=\"wp-block-image size-full\"><img decoding=\"async\" width=\"750\" height=\"750\" src=\"https:\/\/www.hg-cooker.com\/wp-content\/uploads\/2024\/08\/wholesale-green-stainless-steel-lunch-boxes.webp\" alt=\"Gro\u00dfhandel gr\u00fcn Edelstahl Mittagessen Boxen\" class=\"wp-image-4272\" srcset=\"https:\/\/www.hg-cooker.com\/wp-content\/uploads\/2024\/08\/wholesale-green-stainless-steel-lunch-boxes.webp 750w, https:\/\/www.hg-cooker.com\/wp-content\/uploads\/2024\/08\/wholesale-green-stainless-steel-lunch-boxes-150x150.webp 150w, https:\/\/www.hg-cooker.com\/wp-content\/uploads\/2024\/08\/wholesale-green-stainless-steel-lunch-boxes-660x660.webp 660w, https:\/\/www.hg-cooker.com\/wp-content\/uploads\/2024\/08\/wholesale-green-stainless-steel-lunch-boxes-300x300.webp 300w, https:\/\/www.hg-cooker.com\/wp-content\/uploads\/2024\/08\/wholesale-green-stainless-steel-lunch-boxes-12x12.webp 12w, https:\/\/www.hg-cooker.com\/wp-content\/uploads\/2024\/08\/wholesale-green-stainless-steel-lunch-boxes-285x285.webp 285w, https:\/\/www.hg-cooker.com\/wp-content\/uploads\/2024\/08\/wholesale-green-stainless-steel-lunch-boxes-270x270.webp 270w, https:\/\/www.hg-cooker.com\/wp-content\/uploads\/2024\/08\/wholesale-green-stainless-steel-lunch-boxes-540x540.webp 540w\" sizes=\"(max-width: 750px) 100vw, 750px\" \/><\/figure>\n<\/div>\n<\/div>","protected":false},"excerpt":{"rendered":"<p>Wir bieten hochwertige Gro\u00dfhandels-Edelstahl-Lunchboxen f\u00fcr Unternehmen, Schulen, Caterer und Einzelh\u00e4ndler. Diese Lunch-Boxen sind stark und langlebig, aus hochwertigem Edelstahl Material, sie sind gebaut, um zu halten und sind perfekt f\u00fcr den t\u00e4glichen Gebrauch und h\u00e4ufiges Waschen. Kontaktieren Sie uns, um Gro\u00dfhandel Brotdosen zu Fabrikpreisen zu erhalten.<\/p>\n<h3>Eigenschaften von Gro\u00dfhandel Lunch-Boxen<\/h3>\n<p><strong>1) Hochwertige Materialien<\/strong>: Hergestellt aus lebensmittelechtem Edelstahl, BPA-frei, um die Lebensmittelsicherheit zu gew\u00e4hrleisten.<\/p>\n<p><strong>2. \u00fcberragende Isolierleistung<\/strong>: Diese Gro\u00dfhandels-Lunchbox hat eine hervorragende Isolierwirkung, so dass Sie jederzeit k\u00f6stliche Mahlzeiten genie\u00dfen k\u00f6nnen.<\/p>\n<p><strong>3. auslaufsichere Konstruktion<\/strong>: Ausgestattet mit einem versiegelten Deckel, der das Auslaufen von Fl\u00fcssigkeiten verhindert, eignet er sich zum Transport von Suppen und Gerichten mit viel So\u00dfe und ist somit leichter zu tragen.<\/p>\n<p><strong>4. leicht und tragbar<\/strong>: Diese Lunchboxen sind leicht und tragbar und k\u00f6nnen einfach zur Arbeit, zur Schule oder zu Aktivit\u00e4ten im Freien mitgenommen werden.<\/p>\n<p><strong>5. stilvolles Aussehen<\/strong>: Diese Lunchbox aus Edelstahl hat ein einfaches und modernes Design, das f\u00fcr verschiedene Anl\u00e4sse geeignet ist, und verf\u00fcgt \u00fcber eine Vielzahl von Farboptionen, um den Bed\u00fcrfnissen der verschiedenen Benutzer gerecht zu werden.<\/p>\n<p><strong>6. kundenspezifische L\u00f6sung<\/strong>Wir sind in der Lage, die Edelstahl-Lunchbox nach Ihren W\u00fcnschen zu gestalten, sei es die Gr\u00f6\u00dfe, Form, Farbe oder das Design des Deckels, wir k\u00f6nnen sie Ihren Anforderungen entsprechend anpassen.<\/p>","protected":false},"featured_media":4274,"comment_status":"closed","ping_status":"closed","template":"","meta":[],"product_brand":[],"product_cat":[51],"product_tag":[],"class_list":{"0":"post-4270","1":"product","2":"type-product","3":"status-publish","4":"has-post-thumbnail","6":"product_cat-food-storage-container","8":"first","9":"instock","10":"shipping-taxable","11":"product-type-simple"},"_links":{"self":[{"href":"https:\/\/www.hg-cooker.com\/de\/wp-json\/wp\/v2\/product\/4270","targetHints":{"allow":["GET"]}}],"collection":[{"href":"https:\/\/www.hg-cooker.com\/de\/wp-json\/wp\/v2\/product"}],"about":[{"href":"https:\/\/www.hg-cooker.com\/de\/wp-json\/wp\/v2\/types\/product"}],"replies":[{"embeddable":true,"href":"https:\/\/www.hg-cooker.com\/de\/wp-json\/wp\/v2\/comments?post=4270"}],"wp:featuredmedia":[{"embeddable":true,"href":"https:\/\/www.hg-cooker.com\/de\/wp-json\/wp\/v2\/media\/4274"}],"wp:attachment":[{"href":"https:\/\/www.hg-cooker.com\/de\/wp-json\/wp\/v2\/media?parent=4270"}],"wp:term":[{"taxonomy":"product_brand","embeddable":true,"href":"https:\/\/www.hg-cooker.com\/de\/wp-json\/wp\/v2\/product_brand?post=4270"},{"taxonomy":"product_cat","embeddable":true,"href":"https:\/\/www.hg-cooker.com\/de\/wp-json\/wp\/v2\/product_cat?post=4270"},{"taxonomy":"product_tag","embeddable":true,"href":"https:\/\/www.hg-cooker.com\/de\/wp-json\/wp\/v2\/product_tag?post=4270"}],"curies":[{"name":"wp","href":"https:\/\/api.w.org\/{rel}","templated":true}]}}