{"id":4264,"date":"2024-11-05T07:29:30","date_gmt":"2024-11-05T07:29:30","guid":{"rendered":"https:\/\/www.hg-cooker.com\/?post_type=product&#038;p=4264"},"modified":"2025-11-13T01:58:26","modified_gmt":"2025-11-13T01:58:26","slug":"milchkannchen-aus-edelstahl-im-groshandel-22","status":"publish","type":"product","link":"https:\/\/www.hg-cooker.com\/de\/produkt\/milchkannchen-aus-edelstahl-im-groshandel-22\/","title":{"rendered":"Gro\u00dfhandel Edelstahl Lebensmittelbeh\u00e4lter Bulk Food Containers zu verkaufen"},"content":{"rendered":"<div class=\"wp-block-columns is-layout-flex wp-container-core-columns-is-layout-9d6595d7 wp-block-columns-is-layout-flex\">\n<div class=\"wp-block-column is-layout-flow wp-block-column-is-layout-flow\">\n<h3 class=\"wp-block-heading\">Parameter von Lebensmittelbeh\u00e4ltern aus Edelstahl<\/h3>\n\n\n\n<div class=\"wp-block-group\"><div class=\"wp-block-group__inner-container is-layout-constrained wp-block-group-is-layout-constrained\">\n<div class=\"wp-block-columns is-layout-flex wp-container-core-columns-is-layout-9d6595d7 wp-block-columns-is-layout-flex\">\n<div class=\"wp-block-column is-layout-flow wp-block-column-is-layout-flow\" style=\"flex-basis:100%\">\n<figure class=\"wp-block-table\"><table class=\"has-fixed-layout\"><tbody><tr><td>Ort der Herkunft<\/td><td>Anlass<\/td><td>Modellnummer<\/td><td>Material<\/td><td>Anwendbarer Raum<\/td><td>Verpackung<\/td><td>Technik<\/td><td>Form<\/td><td>Spezifikation<\/td><td>Merkmal Lebensmittelbeh\u00e4lter<\/td><td>Name des Gegenstands<\/td><td>Material<\/td><td>Farbe<\/td><\/tr><tr><td>Guangdong, China<\/td><td>Reisen<\/td><td>HG-BXH<\/td><td>Metall<\/td><td>K\u00fcche<\/td><td>&gt;10<\/td><td>polnisch<\/td><td>Quadrat, Rechteck<\/td><td>500ml,1150ml,600ml,1200ml<\/td><td>sicher,Gesundheit<\/td><td>Edelstahl Lebensmittelbeh\u00e4lter<\/td><td>Rostfreier Stahl 304<\/td><td>Silber<\/td><\/tr><\/tbody><\/table><\/figure>\n<\/div>\n<\/div>\n<\/div><\/div>\n<\/div>\n<\/div>\n\n\n\n<div class=\"wp-block-columns is-layout-flex wp-container-core-columns-is-layout-9d6595d7 wp-block-columns-is-layout-flex\">\n<div class=\"wp-block-column is-layout-flow wp-block-column-is-layout-flow\">\n<h3 class=\"wp-block-heading\">OEM&amp;ODM Optionen f\u00fcr kundenspezifische Lebensmittelbeh\u00e4lter<\/h3>\n\n\n\n<p><strong>Logo<\/strong>: Gestalten Sie Ihr Markenlogo auf Lebensmittelbeh\u00e4ltern und Verpackungen.<br><br><strong>Gr\u00f6\u00dfe<\/strong>: Wir bieten die M\u00f6glichkeit, Lebensmittelbeh\u00e4lter in verschiedenen Gr\u00f6\u00dfen individuell zu gestalten.<br><br><strong>Paket<\/strong>: Karton\/Farbkasten.<br><br><a href=\"https:\/\/www.hg-cooker.com\/de\/custom-solution\/\" data-type=\"page\" data-id=\"2793\" target=\"_blank\" rel=\"noreferrer noopener\"><strong>Entdecken Sie weitere OEM&amp;ODM-Details<\/strong><\/a><\/p>\n<\/div>\n<\/div>\n\n\n\n<div class=\"wp-block-columns is-layout-flex wp-container-core-columns-is-layout-9d6595d7 wp-block-columns-is-layout-flex\">\n<div class=\"wp-block-column is-layout-flow wp-block-column-is-layout-flow\">\n<figure class=\"wp-block-image size-full\"><img fetchpriority=\"high\" decoding=\"async\" width=\"790\" height=\"990\" src=\"https:\/\/www.hg-cooker.com\/wp-content\/uploads\/2024\/08\/wholesale-food-container-detail-2.webp\" alt=\"Gro\u00dfhandel Lebensmittelbeh\u00e4lter Detail (2)\" class=\"wp-image-4265\" srcset=\"https:\/\/www.hg-cooker.com\/wp-content\/uploads\/2024\/08\/wholesale-food-container-detail-2.webp 790w, https:\/\/www.hg-cooker.com\/wp-content\/uploads\/2024\/08\/wholesale-food-container-detail-2-120x150.webp 120w, https:\/\/www.hg-cooker.com\/wp-content\/uploads\/2024\/08\/wholesale-food-container-detail-2-527x660.webp 527w, https:\/\/www.hg-cooker.com\/wp-content\/uploads\/2024\/08\/wholesale-food-container-detail-2-239x300.webp 239w, https:\/\/www.hg-cooker.com\/wp-content\/uploads\/2024\/08\/wholesale-food-container-detail-2-768x962.webp 768w, https:\/\/www.hg-cooker.com\/wp-content\/uploads\/2024\/08\/wholesale-food-container-detail-2-10x12.webp 10w, https:\/\/www.hg-cooker.com\/wp-content\/uploads\/2024\/08\/wholesale-food-container-detail-2-285x357.webp 285w\" sizes=\"(max-width: 790px) 100vw, 790px\" \/><\/figure>\n<\/div>\n\n\n\n<div class=\"wp-block-column is-layout-flow wp-block-column-is-layout-flow\">\n<figure class=\"wp-block-image size-full\"><img decoding=\"async\" width=\"790\" height=\"1038\" src=\"https:\/\/www.hg-cooker.com\/wp-content\/uploads\/2024\/08\/wholesale-food-container-detail-3.webp\" alt=\"Gro\u00dfhandel Lebensmittelbeh\u00e4lter Detail (3)\" class=\"wp-image-4266\" srcset=\"https:\/\/www.hg-cooker.com\/wp-content\/uploads\/2024\/08\/wholesale-food-container-detail-3.webp 790w, https:\/\/www.hg-cooker.com\/wp-content\/uploads\/2024\/08\/wholesale-food-container-detail-3-114x150.webp 114w, https:\/\/www.hg-cooker.com\/wp-content\/uploads\/2024\/08\/wholesale-food-container-detail-3-502x660.webp 502w, https:\/\/www.hg-cooker.com\/wp-content\/uploads\/2024\/08\/wholesale-food-container-detail-3-228x300.webp 228w, https:\/\/www.hg-cooker.com\/wp-content\/uploads\/2024\/08\/wholesale-food-container-detail-3-768x1009.webp 768w, https:\/\/www.hg-cooker.com\/wp-content\/uploads\/2024\/08\/wholesale-food-container-detail-3-9x12.webp 9w, https:\/\/www.hg-cooker.com\/wp-content\/uploads\/2024\/08\/wholesale-food-container-detail-3-285x374.webp 285w\" sizes=\"(max-width: 790px) 100vw, 790px\" \/><\/figure>\n<\/div>\n<\/div>","protected":false},"excerpt":{"rendered":"<p>Die Materialien, die wir zur Herstellung unserer hochwertigen Lebensmittelbeh\u00e4lter aus Edelstahl verwenden, sind resistent gegen Rost, Flecken und Ger\u00fcche und eignen sich daher ideal f\u00fcr die Aufbewahrung verschiedener Lebensmittel. Verbessern Sie Ihre L\u00f6sungen zur Aufbewahrung von Lebensmitteln und w\u00e4hlen Sie unsere hochwertigen Gro\u00dfhandels-Edelstahlbeh\u00e4lter, die auf Langlebigkeit und Vielseitigkeit ausgelegt sind. Erh\u00e4ltlich in loser Sch\u00fcttung, ob f\u00fcr Unternehmen, Schulen, Restaurants oder Catering-Services, unsere Produkte bieten eine umweltfreundliche und langlebige Alternative zu Kunststoff storage.Welcome, um uns zu kontaktieren, um Gro\u00dfhandel Lebensmittelbeh\u00e4lter zum Fabrikpreis zu gewinnen.<\/p>\n<h3>Merkmale von Gro\u00dfhandels-Lebensmittelbeh\u00e4ltern<\/p>\n<\/h3>\n<p>1.<strong>Sehr langlebig<\/strong>: Diese Lebensmittelbeh\u00e4lter sind sorgf\u00e4ltig aus hochwertigem Edelstahl gefertigt. Sie werden auch bei h\u00e4ufigem Gebrauch und Waschen nicht leicht verformt oder besch\u00e4digt. Ihre gute Haltbarkeit macht sie zu einer idealen Wahl f\u00fcr gewerbliche Einrichtungen und Haushalte.<\/p>\n<p>2.<strong>Leicht zu reinigen<\/strong>: Diese Lebensmittelbeh\u00e4lter aus Edelstahl haben eine glatte Oberfl\u00e4che, die das Festhalten von Lebensmittelresten, Bakterien und Ger\u00fcchen wirksam verhindert und die Reinigung erheblich erleichtert.<br \/>Mehrere Kapazit\u00e4tsoptionen: Wir bieten vier Spezifikationen f\u00fcr Lebensmittelbeh\u00e4lter an: 500ml, 1150ml, 600ml und 1200ml, um Ihre Bed\u00fcrfnisse f\u00fcr die Aufbewahrung verschiedener Lebensmittel zu erf\u00fcllen.<\/p>\n<p>3.<strong>Umweltfreundliche Optionen<\/strong>: Lebensmittelbeh\u00e4lter aus Edelstahl haben eine lange Lebensdauer und sind wiederverwendbar. Diese Edelstahlbeh\u00e4lter sind eine nachhaltige L\u00f6sung zur Reduzierung von Kunststoffabf\u00e4llen.<\/p>\n<p>4.<strong>Ma\u00dfgeschneiderte L\u00f6sung f\u00fcr Lebensmittelbeh\u00e4lter<\/strong>: Wir sind in der Lage, Lebensmittelbeh\u00e4lter aus rostfreiem Stahl zu entwerfen und zu produzieren, die der Markenpositionierung und den Verwendungsanforderungen unserer Kunden entsprechen und ihren spezifischen Bed\u00fcrfnissen gerecht werden.<\/p>","protected":false},"featured_media":4269,"comment_status":"closed","ping_status":"closed","template":"","meta":[],"product_brand":[],"product_cat":[51],"product_tag":[],"class_list":{"0":"post-4264","1":"product","2":"type-product","3":"status-publish","4":"has-post-thumbnail","6":"product_cat-food-storage-container","8":"first","9":"instock","10":"shipping-taxable","11":"product-type-simple"},"_links":{"self":[{"href":"https:\/\/www.hg-cooker.com\/de\/wp-json\/wp\/v2\/product\/4264","targetHints":{"allow":["GET"]}}],"collection":[{"href":"https:\/\/www.hg-cooker.com\/de\/wp-json\/wp\/v2\/product"}],"about":[{"href":"https:\/\/www.hg-cooker.com\/de\/wp-json\/wp\/v2\/types\/product"}],"replies":[{"embeddable":true,"href":"https:\/\/www.hg-cooker.com\/de\/wp-json\/wp\/v2\/comments?post=4264"}],"wp:featuredmedia":[{"embeddable":true,"href":"https:\/\/www.hg-cooker.com\/de\/wp-json\/wp\/v2\/media\/4269"}],"wp:attachment":[{"href":"https:\/\/www.hg-cooker.com\/de\/wp-json\/wp\/v2\/media?parent=4264"}],"wp:term":[{"taxonomy":"product_brand","embeddable":true,"href":"https:\/\/www.hg-cooker.com\/de\/wp-json\/wp\/v2\/product_brand?post=4264"},{"taxonomy":"product_cat","embeddable":true,"href":"https:\/\/www.hg-cooker.com\/de\/wp-json\/wp\/v2\/product_cat?post=4264"},{"taxonomy":"product_tag","embeddable":true,"href":"https:\/\/www.hg-cooker.com\/de\/wp-json\/wp\/v2\/product_tag?post=4264"}],"curies":[{"name":"wp","href":"https:\/\/api.w.org\/{rel}","templated":true}]}}