{"id":4258,"date":"2024-08-19T04:46:07","date_gmt":"2024-08-19T04:46:07","guid":{"rendered":"https:\/\/www.hg-cooker.com\/?post_type=product&#038;p=4258"},"modified":"2024-08-19T07:20:37","modified_gmt":"2024-08-19T07:20:37","slug":"milchkannchen-aus-edelstahl-im-groshandel-21","status":"publish","type":"product","link":"https:\/\/www.hg-cooker.com\/de\/produkt\/milchkannchen-aus-edelstahl-im-groshandel-21\/","title":{"rendered":"Gro\u00dfhandel 8L Gro\u00dfe Kapazit\u00e4t Thermoskanne Thermokocher oder energieeffiziente Mahlzeit Vorbereitung"},"content":{"rendered":"<div class=\"wp-block-columns is-layout-flex wp-container-core-columns-is-layout-9d6595d7 wp-block-columns-is-layout-flex\">\n<div class=\"wp-block-column is-layout-flow wp-block-column-is-layout-flow\">\n<h3 class=\"wp-block-heading\">Parameter von Thermos Thermokocher<\/h3>\n\n\n\n<div class=\"wp-block-group\"><div class=\"wp-block-group__inner-container is-layout-constrained wp-block-group-is-layout-constrained\">\n<div class=\"wp-block-columns is-layout-flex wp-container-core-columns-is-layout-9d6595d7 wp-block-columns-is-layout-flex\">\n<div class=\"wp-block-column is-layout-flow wp-block-column-is-layout-flow\" style=\"flex-basis:100%\">\n<figure class=\"wp-block-table\"><table class=\"has-fixed-layout\"><tbody><tr><td>Ort der Herkunft<\/td><td>Typ<\/td><td>Markenname<\/td><td>Modellnummer<\/td><td>Kapazit\u00e4t<\/td><td>Qualit\u00e4t des Materials<\/td><td>Innerer Topf<\/td><td>Wirkung<\/td><td>Farbe<\/td><td>polnisch<\/td><\/tr><tr><td>Guangdong, China<\/td><td>Suppenkocher<\/td><td>HENG-GUANG<\/td><td>YY-6B8<\/td><td>8L<\/td><td>ss201, Lebensmittelqualit\u00e4t PP<\/td><td>ss304 , Boden mit 1cm Aluminium-Sandwichboden<\/td><td>Warmhalten f\u00fcr lange Zeit<\/td><td>Edelstahl, braun oder nach Wunsch<\/td><td>Hochglanzpolitur<\/td><\/tr><\/tbody><\/table><\/figure>\n<\/div>\n<\/div>\n<\/div><\/div>\n<\/div>\n<\/div>\n\n\n\n<div class=\"wp-block-columns is-layout-flex wp-container-core-columns-is-layout-9d6595d7 wp-block-columns-is-layout-flex\">\n<div class=\"wp-block-column is-layout-flow wp-block-column-is-layout-flow\">\n<h3 class=\"wp-block-heading\">OEM&amp;ODM Kundenspezifische Thermoskocher Optionen<\/h3>\n\n\n\n<p><strong>Logo<\/strong>: Gestalten Sie Ihr Markenlogo auf Thermoskanne und Verpackung.<br><br><strong>Gr\u00f6\u00dfe<\/strong>: Passen Sie die verschiedenen Gr\u00f6\u00dfen des Thermoskochers Ihren Bed\u00fcrfnissen entsprechend an.<br><br><strong>Paket<\/strong>: Karton\/Farbkasten.<br><br><a href=\"https:\/\/www.hg-cooker.com\/de\/custom-solution\/\" data-type=\"page\" data-id=\"2793\" target=\"_blank\" rel=\"noreferrer noopener\"><strong>Entdecken Sie weitere OEM&amp;ODM-Details<\/strong><\/a><\/p>\n<\/div>\n<\/div>\n\n\n\n<div class=\"wp-block-columns is-layout-flex wp-container-core-columns-is-layout-9d6595d7 wp-block-columns-is-layout-flex\">\n<div class=\"wp-block-column is-layout-flow wp-block-column-is-layout-flow\">\n<figure class=\"wp-block-image size-full\"><img fetchpriority=\"high\" decoding=\"async\" width=\"800\" height=\"800\" src=\"https:\/\/www.hg-cooker.com\/wp-content\/uploads\/2024\/08\/wholesale-8L-thermos-thermal-cooker-1.webp\" alt=\"Gro\u00dfhandel 8L Thermoskanne Thermokocher (1)\" class=\"wp-image-4259\" srcset=\"https:\/\/www.hg-cooker.com\/wp-content\/uploads\/2024\/08\/wholesale-8L-thermos-thermal-cooker-1.webp 800w, https:\/\/www.hg-cooker.com\/wp-content\/uploads\/2024\/08\/wholesale-8L-thermos-thermal-cooker-1-150x150.webp 150w, https:\/\/www.hg-cooker.com\/wp-content\/uploads\/2024\/08\/wholesale-8L-thermos-thermal-cooker-1-660x660.webp 660w, https:\/\/www.hg-cooker.com\/wp-content\/uploads\/2024\/08\/wholesale-8L-thermos-thermal-cooker-1-300x300.webp 300w, https:\/\/www.hg-cooker.com\/wp-content\/uploads\/2024\/08\/wholesale-8L-thermos-thermal-cooker-1-768x768.webp 768w, https:\/\/www.hg-cooker.com\/wp-content\/uploads\/2024\/08\/wholesale-8L-thermos-thermal-cooker-1-12x12.webp 12w, https:\/\/www.hg-cooker.com\/wp-content\/uploads\/2024\/08\/wholesale-8L-thermos-thermal-cooker-1-285x285.webp 285w, https:\/\/www.hg-cooker.com\/wp-content\/uploads\/2024\/08\/wholesale-8L-thermos-thermal-cooker-1-270x270.webp 270w, https:\/\/www.hg-cooker.com\/wp-content\/uploads\/2024\/08\/wholesale-8L-thermos-thermal-cooker-1-540x540.webp 540w\" sizes=\"(max-width: 800px) 100vw, 800px\" \/><\/figure>\n<\/div>\n\n\n\n<div class=\"wp-block-column is-layout-flow wp-block-column-is-layout-flow\">\n<figure class=\"wp-block-image size-full\"><img decoding=\"async\" width=\"800\" height=\"800\" src=\"https:\/\/www.hg-cooker.com\/wp-content\/uploads\/2024\/08\/wholesale-8L-thermos-thermal-cooker-5.webp\" alt=\"Gro\u00dfhandel 8L Thermoskanne Thermokocher (5)\" class=\"wp-image-4263\" srcset=\"https:\/\/www.hg-cooker.com\/wp-content\/uploads\/2024\/08\/wholesale-8L-thermos-thermal-cooker-5.webp 800w, https:\/\/www.hg-cooker.com\/wp-content\/uploads\/2024\/08\/wholesale-8L-thermos-thermal-cooker-5-150x150.webp 150w, https:\/\/www.hg-cooker.com\/wp-content\/uploads\/2024\/08\/wholesale-8L-thermos-thermal-cooker-5-660x660.webp 660w, https:\/\/www.hg-cooker.com\/wp-content\/uploads\/2024\/08\/wholesale-8L-thermos-thermal-cooker-5-300x300.webp 300w, https:\/\/www.hg-cooker.com\/wp-content\/uploads\/2024\/08\/wholesale-8L-thermos-thermal-cooker-5-768x768.webp 768w, https:\/\/www.hg-cooker.com\/wp-content\/uploads\/2024\/08\/wholesale-8L-thermos-thermal-cooker-5-12x12.webp 12w, https:\/\/www.hg-cooker.com\/wp-content\/uploads\/2024\/08\/wholesale-8L-thermos-thermal-cooker-5-285x285.webp 285w, https:\/\/www.hg-cooker.com\/wp-content\/uploads\/2024\/08\/wholesale-8L-thermos-thermal-cooker-5-270x270.webp 270w, https:\/\/www.hg-cooker.com\/wp-content\/uploads\/2024\/08\/wholesale-8L-thermos-thermal-cooker-5-540x540.webp 540w\" sizes=\"(max-width: 800px) 100vw, 800px\" \/><\/figure>\n<\/div>\n<\/div>","protected":false},"excerpt":{"rendered":"<p>Mit unserer gro\u00dfen 8-Liter-Thermoskanne k\u00f6nnen Sie ganz einfach Mahlzeiten zubereiten. Diese Thermoskanne eignet sich sowohl f\u00fcr die K\u00fcche als auch f\u00fcr den Au\u00dfenbereich, da sie die W\u00e4rme gut speichert und Ihre Speisen mehrere Stunden lang warm h\u00e4lt. 8 Liter Stauraum in dieser Kanne eignen sich hervorragend zum Kochen von gro\u00dfen Suppen, Eint\u00f6pfen oder anderen Mahlzeiten, die Sie sich f\u00fcr Versammlungen vorstellen k\u00f6nnen. Dar\u00fcber hinaus sorgt die fortschrittliche Isolierungstechnologie daf\u00fcr, dass die Lebensmittel langsam bei der besten Temperatur gekocht werden, ohne dass eine kontinuierliche Erw\u00e4rmung erforderlich ist, wodurch Energie gespart wird.Wir bieten Ihnen Gro\u00dfhandel Thermoskocher zu Fabrikpreisen.<\/p>\n<h3>Eigenschaften von Thermos Thermokocher<\/p>\n<\/h3>\n<p>1.<strong>Gro\u00dfe Kapazit\u00e4t<\/strong>Mit einem kolossalen Fassungsverm\u00f6gen von acht Litern ist dieses Design wirklich beeindruckend. Er kann problemlos die verschiedenen Gerichte und Zutaten aufnehmen, die Sie f\u00fcr Familienfeiern oder gro\u00dfe Dinnerpartys ben\u00f6tigen. Diese Thermoskanne wird Ihren Bed\u00fcrfnissen gerecht und Sie m\u00fcssen nicht mehr \u00fcber Portionen nachdenken, die kaum ausreichen, um alle satt zu bekommen.<\/p>\n<p><strong>2. energiesparendes Design<\/strong>: Die Verwendung eines energieeffizienten Thermokochers wie dieses Modells bedeutet, dass die sehr effiziente W\u00e4rmespeicherung die kontinuierlichen Erhitzungsvorg\u00e4nge drastisch einschr\u00e4nken kann, wodurch der Energieverbrauch auf bemerkenswerte Weise gesenkt wird.<\/p>\n<p>3.<strong>Multifunktionaler Einsatz<\/strong>: Diese Thermoskanne eignet sich f\u00fcr verschiedene Arten von Gerichten, und dank ihres multifunktionalen Designs ist sie nicht nur f\u00fcr die t\u00e4glichen Familienmahlzeiten geeignet, sondern erf\u00fcllt auch verschiedene Kochbed\u00fcrfnisse.<\/p>\n<p>4.<strong>Gebaut f\u00fcr die Ewigkeit<\/strong>: Hergestellt aus den besten Materialien, so dass sie lange halten, ohne leicht zu verderben. Dar\u00fcber hinaus, weil es aus hochwertigen Komponenten hergestellt wird, werden sie nicht leicht brechen, auch nach Jahren der Nutzung.<\/p>\n<p>5.<strong>Bequem und einfach zu bedienen<\/strong>: Die Bedienung ist einfach und bequem. Geben Sie einfach die vorbereiteten Zutaten in den inneren Topf des Thermoskochers, um sie zu erhitzen. Nach einer gewissen Zeit des Erhitzens stellen Sie den inneren Topf in den \u00e4u\u00dferen Topf, um ihn warm zu halten.<\/p>\n<p>6.<strong>Gro\u00dfhandelsdienstleistung<\/strong>: Wir bieten Gro\u00dfhandel Thermoskannen zum Fabrikpreis, kontaktieren Sie uns f\u00fcr Gro\u00dfauftr\u00e4ge und ma\u00dfgeschneiderte L\u00f6sungen auf Ihre Bed\u00fcrfnisse zugeschnitten.<\/p>\n<p>7.<strong>Kundenspezifischer Service<\/strong>Wir bieten Farbanpassungsdienste f\u00fcr Thermokocht\u00f6pfe und detaillierte kundenspezifische L\u00f6sungen f\u00fcr Thermokocht\u00f6pfe. Wenn n\u00f6tig, kontaktieren Sie uns bitte.<\/p>","protected":false},"featured_media":4259,"comment_status":"closed","ping_status":"closed","template":"","meta":[],"product_brand":[],"product_cat":[50],"product_tag":[],"class_list":{"0":"post-4258","1":"product","2":"type-product","3":"status-publish","4":"has-post-thumbnail","6":"product_cat-vacuum-thermal-cooker","8":"first","9":"instock","10":"shipping-taxable","11":"product-type-simple"},"_links":{"self":[{"href":"https:\/\/www.hg-cooker.com\/de\/wp-json\/wp\/v2\/product\/4258","targetHints":{"allow":["GET"]}}],"collection":[{"href":"https:\/\/www.hg-cooker.com\/de\/wp-json\/wp\/v2\/product"}],"about":[{"href":"https:\/\/www.hg-cooker.com\/de\/wp-json\/wp\/v2\/types\/product"}],"replies":[{"embeddable":true,"href":"https:\/\/www.hg-cooker.com\/de\/wp-json\/wp\/v2\/comments?post=4258"}],"wp:featuredmedia":[{"embeddable":true,"href":"https:\/\/www.hg-cooker.com\/de\/wp-json\/wp\/v2\/media\/4259"}],"wp:attachment":[{"href":"https:\/\/www.hg-cooker.com\/de\/wp-json\/wp\/v2\/media?parent=4258"}],"wp:term":[{"taxonomy":"product_brand","embeddable":true,"href":"https:\/\/www.hg-cooker.com\/de\/wp-json\/wp\/v2\/product_brand?post=4258"},{"taxonomy":"product_cat","embeddable":true,"href":"https:\/\/www.hg-cooker.com\/de\/wp-json\/wp\/v2\/product_cat?post=4258"},{"taxonomy":"product_tag","embeddable":true,"href":"https:\/\/www.hg-cooker.com\/de\/wp-json\/wp\/v2\/product_tag?post=4258"}],"curies":[{"name":"wp","href":"https:\/\/api.w.org\/{rel}","templated":true}]}}