{"id":4252,"date":"2024-08-19T03:52:14","date_gmt":"2024-08-19T03:52:14","guid":{"rendered":"https:\/\/www.hg-cooker.com\/?post_type=product&#038;p=4252"},"modified":"2024-08-19T04:37:16","modified_gmt":"2024-08-19T04:37:16","slug":"milchkannchen-aus-edelstahl-im-groshandel-20","status":"publish","type":"product","link":"https:\/\/www.hg-cooker.com\/de\/produkt\/milchkannchen-aus-edelstahl-im-groshandel-20\/","title":{"rendered":"Gro\u00dfhandel Keramik Thermos thermische Kochtopf 4.5L (4.75qt)"},"content":{"rendered":"<div class=\"wp-block-columns is-layout-flex wp-container-core-columns-is-layout-9d6595d7 wp-block-columns-is-layout-flex\">\n<div class=\"wp-block-column is-layout-flow wp-block-column-is-layout-flow\">\n<h3 class=\"wp-block-heading\">Parameter des Thermokochtopfs<\/h3>\n\n\n\n<div class=\"wp-block-group\"><div class=\"wp-block-group__inner-container is-layout-constrained wp-block-group-is-layout-constrained\">\n<div class=\"wp-block-columns is-layout-flex wp-container-core-columns-is-layout-9d6595d7 wp-block-columns-is-layout-flex\">\n<div class=\"wp-block-column is-layout-flow wp-block-column-is-layout-flow\" style=\"flex-basis:100%\">\n<figure class=\"wp-block-table\"><table class=\"has-fixed-layout\"><tbody><tr><td>Ort der Herkunft<\/td><td>Typ<\/td><td>Markenname<\/td><td>Modellnummer<\/td><td>Deckel<\/td><td>Farbe<\/td><td>Verwendung<\/td><td>Gr\u00f6\u00dfe<\/td><td>Zeit zum Weiterk\u00f6cheln<\/td><td>Verpacken<\/td><td>Zusammensetzung<\/td><td>Produktname<\/td><\/tr><tr><td>Guangdong, China<\/td><td>Suppenkocher<\/td><td>Hengguang<\/td><td>HG7-4.5C<\/td><td>Au\u00dfendeckel aus Kunststoff und Innendeckel aus Keramik<\/td><td>Rosa \/ Gr\u00fcn \/ Blau<\/td><td>K\u00fcchenchef<\/td><td>4.5L<\/td><td>Etwa 20 Minuten<\/td><td>PP-Beutel, Schaumstoff und Farbkasten<\/td><td>Keramikdeckel + Keramik-Innentopf + Au\u00dfentopf<\/td><td>Heng-guang Vakuum-Keramik-Thermokocher<\/td><\/tr><\/tbody><\/table><\/figure>\n<\/div>\n<\/div>\n<\/div><\/div>\n<\/div>\n<\/div>\n\n\n\n<div class=\"wp-block-columns is-layout-flex wp-container-core-columns-is-layout-9d6595d7 wp-block-columns-is-layout-flex\">\n<div class=\"wp-block-column is-layout-flow wp-block-column-is-layout-flow\">\n<h3 class=\"wp-block-heading\">OEM&amp;ODM Optionen f\u00fcr kundenspezifische Thermokocht\u00f6pfe<\/h3>\n\n\n\n<p><strong>Logo<\/strong>: Gestalten Sie Ihr Markenlogo auf Thermokochtopf und Verpackung.<br><br><strong>Gr\u00f6\u00dfe<\/strong>: Passen Sie den Thermokochtopf in verschiedenen Gr\u00f6\u00dfen an Ihre Bed\u00fcrfnisse an.<br><br><strong>Paket<\/strong>: Karton\/Farbkasten.<br><br><a href=\"https:\/\/www.hg-cooker.com\/de\/custom-solution\/\" data-type=\"page\" data-id=\"2793\" target=\"_blank\" rel=\"noreferrer noopener\"><strong>Entdecken Sie weitere OEM&amp;ODM-Details<\/strong><\/a><\/p>\n<\/div>\n<\/div>\n\n\n\n<div class=\"wp-block-columns is-layout-flex wp-container-core-columns-is-layout-9d6595d7 wp-block-columns-is-layout-flex\">\n<div class=\"wp-block-column is-layout-flow wp-block-column-is-layout-flow\">\n<figure class=\"wp-block-image size-full\"><img fetchpriority=\"high\" decoding=\"async\" width=\"800\" height=\"800\" src=\"https:\/\/www.hg-cooker.com\/wp-content\/uploads\/2024\/08\/Hengguang-thermal-cooking-pot-3.webp\" alt=\"Hengguang Thermokochtopf (3)\" class=\"wp-image-4255\" srcset=\"https:\/\/www.hg-cooker.com\/wp-content\/uploads\/2024\/08\/Hengguang-thermal-cooking-pot-3.webp 800w, https:\/\/www.hg-cooker.com\/wp-content\/uploads\/2024\/08\/Hengguang-thermal-cooking-pot-3-150x150.webp 150w, https:\/\/www.hg-cooker.com\/wp-content\/uploads\/2024\/08\/Hengguang-thermal-cooking-pot-3-660x660.webp 660w, https:\/\/www.hg-cooker.com\/wp-content\/uploads\/2024\/08\/Hengguang-thermal-cooking-pot-3-300x300.webp 300w, https:\/\/www.hg-cooker.com\/wp-content\/uploads\/2024\/08\/Hengguang-thermal-cooking-pot-3-768x768.webp 768w, https:\/\/www.hg-cooker.com\/wp-content\/uploads\/2024\/08\/Hengguang-thermal-cooking-pot-3-12x12.webp 12w, https:\/\/www.hg-cooker.com\/wp-content\/uploads\/2024\/08\/Hengguang-thermal-cooking-pot-3-285x285.webp 285w, https:\/\/www.hg-cooker.com\/wp-content\/uploads\/2024\/08\/Hengguang-thermal-cooking-pot-3-270x270.webp 270w, https:\/\/www.hg-cooker.com\/wp-content\/uploads\/2024\/08\/Hengguang-thermal-cooking-pot-3-540x540.webp 540w\" sizes=\"(max-width: 800px) 100vw, 800px\" \/><\/figure>\n<\/div>\n\n\n\n<div class=\"wp-block-column is-layout-flow wp-block-column-is-layout-flow\">\n<figure class=\"wp-block-image size-full\"><img decoding=\"async\" width=\"800\" height=\"800\" src=\"https:\/\/www.hg-cooker.com\/wp-content\/uploads\/2024\/08\/thermal-cooking-pot-color.webp\" alt=\"Thermokochtopf Farbe\" class=\"wp-image-4257\" srcset=\"https:\/\/www.hg-cooker.com\/wp-content\/uploads\/2024\/08\/thermal-cooking-pot-color.webp 800w, https:\/\/www.hg-cooker.com\/wp-content\/uploads\/2024\/08\/thermal-cooking-pot-color-150x150.webp 150w, https:\/\/www.hg-cooker.com\/wp-content\/uploads\/2024\/08\/thermal-cooking-pot-color-660x660.webp 660w, https:\/\/www.hg-cooker.com\/wp-content\/uploads\/2024\/08\/thermal-cooking-pot-color-300x300.webp 300w, https:\/\/www.hg-cooker.com\/wp-content\/uploads\/2024\/08\/thermal-cooking-pot-color-768x768.webp 768w, https:\/\/www.hg-cooker.com\/wp-content\/uploads\/2024\/08\/thermal-cooking-pot-color-12x12.webp 12w, https:\/\/www.hg-cooker.com\/wp-content\/uploads\/2024\/08\/thermal-cooking-pot-color-285x285.webp 285w, https:\/\/www.hg-cooker.com\/wp-content\/uploads\/2024\/08\/thermal-cooking-pot-color-270x270.webp 270w, https:\/\/www.hg-cooker.com\/wp-content\/uploads\/2024\/08\/thermal-cooking-pot-color-540x540.webp 540w\" sizes=\"(max-width: 800px) 100vw, 800px\" \/><\/figure>\n<\/div>\n<\/div>","protected":false},"excerpt":{"rendered":"<p>Der Thermokochtopf von Hengguang kann die Kocheffizienz verbessern und Lebensmittel frisch und schmackhaft halten. Es ist geeignet f\u00fcr den Einsatz in Wohnungen, Schulen, B\u00fcros und anderen Szenarien. Die 4.5L Kapazit\u00e4t kann die Bed\u00fcrfnisse von 2-3 Personen erf\u00fcllen, so dass Sie k\u00f6stliches Essen mit Familie oder Freunden drau\u00dfen genie\u00dfen k\u00f6nnen.Wir bieten Ihnen Gro\u00dfhandel thermischen Kochtopf zum Fabrikpreis.Willkommen bei uns zu kontaktieren.<\/p>\n<h3>Merkmale des Vakuum-Thermokochers<\/h3>\n<p>1.<strong>Einfaches Kochen<\/strong>: Der Thermokochtopf von Hengguang ist ein innovatives, energiesparendes W\u00e4rmeerhaltungs- und Kochgeschirr, das ein bequemes \"W\u00e4rmeerhaltungskochen\" erm\u00f6glicht.<\/p>\n<p>2.<strong>Langfristige W\u00e4rmeerhaltung<\/strong>: Die hocheffiziente Doppelschicht-Vakuum-W\u00e4rmeerhaltungstechnologie des Au\u00dfentopfes sorgt daf\u00fcr, dass die Temperatur im Topf w\u00e4hrend des Kochens langanhaltend und stabil ist, genau wie die kontinuierliche Erw\u00e4rmung des Feuers, was Energie spart.<\/p>\n<p>3.<strong>Anpassung an eine Vielzahl von W\u00e4rmequellen<\/strong>: Der Thermokochtopf von Hengguang eignet sich f\u00fcr traditionelle Gasherde und moderne Induktionsherde.<\/p>\n<p>4.<strong>Geeignet f\u00fcr eine Vielzahl von Szenarien<\/strong>: Der Thermokochtopf von Hengguang eignet sich f\u00fcr eine Vielzahl von Szenarien, z. B. im B\u00fcro und im Freien, und ist ein unverzichtbarer guter Partner f\u00fcr Picknick- oder Campingfreunde im Freien. Sein kompaktes und tragbares Design macht es einfach, ihn an jeden Ort im Freien zu tragen.<\/p>\n<p>5.<strong>Gro\u00dfhandelsdienstleistung<\/strong>: Wir bieten Gro\u00dfhandelsdienstleistungen f\u00fcr thermische Kocht\u00f6pfe an, um Ihnen eine kosteng\u00fcnstige Beschaffungsl\u00f6sung aus einer Hand zu bieten.<\/p>\n<p>6.<strong>Kundenspezifischer Service<\/strong>Wir bieten Farbanpassungsdienste f\u00fcr Thermokocht\u00f6pfe und detaillierte kundenspezifische L\u00f6sungen f\u00fcr Thermokocht\u00f6pfe. Wenn n\u00f6tig, kontaktieren Sie uns bitte.<\/p>","protected":false},"featured_media":4253,"comment_status":"closed","ping_status":"closed","template":"","meta":[],"product_brand":[],"product_cat":[50],"product_tag":[],"class_list":{"0":"post-4252","1":"product","2":"type-product","3":"status-publish","4":"has-post-thumbnail","6":"product_cat-vacuum-thermal-cooker","8":"first","9":"instock","10":"shipping-taxable","11":"product-type-simple"},"_links":{"self":[{"href":"https:\/\/www.hg-cooker.com\/de\/wp-json\/wp\/v2\/product\/4252","targetHints":{"allow":["GET"]}}],"collection":[{"href":"https:\/\/www.hg-cooker.com\/de\/wp-json\/wp\/v2\/product"}],"about":[{"href":"https:\/\/www.hg-cooker.com\/de\/wp-json\/wp\/v2\/types\/product"}],"replies":[{"embeddable":true,"href":"https:\/\/www.hg-cooker.com\/de\/wp-json\/wp\/v2\/comments?post=4252"}],"wp:featuredmedia":[{"embeddable":true,"href":"https:\/\/www.hg-cooker.com\/de\/wp-json\/wp\/v2\/media\/4253"}],"wp:attachment":[{"href":"https:\/\/www.hg-cooker.com\/de\/wp-json\/wp\/v2\/media?parent=4252"}],"wp:term":[{"taxonomy":"product_brand","embeddable":true,"href":"https:\/\/www.hg-cooker.com\/de\/wp-json\/wp\/v2\/product_brand?post=4252"},{"taxonomy":"product_cat","embeddable":true,"href":"https:\/\/www.hg-cooker.com\/de\/wp-json\/wp\/v2\/product_cat?post=4252"},{"taxonomy":"product_tag","embeddable":true,"href":"https:\/\/www.hg-cooker.com\/de\/wp-json\/wp\/v2\/product_tag?post=4252"}],"curies":[{"name":"wp","href":"https:\/\/api.w.org\/{rel}","templated":true}]}}