{"id":4242,"date":"2024-08-19T02:58:25","date_gmt":"2024-08-19T02:58:25","guid":{"rendered":"https:\/\/www.hg-cooker.com\/?post_type=product&#038;p=4242"},"modified":"2024-08-19T03:47:45","modified_gmt":"2024-08-19T03:47:45","slug":"milchkannchen-aus-edelstahl-im-groshandel-19","status":"publish","type":"product","link":"https:\/\/www.hg-cooker.com\/de\/produkt\/milchkannchen-aus-edelstahl-im-groshandel-19\/","title":{"rendered":"Gro\u00dfhandel besten thermischen Kocher f\u00fcr effiziente W\u00e4rmespeicherung - Factory Direct Sales"},"content":{"rendered":"<div class=\"wp-block-columns is-layout-flex wp-container-core-columns-is-layout-9d6595d7 wp-block-columns-is-layout-flex\">\n<div class=\"wp-block-column is-layout-flow wp-block-column-is-layout-flow\">\n<h3 class=\"wp-block-heading\">Parameter des Thermokochers<\/h3>\n\n\n\n<div class=\"wp-block-group\"><div class=\"wp-block-group__inner-container is-layout-constrained wp-block-group-is-layout-constrained\">\n<div class=\"wp-block-columns is-layout-flex wp-container-core-columns-is-layout-9d6595d7 wp-block-columns-is-layout-flex\">\n<div class=\"wp-block-column is-layout-flow wp-block-column-is-layout-flow\" style=\"flex-basis:100%\">\n<div class=\"wp-block-group\"><div class=\"wp-block-group__inner-container is-layout-constrained wp-block-group-is-layout-constrained\">\n<figure class=\"wp-block-table\"><table class=\"has-fixed-layout\"><tbody><tr><td>Ort der Herkunft<\/td><td>Typ<\/td><td>Modellnummer<\/td><td>Name<\/td><td>Beschreibung<\/td><td>Material<\/td><td>Handgriff<\/td><td>Zusammensetzung<\/td><td>Merkmal<\/td><td>Kapazit\u00e4t<\/td><td>Farbe<\/td><td>Vorteil<\/td><td>Gewerblicher Eink\u00e4ufer<\/td><\/tr><tr><td>China<\/td><td>Kombination Topf<\/td><td>HG7-4.5<\/td><td>Energiesparender Kochtopf<\/td><td>Wiederverwendbarer Thermokocher<\/td><td>304 Edelstahl<\/td><td>Edelstahl-Griff<\/td><td>Keramikdeckel + Innentopf + Au\u00dfentopf<\/td><td>Doppelte Lage<\/td><td>4.5L, 7L<\/td><td>Kundenspezifische Farbe akzeptabel<\/td><td>Energie sparen<\/td><td>Kaufh\u00e4user<\/td><\/tr><\/tbody><\/table><\/figure>\n<\/div><\/div>\n<\/div>\n<\/div>\n<\/div><\/div>\n<\/div>\n<\/div>\n\n\n\n<div class=\"wp-block-columns is-layout-flex wp-container-core-columns-is-layout-9d6595d7 wp-block-columns-is-layout-flex\">\n<div class=\"wp-block-column is-layout-flow wp-block-column-is-layout-flow\">\n<h3 class=\"wp-block-heading\">OEM&amp;ODM Optionen f\u00fcr kundenspezifische Thermokocher<\/h3>\n\n\n\n<p><strong>Logo<\/strong>: Gestalten Sie Ihr Markenlogo auf Thermokocher und Verpackung.<br><br><strong>Gr\u00f6\u00dfe<\/strong>: Passen Sie die verschiedenen Gr\u00f6\u00dfen des Schnellkochtopfs an Ihre Bed\u00fcrfnisse an.<br><br><strong>Paket<\/strong>: Karton\/Farbkasten.<br><br><a href=\"https:\/\/www.hg-cooker.com\/de\/custom-solution\/\" data-type=\"page\" data-id=\"2793\" target=\"_blank\" rel=\"noreferrer noopener\"><strong>Entdecken Sie weitere OEM&amp;ODM-Details<\/strong><\/a><\/p>\n<\/div>\n<\/div>\n\n\n\n<div class=\"wp-block-columns is-layout-flex wp-container-core-columns-is-layout-9d6595d7 wp-block-columns-is-layout-flex\">\n<div class=\"wp-block-column is-layout-flow wp-block-column-is-layout-flow\">\n<figure class=\"wp-block-image size-full\"><img fetchpriority=\"high\" decoding=\"async\" width=\"800\" height=\"800\" src=\"https:\/\/www.hg-cooker.com\/wp-content\/uploads\/2024\/08\/wholesale-best-thermal-cooker-5.webp\" alt=\"Gro\u00dfhandel bester Thermokocher (5)\" class=\"wp-image-4247\" srcset=\"https:\/\/www.hg-cooker.com\/wp-content\/uploads\/2024\/08\/wholesale-best-thermal-cooker-5.webp 800w, https:\/\/www.hg-cooker.com\/wp-content\/uploads\/2024\/08\/wholesale-best-thermal-cooker-5-150x150.webp 150w, https:\/\/www.hg-cooker.com\/wp-content\/uploads\/2024\/08\/wholesale-best-thermal-cooker-5-660x660.webp 660w, https:\/\/www.hg-cooker.com\/wp-content\/uploads\/2024\/08\/wholesale-best-thermal-cooker-5-300x300.webp 300w, https:\/\/www.hg-cooker.com\/wp-content\/uploads\/2024\/08\/wholesale-best-thermal-cooker-5-768x768.webp 768w, https:\/\/www.hg-cooker.com\/wp-content\/uploads\/2024\/08\/wholesale-best-thermal-cooker-5-12x12.webp 12w, https:\/\/www.hg-cooker.com\/wp-content\/uploads\/2024\/08\/wholesale-best-thermal-cooker-5-285x285.webp 285w, https:\/\/www.hg-cooker.com\/wp-content\/uploads\/2024\/08\/wholesale-best-thermal-cooker-5-270x270.webp 270w, https:\/\/www.hg-cooker.com\/wp-content\/uploads\/2024\/08\/wholesale-best-thermal-cooker-5-540x540.webp 540w\" sizes=\"(max-width: 800px) 100vw, 800px\" \/><\/figure>\n<\/div>\n\n\n\n<div class=\"wp-block-column is-layout-flow wp-block-column-is-layout-flow\">\n<figure class=\"wp-block-image size-full\"><img decoding=\"async\" width=\"800\" height=\"800\" src=\"https:\/\/www.hg-cooker.com\/wp-content\/uploads\/2024\/08\/wholesale-best-thermal-cooker-2.webp\" alt=\"Gro\u00dfhandel bester Thermokocher (2)\" class=\"wp-image-4244\" srcset=\"https:\/\/www.hg-cooker.com\/wp-content\/uploads\/2024\/08\/wholesale-best-thermal-cooker-2.webp 800w, https:\/\/www.hg-cooker.com\/wp-content\/uploads\/2024\/08\/wholesale-best-thermal-cooker-2-150x150.webp 150w, https:\/\/www.hg-cooker.com\/wp-content\/uploads\/2024\/08\/wholesale-best-thermal-cooker-2-660x660.webp 660w, https:\/\/www.hg-cooker.com\/wp-content\/uploads\/2024\/08\/wholesale-best-thermal-cooker-2-300x300.webp 300w, https:\/\/www.hg-cooker.com\/wp-content\/uploads\/2024\/08\/wholesale-best-thermal-cooker-2-768x768.webp 768w, https:\/\/www.hg-cooker.com\/wp-content\/uploads\/2024\/08\/wholesale-best-thermal-cooker-2-12x12.webp 12w, https:\/\/www.hg-cooker.com\/wp-content\/uploads\/2024\/08\/wholesale-best-thermal-cooker-2-285x285.webp 285w, https:\/\/www.hg-cooker.com\/wp-content\/uploads\/2024\/08\/wholesale-best-thermal-cooker-2-270x270.webp 270w, https:\/\/www.hg-cooker.com\/wp-content\/uploads\/2024\/08\/wholesale-best-thermal-cooker-2-540x540.webp 540w\" sizes=\"(max-width: 800px) 100vw, 800px\" \/><\/figure>\n<\/div>\n<\/div>","protected":false},"excerpt":{"rendered":"<p>Die Thermoskanne von Hengguang hat zwei Fassungsverm\u00f6gen: 7L (7,4qt) und 4,5L (4,75qt). Der gro\u00dfe Innentopf kann problemlos Essen f\u00fcr 3-5 Personen aufnehmen. Ob bei einem Picknick im Freien, einem Familientreffen oder beim t\u00e4glichen Kochen - die Thermoskanne ist ein unverzichtbarer idealer Partner in Ihrer K\u00fcche. Wir bieten Ihnen Gro\u00dfhandel Thermoskannen zu Fabrikpreisen. Bitte kontaktieren Sie uns f\u00fcr ein Angebot.<\/p>\n<h3>Merkmale des Vakuum-Thermokochers<\/h3>\n<p><strong>1. die Energieeinsparung<\/strong>: Verwenden Sie den inneren Topf zum Kochen und stellen Sie dann den \u00e4u\u00dferen Topf zur W\u00e4rmeerhaltung hinein. Die effiziente W\u00e4rmeerhaltung dieses Thermokochers kann die Temperatur des Innentopfs lange Zeit ohne st\u00e4ndiges Aufheizen halten, was den Energieverbrauch erheblich reduziert.<\/p>\n<p><strong>2.304 Edelstahl Material<\/strong>: Das Material aus lebensmittelechtem Edelstahl 304 ist korrosions- und hitzebest\u00e4ndig und somit sicher beim Kochen und gesund beim Essen.<\/p>\n<p><strong>3. verschiedene Kapazit\u00e4ten<\/strong>: Er ist mit einem Fassungsverm\u00f6gen von 4,5 Litern und 7 Litern erh\u00e4ltlich, um den Bed\u00fcrfnissen von Familien oder Versammlungen mit mehreren Personen gerecht zu werden und gleichzeitig vielseitig einsetzbar zu sein.<\/p>\n<p><strong>4. humanisiertes Design<\/strong>: Dieser Thermokocher hat einen Griff aus Edelstahl, der bequem, langlebig und leicht zu tragen ist, wenn er benutzt wird.<\/p>\n<p><strong>5. der Gro\u00dfhandelsdienst<\/strong>: Dieser Thermokocher wird an verschiedenen Orten wie zu Hause, im Freien und im Gastgewerbe verwendet und eignet sich auch f\u00fcr Kaufh\u00e4user.<\/p>\n<p><strong>6. benutzerdefinierte Farbe: <\/strong>Die Farbe dieses Thermokochers kann individuell angepasst werden, um den \u00e4sthetischen Bed\u00fcrfnissen verschiedener Verbraucher gerecht zu werden.<\/p>","protected":false},"featured_media":4243,"comment_status":"closed","ping_status":"closed","template":"","meta":[],"product_brand":[],"product_cat":[50],"product_tag":[],"class_list":{"0":"post-4242","1":"product","2":"type-product","3":"status-publish","4":"has-post-thumbnail","6":"product_cat-vacuum-thermal-cooker","8":"first","9":"instock","10":"shipping-taxable","11":"product-type-simple"},"_links":{"self":[{"href":"https:\/\/www.hg-cooker.com\/de\/wp-json\/wp\/v2\/product\/4242","targetHints":{"allow":["GET"]}}],"collection":[{"href":"https:\/\/www.hg-cooker.com\/de\/wp-json\/wp\/v2\/product"}],"about":[{"href":"https:\/\/www.hg-cooker.com\/de\/wp-json\/wp\/v2\/types\/product"}],"replies":[{"embeddable":true,"href":"https:\/\/www.hg-cooker.com\/de\/wp-json\/wp\/v2\/comments?post=4242"}],"wp:featuredmedia":[{"embeddable":true,"href":"https:\/\/www.hg-cooker.com\/de\/wp-json\/wp\/v2\/media\/4243"}],"wp:attachment":[{"href":"https:\/\/www.hg-cooker.com\/de\/wp-json\/wp\/v2\/media?parent=4242"}],"wp:term":[{"taxonomy":"product_brand","embeddable":true,"href":"https:\/\/www.hg-cooker.com\/de\/wp-json\/wp\/v2\/product_brand?post=4242"},{"taxonomy":"product_cat","embeddable":true,"href":"https:\/\/www.hg-cooker.com\/de\/wp-json\/wp\/v2\/product_cat?post=4242"},{"taxonomy":"product_tag","embeddable":true,"href":"https:\/\/www.hg-cooker.com\/de\/wp-json\/wp\/v2\/product_tag?post=4242"}],"curies":[{"name":"wp","href":"https:\/\/api.w.org\/{rel}","templated":true}]}}