{"id":4219,"date":"2024-08-13T22:36:58","date_gmt":"2024-08-13T22:36:58","guid":{"rendered":"https:\/\/www.hg-cooker.com\/?post_type=product&#038;p=4219"},"modified":"2025-03-08T10:06:50","modified_gmt":"2025-03-08T10:06:50","slug":"milchkannchen-aus-edelstahl-im-groshandel-18","status":"publish","type":"product","link":"https:\/\/www.hg-cooker.com\/de\/produkt\/milchkannchen-aus-edelstahl-im-groshandel-18\/","title":{"rendered":"Gro\u00dfhandel qualitativ hochwertige Schnellkochtopf, energiesparend und effizient - Hengguang Schnellkochtopf Hersteller"},"content":{"rendered":"<div class=\"wp-block-columns is-layout-flex wp-container-core-columns-is-layout-9d6595d7 wp-block-columns-is-layout-flex\">\n<div class=\"wp-block-column is-layout-flow wp-block-column-is-layout-flow\">\n<h3 class=\"wp-block-heading\">Parameter eines qualitativ hochwertigen Schnellkochtopfes<\/h3>\n\n\n\n<div class=\"wp-block-group\"><div class=\"wp-block-group__inner-container is-layout-constrained wp-block-group-is-layout-constrained\">\n<div class=\"wp-block-columns is-layout-flex wp-container-core-columns-is-layout-9d6595d7 wp-block-columns-is-layout-flex\">\n<div class=\"wp-block-column is-layout-flow wp-block-column-is-layout-flow\" style=\"flex-basis:100%\">\n<div class=\"wp-block-group\"><div class=\"wp-block-group__inner-container is-layout-constrained wp-block-group-is-layout-constrained\">\n<figure class=\"wp-block-table\"><table class=\"has-fixed-layout\"><tbody><tr><td>Ort der Herkunft<\/td><td>Modellnummer<\/td><td>Typ<\/td><td>Geeigneter Herd<\/td><td>Material<\/td><td>Kapazit\u00e4t<\/td><td>Farbe<\/td><td>Handgriff<\/td><\/tr><tr><td>Guangdong, China<\/td><td>HG-UXYLG<\/td><td>Schnellkocht\u00f6pfe<\/td><td>Allgemeine Verwendung f\u00fcr Gas- und Induktionsherde<\/td><td>Rostfreier Stahl 304<\/td><td>3L\/4L\/5L\/6L\/8L\/10L\/13L\/16L<\/td><td>Silber<\/td><td>Hitzebest\u00e4ndiger schwarzer Bakelit-Griff<\/td><\/tr><\/tbody><\/table><\/figure>\n<\/div><\/div>\n<\/div>\n<\/div>\n<\/div><\/div>\n<\/div>\n<\/div>\n\n\n\n<div class=\"wp-block-columns is-layout-flex wp-container-core-columns-is-layout-9d6595d7 wp-block-columns-is-layout-flex\">\n<div class=\"wp-block-column is-layout-flow wp-block-column-is-layout-flow\">\n<h3 class=\"wp-block-heading\">OEM&amp;ODM Optionen f\u00fcr kundenspezifische Schnellkocht\u00f6pfe<\/h3>\n\n\n\n<p><strong>Logo<\/strong>: Gestalten Sie Ihr Markenlogo auf Schnellkochtopf und Verpackung.<br><br><strong>Gr\u00f6\u00dfe<\/strong>: Passen Sie die verschiedenen Gr\u00f6\u00dfen des Schnellkochtopfs an Ihre Bed\u00fcrfnisse an.<br><br><strong>Paket<\/strong>: Karton\/Farbkasten.<br><br><a href=\"https:\/\/www.hg-cooker.com\/de\/custom-solution\/\" data-type=\"page\" data-id=\"2793\" target=\"_blank\" rel=\"noreferrer noopener\"><strong>Entdecken Sie weitere OEM&amp;ODM-Details<\/strong><\/a><\/p>\n<\/div>\n<\/div>\n\n\n\n<div class=\"wp-block-columns is-layout-flex wp-container-core-columns-is-layout-9d6595d7 wp-block-columns-is-layout-flex\">\n<div class=\"wp-block-column is-layout-flow wp-block-column-is-layout-flow\">\n<figure class=\"wp-block-image size-full\"><img fetchpriority=\"high\" decoding=\"async\" width=\"750\" height=\"750\" src=\"https:\/\/www.hg-cooker.com\/wp-content\/uploads\/2024\/08\/1.5-ltr-pressure-cooker-1.png\" alt=\"1,5-Liter-Schnellkochtopf (1)\" class=\"wp-image-4220\" srcset=\"https:\/\/www.hg-cooker.com\/wp-content\/uploads\/2024\/08\/1.5-ltr-pressure-cooker-1.png 750w, https:\/\/www.hg-cooker.com\/wp-content\/uploads\/2024\/08\/1.5-ltr-pressure-cooker-1-150x150.png 150w, https:\/\/www.hg-cooker.com\/wp-content\/uploads\/2024\/08\/1.5-ltr-pressure-cooker-1-660x660.png 660w, https:\/\/www.hg-cooker.com\/wp-content\/uploads\/2024\/08\/1.5-ltr-pressure-cooker-1-300x300.png 300w, https:\/\/www.hg-cooker.com\/wp-content\/uploads\/2024\/08\/1.5-ltr-pressure-cooker-1-12x12.png 12w, https:\/\/www.hg-cooker.com\/wp-content\/uploads\/2024\/08\/1.5-ltr-pressure-cooker-1-285x285.png 285w, https:\/\/www.hg-cooker.com\/wp-content\/uploads\/2024\/08\/1.5-ltr-pressure-cooker-1-270x270.png 270w, https:\/\/www.hg-cooker.com\/wp-content\/uploads\/2024\/08\/1.5-ltr-pressure-cooker-1-540x540.png 540w\" sizes=\"(max-width: 750px) 100vw, 750px\" \/><\/figure>\n<\/div>\n\n\n\n<div class=\"wp-block-column is-layout-flow wp-block-column-is-layout-flow\">\n<figure class=\"wp-block-image size-full\"><img decoding=\"async\" width=\"750\" height=\"750\" src=\"https:\/\/www.hg-cooker.com\/wp-content\/uploads\/2024\/08\/1.5-ltr-pressure-cooker-5.png\" alt=\"1,5-Liter-Schnellkochtopf (5)\" class=\"wp-image-4224\" srcset=\"https:\/\/www.hg-cooker.com\/wp-content\/uploads\/2024\/08\/1.5-ltr-pressure-cooker-5.png 750w, https:\/\/www.hg-cooker.com\/wp-content\/uploads\/2024\/08\/1.5-ltr-pressure-cooker-5-150x150.png 150w, https:\/\/www.hg-cooker.com\/wp-content\/uploads\/2024\/08\/1.5-ltr-pressure-cooker-5-660x660.png 660w, https:\/\/www.hg-cooker.com\/wp-content\/uploads\/2024\/08\/1.5-ltr-pressure-cooker-5-300x300.png 300w, https:\/\/www.hg-cooker.com\/wp-content\/uploads\/2024\/08\/1.5-ltr-pressure-cooker-5-12x12.png 12w, https:\/\/www.hg-cooker.com\/wp-content\/uploads\/2024\/08\/1.5-ltr-pressure-cooker-5-285x285.png 285w, https:\/\/www.hg-cooker.com\/wp-content\/uploads\/2024\/08\/1.5-ltr-pressure-cooker-5-270x270.png 270w, https:\/\/www.hg-cooker.com\/wp-content\/uploads\/2024\/08\/1.5-ltr-pressure-cooker-5-540x540.png 540w\" sizes=\"(max-width: 750px) 100vw, 750px\" \/><\/figure>\n<\/div>\n<\/div>","protected":false},"excerpt":{"rendered":"<p>Hengguang bietet qualitativ hochwertige Schnellkocht\u00f6pfe aus Edelstahl, die mit hochwertigen Materialien und exzellenter Handwerkskunst hergestellt werden, sehr langlebig sind und eine hervorragende Leistung im t\u00e4glichen Gebrauch bieten. Unterst\u00fctzt OEM &amp; ODM-Anpassung. Kontaktieren Sie uns f\u00fcr ein Angebot.<\/p>\n<h3>Merkmale und Vorteile des Gro\u00dfhandels Schnellkochtopf<\/h3>\n<p><strong>70% Verbesserung der Effizienz:<\/strong> Unsere Gro\u00dfhandels-Schnellkocht\u00f6pfe k\u00f6nnen die Kocheffizienz erheblich verbessern und sparen mehr als 70% Zeit im Vergleich zu herk\u00f6mmlichen Kochmethoden, besonders geeignet f\u00fcr Fleisch und Bohnen, die lange Kochzeiten ben\u00f6tigen.<\/p>\n<p><strong>Einteilige Pr\u00e4gung:<\/strong> Unsere Schnellkocht\u00f6pfe f\u00fcr den Gro\u00dfhandel verwenden ein integriertes Stanzverfahren, um eine stabilere und sicherere Nutzung zu gew\u00e4hrleisten. Sie k\u00f6nnen mehr als 30 Jahre lang ununterbrochen verwendet werden und sind eine ideale Investition f\u00fcr private und gewerbliche K\u00fcchen.<\/p>\n<p><strong>Geeignet f\u00fcr eine Vielzahl von Kocharten:<\/strong> Schnellkocht\u00f6pfe eignen sich nicht nur f\u00fcr traditionelle Garmethoden wie Schmoren, Kochen und D\u00e4mpfen, sondern k\u00f6nnen auch f\u00fcr die Zubereitung einer Vielzahl von Gerichten verwendet werden, darunter schnell kochende Suppen, Eint\u00f6pfe, mariniertes Fleisch, Reis, Desserts usw.<\/p>\n<p><strong>Kompatibel mit einer Vielzahl von \u00d6fen:<\/strong> Unsere Schnellkocht\u00f6pfe f\u00fcr den Gro\u00dfhandel sind mit einer Vielzahl von Herden kompatibel, darunter Gasherde, Induktionsherde usw., und bieten somit gro\u00dfen Komfort.<\/p>","protected":false},"featured_media":4220,"comment_status":"closed","ping_status":"closed","template":"","meta":[],"product_brand":[],"product_cat":[54],"product_tag":[],"class_list":{"0":"post-4219","1":"product","2":"type-product","3":"status-publish","4":"has-post-thumbnail","6":"product_cat-pressure-cooker","8":"first","9":"instock","10":"shipping-taxable","11":"product-type-simple"},"_links":{"self":[{"href":"https:\/\/www.hg-cooker.com\/de\/wp-json\/wp\/v2\/product\/4219","targetHints":{"allow":["GET"]}}],"collection":[{"href":"https:\/\/www.hg-cooker.com\/de\/wp-json\/wp\/v2\/product"}],"about":[{"href":"https:\/\/www.hg-cooker.com\/de\/wp-json\/wp\/v2\/types\/product"}],"replies":[{"embeddable":true,"href":"https:\/\/www.hg-cooker.com\/de\/wp-json\/wp\/v2\/comments?post=4219"}],"wp:featuredmedia":[{"embeddable":true,"href":"https:\/\/www.hg-cooker.com\/de\/wp-json\/wp\/v2\/media\/4220"}],"wp:attachment":[{"href":"https:\/\/www.hg-cooker.com\/de\/wp-json\/wp\/v2\/media?parent=4219"}],"wp:term":[{"taxonomy":"product_brand","embeddable":true,"href":"https:\/\/www.hg-cooker.com\/de\/wp-json\/wp\/v2\/product_brand?post=4219"},{"taxonomy":"product_cat","embeddable":true,"href":"https:\/\/www.hg-cooker.com\/de\/wp-json\/wp\/v2\/product_cat?post=4219"},{"taxonomy":"product_tag","embeddable":true,"href":"https:\/\/www.hg-cooker.com\/de\/wp-json\/wp\/v2\/product_tag?post=4219"}],"curies":[{"name":"wp","href":"https:\/\/api.w.org\/{rel}","templated":true}]}}