{"id":4218,"date":"2024-09-12T15:26:19","date_gmt":"2024-09-12T15:26:19","guid":{"rendered":"https:\/\/www.hg-cooker.com\/?post_type=product&#038;p=4218"},"modified":"2025-11-13T02:26:26","modified_gmt":"2025-11-13T02:26:26","slug":"milchkannchen-aus-edelstahl-im-groshandel-17","status":"publish","type":"product","link":"https:\/\/www.hg-cooker.com\/de\/produkt\/milchkannchen-aus-edelstahl-im-groshandel-17\/","title":{"rendered":"Bulk Multifunktions Schnellkochtopf Fabrik Direktverkauf - Hengguang Schnellkochtopf Hersteller"},"content":{"rendered":"<div class=\"wp-block-columns is-layout-flex wp-container-core-columns-is-layout-9d6595d7 wp-block-columns-is-layout-flex\">\n<div class=\"wp-block-column is-layout-flow wp-block-column-is-layout-flow\">\n<h2 class=\"wp-block-heading\">Parameter des multifunktionalen Schnellkochtopfs<\/h2>\n\n\n\n<div class=\"wp-block-group\"><div class=\"wp-block-group__inner-container is-layout-constrained wp-block-group-is-layout-constrained\">\n<div class=\"wp-block-columns is-layout-flex wp-container-core-columns-is-layout-9d6595d7 wp-block-columns-is-layout-flex\">\n<div class=\"wp-block-column is-layout-flow wp-block-column-is-layout-flow\" style=\"flex-basis:100%\">\n<div class=\"wp-block-group\"><div class=\"wp-block-group__inner-container is-layout-constrained wp-block-group-is-layout-constrained\">\n<figure class=\"wp-block-table\"><table class=\"has-fixed-layout\"><tbody><tr><td>Ort der Herkunft<\/td><td>Modellnummer<\/td><td>Typ<\/td><td>Geeigneter Herd<\/td><td>Metall Typ<\/td><td>Untere Verbundstruktur<\/td><td>Material des Griffs<\/td><td>Farbe<\/td><td>MOQ<\/td><\/tr><tr><td>Guangdong, China<\/td><td>HGYLG-20\/22\/24\/26\/28\/30\/32<\/td><td>Schnellkocht\u00f6pfe<\/td><td>Allgemeine Verwendung f\u00fcr Gas- und Induktionsherde<\/td><td>304 Edelstahl<\/td><td>Rostfreier Stahl+Aluminium+Edelstahl<\/td><td>hitzebest\u00e4ndiges schwarzes Bakelit<\/td><td>Silber<\/td><td>2000 St\u00fcck<\/td><\/tr><\/tbody><\/table><\/figure>\n<\/div><\/div>\n<\/div>\n<\/div>\n<\/div><\/div>\n<\/div>\n<\/div>\n\n\n\n<div class=\"wp-block-columns is-layout-flex wp-container-core-columns-is-layout-9d6595d7 wp-block-columns-is-layout-flex\">\n<div class=\"wp-block-column is-layout-flow wp-block-column-is-layout-flow\">\n<h2 class=\"wp-block-heading\">OEM&amp;ODM Optionen f\u00fcr kundenspezifische Schnellkocht\u00f6pfe<\/h2>\n\n\n\n<p><strong>Logo<\/strong>: Gestalten Sie Ihr Markenlogo auf Schnellkochtopf und Verpackung.<br><br><strong>Gr\u00f6\u00dfe<\/strong>: Ma\u00dfgeschneiderte Schnellkochtopfgr\u00f6\u00dfen.<br><br><strong>Paket<\/strong>: Karton\/Farbkasten.<br><br><a href=\"https:\/\/www.hg-cooker.com\/de\/custom-solution\/\" data-type=\"page\" data-id=\"2793\" target=\"_blank\" rel=\"noreferrer noopener\"><strong>Entdecken Sie mehr OEM&amp;ODM benutzerdefinierte Schnellkochtopf Detail<\/strong><\/a><\/p>\n<\/div>\n<\/div>\n\n\n\n<div class=\"wp-block-columns is-layout-flex wp-container-core-columns-is-layout-9d6595d7 wp-block-columns-is-layout-flex\">\n<div class=\"wp-block-column is-layout-flow wp-block-column-is-layout-flow\">\n<figure class=\"wp-block-image size-full\"><img fetchpriority=\"high\" decoding=\"async\" width=\"750\" height=\"750\" src=\"https:\/\/www.hg-cooker.com\/wp-content\/uploads\/2024\/08\/Wholesale-pressure-cookers-manufactured-by-Hengguang-Factory-1.webp\" alt=\"Gro\u00dfhandel Schnellkocht\u00f6pfe hergestellt von Hengguang Factory (1)\" class=\"wp-image-4202\" srcset=\"https:\/\/www.hg-cooker.com\/wp-content\/uploads\/2024\/08\/Wholesale-pressure-cookers-manufactured-by-Hengguang-Factory-1.webp 750w, https:\/\/www.hg-cooker.com\/wp-content\/uploads\/2024\/08\/Wholesale-pressure-cookers-manufactured-by-Hengguang-Factory-1-150x150.webp 150w, https:\/\/www.hg-cooker.com\/wp-content\/uploads\/2024\/08\/Wholesale-pressure-cookers-manufactured-by-Hengguang-Factory-1-660x660.webp 660w, https:\/\/www.hg-cooker.com\/wp-content\/uploads\/2024\/08\/Wholesale-pressure-cookers-manufactured-by-Hengguang-Factory-1-300x300.webp 300w, https:\/\/www.hg-cooker.com\/wp-content\/uploads\/2024\/08\/Wholesale-pressure-cookers-manufactured-by-Hengguang-Factory-1-12x12.webp 12w, https:\/\/www.hg-cooker.com\/wp-content\/uploads\/2024\/08\/Wholesale-pressure-cookers-manufactured-by-Hengguang-Factory-1-285x285.webp 285w, https:\/\/www.hg-cooker.com\/wp-content\/uploads\/2024\/08\/Wholesale-pressure-cookers-manufactured-by-Hengguang-Factory-1-270x270.webp 270w, https:\/\/www.hg-cooker.com\/wp-content\/uploads\/2024\/08\/Wholesale-pressure-cookers-manufactured-by-Hengguang-Factory-1-540x540.webp 540w\" sizes=\"(max-width: 750px) 100vw, 750px\" \/><\/figure>\n<\/div>\n\n\n\n<div class=\"wp-block-column is-layout-flow wp-block-column-is-layout-flow\">\n<figure class=\"wp-block-image size-full\"><img decoding=\"async\" width=\"750\" height=\"750\" src=\"https:\/\/www.hg-cooker.com\/wp-content\/uploads\/2024\/08\/Wholesale-pressure-cookers-manufactured-by-Hengguang-Factory-2.webp\" alt=\"Gro\u00dfhandel Schnellkocht\u00f6pfe hergestellt von Hengguang Factory (2)\" class=\"wp-image-4203\" srcset=\"https:\/\/www.hg-cooker.com\/wp-content\/uploads\/2024\/08\/Wholesale-pressure-cookers-manufactured-by-Hengguang-Factory-2.webp 750w, https:\/\/www.hg-cooker.com\/wp-content\/uploads\/2024\/08\/Wholesale-pressure-cookers-manufactured-by-Hengguang-Factory-2-150x150.webp 150w, https:\/\/www.hg-cooker.com\/wp-content\/uploads\/2024\/08\/Wholesale-pressure-cookers-manufactured-by-Hengguang-Factory-2-660x660.webp 660w, https:\/\/www.hg-cooker.com\/wp-content\/uploads\/2024\/08\/Wholesale-pressure-cookers-manufactured-by-Hengguang-Factory-2-300x300.webp 300w, https:\/\/www.hg-cooker.com\/wp-content\/uploads\/2024\/08\/Wholesale-pressure-cookers-manufactured-by-Hengguang-Factory-2-12x12.webp 12w, https:\/\/www.hg-cooker.com\/wp-content\/uploads\/2024\/08\/Wholesale-pressure-cookers-manufactured-by-Hengguang-Factory-2-285x285.webp 285w, https:\/\/www.hg-cooker.com\/wp-content\/uploads\/2024\/08\/Wholesale-pressure-cookers-manufactured-by-Hengguang-Factory-2-270x270.webp 270w, https:\/\/www.hg-cooker.com\/wp-content\/uploads\/2024\/08\/Wholesale-pressure-cookers-manufactured-by-Hengguang-Factory-2-540x540.webp 540w\" sizes=\"(max-width: 750px) 100vw, 750px\" \/><\/figure>\n<\/div>\n<\/div>","protected":false},"excerpt":{"rendered":"<p>Gro\u00dfhandel f\u00fcr Schnellkocht\u00f6pfe mit unterschiedlichem Fassungsverm\u00f6gen zu Fabrikpreisen, um verschiedenen Kochanforderungen gerecht zu werden. Unsere Produktpalette umfasst 3-Liter-Schnellkocht\u00f6pfe und 16-Liter-Gro\u00dfraum-Schnellkocht\u00f6pfe, die f\u00fcr Gro\u00dfk\u00fcchen geeignet sind. Wenden Sie sich an uns und wir bieten Ihnen professionelle OEM- und ODM-Dienstleistungen f\u00fcr ma\u00dfgeschneiderte Schnellkocht\u00f6pfe sowie wettbewerbsf\u00e4hige Preise.<\/p>\n<h3>Merkmale und Vorteile des Gro\u00dfhandels Schnellkochtopf<\/h3>\n<p><strong>Professionelle Handwerkskunst:<\/strong> Unser Multifunktions-Schnellkochtopf wird mit professioneller Handwerkskunst hergestellt, die den Dampf fester einschlie\u00dfen kann, wodurch der Druck erh\u00f6ht wird und Hitze und Feuchtigkeit eingeschlossen werden, wodurch sichergestellt wird, dass jedes Gericht den perfekten Geschmack erh\u00e4lt.<\/p>\n<p><strong>Dreischichtiger Verbundboden aus Edelstahl:<\/strong> Der Schnellkochtopf verf\u00fcgt \u00fcber einen speziell entwickelten dreischichtigen Verbundboden, der eine gleichm\u00e4\u00dfige W\u00e4rme\u00fcbertragung gew\u00e4hrleistet, das Anbrennen von Lebensmitteln wirksam verhindert und die nat\u00fcrliche Frische der Zutaten bewahrt.<\/p>\n<p><strong>Kompatibel mit mehreren W\u00e4rmequellen:<\/strong> Dieser Schnellkochtopf eignet sich f\u00fcr die in Haushalten \u00fcblichen Gasherde und kann auch problemlos an Induktionsherde in modernen K\u00fcchen angepasst werden, um Ihre vielf\u00e4ltigen Kochanforderungen zu erf\u00fcllen.<\/p>\n<p><strong>Konkurrenzf\u00e4higer Preis:<\/strong> Als einer der gr\u00f6\u00dften Hersteller von Schnellkocht\u00f6pfen in Guangdong, China, macht unsere gro\u00df angelegte Produktion unsere Gro\u00dfhandels-Schnellkocht\u00f6pfe weniger kostspielig in der Herstellung und bringt somit g\u00fcnstigere Preise f\u00fcr die K\u00e4ufer.<\/p>\n<p><strong>Beispielhafte Unterst\u00fctzung:<\/strong> Sie k\u00f6nnen zun\u00e4chst eine Musterbestellung aufgeben und dann einen formellen Produktionsauftrag erteilen, nachdem Sie das Muster zu Ihrer Zufriedenheit gepr\u00fcft haben.<\/p>","protected":false},"featured_media":4202,"comment_status":"closed","ping_status":"closed","template":"","meta":[],"product_brand":[],"product_cat":[54],"product_tag":[],"class_list":{"0":"post-4218","1":"product","2":"type-product","3":"status-publish","4":"has-post-thumbnail","6":"product_cat-pressure-cooker","8":"first","9":"instock","10":"shipping-taxable","11":"product-type-simple"},"_links":{"self":[{"href":"https:\/\/www.hg-cooker.com\/de\/wp-json\/wp\/v2\/product\/4218","targetHints":{"allow":["GET"]}}],"collection":[{"href":"https:\/\/www.hg-cooker.com\/de\/wp-json\/wp\/v2\/product"}],"about":[{"href":"https:\/\/www.hg-cooker.com\/de\/wp-json\/wp\/v2\/types\/product"}],"replies":[{"embeddable":true,"href":"https:\/\/www.hg-cooker.com\/de\/wp-json\/wp\/v2\/comments?post=4218"}],"wp:featuredmedia":[{"embeddable":true,"href":"https:\/\/www.hg-cooker.com\/de\/wp-json\/wp\/v2\/media\/4202"}],"wp:attachment":[{"href":"https:\/\/www.hg-cooker.com\/de\/wp-json\/wp\/v2\/media?parent=4218"}],"wp:term":[{"taxonomy":"product_brand","embeddable":true,"href":"https:\/\/www.hg-cooker.com\/de\/wp-json\/wp\/v2\/product_brand?post=4218"},{"taxonomy":"product_cat","embeddable":true,"href":"https:\/\/www.hg-cooker.com\/de\/wp-json\/wp\/v2\/product_cat?post=4218"},{"taxonomy":"product_tag","embeddable":true,"href":"https:\/\/www.hg-cooker.com\/de\/wp-json\/wp\/v2\/product_tag?post=4218"}],"curies":[{"name":"wp","href":"https:\/\/api.w.org\/{rel}","templated":true}]}}