{"id":4201,"date":"2025-08-13T07:57:03","date_gmt":"2025-08-13T07:57:03","guid":{"rendered":"https:\/\/www.hg-cooker.com\/?post_type=product&#038;p=4201"},"modified":"2025-11-13T02:18:56","modified_gmt":"2025-11-13T02:18:56","slug":"milchkannchen-aus-edelstahl-im-groshandel-16","status":"publish","type":"product","link":"https:\/\/www.hg-cooker.com\/de\/produkt\/milchkannchen-aus-edelstahl-im-groshandel-16\/","title":{"rendered":"Hochleistungs-Induktions-Schnellkochtopf -- Ideal f\u00fcr effizientes Kochen auf Induktionsherden"},"content":{"rendered":"<div class=\"wp-block-columns is-layout-flex wp-container-core-columns-is-layout-9d6595d7 wp-block-columns-is-layout-flex\">\n<div class=\"wp-block-column is-layout-flow wp-block-column-is-layout-flow\">\n<h2 class=\"wp-block-heading\">Parameter des Induktions-Schnellkochtopfs <\/h2>\n\n\n\n<div class=\"wp-block-group\"><div class=\"wp-block-group__inner-container is-layout-constrained wp-block-group-is-layout-constrained\">\n<div class=\"wp-block-columns is-layout-flex wp-container-core-columns-is-layout-9d6595d7 wp-block-columns-is-layout-flex\">\n<div class=\"wp-block-column is-layout-flow wp-block-column-is-layout-flow\" style=\"flex-basis:100%\">\n<div class=\"wp-block-group\"><div class=\"wp-block-group__inner-container is-layout-constrained wp-block-group-is-layout-constrained\">\n<figure class=\"wp-block-table\"><table class=\"has-fixed-layout\"><tbody><tr><td>Ort der Herkunft<\/td><td>Modellnummer<\/td><td>Typ<\/td><td>Geeigneter Herd<\/td><td>Metall Typ<\/td><td>Kapazit\u00e4t<\/td><td>Farbe<\/td><td>Handgriff<\/td><td>MOQ<\/td><td>Gr\u00f6\u00dfe der Einzelverpackung:<\/td><td>Einfaches Bruttogewicht:<\/td><\/tr><tr><td>Guangdong, China<\/td><td>HG-UXYLG-18\/20\/22\/24\/26\/28\/30\/32<\/td><td>Schnellkocht\u00f6pfe<\/td><td>Allgemeine Verwendung f\u00fcr Gas- und Induktionsherde<\/td><td>304 Rostfreier Stahl<\/td><td>18\/20\/22\/24\/26\/28\/30\/32CM<\/td><td>Silber<\/td><td>Hitzebest\u00e4ndiger schwarzer Bakelit-Griff<\/td><td>500 St\u00fcck<\/td><td>50X50X50 cm<\/td><td>5.000 kg<\/td><\/tr><\/tbody><\/table><\/figure>\n<\/div><\/div>\n<\/div>\n<\/div>\n<\/div><\/div>\n<\/div>\n<\/div>\n\n\n\n<div class=\"wp-block-columns is-layout-flex wp-container-core-columns-is-layout-9d6595d7 wp-block-columns-is-layout-flex\">\n<div class=\"wp-block-column is-layout-flow wp-block-column-is-layout-flow\">\n<h2 class=\"wp-block-heading\">OEM&amp;ODM Optionen f\u00fcr kundenspezifische Schnellkocht\u00f6pfe<\/h2>\n\n\n\n<p><strong>Logo<\/strong>: Gestalten Sie Ihr Markenlogo auf Schnellkochtopf und Verpackung.<br><br><strong>Gr\u00f6\u00dfe<\/strong>: Passen Sie die verschiedenen Gr\u00f6\u00dfen des Schnellkochtopfs an Ihre Bed\u00fcrfnisse an.<br><br><strong>Paket<\/strong>: Karton\/Farbkasten.<br><br><a href=\"https:\/\/www.hg-cooker.com\/de\/custom-solution\/\" data-type=\"page\" data-id=\"2793\" target=\"_blank\" rel=\"noreferrer noopener\"><strong>Entdecken Sie weitere OEM&amp;ODM-Details<\/strong><\/a><\/p>\n<\/div>\n<\/div>\n\n\n\n<div class=\"wp-block-columns is-layout-flex wp-container-core-columns-is-layout-9d6595d7 wp-block-columns-is-layout-flex\">\n<div class=\"wp-block-column is-layout-flow wp-block-column-is-layout-flow\">\n<figure class=\"wp-block-image size-full\"><img fetchpriority=\"high\" decoding=\"async\" width=\"750\" height=\"750\" src=\"https:\/\/www.hg-cooker.com\/wp-content\/uploads\/2024\/08\/Hengguang-induction-pressure-cooker-3.webp\" alt=\"Hengguang Induktions-Schnellkochtopf (3)\" class=\"wp-image-4210\" srcset=\"https:\/\/www.hg-cooker.com\/wp-content\/uploads\/2024\/08\/Hengguang-induction-pressure-cooker-3.webp 750w, https:\/\/www.hg-cooker.com\/wp-content\/uploads\/2024\/08\/Hengguang-induction-pressure-cooker-3-150x150.webp 150w, https:\/\/www.hg-cooker.com\/wp-content\/uploads\/2024\/08\/Hengguang-induction-pressure-cooker-3-660x660.webp 660w, https:\/\/www.hg-cooker.com\/wp-content\/uploads\/2024\/08\/Hengguang-induction-pressure-cooker-3-300x300.webp 300w, https:\/\/www.hg-cooker.com\/wp-content\/uploads\/2024\/08\/Hengguang-induction-pressure-cooker-3-12x12.webp 12w, https:\/\/www.hg-cooker.com\/wp-content\/uploads\/2024\/08\/Hengguang-induction-pressure-cooker-3-285x285.webp 285w, https:\/\/www.hg-cooker.com\/wp-content\/uploads\/2024\/08\/Hengguang-induction-pressure-cooker-3-270x270.webp 270w, https:\/\/www.hg-cooker.com\/wp-content\/uploads\/2024\/08\/Hengguang-induction-pressure-cooker-3-540x540.webp 540w\" sizes=\"(max-width: 750px) 100vw, 750px\" \/><\/figure>\n<\/div>\n\n\n\n<div class=\"wp-block-column is-layout-flow wp-block-column-is-layout-flow\">\n<figure class=\"wp-block-image size-full\"><img decoding=\"async\" width=\"750\" height=\"750\" src=\"https:\/\/www.hg-cooker.com\/wp-content\/uploads\/2024\/08\/Hengguang-induction-pressure-cooker-2.webp\" alt=\"Hengguang Induktions-Schnellkochtopf (2)\" class=\"wp-image-4209\" srcset=\"https:\/\/www.hg-cooker.com\/wp-content\/uploads\/2024\/08\/Hengguang-induction-pressure-cooker-2.webp 750w, https:\/\/www.hg-cooker.com\/wp-content\/uploads\/2024\/08\/Hengguang-induction-pressure-cooker-2-150x150.webp 150w, https:\/\/www.hg-cooker.com\/wp-content\/uploads\/2024\/08\/Hengguang-induction-pressure-cooker-2-660x660.webp 660w, https:\/\/www.hg-cooker.com\/wp-content\/uploads\/2024\/08\/Hengguang-induction-pressure-cooker-2-300x300.webp 300w, https:\/\/www.hg-cooker.com\/wp-content\/uploads\/2024\/08\/Hengguang-induction-pressure-cooker-2-12x12.webp 12w, https:\/\/www.hg-cooker.com\/wp-content\/uploads\/2024\/08\/Hengguang-induction-pressure-cooker-2-285x285.webp 285w, https:\/\/www.hg-cooker.com\/wp-content\/uploads\/2024\/08\/Hengguang-induction-pressure-cooker-2-270x270.webp 270w, https:\/\/www.hg-cooker.com\/wp-content\/uploads\/2024\/08\/Hengguang-induction-pressure-cooker-2-540x540.webp 540w\" sizes=\"(max-width: 750px) 100vw, 750px\" \/><\/figure>\n<\/div>\n<\/div>","protected":false},"excerpt":{"rendered":"<p>Der Boden unseres Gro\u00dfhandels-Schnellkochtopfs besteht aus drei Schichten rostfreien Stahls, der eine hervorragende W\u00e4rmeleitf\u00e4higkeit und Lebensdauer aufweist. Dieses Design verbessert nicht nur die thermische Effizienz, sondern erm\u00f6glicht es Ihnen auch, den Schnellkochtopf auf einem Induktionsherd zu verwenden. Unterst\u00fctzung OEM und ODM, willkommen in der Masse zu kaufen.<\/p>\n<h2>Eigenschaften und Vorteile des Induktions-Schnellkochtopfs<\/h2>\n<p><strong>Geeignet f\u00fcr mehrere \u00d6fen:<\/strong> Der Boden des Gro\u00dfhandels-Edelstahl-Schnellkochtopfs besteht aus drei Schichten Edelstahl, die den gesamten Boden des Schnellkochtopfs bedecken, wodurch der Schnellkochtopf f\u00fcr mehrere Herde wie Induktionsherde und Gasherde geeignet ist.<\/p>\n<p><strong>Lebensmittelgeeigneter Edelstahl:<\/strong> Der Schnellkochtopf ist aus lebensmittelechtem Edelstahl gefertigt, der eine hohe Festigkeit, eine lange Lebensdauer und eine hohe Korrosionsbest\u00e4ndigkeit aufweist.<\/p>\n<p><strong>Mehrere Spezifikationen:<\/strong> Wir bieten induktionstaugliche Schnellkocht\u00f6pfe von 3 l bis 16 l an, die den Anforderungen von Haushalten und Restaurants gerecht werden.<\/p>\n<p><strong>Unterst\u00fctzung f\u00fcr kundenspezifische Dienstleistungen:<\/strong> Als professioneller Hersteller von Schnellkocht\u00f6pfen k\u00f6nnen wir Schnellkocht\u00f6pfe ganz nach Ihren W\u00fcnschen gestalten, einschlie\u00dflich kundenspezifischer Gr\u00f6\u00dfen, Logos, Zubeh\u00f6r usw.<\/p>\n<p><strong>Auslaufsicherer Silikonring:<\/strong> Der Dichtungsring aus lebensmittelechtem Silikon ist temperaturbest\u00e4ndig bis 260\u00b0C und wurde einem Alterungstest von 5.000 Zyklen unterzogen, wodurch das Risiko eines Wasseraustritts vollst\u00e4ndig ausgeschlossen wird.<\/p>","protected":false},"featured_media":5045,"comment_status":"closed","ping_status":"closed","template":"","meta":[],"product_brand":[],"product_cat":[54],"product_tag":[],"class_list":{"0":"post-4201","1":"product","2":"type-product","3":"status-publish","4":"has-post-thumbnail","6":"product_cat-pressure-cooker","8":"first","9":"instock","10":"shipping-taxable","11":"product-type-simple"},"_links":{"self":[{"href":"https:\/\/www.hg-cooker.com\/de\/wp-json\/wp\/v2\/product\/4201","targetHints":{"allow":["GET"]}}],"collection":[{"href":"https:\/\/www.hg-cooker.com\/de\/wp-json\/wp\/v2\/product"}],"about":[{"href":"https:\/\/www.hg-cooker.com\/de\/wp-json\/wp\/v2\/types\/product"}],"replies":[{"embeddable":true,"href":"https:\/\/www.hg-cooker.com\/de\/wp-json\/wp\/v2\/comments?post=4201"}],"wp:featuredmedia":[{"embeddable":true,"href":"https:\/\/www.hg-cooker.com\/de\/wp-json\/wp\/v2\/media\/5045"}],"wp:attachment":[{"href":"https:\/\/www.hg-cooker.com\/de\/wp-json\/wp\/v2\/media?parent=4201"}],"wp:term":[{"taxonomy":"product_brand","embeddable":true,"href":"https:\/\/www.hg-cooker.com\/de\/wp-json\/wp\/v2\/product_brand?post=4201"},{"taxonomy":"product_cat","embeddable":true,"href":"https:\/\/www.hg-cooker.com\/de\/wp-json\/wp\/v2\/product_cat?post=4201"},{"taxonomy":"product_tag","embeddable":true,"href":"https:\/\/www.hg-cooker.com\/de\/wp-json\/wp\/v2\/product_tag?post=4201"}],"curies":[{"name":"wp","href":"https:\/\/api.w.org\/{rel}","templated":true}]}}