{"id":4193,"date":"2025-08-15T06:38:30","date_gmt":"2025-08-15T06:38:30","guid":{"rendered":"https:\/\/www.hg-cooker.com\/?post_type=product&#038;p=4193"},"modified":"2025-11-13T02:25:47","modified_gmt":"2025-11-13T02:25:47","slug":"milchkannchen-aus-edelstahl-im-groshandel-15","status":"publish","type":"product","link":"https:\/\/www.hg-cooker.com\/de\/produkt\/milchkannchen-aus-edelstahl-im-groshandel-15\/","title":{"rendered":"Hochwertiger China Schnellkochtopf--China Factory Direct Sales"},"content":{"rendered":"<div class=\"wp-block-columns is-layout-flex wp-container-core-columns-is-layout-9d6595d7 wp-block-columns-is-layout-flex\">\n<div class=\"wp-block-column is-layout-flow wp-block-column-is-layout-flow\">\n<h2 class=\"wp-block-heading\">Parameter des Mini-Schnellkochtopfs<\/h2>\n\n\n\n<figure class=\"wp-block-table\"><table class=\"has-fixed-layout\"><tbody><tr><td>Ort der Herkunft<\/td><td>Typ<\/td><td>Geeigneter Herd<\/td><td>Material<\/td><td>Kapazit\u00e4t<\/td><td>Handgriff<\/td><td>Farbe<\/td><td>Verwendung<\/td><td>Gr\u00f6\u00dfe<\/td><\/tr><tr><td>Guangdong, China<\/td><td>Schnellkocht\u00f6pfe<\/td><td>Allgemeine Verwendung f\u00fcr Gas- und Induktionsherde<\/td><td>304 Edelstahl<\/td><td>3L\/4L\/5L\/6L\/8L\/10L\/13L\/16L<\/td><td>Schwarzer Bakelit-Griff<\/td><td>Silber<\/td><td>Heimische K\u00fcche<\/td><td>18\/20\/22\/24\/26\/28\/30\/32cm<\/td><\/tr><\/tbody><\/table><\/figure>\n<\/div>\n<\/div>\n\n\n\n<div class=\"wp-block-columns is-layout-flex wp-container-core-columns-is-layout-9d6595d7 wp-block-columns-is-layout-flex\">\n<div class=\"wp-block-column is-layout-flow wp-block-column-is-layout-flow\">\n<h2 class=\"wp-block-heading\">OEM&amp;ODM Optionen f\u00fcr kundenspezifische Schnellkocht\u00f6pfe<\/h2>\n\n\n\n<p><strong>Logo<\/strong>: Gestalten Sie Ihr Markenlogo auf Schnellkochtopf und Verpackung.<br><br><strong>Gr\u00f6\u00dfe<\/strong>: Passen Sie die verschiedenen Gr\u00f6\u00dfen des Schnellkochtopfs an Ihre Bed\u00fcrfnisse an.<br><br><strong>Paket<\/strong>: Karton\/Farbkasten.<br><br><a href=\"https:\/\/www.hg-cooker.com\/de\/custom-solution\/\" data-type=\"page\" data-id=\"2793\" target=\"_blank\" rel=\"noreferrer noopener\"><strong>Entdecken Sie weitere OEM&amp;ODM-Details<\/strong><\/a><\/p>\n<\/div>\n<\/div>\n\n\n\n<div class=\"wp-block-columns is-layout-flex wp-container-core-columns-is-layout-9d6595d7 wp-block-columns-is-layout-flex\">\n<div class=\"wp-block-column is-layout-flow wp-block-column-is-layout-flow\">\n<figure class=\"wp-block-image size-full\"><img fetchpriority=\"high\" decoding=\"async\" width=\"800\" height=\"800\" src=\"https:\/\/www.hg-cooker.com\/wp-content\/uploads\/2024\/08\/China-high-quality-stainless-steel-pressure-cooker-1.webp\" alt=\"Hochwertiger Edelstahl-Schnellkochtopf aus China (1)\" class=\"wp-image-4194\" srcset=\"https:\/\/www.hg-cooker.com\/wp-content\/uploads\/2024\/08\/China-high-quality-stainless-steel-pressure-cooker-1.webp 800w, https:\/\/www.hg-cooker.com\/wp-content\/uploads\/2024\/08\/China-high-quality-stainless-steel-pressure-cooker-1-150x150.webp 150w, https:\/\/www.hg-cooker.com\/wp-content\/uploads\/2024\/08\/China-high-quality-stainless-steel-pressure-cooker-1-660x660.webp 660w, https:\/\/www.hg-cooker.com\/wp-content\/uploads\/2024\/08\/China-high-quality-stainless-steel-pressure-cooker-1-300x300.webp 300w, https:\/\/www.hg-cooker.com\/wp-content\/uploads\/2024\/08\/China-high-quality-stainless-steel-pressure-cooker-1-768x768.webp 768w, https:\/\/www.hg-cooker.com\/wp-content\/uploads\/2024\/08\/China-high-quality-stainless-steel-pressure-cooker-1-12x12.webp 12w, https:\/\/www.hg-cooker.com\/wp-content\/uploads\/2024\/08\/China-high-quality-stainless-steel-pressure-cooker-1-285x285.webp 285w, https:\/\/www.hg-cooker.com\/wp-content\/uploads\/2024\/08\/China-high-quality-stainless-steel-pressure-cooker-1-270x270.webp 270w, https:\/\/www.hg-cooker.com\/wp-content\/uploads\/2024\/08\/China-high-quality-stainless-steel-pressure-cooker-1-540x540.webp 540w\" sizes=\"(max-width: 800px) 100vw, 800px\" \/><\/figure>\n<\/div>\n\n\n\n<div class=\"wp-block-column is-layout-flow wp-block-column-is-layout-flow\">\n<figure class=\"wp-block-image size-full\"><img decoding=\"async\" width=\"800\" height=\"800\" src=\"https:\/\/www.hg-cooker.com\/wp-content\/uploads\/2024\/08\/China-high-quality-stainless-steel-pressure-cooker-6.webp\" alt=\"Hochwertiger Edelstahl-Schnellkochtopf aus China (6)\" class=\"wp-image-4199\" srcset=\"https:\/\/www.hg-cooker.com\/wp-content\/uploads\/2024\/08\/China-high-quality-stainless-steel-pressure-cooker-6.webp 800w, https:\/\/www.hg-cooker.com\/wp-content\/uploads\/2024\/08\/China-high-quality-stainless-steel-pressure-cooker-6-150x150.webp 150w, https:\/\/www.hg-cooker.com\/wp-content\/uploads\/2024\/08\/China-high-quality-stainless-steel-pressure-cooker-6-660x660.webp 660w, https:\/\/www.hg-cooker.com\/wp-content\/uploads\/2024\/08\/China-high-quality-stainless-steel-pressure-cooker-6-300x300.webp 300w, https:\/\/www.hg-cooker.com\/wp-content\/uploads\/2024\/08\/China-high-quality-stainless-steel-pressure-cooker-6-768x768.webp 768w, https:\/\/www.hg-cooker.com\/wp-content\/uploads\/2024\/08\/China-high-quality-stainless-steel-pressure-cooker-6-12x12.webp 12w, https:\/\/www.hg-cooker.com\/wp-content\/uploads\/2024\/08\/China-high-quality-stainless-steel-pressure-cooker-6-285x285.webp 285w, https:\/\/www.hg-cooker.com\/wp-content\/uploads\/2024\/08\/China-high-quality-stainless-steel-pressure-cooker-6-270x270.webp 270w, https:\/\/www.hg-cooker.com\/wp-content\/uploads\/2024\/08\/China-high-quality-stainless-steel-pressure-cooker-6-540x540.webp 540w\" sizes=\"(max-width: 800px) 100vw, 800px\" \/><\/figure>\n<\/div>\n<\/div>","protected":false},"excerpt":{"rendered":"<p>Hengguang ist einer der f\u00fchrenden Hersteller von Schnellkocht\u00f6pfen aus Edelstahl in China. Unsere Edelstahl-Schnellkocht\u00f6pfe werden sorgf\u00e4ltig mit hochwertigen Materialien gebaut und zeichnen sich durch hohe Effizienz und zuverl\u00e4ssige Leistung aus, so dass sie die erste Wahl von mehr als einer Million chinesischer Familien sind. Wir bieten Gro\u00dfhandel Schnellkocht\u00f6pfe in verschiedenen Gr\u00f6\u00dfen, von 3 Liter Schnellkochtopf zu 16 Liter Schnellkochtopf. Unsere Produkte reichen von klein bis gro\u00df f\u00fcr Gro\u00dfk\u00fcchen. Wenn Sie sich f\u00fcr Hengguang China Pressure Cooker Factory entscheiden, finden Sie den idealen Schnellkochtopf f\u00fcr jeden Kochbedarf.<\/p>\n<h3>Merkmale des Hengguang China Schnellkochtopfs<\/h3>\n<p>1.<strong>Vielseitiges Kochen<\/strong>: Mit diesem Schnellkochtopf k\u00f6nnen Sie Mais, Kartoffeln, Bohnen und Fleisch gut kochen. Durch die effektive Abdichtung des Dampfes sorgt das einzigartige Design daf\u00fcr, dass jedes Gericht durch die Kombination von Hitze, Feuchtigkeit und Geschmack der Zutaten den perfekten Geschmack erh\u00e4lt.<\/p>\n<p>2.<strong>Gro\u00dfe Auswahl an Kapazit\u00e4ten<\/strong>: Dieser Schnellkochtopf verf\u00fcgt \u00fcber ein Fassungsverm\u00f6gen von 8 bis 16 Litern, das eine Vielzahl von Kochbed\u00fcrfnissen abdeckt, sei es in einem Restaurant, einer Betriebskantine oder einer Familienfeier.<\/p>\n<p>3.<strong>Leicht zu reinigen<\/strong>: Der Schnellkochtopf aus rostfreiem Stahl ist leicht zu reinigen, was die Reinigungszeit erheblich verk\u00fcrzt. Nach einfachem Entfernen der Dichtung und des Druckventils k\u00f6nnen Sie ihn in die Sp\u00fclmaschine geben und die einfache Reinigung mit einem Klick genie\u00dfen.<\/p>\n<p>4.<strong>Hochwertiges Zubeh\u00f6r<\/strong>: Ausgestattet mit hochwertigen Silikondichtungen, enth\u00e4lt es kein BPA und hat eine extrem lange Lebensdauer, so dass jedes Kochen problemlos m\u00f6glich ist.<\/p>\n<p>5.<strong>Bequemer Griff<\/strong>: Der Griff ist aus hochwertigem Material gefertigt, das sich angenehm anf\u00fchlt, und hat einen K\u00f6rper, der in Ihre Handfl\u00e4che passt. Sie brauchen sich keine Sorgen zu machen, dass sich Ihr Griff lockert. Er erh\u00f6ht den Benutzerkomfort und erleichtert das Tragen, w\u00e4hrend er gleichzeitig Sicherheit und Ruhe im Betrieb garantiert.<\/p>","protected":false},"featured_media":4194,"comment_status":"closed","ping_status":"closed","template":"","meta":[],"product_brand":[],"product_cat":[54],"product_tag":[],"class_list":{"0":"post-4193","1":"product","2":"type-product","3":"status-publish","4":"has-post-thumbnail","6":"product_cat-pressure-cooker","8":"first","9":"instock","10":"shipping-taxable","11":"product-type-simple"},"_links":{"self":[{"href":"https:\/\/www.hg-cooker.com\/de\/wp-json\/wp\/v2\/product\/4193","targetHints":{"allow":["GET"]}}],"collection":[{"href":"https:\/\/www.hg-cooker.com\/de\/wp-json\/wp\/v2\/product"}],"about":[{"href":"https:\/\/www.hg-cooker.com\/de\/wp-json\/wp\/v2\/types\/product"}],"replies":[{"embeddable":true,"href":"https:\/\/www.hg-cooker.com\/de\/wp-json\/wp\/v2\/comments?post=4193"}],"wp:featuredmedia":[{"embeddable":true,"href":"https:\/\/www.hg-cooker.com\/de\/wp-json\/wp\/v2\/media\/4194"}],"wp:attachment":[{"href":"https:\/\/www.hg-cooker.com\/de\/wp-json\/wp\/v2\/media?parent=4193"}],"wp:term":[{"taxonomy":"product_brand","embeddable":true,"href":"https:\/\/www.hg-cooker.com\/de\/wp-json\/wp\/v2\/product_brand?post=4193"},{"taxonomy":"product_cat","embeddable":true,"href":"https:\/\/www.hg-cooker.com\/de\/wp-json\/wp\/v2\/product_cat?post=4193"},{"taxonomy":"product_tag","embeddable":true,"href":"https:\/\/www.hg-cooker.com\/de\/wp-json\/wp\/v2\/product_tag?post=4193"}],"curies":[{"name":"wp","href":"https:\/\/api.w.org\/{rel}","templated":true}]}}