{"id":4075,"date":"2025-05-07T01:07:17","date_gmt":"2025-05-07T01:07:17","guid":{"rendered":"https:\/\/www.hg-cooker.com\/?post_type=product&#038;p=4075"},"modified":"2025-11-13T02:31:00","modified_gmt":"2025-11-13T02:31:00","slug":"milchkannchen-aus-edelstahl-im-groshandel-14","status":"publish","type":"product","link":"https:\/\/www.hg-cooker.com\/de\/produkt\/milchkannchen-aus-edelstahl-im-groshandel-14\/","title":{"rendered":"Kundenspezifische dreilagige Verbundwerkstoff-Edelstahl-Scheiben\/Rundplatten Rohmaterial"},"content":{"rendered":"<div class=\"wp-block-columns is-layout-flex wp-container-core-columns-is-layout-9d6595d7 wp-block-columns-is-layout-flex\">\n<div class=\"wp-block-column is-layout-flow wp-block-column-is-layout-flow\">\n<h2 class=\"wp-block-heading\">Parameter von dreilagigen Scheiben aus Edelstahl<\/h2>\n\n\n\n<p><strong>Produktname<\/strong>Dreilagige Verbundscheiben aus rostfreiem Stahl<\/p>\n\n\n\n<p><strong>Material des Produkts<\/strong>304\/316-Edelstahl + Aluminium+430-Edelstahl<br><br><strong>Optionale Produktdicke<\/strong>:<br>1.8mm\/2.0mm\/2.2mm\/2.5mm\/3.0mm<\/p>\n\n\n\n<p><strong>Produktformen<\/strong>:kreisf\u00f6rmig \/ speziell geformt<\/p>\n\n\n\n<p><strong>Optionale Gr\u00f6\u00dfe des Produkts<\/strong>:<br>Die Kreisgr\u00f6\u00dfe kann 250mm-500mm betragen. <br>Sonderformate k\u00f6nnen 900 mm lang sein.<\/p>\n<\/div>\n\n\n\n<div class=\"wp-block-column is-layout-flow wp-block-column-is-layout-flow\">\n<h2 class=\"wp-block-heading\">Anpassbare Optionen f\u00fcr K\u00fcchengeschirr<\/h2>\n\n\n\n<p><strong>Muster<\/strong>Passen Sie alle Arten von Mustern auf den dreilagigen Edelstahlscheiben an.<br><br><strong>Material<\/strong>:304\/316 Edelstahl + Aluminium + 430 Edelstahl<br><br><strong>Gr\u00f6\u00dfe<\/strong>:Passen Sie die verschiedenen Gr\u00f6\u00dfen der dreilagigen Edelstahlscheiben an.<br><br><strong>Formen<\/strong>:Runde Platten \/ Jede Sonderform<br><br><strong>MOQ<\/strong>:1000 St\u00fcck<\/p>\n\n\n\n<p><a href=\"https:\/\/www.hg-cooker.com\/de\/dreilagige-scheiben-aus-rostfreiem-stahl\/\" target=\"_blank\" data-type=\"link\" data-id=\"https:\/\/www.hg-cooker.com\/tri-ply-stainless-steel-discs\/\" rel=\"noreferrer noopener\"><strong>Entdecken Sie weitere Details zur Anpassung von dreilagigen Edelstahlscheiben<\/strong><\/a><\/p>\n<\/div>\n<\/div>\n\n\n\n<div class=\"wp-block-columns is-layout-flex wp-container-core-columns-is-layout-9d6595d7 wp-block-columns-is-layout-flex\">\n<div class=\"wp-block-column is-layout-flow wp-block-column-is-layout-flow\">\n<figure class=\"wp-block-image size-full is-resized\"><img fetchpriority=\"high\" decoding=\"async\" width=\"1191\" height=\"921\" src=\"https:\/\/www.hg-cooker.com\/wp-content\/uploads\/2024\/07\/tri-ply-stainless-steel-discs-detail-2.webp\" alt=\"dreilagige Edelstahl-Scheiben Detail (2)\" class=\"wp-image-4089\" style=\"width:583px;height:auto\" srcset=\"https:\/\/www.hg-cooker.com\/wp-content\/uploads\/2024\/07\/tri-ply-stainless-steel-discs-detail-2.webp 1191w, https:\/\/www.hg-cooker.com\/wp-content\/uploads\/2024\/07\/tri-ply-stainless-steel-discs-detail-2-150x116.webp 150w, https:\/\/www.hg-cooker.com\/wp-content\/uploads\/2024\/07\/tri-ply-stainless-steel-discs-detail-2-660x510.webp 660w, https:\/\/www.hg-cooker.com\/wp-content\/uploads\/2024\/07\/tri-ply-stainless-steel-discs-detail-2-300x232.webp 300w, https:\/\/www.hg-cooker.com\/wp-content\/uploads\/2024\/07\/tri-ply-stainless-steel-discs-detail-2-768x594.webp 768w, https:\/\/www.hg-cooker.com\/wp-content\/uploads\/2024\/07\/tri-ply-stainless-steel-discs-detail-2-16x12.webp 16w, https:\/\/www.hg-cooker.com\/wp-content\/uploads\/2024\/07\/tri-ply-stainless-steel-discs-detail-2-285x220.webp 285w\" sizes=\"(max-width: 1191px) 100vw, 1191px\" \/><\/figure>\n<\/div>\n\n\n\n<div class=\"wp-block-column is-layout-flow wp-block-column-is-layout-flow\">\n<figure class=\"wp-block-image size-full is-resized\"><img decoding=\"async\" width=\"540\" height=\"604\" src=\"https:\/\/www.hg-cooker.com\/wp-content\/uploads\/2024\/07\/tri-ply-stainless-steel-discs-detail.webp\" alt=\"dreilagige Scheiben aus rostfreiem Stahl Detail\" class=\"wp-image-4083\" style=\"width:412px;height:auto\" srcset=\"https:\/\/www.hg-cooker.com\/wp-content\/uploads\/2024\/07\/tri-ply-stainless-steel-discs-detail.webp 540w, https:\/\/www.hg-cooker.com\/wp-content\/uploads\/2024\/07\/tri-ply-stainless-steel-discs-detail-134x150.webp 134w, https:\/\/www.hg-cooker.com\/wp-content\/uploads\/2024\/07\/tri-ply-stainless-steel-discs-detail-268x300.webp 268w, https:\/\/www.hg-cooker.com\/wp-content\/uploads\/2024\/07\/tri-ply-stainless-steel-discs-detail-11x12.webp 11w, https:\/\/www.hg-cooker.com\/wp-content\/uploads\/2024\/07\/tri-ply-stainless-steel-discs-detail-285x319.webp 285w\" sizes=\"(max-width: 540px) 100vw, 540px\" \/><\/figure>\n<\/div>\n<\/div>\n\n\n\n<div class=\"wp-block-columns is-layout-flex wp-container-core-columns-is-layout-9d6595d7 wp-block-columns-is-layout-flex\">\n<div class=\"wp-block-column is-layout-flow wp-block-column-is-layout-flow\"><\/div>\n\n\n\n<div class=\"wp-block-column is-layout-flow wp-block-column-is-layout-flow\"><\/div>\n<\/div>","protected":false},"excerpt":{"rendered":"<p>Hengguang ist auf die Lieferung von kundenspezifischen dreilagigen Edelstahlscheiben (runde Platten) spezialisiert. Unsere Produkte verwenden eine hochwertige dreilagige Verbundtechnologie, die Edelstahl 304\/316, Aluminium und Edelstahl 430 mit hervorragender W\u00e4rmeleitf\u00e4higkeit, Haltbarkeit und Korrosionsbest\u00e4ndigkeit kombiniert. Es ist ein wichtiges Rohmaterial f\u00fcr die Herstellung von hochwertigem Koch- und Essgeschirr. Wir bieten One-Stop-Customization-Services in Gr\u00f6\u00dfe, Dicke, Muster und Form. Nehmen Sie Kontakt mit uns auf, um Ihre runde Platte aus rostfreiem Stahl anzufertigen.<\/p>\n<h3>Merkmale und Vorteile von dreilagigen Edelstahlscheiben<\/h3>\n<div>\n<ul>\n<li><strong>Ausgezeichnete Haltbarkeit<\/strong>: Die Au\u00dfen- und Innenschichten bestehen aus hochwertigem Edelstahl, der eine extrem hohe Haltbarkeit aufweist. Im Bereich der Herstellung von Edelstahl-Kochgeschirr kann es die Lebensdauer und Leistung des Produkts erheblich verbessern und die Anforderungen von hochfrequentem Gebrauch und rauen Umgebungen erf\u00fcllen.\n<\/li>\n<li><strong>Ausgezeichnete W\u00e4rmeleitf\u00e4higkeit<\/strong>: Die mittlere Schicht der dreifachen Edelstahlscheiben besteht aus Aluminium mit hoher W\u00e4rmeleitf\u00e4higkeit, was die W\u00e4rmeleitf\u00e4higkeit insgesamt effektiv verbessert. Im Bereich des Edelstahlkochgeschirrs f\u00fchrt die Verwendung d\u00fcnnerer Scheiben zu einer schnelleren Erw\u00e4rmung des Kochgeschirrs, was im Allgemeinen bei der Herstellung von Pfannen und Milcht\u00f6pfen verwendet wird. Durch die Verwendung dickerer Scheiben wird die Gesamtw\u00e4rmeleitf\u00e4higkeit des Kochgeschirrs gleichm\u00e4\u00dfiger, was im Allgemeinen bei der Herstellung von gro\u00dfen Kochgeschirren wie Woks verwendet wird.\n<\/li>\n<li><strong>Ausgezeichnete Korrosionsbest\u00e4ndigkeit<\/strong>: Unsere dreifach rostfreien Scheiben sind aus hochwertigem rostfreiem Stahl hergestellt, der eine hohe Korrosionsbest\u00e4ndigkeit aufweist. Die Korrosionsbest\u00e4ndigkeit ist sehr wichtig f\u00fcr die Qualit\u00e4t von Edelstahlprodukten, und eine ausgezeichnete Korrosionsbest\u00e4ndigkeit verl\u00e4ngert die Lebensdauer von Edelstahlprodukten.\n<\/li>\n<li><strong>Pr\u00e4zise Ma\u00dfkontrolle<\/strong>: Unser Herstellungsverfahren erm\u00f6glicht eine pr\u00e4zise Kontrolle der Gr\u00f6\u00dfe und Dicke der Scheiben, so dass jedes Produkt hohe Standards in Bezug auf Gewicht, Dicke und Ebenheit erf\u00fcllt.\n<\/li>\n<li><strong>Ma\u00dfgeschneiderte Produktion<\/strong>: Wir unterst\u00fctzen eine Vielzahl von kundenspezifischen Anforderungen und fertigen Scheiben in verschiedenen Gr\u00f6\u00dfen, Formen, Funktionen und Mustern entsprechend Ihren spezifischen Anforderungen an. Egal, ob es um die Herstellung von Kochgeschirr, industrielle Heizger\u00e4te oder medizinische Ger\u00e4te geht, wir k\u00f6nnen die am besten geeigneten kundenspezifischen L\u00f6sungen anbieten.\n<\/li>\n<li>Wir bieten Gro\u00dfhandel tri ply Edelstahl Scheiben Service.\n<\/li>\n<li><a href=\"https:\/\/www.hg-cooker.com\/de\/dreilagige-scheiben-aus-rostfreiem-stahl\/\" target=\"_blank\" rel=\"noopener\"><strong>Wir bieten OEM&amp;ODM kundenspezifische L\u00f6sungen f\u00fcr dreilagige Edelstahlscheiben.<\/strong><\/a><\/li>\n<\/ul>\n<\/div>","protected":false},"featured_media":4085,"comment_status":"open","ping_status":"closed","template":"","meta":[],"product_brand":[],"product_cat":[53],"product_tag":[],"class_list":{"0":"post-4075","1":"product","2":"type-product","3":"status-publish","4":"has-post-thumbnail","6":"product_cat-tri-ply-stainless-steel-discs","8":"first","9":"instock","10":"shipping-taxable","11":"product-type-simple"},"_links":{"self":[{"href":"https:\/\/www.hg-cooker.com\/de\/wp-json\/wp\/v2\/product\/4075","targetHints":{"allow":["GET"]}}],"collection":[{"href":"https:\/\/www.hg-cooker.com\/de\/wp-json\/wp\/v2\/product"}],"about":[{"href":"https:\/\/www.hg-cooker.com\/de\/wp-json\/wp\/v2\/types\/product"}],"replies":[{"embeddable":true,"href":"https:\/\/www.hg-cooker.com\/de\/wp-json\/wp\/v2\/comments?post=4075"}],"wp:featuredmedia":[{"embeddable":true,"href":"https:\/\/www.hg-cooker.com\/de\/wp-json\/wp\/v2\/media\/4085"}],"wp:attachment":[{"href":"https:\/\/www.hg-cooker.com\/de\/wp-json\/wp\/v2\/media?parent=4075"}],"wp:term":[{"taxonomy":"product_brand","embeddable":true,"href":"https:\/\/www.hg-cooker.com\/de\/wp-json\/wp\/v2\/product_brand?post=4075"},{"taxonomy":"product_cat","embeddable":true,"href":"https:\/\/www.hg-cooker.com\/de\/wp-json\/wp\/v2\/product_cat?post=4075"},{"taxonomy":"product_tag","embeddable":true,"href":"https:\/\/www.hg-cooker.com\/de\/wp-json\/wp\/v2\/product_tag?post=4075"}],"curies":[{"name":"wp","href":"https:\/\/api.w.org\/{rel}","templated":true}]}}