{"id":4063,"date":"2025-09-03T14:20:03","date_gmt":"2025-09-03T14:20:03","guid":{"rendered":"https:\/\/www.hg-cooker.com\/?post_type=product&#038;p=4063"},"modified":"2025-09-13T02:03:29","modified_gmt":"2025-09-13T02:03:29","slug":"milchkannchen-aus-edelstahl-im-groshandel-13","status":"publish","type":"product","link":"https:\/\/www.hg-cooker.com\/de\/produkt\/milchkannchen-aus-edelstahl-im-groshandel-13\/","title":{"rendered":"Gro\u00dfhandel Tri Ply Kochgeschirr Set, anpassbare Kochgeschirr - Hennguang Kochgeschirr Hersteller"},"content":{"rendered":"<div class=\"wp-block-columns is-layout-flex wp-container-core-columns-is-layout-9d6595d7 wp-block-columns-is-layout-flex\">\n<div class=\"wp-block-column is-layout-flow wp-block-column-is-layout-flow\">\n<h3 class=\"wp-block-heading\">Parameter des Tri Ply Kochgeschirrsets<\/h3>\n\n\n\n<figure class=\"wp-block-table\"><table class=\"has-fixed-layout\"><tbody><tr><td>Produktname<\/td><td>Individuelles Kochgeschirr-Set aus Edelstahl<\/td><\/tr><tr><td>Produkt Material<\/td><td>304 Edelstahl und dreilagiger Edelstahl-Verbundwerkstoff<\/td><\/tr><tr><td rowspan=\"2\">Produktspezifikationen<\/td><td>Suppentopf: 20cm \/ 22cm \/ 24cm \/ 26cm<\/td><\/tr><tr><td>Milchtopf: 14cm \/ 16cm \/ 18cm<\/td><\/tr><tr><td>Geeigneter Herd<\/td><td>Strahlungsherd, Halogenofen, Gasherd, Induktionsherd<\/td><\/tr><\/tbody><\/table><\/figure>\n\n\n\n<h3 class=\"wp-block-heading\">Ma\u00dfgeschneiderte Kochgeschirr-Optionen<\/h3>\n\n\n\n<figure class=\"wp-block-table\"><table class=\"has-fixed-layout\"><tbody><tr><td>Anpassungsoption<\/td><td>Einzelheiten<\/td><\/tr><tr><td>Logo<\/td><td>Gestalten Sie Ihr Markenlogo auf dem Produkt und der Verpackung.<\/td><\/tr><tr><td>Material<\/td><td>Dreifach-Edelstahl \/ Edelstahl 304 \/ Edelstahl 316<\/td><\/tr><tr><td>Beschichtung<\/td><td>Physikalische Antihaftbeschichtung in Wabenform \/ Edelstahl (ohne Beschichtung)<\/td><\/tr><tr><td>Gr\u00f6\u00dfe<\/td><td>Passen Sie die Gr\u00f6\u00dfe des Kochgeschirrs an Ihre Bed\u00fcrfnisse an.<\/td><\/tr><tr><td>Paket<\/td><td>Karton \/ Farbkarton<\/td><\/tr><\/tbody><\/table><\/figure>\n\n\n\n<p><a href=\"https:\/\/www.hg-cooker.com\/de\/custom-solution\/\" data-type=\"page\" data-id=\"2793\" target=\"_blank\" rel=\"noreferrer noopener\"><strong>Entdecken Sie mehr Details zu Kochgeschirr<\/strong><\/a><\/p>\n<\/div>\n<\/div>\n\n\n\n<div class=\"wp-block-columns is-layout-flex wp-container-core-columns-is-layout-9d6595d7 wp-block-columns-is-layout-flex\">\n<div class=\"wp-block-column is-layout-flow wp-block-column-is-layout-flow\">\n<figure class=\"wp-block-image size-full\"><img fetchpriority=\"high\" decoding=\"async\" width=\"790\" height=\"950\" src=\"https:\/\/www.hg-cooker.com\/wp-content\/uploads\/2024\/07\/custom-cookware-detail-1.webp\" alt=\"kundenspezifisches kochgeschirr detail (1)\" class=\"wp-image-4683\" srcset=\"https:\/\/www.hg-cooker.com\/wp-content\/uploads\/2024\/07\/custom-cookware-detail-1.webp 790w, https:\/\/www.hg-cooker.com\/wp-content\/uploads\/2024\/07\/custom-cookware-detail-1-125x150.webp 125w, https:\/\/www.hg-cooker.com\/wp-content\/uploads\/2024\/07\/custom-cookware-detail-1-549x660.webp 549w, https:\/\/www.hg-cooker.com\/wp-content\/uploads\/2024\/07\/custom-cookware-detail-1-249x300.webp 249w, https:\/\/www.hg-cooker.com\/wp-content\/uploads\/2024\/07\/custom-cookware-detail-1-768x924.webp 768w, https:\/\/www.hg-cooker.com\/wp-content\/uploads\/2024\/07\/custom-cookware-detail-1-10x12.webp 10w, https:\/\/www.hg-cooker.com\/wp-content\/uploads\/2024\/07\/custom-cookware-detail-1-285x343.webp 285w\" sizes=\"(max-width: 790px) 100vw, 790px\" \/><\/figure>\n<\/div>\n\n\n\n<div class=\"wp-block-column is-layout-flow wp-block-column-is-layout-flow\">\n<figure class=\"wp-block-image size-full\"><img decoding=\"async\" width=\"790\" height=\"950\" src=\"https:\/\/www.hg-cooker.com\/wp-content\/uploads\/2024\/07\/custom-cookware-detail-2.webp\" alt=\"Individuelles Kochgeschirr Detail (2)\" class=\"wp-image-4684\" srcset=\"https:\/\/www.hg-cooker.com\/wp-content\/uploads\/2024\/07\/custom-cookware-detail-2.webp 790w, https:\/\/www.hg-cooker.com\/wp-content\/uploads\/2024\/07\/custom-cookware-detail-2-125x150.webp 125w, https:\/\/www.hg-cooker.com\/wp-content\/uploads\/2024\/07\/custom-cookware-detail-2-549x660.webp 549w, https:\/\/www.hg-cooker.com\/wp-content\/uploads\/2024\/07\/custom-cookware-detail-2-249x300.webp 249w, https:\/\/www.hg-cooker.com\/wp-content\/uploads\/2024\/07\/custom-cookware-detail-2-768x924.webp 768w, https:\/\/www.hg-cooker.com\/wp-content\/uploads\/2024\/07\/custom-cookware-detail-2-10x12.webp 10w, https:\/\/www.hg-cooker.com\/wp-content\/uploads\/2024\/07\/custom-cookware-detail-2-285x343.webp 285w\" sizes=\"(max-width: 790px) 100vw, 790px\" \/><\/figure>\n<\/div>\n<\/div>\n\n\n\n<div class=\"wp-block-columns is-layout-flex wp-container-core-columns-is-layout-9d6595d7 wp-block-columns-is-layout-flex\">\n<div class=\"wp-block-column is-layout-flow wp-block-column-is-layout-flow\">\n<figure class=\"wp-block-image size-full\"><img decoding=\"async\" width=\"790\" height=\"790\" src=\"https:\/\/www.hg-cooker.com\/wp-content\/uploads\/2024\/07\/Regular-Stainless-Steel-Cookware-Dimensions-1.webp\" alt=\"Normales Edelstahl-Kochgeschirr Abmessungen (1)\" class=\"wp-image-4685\" srcset=\"https:\/\/www.hg-cooker.com\/wp-content\/uploads\/2024\/07\/Regular-Stainless-Steel-Cookware-Dimensions-1.webp 790w, https:\/\/www.hg-cooker.com\/wp-content\/uploads\/2024\/07\/Regular-Stainless-Steel-Cookware-Dimensions-1-150x150.webp 150w, https:\/\/www.hg-cooker.com\/wp-content\/uploads\/2024\/07\/Regular-Stainless-Steel-Cookware-Dimensions-1-660x660.webp 660w, https:\/\/www.hg-cooker.com\/wp-content\/uploads\/2024\/07\/Regular-Stainless-Steel-Cookware-Dimensions-1-300x300.webp 300w, https:\/\/www.hg-cooker.com\/wp-content\/uploads\/2024\/07\/Regular-Stainless-Steel-Cookware-Dimensions-1-768x768.webp 768w, https:\/\/www.hg-cooker.com\/wp-content\/uploads\/2024\/07\/Regular-Stainless-Steel-Cookware-Dimensions-1-12x12.webp 12w, https:\/\/www.hg-cooker.com\/wp-content\/uploads\/2024\/07\/Regular-Stainless-Steel-Cookware-Dimensions-1-285x285.webp 285w, https:\/\/www.hg-cooker.com\/wp-content\/uploads\/2024\/07\/Regular-Stainless-Steel-Cookware-Dimensions-1-270x270.webp 270w, https:\/\/www.hg-cooker.com\/wp-content\/uploads\/2024\/07\/Regular-Stainless-Steel-Cookware-Dimensions-1-540x540.webp 540w\" sizes=\"(max-width: 790px) 100vw, 790px\" \/><\/figure>\n<\/div>\n\n\n\n<div class=\"wp-block-column is-layout-flow wp-block-column-is-layout-flow\">\n<figure class=\"wp-block-image size-full\"><img loading=\"lazy\" decoding=\"async\" width=\"790\" height=\"790\" src=\"https:\/\/www.hg-cooker.com\/wp-content\/uploads\/2024\/07\/Regular-Stainless-Steel-Cookware-Dimensions-2.webp\" alt=\"Normales Edelstahl-Kochgeschirr Abmessungen (2)\" class=\"wp-image-4686\" srcset=\"https:\/\/www.hg-cooker.com\/wp-content\/uploads\/2024\/07\/Regular-Stainless-Steel-Cookware-Dimensions-2.webp 790w, https:\/\/www.hg-cooker.com\/wp-content\/uploads\/2024\/07\/Regular-Stainless-Steel-Cookware-Dimensions-2-150x150.webp 150w, https:\/\/www.hg-cooker.com\/wp-content\/uploads\/2024\/07\/Regular-Stainless-Steel-Cookware-Dimensions-2-660x660.webp 660w, https:\/\/www.hg-cooker.com\/wp-content\/uploads\/2024\/07\/Regular-Stainless-Steel-Cookware-Dimensions-2-300x300.webp 300w, https:\/\/www.hg-cooker.com\/wp-content\/uploads\/2024\/07\/Regular-Stainless-Steel-Cookware-Dimensions-2-768x768.webp 768w, https:\/\/www.hg-cooker.com\/wp-content\/uploads\/2024\/07\/Regular-Stainless-Steel-Cookware-Dimensions-2-12x12.webp 12w, https:\/\/www.hg-cooker.com\/wp-content\/uploads\/2024\/07\/Regular-Stainless-Steel-Cookware-Dimensions-2-285x285.webp 285w, https:\/\/www.hg-cooker.com\/wp-content\/uploads\/2024\/07\/Regular-Stainless-Steel-Cookware-Dimensions-2-270x270.webp 270w, https:\/\/www.hg-cooker.com\/wp-content\/uploads\/2024\/07\/Regular-Stainless-Steel-Cookware-Dimensions-2-540x540.webp 540w\" sizes=\"(max-width: 790px) 100vw, 790px\" \/><\/figure>\n<\/div>\n<\/div>","protected":false},"excerpt":{"rendered":"<p>Gro\u00dfhandel anpassbare dreifach Edelstahl Kochgeschirr Set, einschlie\u00dflich Milch Topf und Eintopf Topf, der ganze Topf K\u00f6rper ist aus dreifach Edelstahl, die eine bessere Haltbarkeit und W\u00e4rmeleitf\u00e4higkeit als andere Edelstahl-Kochgeschirr hat gemacht. Dieses Set erf\u00fcllt perfekt die Bed\u00fcrfnisse von Haus- und Gro\u00dfk\u00fcchen. Wir unterst\u00fctzen OEM- und ODM-Kundenanpassung, Anpassungsoptionen umfassen kundenspezifisches Kochgeschirrmaterial, Form, Gr\u00f6\u00dfe, Verpackung usw., bitte kontaktieren Sie uns.<\/p>\n<h3>Merkmale des Tri Ply Edelstahl-Kochgeschirrsets<\/h3>\n<div>\n<p><strong>Ma\u00dfgeschneiderter Service:<\/strong> Wir bieten umfassende OEM- und ODM-Dienstleistungen f\u00fcr kundenspezifisches Kochgeschirr, einschlie\u00dflich kundenspezifischer Kochgeschirrgr\u00f6\u00dfe, Form, Beschichtung und Verpackung, die f\u00fcr Gro\u00dfk\u00fcchen und Markenkochgeschirrlieferanten geeignet sind, die exklusives Kochgeschirr ben\u00f6tigen.<\/p>\n<p><strong>Breite Anwendung:<\/strong> Das von Hennguang hergestellte Kochgeschirr hat einen Boden aus dreifach rostfreiem Stahl, der f\u00fcr eine Vielzahl von Herden geeignet ist, darunter Induktionsherde, Gasherde, Strahlungsherde und Halogenherde.<\/p>\n<p><strong>Hochwertige Handwerkskunst:<\/strong> Dieses dreilagige Kochgeschirr verf\u00fcgt \u00fcber eine fortschrittliche nahtlose Verbindungs- und Schwei\u00dftechnik, hat eine l\u00e4ngere Lebensdauer und verhindert wirksam die Ansammlung von Speiseresten.<\/p>\n<p><strong>Sicherheit und Gesundheit:<\/strong> Die Kontaktfl\u00e4chen des Edelstahl-Kochgeschirrsets bestehen aus verdicktem 304er-Edelstahl, der eine gute Korrosionsbest\u00e4ndigkeit aufweist und sehr sicher f\u00fcr den Kontakt mit Lebensmitteln ist, was Ihnen beim Kochen gesunder Speisen hilft.<\/p>\n<p><strong>Weltweiter Export und Unterst\u00fctzung:<\/strong> Unser erfahrenes Team ist in der Lage, ma\u00dfgeschneiderte Kochgeschirrl\u00f6sungen und Unterst\u00fctzung f\u00fcr verschiedene M\u00e4rkte zu bieten.<\/p>\n<\/div>","protected":false},"featured_media":4720,"comment_status":"closed","ping_status":"closed","template":"","meta":[],"product_brand":[],"product_cat":[52],"product_tag":[],"class_list":{"0":"post-4063","1":"product","2":"type-product","3":"status-publish","4":"has-post-thumbnail","6":"product_cat-stainless-steel-cookware","8":"first","9":"instock","10":"shipping-taxable","11":"product-type-simple"},"_links":{"self":[{"href":"https:\/\/www.hg-cooker.com\/de\/wp-json\/wp\/v2\/product\/4063","targetHints":{"allow":["GET"]}}],"collection":[{"href":"https:\/\/www.hg-cooker.com\/de\/wp-json\/wp\/v2\/product"}],"about":[{"href":"https:\/\/www.hg-cooker.com\/de\/wp-json\/wp\/v2\/types\/product"}],"replies":[{"embeddable":true,"href":"https:\/\/www.hg-cooker.com\/de\/wp-json\/wp\/v2\/comments?post=4063"}],"wp:featuredmedia":[{"embeddable":true,"href":"https:\/\/www.hg-cooker.com\/de\/wp-json\/wp\/v2\/media\/4720"}],"wp:attachment":[{"href":"https:\/\/www.hg-cooker.com\/de\/wp-json\/wp\/v2\/media?parent=4063"}],"wp:term":[{"taxonomy":"product_brand","embeddable":true,"href":"https:\/\/www.hg-cooker.com\/de\/wp-json\/wp\/v2\/product_brand?post=4063"},{"taxonomy":"product_cat","embeddable":true,"href":"https:\/\/www.hg-cooker.com\/de\/wp-json\/wp\/v2\/product_cat?post=4063"},{"taxonomy":"product_tag","embeddable":true,"href":"https:\/\/www.hg-cooker.com\/de\/wp-json\/wp\/v2\/product_tag?post=4063"}],"curies":[{"name":"wp","href":"https:\/\/api.w.org\/{rel}","templated":true}]}}