{"id":4045,"date":"2025-09-10T12:52:08","date_gmt":"2025-09-10T12:52:08","guid":{"rendered":"https:\/\/www.hg-cooker.com\/?post_type=product&#038;p=4045"},"modified":"2025-09-13T01:36:14","modified_gmt":"2025-09-13T01:36:14","slug":"milchkannchen-aus-edelstahl-im-groshandel-12","status":"publish","type":"product","link":"https:\/\/www.hg-cooker.com\/de\/produkt\/milchkannchen-aus-edelstahl-im-groshandel-12\/","title":{"rendered":"Gro\u00dfhandel Non-Stick Induktion Kochgeschirr Set, Tri Ply Edelstahl Kochgeschirr Fabrik Direktverkauf"},"content":{"rendered":"<div class=\"wp-block-columns is-layout-flex wp-container-core-columns-is-layout-9d6595d7 wp-block-columns-is-layout-flex\">\n<div class=\"wp-block-column is-layout-flow wp-block-column-is-layout-flow\">\n<h3 class=\"wp-block-heading\">Parameter des Induktionskochgeschirrsets mit Antihaftbeschichtung<\/h3>\n\n\n\n<figure class=\"wp-block-table\"><table class=\"has-fixed-layout\"><tbody><tr><td>Produktname<\/td><td>Induktionskochgeschirr mit Antihaftbeschichtung<\/td><\/tr><tr><td>Produkt Material<\/td><td>Edelstahl 304 und dreilagiger Verbundwerkstoff aus Edelstahl<\/td><\/tr><tr><td>Produktspezifikationen<\/td><td>Wabenf\u00f6rmige Bratpfanne: 24cm \/ 26cm; <br>Milchk\u00e4nnchen aus Edelstahl: 14cm \/ 16cm \/ 18cm<\/td><\/tr><tr><td>Geeignete \u00d6fen<\/td><td>Strahlungsherd, Halogenherd, Gasherd, Induktionsherd<\/td><\/tr><\/tbody><\/table><\/figure>\n\n\n\n<h3 class=\"wp-block-heading\">Individuelle Kochgeschirr-Optionen<\/h3>\n\n\n\n<figure class=\"wp-block-table\"><table class=\"has-fixed-layout\"><tbody><tr><td>Benutzerdefinierte Optionen<\/td><td>Einzelheiten<\/td><\/tr><tr><td>Logo<\/td><td>Gestalten Sie Ihr Markenlogo auf Produkt und Verpackung.<\/td><\/tr><tr><td>Material<\/td><td>Dreifach-Edelstahl\/304-Edelstahl\/316-Edelstahl<\/td><\/tr><tr><td>Beschichtung<\/td><td>Antihaftbeschichtung\/Honeycomb Physikalische Antihaftbeschichtung\/Edelstahl (keine Beschichtung)<\/td><\/tr><tr><td>Gr\u00f6\u00dfe<\/td><td>Ma\u00dfgeschneiderte Kochgeschirrgr\u00f6\u00dfen.<\/td><\/tr><tr><td>Paket<\/td><td>Karton, Farbkasten<\/td><\/tr><\/tbody><\/table><\/figure>\n<\/div>\n<\/div>\n\n\n\n<div class=\"wp-block-columns is-layout-flex wp-container-core-columns-is-layout-9d6595d7 wp-block-columns-is-layout-flex\">\n<div class=\"wp-block-column is-layout-flow wp-block-column-is-layout-flow\">\n<figure class=\"wp-block-image size-full\"><img fetchpriority=\"high\" decoding=\"async\" width=\"790\" height=\"750\" src=\"https:\/\/www.hg-cooker.com\/wp-content\/uploads\/2024\/07\/Parameters-of-the-milk-pot.webp\" alt=\"Parameter der Milchkanne\" class=\"wp-image-4616\" srcset=\"https:\/\/www.hg-cooker.com\/wp-content\/uploads\/2024\/07\/Parameters-of-the-milk-pot.webp 790w, https:\/\/www.hg-cooker.com\/wp-content\/uploads\/2024\/07\/Parameters-of-the-milk-pot-150x142.webp 150w, https:\/\/www.hg-cooker.com\/wp-content\/uploads\/2024\/07\/Parameters-of-the-milk-pot-660x627.webp 660w, https:\/\/www.hg-cooker.com\/wp-content\/uploads\/2024\/07\/Parameters-of-the-milk-pot-300x285.webp 300w, https:\/\/www.hg-cooker.com\/wp-content\/uploads\/2024\/07\/Parameters-of-the-milk-pot-768x729.webp 768w, https:\/\/www.hg-cooker.com\/wp-content\/uploads\/2024\/07\/Parameters-of-the-milk-pot-13x12.webp 13w, https:\/\/www.hg-cooker.com\/wp-content\/uploads\/2024\/07\/Parameters-of-the-milk-pot-285x271.webp 285w\" sizes=\"(max-width: 790px) 100vw, 790px\" \/><\/figure>\n<\/div>\n\n\n\n<div class=\"wp-block-column is-layout-flow wp-block-column-is-layout-flow\">\n<figure class=\"wp-block-image size-full\"><img decoding=\"async\" width=\"790\" height=\"750\" src=\"https:\/\/www.hg-cooker.com\/wp-content\/uploads\/2024\/07\/Parameters-of-the-frying-pan.webp\" alt=\"Parameter der Bratpfanne\" class=\"wp-image-4615\" srcset=\"https:\/\/www.hg-cooker.com\/wp-content\/uploads\/2024\/07\/Parameters-of-the-frying-pan.webp 790w, https:\/\/www.hg-cooker.com\/wp-content\/uploads\/2024\/07\/Parameters-of-the-frying-pan-150x142.webp 150w, https:\/\/www.hg-cooker.com\/wp-content\/uploads\/2024\/07\/Parameters-of-the-frying-pan-660x627.webp 660w, https:\/\/www.hg-cooker.com\/wp-content\/uploads\/2024\/07\/Parameters-of-the-frying-pan-300x285.webp 300w, https:\/\/www.hg-cooker.com\/wp-content\/uploads\/2024\/07\/Parameters-of-the-frying-pan-768x729.webp 768w, https:\/\/www.hg-cooker.com\/wp-content\/uploads\/2024\/07\/Parameters-of-the-frying-pan-13x12.webp 13w, https:\/\/www.hg-cooker.com\/wp-content\/uploads\/2024\/07\/Parameters-of-the-frying-pan-285x271.webp 285w\" sizes=\"(max-width: 790px) 100vw, 790px\" \/><\/figure>\n<\/div>\n<\/div>\n\n\n\n<div class=\"wp-block-columns is-layout-flex wp-container-core-columns-is-layout-9d6595d7 wp-block-columns-is-layout-flex\">\n<div class=\"wp-block-column is-layout-flow wp-block-column-is-layout-flow\">\n<figure class=\"wp-block-image size-full\"><img decoding=\"async\" width=\"790\" height=\"1234\" src=\"https:\/\/www.hg-cooker.com\/wp-content\/uploads\/2024\/07\/Induction-Cookware-Set-Detail-1.webp\" alt=\"Induktionskochgeschirr-Set Detail (1)\" class=\"wp-image-4613\" srcset=\"https:\/\/www.hg-cooker.com\/wp-content\/uploads\/2024\/07\/Induction-Cookware-Set-Detail-1.webp 790w, https:\/\/www.hg-cooker.com\/wp-content\/uploads\/2024\/07\/Induction-Cookware-Set-Detail-1-96x150.webp 96w, https:\/\/www.hg-cooker.com\/wp-content\/uploads\/2024\/07\/Induction-Cookware-Set-Detail-1-423x660.webp 423w, https:\/\/www.hg-cooker.com\/wp-content\/uploads\/2024\/07\/Induction-Cookware-Set-Detail-1-192x300.webp 192w, https:\/\/www.hg-cooker.com\/wp-content\/uploads\/2024\/07\/Induction-Cookware-Set-Detail-1-768x1200.webp 768w, https:\/\/www.hg-cooker.com\/wp-content\/uploads\/2024\/07\/Induction-Cookware-Set-Detail-1-8x12.webp 8w, https:\/\/www.hg-cooker.com\/wp-content\/uploads\/2024\/07\/Induction-Cookware-Set-Detail-1-285x445.webp 285w\" sizes=\"(max-width: 790px) 100vw, 790px\" \/><\/figure>\n<\/div>\n\n\n\n<div class=\"wp-block-column is-layout-flow wp-block-column-is-layout-flow\">\n<figure class=\"wp-block-image size-full\"><img loading=\"lazy\" decoding=\"async\" width=\"790\" height=\"1234\" src=\"https:\/\/www.hg-cooker.com\/wp-content\/uploads\/2024\/07\/Induction-Cookware-Set-Detail-2.webp\" alt=\"Induktionskochgeschirr-Set Detail (2)\" class=\"wp-image-4614\" srcset=\"https:\/\/www.hg-cooker.com\/wp-content\/uploads\/2024\/07\/Induction-Cookware-Set-Detail-2.webp 790w, https:\/\/www.hg-cooker.com\/wp-content\/uploads\/2024\/07\/Induction-Cookware-Set-Detail-2-96x150.webp 96w, https:\/\/www.hg-cooker.com\/wp-content\/uploads\/2024\/07\/Induction-Cookware-Set-Detail-2-423x660.webp 423w, https:\/\/www.hg-cooker.com\/wp-content\/uploads\/2024\/07\/Induction-Cookware-Set-Detail-2-192x300.webp 192w, https:\/\/www.hg-cooker.com\/wp-content\/uploads\/2024\/07\/Induction-Cookware-Set-Detail-2-768x1200.webp 768w, https:\/\/www.hg-cooker.com\/wp-content\/uploads\/2024\/07\/Induction-Cookware-Set-Detail-2-8x12.webp 8w, https:\/\/www.hg-cooker.com\/wp-content\/uploads\/2024\/07\/Induction-Cookware-Set-Detail-2-285x445.webp 285w\" sizes=\"(max-width: 790px) 100vw, 790px\" \/><\/figure>\n<\/div>\n<\/div>\n\n\n\n<p><\/p>","protected":false},"excerpt":{"rendered":"<p>Gro\u00dfhandel Antihaft-Induktionskochgeschirr-Set, dieses Kochgeschirr-Set ist aus dreifach rostfreiem Stahl gefertigt und unterst\u00fctzt das Kochen mit Induktionsherden. Dieses Kochgeschirr-Set umfasst eine Milchpfanne und eine Bratpfanne, die Ihnen helfen k\u00f6nnen, verschiedene Kochaufgaben zu erledigen, wie z. B. Suppe kochen, unter R\u00fchren braten, So\u00dfen machen und mehr. Wir bieten Ihnen verschiedene Arten von Kochgeschirr zum Kombinieren an und freuen uns, wenn Gro\u00dfh\u00e4ndler und Distributoren mit uns Kontakt aufnehmen.<\/p>\n<h3>Eigenschaften und Vorteile des Antihaft-Induktionskochgeschirr-Sets<\/h3>\n<div>\n<p><strong>Gute Haltbarkeit:<\/strong> Das Kochgeschirr besteht aus hochwertigem, dreifach rostfreiem Edelstahl, der seinen Glanz und seine Leistung lange Zeit beibeh\u00e4lt und sich f\u00fcr h\u00e4ufig genutzte private und gewerbliche K\u00fcchen eignet.<\/p>\n<p><strong>Elegantes Design:<\/strong> Dieses Kochgeschirr hat ein einfaches und stilvolles Design, das sich perfekt in jeden K\u00fcchenstil und jede Dekoration einf\u00fcgt und die Sch\u00f6nheit der K\u00fcche unterstreicht.<\/p>\n<p><strong>Praktisches Design:<\/strong> Der speziell entwickelte hitzebest\u00e4ndige Griff verhindert Verbrennungen der H\u00e4nde. Und dieses Kochgeschirr hat eine ausgezeichnete Gewichtsverteilung, einen bequemen Griff, ist leicht und einfach zu bedienen.<\/p>\n<p><strong>Beschichtungsm\u00f6glichkeiten:<\/strong> Wir bieten zwei Optionen an: eine wabenf\u00f6rmige Antihaftbeschichtung und eine ohne Beschichtung, um den Bed\u00fcrfnissen verschiedener Benutzer gerecht zu werden.<\/p>\n<p><strong>OEM&amp;ODM-Dienstleistung:<\/strong> Wir bieten Gro\u00dfhandels- und kundenspezifische Kochgeschirrl\u00f6sungen aus einer Hand, einschlie\u00dflich kundenspezifischer Materialien, Spezifikationen, funktionellem Design und personalisierten Verpackungsl\u00f6sungen.<br \/><a href=\"https:\/\/www.hg-cooker.com\/de\/benutzerdefinierte-sulution\/\" target=\"_blank\" rel=\"noopener\"><strong>Erfahren Sie mehr \u00fcber individuelle Kochgeschirrdetails<\/strong><\/a><\/p>\n<\/div>","protected":false},"featured_media":4617,"comment_status":"open","ping_status":"closed","template":"","meta":[],"product_brand":[],"product_cat":[52],"product_tag":[],"class_list":{"0":"post-4045","1":"product","2":"type-product","3":"status-publish","4":"has-post-thumbnail","6":"product_cat-stainless-steel-cookware","8":"first","9":"instock","10":"shipping-taxable","11":"product-type-simple"},"_links":{"self":[{"href":"https:\/\/www.hg-cooker.com\/de\/wp-json\/wp\/v2\/product\/4045","targetHints":{"allow":["GET"]}}],"collection":[{"href":"https:\/\/www.hg-cooker.com\/de\/wp-json\/wp\/v2\/product"}],"about":[{"href":"https:\/\/www.hg-cooker.com\/de\/wp-json\/wp\/v2\/types\/product"}],"replies":[{"embeddable":true,"href":"https:\/\/www.hg-cooker.com\/de\/wp-json\/wp\/v2\/comments?post=4045"}],"wp:featuredmedia":[{"embeddable":true,"href":"https:\/\/www.hg-cooker.com\/de\/wp-json\/wp\/v2\/media\/4617"}],"wp:attachment":[{"href":"https:\/\/www.hg-cooker.com\/de\/wp-json\/wp\/v2\/media?parent=4045"}],"wp:term":[{"taxonomy":"product_brand","embeddable":true,"href":"https:\/\/www.hg-cooker.com\/de\/wp-json\/wp\/v2\/product_brand?post=4045"},{"taxonomy":"product_cat","embeddable":true,"href":"https:\/\/www.hg-cooker.com\/de\/wp-json\/wp\/v2\/product_cat?post=4045"},{"taxonomy":"product_tag","embeddable":true,"href":"https:\/\/www.hg-cooker.com\/de\/wp-json\/wp\/v2\/product_tag?post=4045"}],"curies":[{"name":"wp","href":"https:\/\/api.w.org\/{rel}","templated":true}]}}