{"id":4032,"date":"2025-09-11T10:48:55","date_gmt":"2025-09-11T10:48:55","guid":{"rendered":"https:\/\/www.hg-cooker.com\/?post_type=product&#038;p=4032"},"modified":"2025-09-13T01:59:43","modified_gmt":"2025-09-13T01:59:43","slug":"milchkannchen-aus-edelstahl-im-groshandel-11","status":"publish","type":"product","link":"https:\/\/www.hg-cooker.com\/de\/produkt\/milchkannchen-aus-edelstahl-im-groshandel-11\/","title":{"rendered":"Gro\u00dfhandel 2-teilige Kochgeschirr Set, hohe Qualit\u00e4t kommerzielle K\u00fcche Kochgeschirr - Hengguang Kochgeschirr Hersteller"},"content":{"rendered":"<div class=\"wp-block-columns is-layout-flex wp-container-core-columns-is-layout-9d6595d7 wp-block-columns-is-layout-flex\">\n<div class=\"wp-block-column is-layout-flow wp-block-column-is-layout-flow\">\n<h3 class=\"wp-block-heading\">Parameter des 2-teiligen Kochgeschirrsets<\/h3>\n\n\n\n<figure class=\"wp-block-table\"><table class=\"has-fixed-layout\"><tbody><tr><td>Produktname<\/td><td>2-teiliges Kochgeschirr-Set<\/td><\/tr><tr><td>Produkt Material<\/td><td>304 Edelstahl &amp; dreilagiger Edelstahl-Verbundwerkstoff<\/td><\/tr><tr><td rowspan=\"2\">Produktspezifikationen<\/td><td>Wabenf\u00f6rmiger Wok: 32cm<\/td><\/tr><tr><td>Edelstahl-Milchkanne: 14cm \/ 16cm \/ 18cm<\/td><\/tr><tr><td>Geeigneter Herd<\/td><td>Strahlungsherd, Halogenofen, Gasherd, Induktionsherd<\/td><\/tr><\/tbody><\/table><\/figure>\n\n\n\n<h2 class=\"wp-block-heading\">Individuelle Kochgeschirr-Optionen<\/h2>\n\n\n\n<p><strong>Logo<\/strong>: Gestalten Sie Ihr Markenlogo auf Produkt und Verpackung.<br><br><strong>Material<\/strong>: Dreifach-Edelstahl \/ Edelstahl 304 \/ Edelstahl 316<br><br><strong>Beschichtung<\/strong>: Wabenf\u00f6rmige physikalische Antihaftbeschichtung \/ Edelstahl (ohne Beschichtung)<br><br><strong>Gr\u00f6\u00dfe<\/strong>: Kochgeschirrgr\u00f6\u00dfen anpassen<br><br><strong>Paket<\/strong>:Karton\/Farbkasten.<\/p>\n\n\n\n<p><a href=\"https:\/\/www.hg-cooker.com\/de\/custom-solution\/\" data-type=\"page\" data-id=\"2793\" target=\"_blank\" rel=\"noreferrer noopener\">Entdecken Sie mehr Details zu Kochgeschirr<\/a><\/p>\n<\/div>\n<\/div>\n\n\n\n<div class=\"wp-block-columns is-layout-flex wp-container-core-columns-is-layout-9d6595d7 wp-block-columns-is-layout-flex\">\n<div class=\"wp-block-column is-layout-flow wp-block-column-is-layout-flow\">\n<figure class=\"wp-block-image size-full\"><img fetchpriority=\"high\" decoding=\"async\" width=\"790\" height=\"1298\" src=\"https:\/\/www.hg-cooker.com\/wp-content\/uploads\/2024\/07\/2-piece-cookware-Set-Detail-1.webp\" alt=\"2-teiliges Kochgeschirr-Set Detail (1)\" class=\"wp-image-4693\" srcset=\"https:\/\/www.hg-cooker.com\/wp-content\/uploads\/2024\/07\/2-piece-cookware-Set-Detail-1.webp 790w, https:\/\/www.hg-cooker.com\/wp-content\/uploads\/2024\/07\/2-piece-cookware-Set-Detail-1-91x150.webp 91w, https:\/\/www.hg-cooker.com\/wp-content\/uploads\/2024\/07\/2-piece-cookware-Set-Detail-1-402x660.webp 402w, https:\/\/www.hg-cooker.com\/wp-content\/uploads\/2024\/07\/2-piece-cookware-Set-Detail-1-183x300.webp 183w, https:\/\/www.hg-cooker.com\/wp-content\/uploads\/2024\/07\/2-piece-cookware-Set-Detail-1-768x1262.webp 768w, https:\/\/www.hg-cooker.com\/wp-content\/uploads\/2024\/07\/2-piece-cookware-Set-Detail-1-7x12.webp 7w, https:\/\/www.hg-cooker.com\/wp-content\/uploads\/2024\/07\/2-piece-cookware-Set-Detail-1-285x468.webp 285w\" sizes=\"(max-width: 790px) 100vw, 790px\" \/><\/figure>\n<\/div>\n\n\n\n<div class=\"wp-block-column is-layout-flow wp-block-column-is-layout-flow\">\n<figure class=\"wp-block-image size-full\"><img decoding=\"async\" width=\"790\" height=\"1300\" src=\"https:\/\/www.hg-cooker.com\/wp-content\/uploads\/2024\/07\/2-piece-cookware-Set-Detail-2.webp\" alt=\"2-teiliges Kochgeschirr-Set Detail (2)\" class=\"wp-image-4694\" srcset=\"https:\/\/www.hg-cooker.com\/wp-content\/uploads\/2024\/07\/2-piece-cookware-Set-Detail-2.webp 790w, https:\/\/www.hg-cooker.com\/wp-content\/uploads\/2024\/07\/2-piece-cookware-Set-Detail-2-91x150.webp 91w, https:\/\/www.hg-cooker.com\/wp-content\/uploads\/2024\/07\/2-piece-cookware-Set-Detail-2-401x660.webp 401w, https:\/\/www.hg-cooker.com\/wp-content\/uploads\/2024\/07\/2-piece-cookware-Set-Detail-2-182x300.webp 182w, https:\/\/www.hg-cooker.com\/wp-content\/uploads\/2024\/07\/2-piece-cookware-Set-Detail-2-768x1264.webp 768w, https:\/\/www.hg-cooker.com\/wp-content\/uploads\/2024\/07\/2-piece-cookware-Set-Detail-2-7x12.webp 7w, https:\/\/www.hg-cooker.com\/wp-content\/uploads\/2024\/07\/2-piece-cookware-Set-Detail-2-285x469.webp 285w\" sizes=\"(max-width: 790px) 100vw, 790px\" \/><\/figure>\n<\/div>\n<\/div>\n\n\n\n<div class=\"wp-block-columns is-layout-flex wp-container-core-columns-is-layout-9d6595d7 wp-block-columns-is-layout-flex\">\n<div class=\"wp-block-column is-layout-flow wp-block-column-is-layout-flow\">\n<figure class=\"wp-block-image size-full\"><img decoding=\"async\" width=\"790\" height=\"750\" src=\"https:\/\/www.hg-cooker.com\/wp-content\/uploads\/2024\/07\/2-piece-cookware-Set-Sizes-1.webp\" alt=\"2-teiliges Kochgeschirr Set Gr\u00f6\u00dfen (1)\" class=\"wp-image-4695\" srcset=\"https:\/\/www.hg-cooker.com\/wp-content\/uploads\/2024\/07\/2-piece-cookware-Set-Sizes-1.webp 790w, https:\/\/www.hg-cooker.com\/wp-content\/uploads\/2024\/07\/2-piece-cookware-Set-Sizes-1-150x142.webp 150w, https:\/\/www.hg-cooker.com\/wp-content\/uploads\/2024\/07\/2-piece-cookware-Set-Sizes-1-660x627.webp 660w, https:\/\/www.hg-cooker.com\/wp-content\/uploads\/2024\/07\/2-piece-cookware-Set-Sizes-1-300x285.webp 300w, https:\/\/www.hg-cooker.com\/wp-content\/uploads\/2024\/07\/2-piece-cookware-Set-Sizes-1-768x729.webp 768w, https:\/\/www.hg-cooker.com\/wp-content\/uploads\/2024\/07\/2-piece-cookware-Set-Sizes-1-13x12.webp 13w, https:\/\/www.hg-cooker.com\/wp-content\/uploads\/2024\/07\/2-piece-cookware-Set-Sizes-1-285x271.webp 285w\" sizes=\"(max-width: 790px) 100vw, 790px\" \/><\/figure>\n<\/div>\n\n\n\n<div class=\"wp-block-column is-layout-flow wp-block-column-is-layout-flow\">\n<figure class=\"wp-block-image size-full\"><img loading=\"lazy\" decoding=\"async\" width=\"790\" height=\"750\" src=\"https:\/\/www.hg-cooker.com\/wp-content\/uploads\/2024\/07\/2-piece-cookware-Set-Sizes-2.webp\" alt=\"2-teiliges Kochgeschirr Set Gr\u00f6\u00dfen (2)\" class=\"wp-image-4696\" srcset=\"https:\/\/www.hg-cooker.com\/wp-content\/uploads\/2024\/07\/2-piece-cookware-Set-Sizes-2.webp 790w, https:\/\/www.hg-cooker.com\/wp-content\/uploads\/2024\/07\/2-piece-cookware-Set-Sizes-2-150x142.webp 150w, https:\/\/www.hg-cooker.com\/wp-content\/uploads\/2024\/07\/2-piece-cookware-Set-Sizes-2-660x627.webp 660w, https:\/\/www.hg-cooker.com\/wp-content\/uploads\/2024\/07\/2-piece-cookware-Set-Sizes-2-300x285.webp 300w, https:\/\/www.hg-cooker.com\/wp-content\/uploads\/2024\/07\/2-piece-cookware-Set-Sizes-2-768x729.webp 768w, https:\/\/www.hg-cooker.com\/wp-content\/uploads\/2024\/07\/2-piece-cookware-Set-Sizes-2-13x12.webp 13w, https:\/\/www.hg-cooker.com\/wp-content\/uploads\/2024\/07\/2-piece-cookware-Set-Sizes-2-285x271.webp 285w\" sizes=\"(max-width: 790px) 100vw, 790px\" \/><\/figure>\n<\/div>\n<\/div>\n\n\n\n<p><\/p>","protected":false},"excerpt":{"rendered":"<p>Gro\u00dfhandel 2-teilige Kochgeschirr-Set, ist dieses Kochgeschirr-Set aus dreischichtigem Edelstahl, mit guter W\u00e4rmeleitf\u00e4higkeit und lange Lebensdauer, kompatibel mit Induktionsherden und Gasherde, geeignet f\u00fcr Haus und gewerbliche K\u00fcche. Wir bieten Gro\u00dfhandel K\u00fcchenutensilien Dienstleistungen und ma\u00dfgeschneiderte L\u00f6sungen K\u00fcchenutensilien, willkommen, uns zu kontaktieren.<\/p>\n<h3>Merkmale des 2-teiligen Kochgeschirrsets<\/h3>\n<div>\n<p><strong>Best\u00e4ndigkeit gegen hohe Temperaturen beim Kochen:<\/strong> Dieses 2-teilige Kochgeschirr-Set h\u00e4lt hohen Temperaturen stand und verformt sich nicht leicht. Es kann f\u00fcr Kochaufgaben wie Pfannenr\u00fchren, Suppe kochen, Braten usw. verwendet werden. Es ist die ideale Wahl f\u00fcr Gro\u00dfk\u00fcchen und K\u00f6che.<\/p>\n<p><strong>Langer Griff:<\/strong> Das 2-teilige Kochgeschirr-Set ist mit einem langen Griff ausgestattet, der sich angenehm anf\u00fchlt. Es kann das Risiko von Verbr\u00fchungen wirksam verringern und ist f\u00fcr Gro\u00dfk\u00fcchen mit h\u00e4ufigem Gebrauch geeignet.<\/p>\n<p><strong>Hochwertige Materialien:<\/strong> Der Topfk\u00f6rper besteht aus schweren Materialien mit einer sehr guten Textur, was die Stabilit\u00e4t und Haltbarkeit des Kochgeschirrs effektiv verbessert.<\/p>\n<p><strong>Gro\u00dfhandelsservice:<\/strong> Wir bieten Gro\u00dfhandelskochgeschirr zu Fabrikpreisen an, die sowohl dem Bedarf von Gro\u00dfabnehmern als auch von Kleinserienbestellungen gerecht werden k\u00f6nnen.<\/p>\n<p><strong>OEM- und ODM-Dienstleistungen:<\/strong> Wir bieten OEM&amp;ODM-Dienstleistungen f\u00fcr kundenspezifisches Kochgeschirr an, um den Anforderungen von Hotels, Restaurants und Gro\u00dfh\u00e4ndlern gerecht zu werden, und passen uns Ihren Markenanforderungen an, um exklusives Marken-Kochgeschirr zu schaffen.<\/p>\n<\/div>","protected":false},"featured_media":4697,"comment_status":"closed","ping_status":"closed","template":"","meta":[],"product_brand":[],"product_cat":[52],"product_tag":[],"class_list":{"0":"post-4032","1":"product","2":"type-product","3":"status-publish","4":"has-post-thumbnail","6":"product_cat-stainless-steel-cookware","8":"first","9":"instock","10":"shipping-taxable","11":"product-type-simple"},"_links":{"self":[{"href":"https:\/\/www.hg-cooker.com\/de\/wp-json\/wp\/v2\/product\/4032","targetHints":{"allow":["GET"]}}],"collection":[{"href":"https:\/\/www.hg-cooker.com\/de\/wp-json\/wp\/v2\/product"}],"about":[{"href":"https:\/\/www.hg-cooker.com\/de\/wp-json\/wp\/v2\/types\/product"}],"replies":[{"embeddable":true,"href":"https:\/\/www.hg-cooker.com\/de\/wp-json\/wp\/v2\/comments?post=4032"}],"wp:featuredmedia":[{"embeddable":true,"href":"https:\/\/www.hg-cooker.com\/de\/wp-json\/wp\/v2\/media\/4697"}],"wp:attachment":[{"href":"https:\/\/www.hg-cooker.com\/de\/wp-json\/wp\/v2\/media?parent=4032"}],"wp:term":[{"taxonomy":"product_brand","embeddable":true,"href":"https:\/\/www.hg-cooker.com\/de\/wp-json\/wp\/v2\/product_brand?post=4032"},{"taxonomy":"product_cat","embeddable":true,"href":"https:\/\/www.hg-cooker.com\/de\/wp-json\/wp\/v2\/product_cat?post=4032"},{"taxonomy":"product_tag","embeddable":true,"href":"https:\/\/www.hg-cooker.com\/de\/wp-json\/wp\/v2\/product_tag?post=4032"}],"curies":[{"name":"wp","href":"https:\/\/api.w.org\/{rel}","templated":true}]}}