{"id":3994,"date":"2025-08-20T08:09:37","date_gmt":"2025-08-20T08:09:37","guid":{"rendered":"https:\/\/www.hg-cooker.com\/?post_type=product&#038;p=3994"},"modified":"2025-11-13T02:20:31","modified_gmt":"2025-11-13T02:20:31","slug":"milchkannchen-aus-edelstahl-im-groshandel-10","status":"publish","type":"product","link":"https:\/\/www.hg-cooker.com\/de\/produkt\/milchkannchen-aus-edelstahl-im-groshandel-10\/","title":{"rendered":"Gro\u00dfhandel Edelstahl 3 Liter Schnellkochtopf - Hengguang Schnellkochtopf Hersteller"},"content":{"rendered":"<div class=\"wp-block-columns is-layout-flex wp-container-core-columns-is-layout-9d6595d7 wp-block-columns-is-layout-flex\">\n<div class=\"wp-block-column is-layout-flow wp-block-column-is-layout-flow\">\n<h2 class=\"wp-block-heading\">Parameter des 3-Liter-Schnellkochtopfs aus Edelstahl<\/h2>\n\n\n\n<figure class=\"wp-block-table\"><table class=\"has-fixed-layout\"><tbody><tr><td>Produktname<\/td><td>Material<\/td><td>Stil<\/td><td>Kapazit\u00e4t<\/td><td>Geeigneter Herd<\/td><\/tr><tr><td>Kleiner Schnellkochtopf<\/td><td>304# Edelstahl (Deckel) + Dreischicht-Edelstahl (Topfk\u00f6rper)<\/td><td>Innenwand aus Edelstahl \/ Innenwand aus Antihaftbeschichtung<\/td><td>2,5L \/ 3,0L \/ 3,5L \/ 4,0L<\/td><td>Gasherd \/ Offene Flamme \/ Induktionsherd<\/td><\/tr><\/tbody><\/table><\/figure>\n\n\n\n<h3 class=\"wp-block-heading\">Benutzerdefinierte Mini-Schnellkochtopf-Optionen<\/h3>\n\n\n\n<p><strong>Logo:<\/strong> Gestalten Sie Ihr Markenlogo auf Produkten und Verpackungen.<br><br><strong>Beschichtung:<\/strong> Antihaftbeschichtung \/ Edelstahl <br><br><strong>Gr\u00f6\u00dfe: <\/strong>Passen Sie verschiedene Gr\u00f6\u00dfen von Schnellkocht\u00f6pfen an Ihre Bed\u00fcrfnisse an.<br><br><strong>Verpackung: <\/strong>Karton\/Farbkasten.<br><br><a href=\"https:\/\/www.hg-cooker.com\/de\/custom-solution\/\" data-type=\"page\" data-id=\"2793\" target=\"_blank\" rel=\"noreferrer noopener\"><strong>Erfahren Sie mehr \u00fcber ma\u00dfgeschneiderte L\u00f6sungen f\u00fcr Schnellkocht\u00f6pfe.<\/strong><\/a><br><\/p>\n<\/div>\n<\/div>\n\n\n\n<div class=\"wp-block-columns is-layout-flex wp-container-core-columns-is-layout-9d6595d7 wp-block-columns-is-layout-flex\">\n<div class=\"wp-block-column is-layout-flow wp-block-column-is-layout-flow\">\n<figure class=\"wp-block-image size-full\"><img fetchpriority=\"high\" decoding=\"async\" width=\"790\" height=\"1007\" src=\"https:\/\/www.hg-cooker.com\/wp-content\/uploads\/2024\/07\/Stainless-Steel-Pressure-Cooker-Details-5.jpg\" alt=\"Edelstahl Schnellkochtopf Details (5)\" class=\"wp-image-4854\" srcset=\"https:\/\/www.hg-cooker.com\/wp-content\/uploads\/2024\/07\/Stainless-Steel-Pressure-Cooker-Details-5.jpg 790w, https:\/\/www.hg-cooker.com\/wp-content\/uploads\/2024\/07\/Stainless-Steel-Pressure-Cooker-Details-5-118x150.jpg 118w, https:\/\/www.hg-cooker.com\/wp-content\/uploads\/2024\/07\/Stainless-Steel-Pressure-Cooker-Details-5-518x660.jpg 518w, https:\/\/www.hg-cooker.com\/wp-content\/uploads\/2024\/07\/Stainless-Steel-Pressure-Cooker-Details-5-235x300.jpg 235w, https:\/\/www.hg-cooker.com\/wp-content\/uploads\/2024\/07\/Stainless-Steel-Pressure-Cooker-Details-5-768x979.jpg 768w, https:\/\/www.hg-cooker.com\/wp-content\/uploads\/2024\/07\/Stainless-Steel-Pressure-Cooker-Details-5-9x12.jpg 9w, https:\/\/www.hg-cooker.com\/wp-content\/uploads\/2024\/07\/Stainless-Steel-Pressure-Cooker-Details-5-285x363.jpg 285w\" sizes=\"(max-width: 790px) 100vw, 790px\" \/><\/figure>\n<\/div>\n\n\n\n<div class=\"wp-block-column is-layout-flow wp-block-column-is-layout-flow\">\n<figure class=\"wp-block-image size-full\"><img decoding=\"async\" width=\"790\" height=\"1007\" src=\"https:\/\/www.hg-cooker.com\/wp-content\/uploads\/2024\/07\/Stainless-Steel-Pressure-Cooker-Details-6.jpg\" alt=\"Edelstahl Schnellkochtopf Details (6)\" class=\"wp-image-4855\" srcset=\"https:\/\/www.hg-cooker.com\/wp-content\/uploads\/2024\/07\/Stainless-Steel-Pressure-Cooker-Details-6.jpg 790w, https:\/\/www.hg-cooker.com\/wp-content\/uploads\/2024\/07\/Stainless-Steel-Pressure-Cooker-Details-6-118x150.jpg 118w, https:\/\/www.hg-cooker.com\/wp-content\/uploads\/2024\/07\/Stainless-Steel-Pressure-Cooker-Details-6-518x660.jpg 518w, https:\/\/www.hg-cooker.com\/wp-content\/uploads\/2024\/07\/Stainless-Steel-Pressure-Cooker-Details-6-235x300.jpg 235w, https:\/\/www.hg-cooker.com\/wp-content\/uploads\/2024\/07\/Stainless-Steel-Pressure-Cooker-Details-6-768x979.jpg 768w, https:\/\/www.hg-cooker.com\/wp-content\/uploads\/2024\/07\/Stainless-Steel-Pressure-Cooker-Details-6-9x12.jpg 9w, https:\/\/www.hg-cooker.com\/wp-content\/uploads\/2024\/07\/Stainless-Steel-Pressure-Cooker-Details-6-285x363.jpg 285w\" sizes=\"(max-width: 790px) 100vw, 790px\" \/><\/figure>\n<\/div>\n<\/div>","protected":false},"excerpt":{"rendered":"<p>Gro\u00dfhandel 3 Liter Edelstahl Schnellkocht\u00f6pfe, geeignet f\u00fcr eine Vielzahl von \u00d6fen, um die Bed\u00fcrfnisse von zu Hause und Gro\u00dfk\u00fcchen zu erf\u00fcllen. Und dieser Edelstahl Schnellkochtopf ist leicht zu tragen, kann f\u00fcr das Kochen im Freien verwendet werden, geeignet f\u00fcr Reisen, Camping und andere Szenarien. Wir unterst\u00fctzen OEM und ODM. Kontaktieren Sie uns f\u00fcr ein Angebot.<\/p>\n<h2>Eigenschaften und Vorteile des 3-Liter-Schnellkochtopfs aus Edelstahl<\/h2>\n<div>\n<p><strong>Geeignet f\u00fcr mehrere \u00d6fen:<\/strong> Dieser 3-Liter-Edelstahl-Schnellkochtopf besteht aus dreischichtigem Edelstahl und ist f\u00fcr Gas- und Induktionsherde geeignet. Es wird empfohlen, einen Induktionsherd mit einer Leistung von 1000w-1500w zu verwenden.<\/p>\n<p><strong>Einfach zu bedienen:<\/strong> Dieser 3-Liter-Edelstahl-Schnellkochtopf ist mit einem Knopfschalter ausgestattet, der leicht zu bedienen ist und auch von Kochanf\u00e4ngern problemlos eingesetzt werden kann.<\/p>\n<p><strong>Mehrere Sicherheitsvorrichtungen:<\/strong> Unsere Gro\u00dfhandel Schnellkocht\u00f6pfe haben Sicherheitskonstruktionen wie Druckbegrenzungsventil, Sicherheitsventil, Alarmventil, Abluftfenster, usw., die sehr sicher zu bedienen sind.<\/p>\n<p><strong>Zwei Stile:<\/strong> Dieser Schnellkochtopf aus Edelstahl bietet zwei Optionen: eine unbeschichtete Innenwand und eine lebensmittelechte Nano-Keramik-Beschichtung der Innenwand. Die lebensmittelechte Keramik-Nano-Beschichtung hat eine gute Antihaftwirkung.<\/p>\n<p><strong>Mehrere Kapazit\u00e4tsoptionen:<\/strong> Der beliebteste 3-Liter-Schnellkochtopf aus rostfreiem Stahl ist f\u00fcr Einzelpersonen und Familien mit 2-4 Personen geeignet. Dar\u00fcber hinaus bieten wir auch 2,5L, 3,5L und 4,0L Schnellkocht\u00f6pfe an.<\/p>\n<\/div>","protected":false},"featured_media":4856,"comment_status":"closed","ping_status":"closed","template":"","meta":[],"product_brand":[],"product_cat":[54],"product_tag":[],"class_list":{"0":"post-3994","1":"product","2":"type-product","3":"status-publish","4":"has-post-thumbnail","6":"product_cat-pressure-cooker","8":"first","9":"instock","10":"shipping-taxable","11":"product-type-simple"},"_links":{"self":[{"href":"https:\/\/www.hg-cooker.com\/de\/wp-json\/wp\/v2\/product\/3994","targetHints":{"allow":["GET"]}}],"collection":[{"href":"https:\/\/www.hg-cooker.com\/de\/wp-json\/wp\/v2\/product"}],"about":[{"href":"https:\/\/www.hg-cooker.com\/de\/wp-json\/wp\/v2\/types\/product"}],"replies":[{"embeddable":true,"href":"https:\/\/www.hg-cooker.com\/de\/wp-json\/wp\/v2\/comments?post=3994"}],"wp:featuredmedia":[{"embeddable":true,"href":"https:\/\/www.hg-cooker.com\/de\/wp-json\/wp\/v2\/media\/4856"}],"wp:attachment":[{"href":"https:\/\/www.hg-cooker.com\/de\/wp-json\/wp\/v2\/media?parent=3994"}],"wp:term":[{"taxonomy":"product_brand","embeddable":true,"href":"https:\/\/www.hg-cooker.com\/de\/wp-json\/wp\/v2\/product_brand?post=3994"},{"taxonomy":"product_cat","embeddable":true,"href":"https:\/\/www.hg-cooker.com\/de\/wp-json\/wp\/v2\/product_cat?post=3994"},{"taxonomy":"product_tag","embeddable":true,"href":"https:\/\/www.hg-cooker.com\/de\/wp-json\/wp\/v2\/product_tag?post=3994"}],"curies":[{"name":"wp","href":"https:\/\/api.w.org\/{rel}","templated":true}]}}