{"id":3993,"date":"2025-09-05T07:59:03","date_gmt":"2025-09-05T07:59:03","guid":{"rendered":"https:\/\/www.hg-cooker.com\/?post_type=product&#038;p=3993"},"modified":"2025-09-13T01:56:39","modified_gmt":"2025-09-13T01:56:39","slug":"milchkannchen-aus-edelstahl-im-groshandel-9","status":"publish","type":"product","link":"https:\/\/www.hg-cooker.com\/de\/produkt\/milchkannchen-aus-edelstahl-im-groshandel-9\/","title":{"rendered":"Gro\u00dfhandel Tri-Ply Edelstahl 2 St\u00fcck Kochgeschirr Set - Hengguang Kochgeschirr Hersteller"},"content":{"rendered":"<div class=\"wp-block-columns is-layout-flex wp-container-core-columns-is-layout-9d6595d7 wp-block-columns-is-layout-flex\">\n<div class=\"wp-block-column is-layout-flow wp-block-column-is-layout-flow\">\n<h3 class=\"wp-block-heading\">Parameter des 2-teiligen Tri Ply Kochgeschirrsets<\/h3>\n\n\n\n<figure class=\"wp-block-table\"><table class=\"has-fixed-layout\"><tbody><tr><td>Produktname<\/td><td>304 Komposit-Edelstahl 2-tlg. Kochgeschirr-Set<\/td><\/tr><tr><td>Produkt Material<\/td><td>304 Edelstahl und dreilagiger Edelstahl-Verbundwerkstoff<\/td><\/tr><tr><td>Produktspezifikationen<\/td><td>Antihaft-Milchtopf: 18cm \/ 22cm \/ 24cm<br>Edelstahl-Milchkanne: 14cm \/ 16cm \/ 18cm<\/td><\/tr><tr><td>Geeignete \u00d6fen<\/td><td>Strahlungsherd \/ Halogenofen \/ Gasherd \/Induktionsherd<\/td><\/tr><\/tbody><\/table><\/figure>\n\n\n\n<h3 class=\"wp-block-heading\">Ma\u00dfgeschneiderte Kochgeschirr-Optionen<\/h3>\n\n\n\n<figure class=\"wp-block-table\"><table class=\"has-fixed-layout\"><tbody><tr><td>Benutzerdefinierte Optionen<\/td><td>Einzelheiten<\/td><\/tr><tr><td>Logo<\/td><td>Gestalten Sie Ihr Markenlogo auf Produkt und Verpackung.<\/td><\/tr><tr><td>Material<\/td><td>Dreifach-Edelstahl \/ Edelstahl 304 \/ Edelstahl 316<\/td><\/tr><tr><td>Beschichtung<\/td><td>Antihaftbeschichtung \/ Wabe Physikalische Antihaftbeschichtung \/ Edelstahl \uff08keine Beschichtung\uff09<\/td><\/tr><tr><td>Gr\u00f6\u00dfe<\/td><td>individuelle Kochgeschirrgr\u00f6\u00dfen<\/td><\/tr><tr><td>Paket<\/td><td>Karton, Farbkasten<\/td><\/tr><\/tbody><\/table><\/figure>\n<\/div>\n<\/div>\n\n\n\n<div class=\"wp-block-columns is-layout-flex wp-container-core-columns-is-layout-9d6595d7 wp-block-columns-is-layout-flex\">\n<div class=\"wp-block-column is-layout-flow wp-block-column-is-layout-flow\">\n<figure class=\"wp-block-image size-full\"><img fetchpriority=\"high\" decoding=\"async\" width=\"790\" height=\"1320\" src=\"https:\/\/www.hg-cooker.com\/wp-content\/uploads\/2024\/07\/2-piece-cookware-detail-no-pfas-design.webp\" alt=\"2-teiliges Kochgeschirr Detail - kein Pfas-Design\" class=\"wp-image-4597\" srcset=\"https:\/\/www.hg-cooker.com\/wp-content\/uploads\/2024\/07\/2-piece-cookware-detail-no-pfas-design.webp 790w, https:\/\/www.hg-cooker.com\/wp-content\/uploads\/2024\/07\/2-piece-cookware-detail-no-pfas-design-90x150.webp 90w, https:\/\/www.hg-cooker.com\/wp-content\/uploads\/2024\/07\/2-piece-cookware-detail-no-pfas-design-395x660.webp 395w, https:\/\/www.hg-cooker.com\/wp-content\/uploads\/2024\/07\/2-piece-cookware-detail-no-pfas-design-180x300.webp 180w, https:\/\/www.hg-cooker.com\/wp-content\/uploads\/2024\/07\/2-piece-cookware-detail-no-pfas-design-768x1283.webp 768w, https:\/\/www.hg-cooker.com\/wp-content\/uploads\/2024\/07\/2-piece-cookware-detail-no-pfas-design-7x12.webp 7w, https:\/\/www.hg-cooker.com\/wp-content\/uploads\/2024\/07\/2-piece-cookware-detail-no-pfas-design-285x476.webp 285w\" sizes=\"(max-width: 790px) 100vw, 790px\" \/><\/figure>\n<\/div>\n\n\n\n<div class=\"wp-block-column is-layout-flow wp-block-column-is-layout-flow\">\n<figure class=\"wp-block-image size-full\"><img decoding=\"async\" width=\"790\" height=\"1320\" src=\"https:\/\/www.hg-cooker.com\/wp-content\/uploads\/2024\/07\/2-piece-cookware-detail-tri-ply-stainless-steel-bottom-design.webp\" alt=\"2-teiliges Kochgeschirr - dreilagiges Design des Edelstahlbodens\" class=\"wp-image-4600\" srcset=\"https:\/\/www.hg-cooker.com\/wp-content\/uploads\/2024\/07\/2-piece-cookware-detail-tri-ply-stainless-steel-bottom-design.webp 790w, https:\/\/www.hg-cooker.com\/wp-content\/uploads\/2024\/07\/2-piece-cookware-detail-tri-ply-stainless-steel-bottom-design-90x150.webp 90w, https:\/\/www.hg-cooker.com\/wp-content\/uploads\/2024\/07\/2-piece-cookware-detail-tri-ply-stainless-steel-bottom-design-395x660.webp 395w, https:\/\/www.hg-cooker.com\/wp-content\/uploads\/2024\/07\/2-piece-cookware-detail-tri-ply-stainless-steel-bottom-design-180x300.webp 180w, https:\/\/www.hg-cooker.com\/wp-content\/uploads\/2024\/07\/2-piece-cookware-detail-tri-ply-stainless-steel-bottom-design-768x1283.webp 768w, https:\/\/www.hg-cooker.com\/wp-content\/uploads\/2024\/07\/2-piece-cookware-detail-tri-ply-stainless-steel-bottom-design-7x12.webp 7w, https:\/\/www.hg-cooker.com\/wp-content\/uploads\/2024\/07\/2-piece-cookware-detail-tri-ply-stainless-steel-bottom-design-285x476.webp 285w\" sizes=\"(max-width: 790px) 100vw, 790px\" \/><\/figure>\n<\/div>\n<\/div>\n\n\n\n<div class=\"wp-block-columns is-layout-flex wp-container-core-columns-is-layout-9d6595d7 wp-block-columns-is-layout-flex\">\n<div class=\"wp-block-column is-layout-flow wp-block-column-is-layout-flow\">\n<figure class=\"wp-block-image size-full\"><img decoding=\"async\" width=\"790\" height=\"1500\" src=\"https:\/\/www.hg-cooker.com\/wp-content\/uploads\/2024\/07\/2-piece-cookware-detail-practical-design.webp\" alt=\"2-teiliges Kochgeschirr Detail - praktisches Design\" class=\"wp-image-4599\" srcset=\"https:\/\/www.hg-cooker.com\/wp-content\/uploads\/2024\/07\/2-piece-cookware-detail-practical-design.webp 790w, https:\/\/www.hg-cooker.com\/wp-content\/uploads\/2024\/07\/2-piece-cookware-detail-practical-design-79x150.webp 79w, https:\/\/www.hg-cooker.com\/wp-content\/uploads\/2024\/07\/2-piece-cookware-detail-practical-design-348x660.webp 348w, https:\/\/www.hg-cooker.com\/wp-content\/uploads\/2024\/07\/2-piece-cookware-detail-practical-design-158x300.webp 158w, https:\/\/www.hg-cooker.com\/wp-content\/uploads\/2024\/07\/2-piece-cookware-detail-practical-design-768x1458.webp 768w, https:\/\/www.hg-cooker.com\/wp-content\/uploads\/2024\/07\/2-piece-cookware-detail-practical-design-6x12.webp 6w, https:\/\/www.hg-cooker.com\/wp-content\/uploads\/2024\/07\/2-piece-cookware-detail-practical-design-285x541.webp 285w\" sizes=\"(max-width: 790px) 100vw, 790px\" \/><\/figure>\n<\/div>\n\n\n\n<div class=\"wp-block-column is-layout-flow wp-block-column-is-layout-flow\">\n<figure class=\"wp-block-image size-full\"><img loading=\"lazy\" decoding=\"async\" width=\"790\" height=\"1500\" src=\"https:\/\/www.hg-cooker.com\/wp-content\/uploads\/2024\/07\/2-piece-cookware-detail-Size-parameters.webp\" alt=\"2-teiliges Kochgeschirr Detail -Gr\u00f6\u00dfenparameter\" class=\"wp-image-4602\" srcset=\"https:\/\/www.hg-cooker.com\/wp-content\/uploads\/2024\/07\/2-piece-cookware-detail-Size-parameters.webp 790w, https:\/\/www.hg-cooker.com\/wp-content\/uploads\/2024\/07\/2-piece-cookware-detail-Size-parameters-79x150.webp 79w, https:\/\/www.hg-cooker.com\/wp-content\/uploads\/2024\/07\/2-piece-cookware-detail-Size-parameters-348x660.webp 348w, https:\/\/www.hg-cooker.com\/wp-content\/uploads\/2024\/07\/2-piece-cookware-detail-Size-parameters-158x300.webp 158w, https:\/\/www.hg-cooker.com\/wp-content\/uploads\/2024\/07\/2-piece-cookware-detail-Size-parameters-768x1458.webp 768w, https:\/\/www.hg-cooker.com\/wp-content\/uploads\/2024\/07\/2-piece-cookware-detail-Size-parameters-6x12.webp 6w, https:\/\/www.hg-cooker.com\/wp-content\/uploads\/2024\/07\/2-piece-cookware-detail-Size-parameters-285x541.webp 285w\" sizes=\"(max-width: 790px) 100vw, 790px\" \/><\/figure>\n<\/div>\n<\/div>","protected":false},"excerpt":{"rendered":"<p>Dieses 2-teilige Kochgeschirrset aus dem Gro\u00dfhandel umfasst einen Milchtopf und einen Suppentopf, die zum Kochen von Suppe, kochender Milch, schmorendem Fleisch usw. verwendet werden k\u00f6nnen. Das Kochgeschirrset besteht aus verdicktem, hochwertigem Edelstahlmaterial, das eine l\u00e4ngere Lebensdauer hat. Es erf\u00fcllt die Kochbed\u00fcrfnisse von Privat- und Gro\u00dfk\u00fcchen.<\/p>\n<p>Dar\u00fcber hinaus kann Hengguang weitere Arten von Kochgeschirr-Kombinationen nach Ihren Bed\u00fcrfnissen anbieten. Bitte kontaktieren Sie uns f\u00fcr ein Angebot.<\/p>\n<h2>Eigenschaften des 2-teiligen Tri-Ply Kochgeschirrsets<\/h2>\n<div>\n<p><strong>Hervorragende W\u00e4rmeleitf\u00e4higkeit:<\/strong> Der Boden dieses Kochgeschirrs besteht aus dreifach rostfreiem Stahl, der f\u00fcr eine hervorragende W\u00e4rmeverteilung und W\u00e4rmespeicherung sorgt, so dass die Speisen schnell und gleichm\u00e4\u00dfig gegart werden k\u00f6nnen.<\/p>\n<p><strong>Innovative anpassbare Beschichtung:<\/strong> Optionale Antihaftbeschichtungen (Non-stick Coating), wabenf\u00f6rmige physikalische Antihaftbeschichtungen und keine Beschichtungen erf\u00fcllen die Bed\u00fcrfnisse unterschiedlicher Nutzer und sind eine ausgezeichnete Wahl f\u00fcr Gro\u00df- und Einzelh\u00e4ndler.<\/p>\n<p><strong>Vielseitige Anwendbarkeit:<\/strong> Dieses Kochgeschirrset eignet sich f\u00fcr eine Vielzahl von Herdarten, wie z. B. Strahlungsherde, Halogenherde, Gasherde und Induktionsherde, und passt sich so an unterschiedliche K\u00fcchenumgebungen an. Es ist sowohl f\u00fcr private als auch f\u00fcr gewerbliche K\u00fcchen sehr gut geeignet.<\/p>\n<p><strong>Praktisches Design:<\/strong> Dieses Kochgeschirrset hat ein nietfreies Design, das leichter zu reinigen ist, und einen langen Griff, der bequem zu halten ist und das Ausgie\u00dfen von Fl\u00fcssigkeiten erleichtert.<\/p>\n<p><strong>OEM&amp;ODM-Dienstleistung:<\/strong> Als professioneller Hersteller von Kochgeschirr bietet Hengguang Gro\u00dfhandels- und kundenspezifische L\u00f6sungen f\u00fcr Kochgeschirr aus einer Hand an und stellt Ihnen eine Vielzahl von Modellen zur Auswahl.<\/p>\n<\/div>","protected":false},"featured_media":4603,"comment_status":"open","ping_status":"closed","template":"","meta":[],"product_brand":[],"product_cat":[52],"product_tag":[],"class_list":{"0":"post-3993","1":"product","2":"type-product","3":"status-publish","4":"has-post-thumbnail","6":"product_cat-stainless-steel-cookware","8":"first","9":"instock","10":"shipping-taxable","11":"product-type-simple"},"_links":{"self":[{"href":"https:\/\/www.hg-cooker.com\/de\/wp-json\/wp\/v2\/product\/3993","targetHints":{"allow":["GET"]}}],"collection":[{"href":"https:\/\/www.hg-cooker.com\/de\/wp-json\/wp\/v2\/product"}],"about":[{"href":"https:\/\/www.hg-cooker.com\/de\/wp-json\/wp\/v2\/types\/product"}],"replies":[{"embeddable":true,"href":"https:\/\/www.hg-cooker.com\/de\/wp-json\/wp\/v2\/comments?post=3993"}],"wp:featuredmedia":[{"embeddable":true,"href":"https:\/\/www.hg-cooker.com\/de\/wp-json\/wp\/v2\/media\/4603"}],"wp:attachment":[{"href":"https:\/\/www.hg-cooker.com\/de\/wp-json\/wp\/v2\/media?parent=3993"}],"wp:term":[{"taxonomy":"product_brand","embeddable":true,"href":"https:\/\/www.hg-cooker.com\/de\/wp-json\/wp\/v2\/product_brand?post=3993"},{"taxonomy":"product_cat","embeddable":true,"href":"https:\/\/www.hg-cooker.com\/de\/wp-json\/wp\/v2\/product_cat?post=3993"},{"taxonomy":"product_tag","embeddable":true,"href":"https:\/\/www.hg-cooker.com\/de\/wp-json\/wp\/v2\/product_tag?post=3993"}],"curies":[{"name":"wp","href":"https:\/\/api.w.org\/{rel}","templated":true}]}}